{"id":1040,"date":"2018-04-02T20:20:47","date_gmt":"2018-04-02T20:20:47","guid":{"rendered":"http:\/\/deberkel.info\/?page_id=1040"},"modified":"2018-05-11T21:57:52","modified_gmt":"2018-05-11T21:57:52","slug":"in-ausfuehrung","status":"publish","type":"page","link":"https:\/\/deberkel.info\/de\/in-ausfuehrung\/","title":{"rendered":"In Ausf\u00fchrung"},"content":{"rendered":"<p>In diesem Men\u00fc sind Ma\u00dfnahme in Ausf\u00fchrung zu finden.<\/p>\n<hr>\n<p>&nbsp;<\/p>\n","protected":false},"excerpt":{"rendered":"<p>In diesem Men\u00fc sind Ma\u00dfnahme in Ausf\u00fchrung zu finden. &nbsp;<\/p>\n","protected":false},"author":1,"featured_media":0,"parent":0,"menu_order":0,"comment_status":"closed","ping_status":"closed","template":"sidebar-page.php","meta":{"_exactmetrics_skip_tracking":false,"_exactmetrics_sitenote_active":false,"_exactmetrics_sitenote_note":"","_exactmetrics_sitenote_category":0,"ngg_post_thumbnail":0,"_locale":"de_DE","_original_post":"1037","footnotes":"","_links_to":"","_links_to_target":""},"class_list":["post-1040","page","type-page","status-publish","hentry","de-DE"],"yoast_head":"<!-- This site is optimized with the Yoast SEO plugin v27.5 - https:\/\/yoast.com\/product\/yoast-seo-wordpress\/ -->\n<title>In Ausf\u00fchrung - Berkel Info<\/title>\n<meta name=\"robots\" content=\"index, follow, max-snippet:-1, max-image-preview:large, max-video-preview:-1\" \/>\n<link rel=\"canonical\" href=\"https:\/\/deberkel.info\/de\/in-ausfuehrung\/\" \/>\n<meta property=\"og:locale\" content=\"de_DE\" \/>\n<meta property=\"og:type\" content=\"article\" \/>\n<meta property=\"og:title\" content=\"In Ausf\u00fchrung - Berkel Info\" \/>\n<meta property=\"og:description\" content=\"In diesem Men\u00fc sind Ma\u00dfnahme in Ausf\u00fchrung zu finden. &nbsp;\" \/>\n<meta property=\"og:url\" content=\"https:\/\/deberkel.info\/de\/in-ausfuehrung\/\" \/>\n<meta property=\"og:site_name\" content=\"Berkel Info\" \/>\n<meta property=\"article:modified_time\" content=\"2018-05-11T21:57:52+00:00\" \/>\n<meta name=\"twitter:card\" content=\"summary_large_image\" \/>\n<script type=\"application\/ld+json\" class=\"yoast-schema-graph\">{\"@context\":\"https:\\\/\\\/schema.org\",\"@graph\":[{\"@type\":\"WebPage\",\"@id\":\"https:\\\/\\\/deberkel.info\\\/de\\\/in-ausfuehrung\\\/\",\"url\":\"https:\\\/\\\/deberkel.info\\\/de\\\/in-ausfuehrung\\\/\",\"name\":\"In Ausf\u00fchrung - Berkel Info\",\"isPartOf\":{\"@id\":\"https:\\\/\\\/deberkel.info\\\/#website\"},\"datePublished\":\"2018-04-02T20:20:47+00:00\",\"dateModified\":\"2018-05-11T21:57:52+00:00\",\"breadcrumb\":{\"@id\":\"https:\\\/\\\/deberkel.info\\\/de\\\/in-ausfuehrung\\\/#breadcrumb\"},\"inLanguage\":\"de\",\"potentialAction\":[{\"@type\":\"ReadAction\",\"target\":[\"https:\\\/\\\/deberkel.info\\\/de\\\/in-ausfuehrung\\\/\"]}]},{\"@type\":\"BreadcrumbList\",\"@id\":\"https:\\\/\\\/deberkel.info\\\/de\\\/in-ausfuehrung\\\/#breadcrumb\",\"itemListElement\":[{\"@type\":\"ListItem\",\"position\":1,\"name\":\"Home\",\"item\":\"https:\\\/\\\/deberkel.info\\\/de\\\/\"},{\"@type\":\"ListItem\",\"position\":2,\"name\":\"In Ausf\u00fchrung\"}]},{\"@type\":\"WebSite\",\"@id\":\"https:\\\/\\\/deberkel.info\\\/#website\",\"url\":\"https:\\\/\\\/deberkel.info\\\/\",\"name\":\"Berkel Info\",\"description\":\"Alles over de Berkel en het Berkeldal, van Billerbeck tot Zutphen\",\"potentialAction\":[{\"@type\":\"SearchAction\",\"target\":{\"@type\":\"EntryPoint\",\"urlTemplate\":\"https:\\\/\\\/deberkel.info\\\/?s={search_term_string}\"},\"query-input\":{\"@type\":\"PropertyValueSpecification\",\"valueRequired\":true,\"valueName\":\"search_term_string\"}}],\"inLanguage\":\"de\"}]}<\/script>\n<!-- \/ Yoast SEO plugin. -->","yoast_head_json":{"title":"In Ausf\u00fchrung - Berkel Info","robots":{"index":"index","follow":"follow","max-snippet":"max-snippet:-1","max-image-preview":"max-image-preview:large","max-video-preview":"max-video-preview:-1"},"canonical":"https:\/\/deberkel.info\/de\/in-ausfuehrung\/","og_locale":"de_DE","og_type":"article","og_title":"In Ausf\u00fchrung - Berkel Info","og_description":"In diesem Men\u00fc sind Ma\u00dfnahme in Ausf\u00fchrung zu finden. &nbsp;","og_url":"https:\/\/deberkel.info\/de\/in-ausfuehrung\/","og_site_name":"Berkel Info","article_modified_time":"2018-05-11T21:57:52+00:00","twitter_card":"summary_large_image","schema":{"@context":"https:\/\/schema.org","@graph":[{"@type":"WebPage","@id":"https:\/\/deberkel.info\/de\/in-ausfuehrung\/","url":"https:\/\/deberkel.info\/de\/in-ausfuehrung\/","name":"In Ausf\u00fchrung - Berkel Info","isPartOf":{"@id":"https:\/\/deberkel.info\/#website"},"datePublished":"2018-04-02T20:20:47+00:00","dateModified":"2018-05-11T21:57:52+00:00","breadcrumb":{"@id":"https:\/\/deberkel.info\/de\/in-ausfuehrung\/#breadcrumb"},"inLanguage":"de","potentialAction":[{"@type":"ReadAction","target":["https:\/\/deberkel.info\/de\/in-ausfuehrung\/"]}]},{"@type":"BreadcrumbList","@id":"https:\/\/deberkel.info\/de\/in-ausfuehrung\/#breadcrumb","itemListElement":[{"@type":"ListItem","position":1,"name":"Home","item":"https:\/\/deberkel.info\/de\/"},{"@type":"ListItem","position":2,"name":"In Ausf\u00fchrung"}]},{"@type":"WebSite","@id":"https:\/\/deberkel.info\/#website","url":"https:\/\/deberkel.info\/","name":"Berkel Info","description":"Alles over de Berkel en het Berkeldal, van Billerbeck tot Zutphen","potentialAction":[{"@type":"SearchAction","target":{"@type":"EntryPoint","urlTemplate":"https:\/\/deberkel.info\/?s={search_term_string}"},"query-input":{"@type":"PropertyValueSpecification","valueRequired":true,"valueName":"search_term_string"}}],"inLanguage":"de"}]}},"rttpg_featured_image_url":null,"rttpg_author":{"display_name":"berkelcompagnie","author_link":"https:\/\/deberkel.info\/author\/berkelcompagnie\/"},"rttpg_comment":0,"rttpg_category":null,"rttpg_excerpt":"In diesem Men\u00fc sind Ma\u00dfnahme in Ausf\u00fchrung zu finden. &nbsp;","_links":{"self":[{"href":"https:\/\/deberkel.info\/wp-json\/wp\/v2\/pages\/1040","targetHints":{"allow":["GET"]}}],"collection":[{"href":"https:\/\/deberkel.info\/wp-json\/wp\/v2\/pages"}],"about":[{"href":"https:\/\/deberkel.info\/wp-json\/wp\/v2\/types\/page"}],"author":[{"embeddable":true,"href":"https:\/\/deberkel.info\/wp-json\/wp\/v2\/users\/1"}],"replies":[{"embeddable":true,"href":"https:\/\/deberkel.info\/wp-json\/wp\/v2\/comments?post=1040"}],"version-history":[{"count":2,"href":"https:\/\/deberkel.info\/wp-json\/wp\/v2\/pages\/1040\/revisions"}],"predecessor-version":[{"id":4787,"href":"https:\/\/deberkel.info\/wp-json\/wp\/v2\/pages\/1040\/revisions\/4787"}],"wp:attachment":[{"href":"https:\/\/deberkel.info\/wp-json\/wp\/v2\/media?parent=1040"}],"curies":[{"name":"wp","href":"https:\/\/api.w.org\/{rel}","templated":true}]}}