{"id":11241,"date":"2019-11-07T22:37:00","date_gmt":"2019-11-07T22:37:00","guid":{"rendered":"http:\/\/deberkel.info\/?page_id=11241"},"modified":"2023-12-13T15:55:46","modified_gmt":"2023-12-13T14:55:46","slug":"2008-ausflug-bilder","status":"publish","type":"page","link":"https:\/\/deberkel.info\/de\/berkelkompanie\/2008-ausflug-bilder\/","title":{"rendered":"2008 Ausflug Bilder"},"content":{"rendered":"<p>In 2008 war der Mitglieder Ausflug wieder an Deutsche Seite.<br \/>\nHierunter die Bilder des deutlich erfolgreichen Ausflugs.<\/p>\n<p>Clicke ein Bild f\u00fcr gro\u00dfere Version und bl\u00e4ttern.<\/p>\n<hr>\nngg_shortcode_0_placeholder\n","protected":false},"excerpt":{"rendered":"<p>In 2008 war der Mitglieder Ausflug wieder an Deutsche Seite. Hierunter die Bilder des deutlich erfolgreichen Ausflugs. Clicke ein Bild f\u00fcr gro\u00dfere Version und bl\u00e4ttern.<\/p>\n","protected":false},"author":1,"featured_media":11240,"parent":8738,"menu_order":0,"comment_status":"closed","ping_status":"closed","template":"sidebar-page.php","meta":{"_exactmetrics_skip_tracking":false,"_exactmetrics_sitenote_active":false,"_exactmetrics_sitenote_note":"","_exactmetrics_sitenote_category":0,"ngg_post_thumbnail":0,"_locale":"de_DE","_original_post":"11238","footnotes":"","_links_to":"","_links_to_target":""},"class_list":["post-11241","page","type-page","status-publish","has-post-thumbnail","hentry","de-DE"],"yoast_head":"<!-- This site is optimized with the Yoast SEO plugin v27.3 - https:\/\/yoast.com\/product\/yoast-seo-wordpress\/ -->\n<title>2008 Ausflug Bilder - Berkel Info<\/title>\n<meta name=\"robots\" content=\"index, follow, max-snippet:-1, max-image-preview:large, max-video-preview:-1\" \/>\n<link rel=\"canonical\" href=\"https:\/\/deberkel.info\/de\/berkelkompanie\/2008-ausflug-bilder\/\" \/>\n<meta property=\"og:locale\" content=\"de_DE\" \/>\n<meta property=\"og:type\" content=\"article\" \/>\n<meta property=\"og:title\" content=\"2008 Ausflug Bilder - Berkel Info\" \/>\n<meta property=\"og:description\" content=\"In 2008 war der Mitglieder Ausflug wieder an Deutsche Seite. Hierunter die Bilder des deutlich erfolgreichen Ausflugs. Clicke ein Bild f\u00fcr gro\u00dfere Version und bl\u00e4ttern.\" \/>\n<meta property=\"og:url\" content=\"https:\/\/deberkel.info\/de\/berkelkompanie\/2008-ausflug-bilder\/\" \/>\n<meta property=\"og:site_name\" content=\"Berkel Info\" \/>\n<meta property=\"article:modified_time\" content=\"2023-12-13T14:55:46+00:00\" \/>\n<meta property=\"og:image\" content=\"https:\/\/deberkel.info\/wp-content\/uploads\/2019\/11\/18.10.2008-402-1200-e1573165868437.jpg\" \/>\n\t<meta property=\"og:image:width\" content=\"1200\" \/>\n\t<meta property=\"og:image:height\" content=\"624\" \/>\n\t<meta property=\"og:image:type\" content=\"image\/jpeg\" \/>\n<meta name=\"twitter:card\" content=\"summary_large_image\" \/>\n<meta name=\"twitter:label1\" content=\"Gesch\u00e4tzte Lesezeit\" \/>\n\t<meta name=\"twitter:data1\" content=\"1\u00a0Minute\" \/>\n<script type=\"application\/ld+json\" class=\"yoast-schema-graph\">{\"@context\":\"https:\\\/\\\/schema.org\",\"@graph\":[{\"@type\":\"WebPage\",\"@id\":\"https:\\\/\\\/deberkel.info\\\/de\\\/berkelkompanie\\\/2008-ausflug-bilder\\\/\",\"url\":\"https:\\\/\\\/deberkel.info\\\/de\\\/berkelkompanie\\\/2008-ausflug-bilder\\\/\",\"name\":\"2008 Ausflug Bilder - Berkel Info\",\"isPartOf\":{\"@id\":\"https:\\\/\\\/deberkel.info\\\/#website\"},\"primaryImageOfPage\":{\"@id\":\"https:\\\/\\\/deberkel.info\\\/de\\\/berkelkompanie\\\/2008-ausflug-bilder\\\/#primaryimage\"},\"image\":{\"@id\":\"https:\\\/\\\/deberkel.info\\\/de\\\/berkelkompanie\\\/2008-ausflug-bilder\\\/#primaryimage\"},\"thumbnailUrl\":\"https:\\\/\\\/deberkel.info\\\/wp-content\\\/uploads\\\/2019\\\/11\\\/18.10.2008-402-1200-e1573165868437.jpg\",\"datePublished\":\"2019-11-07T22:37:00+00:00\",\"dateModified\":\"2023-12-13T14:55:46+00:00\",\"breadcrumb\":{\"@id\":\"https:\\\/\\\/deberkel.info\\\/de\\\/berkelkompanie\\\/2008-ausflug-bilder\\\/#breadcrumb\"},\"inLanguage\":\"de\",\"potentialAction\":[{\"@type\":\"ReadAction\",\"target\":[\"https:\\\/\\\/deberkel.info\\\/de\\\/berkelkompanie\\\/2008-ausflug-bilder\\\/\"]}]},{\"@type\":\"ImageObject\",\"inLanguage\":\"de\",\"@id\":\"https:\\\/\\\/deberkel.info\\\/de\\\/berkelkompanie\\\/2008-ausflug-bilder\\\/#primaryimage\",\"url\":\"https:\\\/\\\/deberkel.info\\\/wp-content\\\/uploads\\\/2019\\\/11\\\/18.10.2008-402-1200-e1573165868437.jpg\",\"contentUrl\":\"https:\\\/\\\/deberkel.info\\\/wp-content\\\/uploads\\\/2019\\\/11\\\/18.10.2008-402-1200-e1573165868437.jpg\",\"width\":1200,\"height\":624,\"caption\":\"OLYMPUS DIGITAL CAMERA\"},{\"@type\":\"BreadcrumbList\",\"@id\":\"https:\\\/\\\/deberkel.info\\\/de\\\/berkelkompanie\\\/2008-ausflug-bilder\\\/#breadcrumb\",\"itemListElement\":[{\"@type\":\"ListItem\",\"position\":1,\"name\":\"Home\",\"item\":\"https:\\\/\\\/deberkel.info\\\/de\\\/\"},{\"@type\":\"ListItem\",\"position\":2,\"name\":\"3. Berkelkompanie\",\"item\":\"https:\\\/\\\/deberkel.info\\\/de\\\/berkelkompanie\\\/\"},{\"@type\":\"ListItem\",\"position\":3,\"name\":\"2008 Ausflug Bilder\"}]},{\"@type\":\"WebSite\",\"@id\":\"https:\\\/\\\/deberkel.info\\\/#website\",\"url\":\"https:\\\/\\\/deberkel.info\\\/\",\"name\":\"Berkel Info\",\"description\":\"Alles over de Berkel en het Berkeldal, van Billerbeck tot Zutphen\",\"potentialAction\":[{\"@type\":\"SearchAction\",\"target\":{\"@type\":\"EntryPoint\",\"urlTemplate\":\"https:\\\/\\\/deberkel.info\\\/?s={search_term_string}\"},\"query-input\":{\"@type\":\"PropertyValueSpecification\",\"valueRequired\":true,\"valueName\":\"search_term_string\"}}],\"inLanguage\":\"de\"}]}<\/script>\n<!-- \/ Yoast SEO plugin. -->","yoast_head_json":{"title":"2008 Ausflug Bilder - Berkel Info","robots":{"index":"index","follow":"follow","max-snippet":"max-snippet:-1","max-image-preview":"max-image-preview:large","max-video-preview":"max-video-preview:-1"},"canonical":"https:\/\/deberkel.info\/de\/berkelkompanie\/2008-ausflug-bilder\/","og_locale":"de_DE","og_type":"article","og_title":"2008 Ausflug Bilder - Berkel Info","og_description":"In 2008 war der Mitglieder Ausflug wieder an Deutsche Seite. Hierunter die Bilder des deutlich erfolgreichen Ausflugs. Clicke ein Bild f\u00fcr gro\u00dfere Version und bl\u00e4ttern.","og_url":"https:\/\/deberkel.info\/de\/berkelkompanie\/2008-ausflug-bilder\/","og_site_name":"Berkel Info","article_modified_time":"2023-12-13T14:55:46+00:00","og_image":[{"width":1200,"height":624,"url":"https:\/\/deberkel.info\/wp-content\/uploads\/2019\/11\/18.10.2008-402-1200-e1573165868437.jpg","type":"image\/jpeg"}],"twitter_card":"summary_large_image","twitter_misc":{"Gesch\u00e4tzte Lesezeit":"1\u00a0Minute"},"schema":{"@context":"https:\/\/schema.org","@graph":[{"@type":"WebPage","@id":"https:\/\/deberkel.info\/de\/berkelkompanie\/2008-ausflug-bilder\/","url":"https:\/\/deberkel.info\/de\/berkelkompanie\/2008-ausflug-bilder\/","name":"2008 Ausflug Bilder - Berkel Info","isPartOf":{"@id":"https:\/\/deberkel.info\/#website"},"primaryImageOfPage":{"@id":"https:\/\/deberkel.info\/de\/berkelkompanie\/2008-ausflug-bilder\/#primaryimage"},"image":{"@id":"https:\/\/deberkel.info\/de\/berkelkompanie\/2008-ausflug-bilder\/#primaryimage"},"thumbnailUrl":"https:\/\/deberkel.info\/wp-content\/uploads\/2019\/11\/18.10.2008-402-1200-e1573165868437.jpg","datePublished":"2019-11-07T22:37:00+00:00","dateModified":"2023-12-13T14:55:46+00:00","breadcrumb":{"@id":"https:\/\/deberkel.info\/de\/berkelkompanie\/2008-ausflug-bilder\/#breadcrumb"},"inLanguage":"de","potentialAction":[{"@type":"ReadAction","target":["https:\/\/deberkel.info\/de\/berkelkompanie\/2008-ausflug-bilder\/"]}]},{"@type":"ImageObject","inLanguage":"de","@id":"https:\/\/deberkel.info\/de\/berkelkompanie\/2008-ausflug-bilder\/#primaryimage","url":"https:\/\/deberkel.info\/wp-content\/uploads\/2019\/11\/18.10.2008-402-1200-e1573165868437.jpg","contentUrl":"https:\/\/deberkel.info\/wp-content\/uploads\/2019\/11\/18.10.2008-402-1200-e1573165868437.jpg","width":1200,"height":624,"caption":"OLYMPUS DIGITAL CAMERA"},{"@type":"BreadcrumbList","@id":"https:\/\/deberkel.info\/de\/berkelkompanie\/2008-ausflug-bilder\/#breadcrumb","itemListElement":[{"@type":"ListItem","position":1,"name":"Home","item":"https:\/\/deberkel.info\/de\/"},{"@type":"ListItem","position":2,"name":"3. Berkelkompanie","item":"https:\/\/deberkel.info\/de\/berkelkompanie\/"},{"@type":"ListItem","position":3,"name":"2008 Ausflug Bilder"}]},{"@type":"WebSite","@id":"https:\/\/deberkel.info\/#website","url":"https:\/\/deberkel.info\/","name":"Berkel Info","description":"Alles over de Berkel en het Berkeldal, van Billerbeck tot Zutphen","potentialAction":[{"@type":"SearchAction","target":{"@type":"EntryPoint","urlTemplate":"https:\/\/deberkel.info\/?s={search_term_string}"},"query-input":{"@type":"PropertyValueSpecification","valueRequired":true,"valueName":"search_term_string"}}],"inLanguage":"de"}]}},"rttpg_featured_image_url":{"full":["https:\/\/deberkel.info\/wp-content\/uploads\/2019\/11\/18.10.2008-402-1200-e1573165868437.jpg",1200,624,false],"landscape":["https:\/\/deberkel.info\/wp-content\/uploads\/2019\/11\/18.10.2008-402-1200-e1573165868437.jpg",1200,624,false],"portraits":["https:\/\/deberkel.info\/wp-content\/uploads\/2019\/11\/18.10.2008-402-1200-e1573165868437.jpg",1200,624,false],"thumbnail":["https:\/\/deberkel.info\/wp-content\/uploads\/2019\/11\/18.10.2008-402-1200-e1573165868437-150x150.jpg",150,150,true],"medium":["https:\/\/deberkel.info\/wp-content\/uploads\/2019\/11\/18.10.2008-402-1200-e1573165868437-300x156.jpg",300,156,true],"large":["https:\/\/deberkel.info\/wp-content\/uploads\/2019\/11\/18.10.2008-402-1200-e1573165868437-1024x532.jpg",584,303,true],"1536x1536":["https:\/\/deberkel.info\/wp-content\/uploads\/2019\/11\/18.10.2008-402-1200-e1573165868437.jpg",1200,624,false],"2048x2048":["https:\/\/deberkel.info\/wp-content\/uploads\/2019\/11\/18.10.2008-402-1200-e1573165868437.jpg",1200,624,false],"post-thumbnail":["https:\/\/deberkel.info\/wp-content\/uploads\/2019\/11\/18.10.2008-402-1200-e1573165868437-1000x288.jpg",1000,288,true],"large-feature":["https:\/\/deberkel.info\/wp-content\/uploads\/2019\/11\/18.10.2008-402-1200-e1573165868437-1000x288.jpg",1000,288,true],"small-feature":["https:\/\/deberkel.info\/wp-content\/uploads\/2019\/11\/18.10.2008-402-1200-e1573165868437-500x260.jpg",500,260,true]},"rttpg_author":{"display_name":"berkelcompagnie","author_link":"https:\/\/deberkel.info\/author\/berkelcompagnie\/"},"rttpg_comment":0,"rttpg_category":null,"rttpg_excerpt":"In 2008 war der Mitglieder Ausflug wieder an Deutsche Seite. Hierunter die Bilder des deutlich erfolgreichen Ausflugs. Clicke ein Bild f\u00fcr gro\u00dfere Version und bl\u00e4ttern.","_links":{"self":[{"href":"https:\/\/deberkel.info\/wp-json\/wp\/v2\/pages\/11241","targetHints":{"allow":["GET"]}}],"collection":[{"href":"https:\/\/deberkel.info\/wp-json\/wp\/v2\/pages"}],"about":[{"href":"https:\/\/deberkel.info\/wp-json\/wp\/v2\/types\/page"}],"author":[{"embeddable":true,"href":"https:\/\/deberkel.info\/wp-json\/wp\/v2\/users\/1"}],"replies":[{"embeddable":true,"href":"https:\/\/deberkel.info\/wp-json\/wp\/v2\/comments?post=11241"}],"version-history":[{"count":2,"href":"https:\/\/deberkel.info\/wp-json\/wp\/v2\/pages\/11241\/revisions"}],"predecessor-version":[{"id":17945,"href":"https:\/\/deberkel.info\/wp-json\/wp\/v2\/pages\/11241\/revisions\/17945"}],"up":[{"embeddable":true,"href":"https:\/\/deberkel.info\/wp-json\/wp\/v2\/pages\/8738"}],"wp:featuredmedia":[{"embeddable":true,"href":"https:\/\/deberkel.info\/wp-json\/wp\/v2\/media\/11240"}],"wp:attachment":[{"href":"https:\/\/deberkel.info\/wp-json\/wp\/v2\/media?parent=11241"}],"curies":[{"name":"wp","href":"https:\/\/api.w.org\/{rel}","templated":true}]}}