{"id":11280,"date":"2019-12-02T23:15:20","date_gmt":"2019-12-02T23:15:20","guid":{"rendered":"http:\/\/deberkel.info\/?page_id=11280"},"modified":"2019-12-03T09:31:29","modified_gmt":"2019-12-03T09:31:29","slug":"2019-freunde-exkursion-bericht","status":"publish","type":"page","link":"https:\/\/deberkel.info\/de\/berkelkompanie\/2019-freunde-exkursion-bericht\/","title":{"rendered":"2019 Freunde Exkursion Bericht"},"content":{"rendered":"<p>Fotobericht: klicke <a href=\"\/de\/berkelkompanie\/2019-ausflug-bilder\/\">hier<\/a>.<\/p>\n<p>Am Freitag den 25.10.2019 hat die j\u00e4hrliche Exkursion angefangen bei HCR Prinsen in Haarlo. Es war gen\u00fcgend Platz im Bus: ein Doppeldecker.<\/p>\n<p>In Neede wurde das international arbeitende Famielenbetrieb KMG BV besucht, dass moderne mittel-grosse Kermisattraktionen entw\u00fcrft und fertigstellt. Die meisten Ersatzteile wirden extern fertiggestellt. Die Rundleitung durch das nettes Betrieb wurde enthusiast begleitet von Direktor Herrn Kroon.<br \/>\n<a class=\"ngg-fancybox\" title=\"Bij KMG, Neede, Foto Tonny Schulenberg\" href=\"\/wp-content\/gallery\/excursie-2019\/A-KMG-TS-IMG_6327-1200-Copy.jpg\" rel=\"\" data-image-id=\"1910\" data-src=\"\/wp-content\/gallery\/excursie-2019\/A-KMG-TS-IMG_6327-1200-Copy.jpg\" data-thumbnail=\"\/wp-content\/gallery\/excursie-2019\/thumbs\/thumbs_A-KMG-TS-IMG_6327-1200-Copy.jpg\" data-title=\"Bij KMG, Neede, Foto Tonny Schulenberg\" data-description=\"Bij KMG, Neede, Foto Tonny Schulenberg\"><img decoding=\"async\" class=\"ngg-singlepic ngg-none\" style=\"width: 600px;\" src=\"\/wp-content\/gallery\/excursie-2019\/A-KMG-TS-IMG_6327-1200-Copy.jpg\" alt=\"Bij KMG, Neede, Foto Tonny Schulenberg\"><\/a><\/p>\n<p>In Mallum wurden die Kr\u00e4utergarten und Wasserm\u00fchle besichtigt. Auch konnte man erfahren wie es ist um mit der Berkelzomp in der Schleuse hin und her zu gehen. Der Kr\u00e4utergarten wird komplett getrieben von Ehrenamtli-chen. Auch Kunden von Estinea, mit einen geistlichen Beschrenkung, arbeiten hier in einer gesch\u00fctsten Umge-bung. Die Erkl\u00e4rung von Roel Hey \u00fcber wie die Organisation finanziell weiterarbieten kann, war sehr informativ.<\/p>\n<p><img decoding=\"async\" class=\"ngg-singlepic ngg-none\" style=\"width: 600px;\" src=\"\/wp-content\/gallery\/excursie-2019\/B-Mallem-TS-IMG_6379-1200-Copy.jpg\" alt=\"Bij Mallumse Molen, Foto Tonny Schulenberg\"><\/p>\n<p>Nach dem Mittagstich im Muldershuis, f\u00fchrte das Programm uns nach Winterswijk, wo wir 2 Wasserm\u00fchle besichtigen k\u00f6nnten: Berenschot und Den Helder. Gerard Tiemessen hat deutlich erkl\u00e4rt wieso gerade diese Stellen f\u00fcr die Exkursion ausgesucht waren. Die Schlinge ist warum gerade f\u00fcr diesen Stellen als Exkursions Ziel gew\u00e4hlt wurde. Die Schlinge ist der oberen Fluss der Berkel. Mit alten Karten hat er angeseigt dass die heutige Str\u00f6mung der Groenlose und Aaltense Slinge durch menschliche Arbeit aus ungef\u00e4hr 1600 ist entstanden.<\/p>\n<p><a class=\"ngg-fancybox\" title=\"Bij Berenschots Watermolen, Foto Tonny Schulenberg\" href=\"\/wp-content\/gallery\/excursie-2019\/C-Berenschot-TS-IMG_6402-1200-Copy.jpg\" rel=\"\" data-image-id=\"1961\" data-src=\"\/wp-content\/gallery\/excursie-2019\/C-Berenschot-TS-IMG_6402-1200-Copy.jpg\" data-thumbnail=\"\/wp-content\/gallery\/excursie-2019\/thumbs\/thumbs_C-Berenschot-TS-IMG_6402-1200-Copy.jpg\" data-title=\"Bij Berenschots Watermolen, Foto Tonny Schulenberg\" data-description=\"Bij Berenschots Watermolen, Foto Tonny Schulenberg\"><img decoding=\"async\" class=\"ngg-singlepic ngg-none\" style=\"width: 600px;\" src=\"\/wp-content\/gallery\/excursie-2019\/C-Berenschot-TS-IMG_6402-1200-Copy.jpg\" alt=\"Bij Berenschots Watermolen, Foto Tonny Schulenberg\"><\/a><br \/>\n<img loading=\"lazy\" decoding=\"async\" class=\"alignnone wp-image-5402\" src=\"\/wp-content\/uploads\/2018\/06\/GijBekenEeuwigVloeiendDriessen2000Kaart.png\" alt=\"\" width=\"600\" height=\"453\" srcset=\"https:\/\/deberkel.info\/wp-content\/uploads\/2018\/06\/GijBekenEeuwigVloeiendDriessen2000Kaart.png 1050w, https:\/\/deberkel.info\/wp-content\/uploads\/2018\/06\/GijBekenEeuwigVloeiendDriessen2000Kaart-300x227.png 300w, https:\/\/deberkel.info\/wp-content\/uploads\/2018\/06\/GijBekenEeuwigVloeiendDriessen2000Kaart-768x580.png 768w, https:\/\/deberkel.info\/wp-content\/uploads\/2018\/06\/GijBekenEeuwigVloeiendDriessen2000Kaart-1024x773.png 1024w, https:\/\/deberkel.info\/wp-content\/uploads\/2018\/06\/GijBekenEeuwigVloeiendDriessen2000Kaart-397x300.png 397w\" sizes=\"auto, (max-width: 600px) 100vw, 600px\" \/><\/p>\n<p>Die M\u00fchle Berenschot hat ein neues Wasserrad, ein modernes automatisiertes Wehr, eine neue Br\u00fccke und eine Fischtrepp. Die Rundleitung durch die die Wasserm\u00fchle Berenschot, die noch immer arbeitet, wurde versorgt von Willem Buunk. Seine Familie besitzt seit einige enerationen die M\u00fchle. Ohne die Gastst\u00e4tte, wo wir etwas getrunken haben \u2013 ist die M\u00fchle nicht in Betrieb zu behalten.<\/p>\n<p>Auch M\u00fchle Den Helder ist partikulieren Besitz. Ein stahles Wasserrad liefert die Elektrizit\u00e4t f\u00fcr die Geb\u00e4ude in der N\u00e4he. Auch die restaurierte Teilen des Bleichhauses und des Bleichwieses an der Schlinge wurden besucht, zu Fuss.<\/p>\n<p><img decoding=\"async\" class=\"ngg-singlepic ngg-none\" style=\"width: 600px;\" src=\"\/wp-content\/gallery\/excursie-2019\/D-Olliem%C3%B6lle-TS-IMG_6431-1200.jpg\" alt=\"Bij Olliem\u00f6lle, Foto Tonny Schulenberg\"><\/p>\n<p>Das umfangreiches Eintopfsbuffet bei bij HCR Prinsen wurde angefangen von Familie Deen aus Heemskerk. Sie waren als Evakuierten nach Olden Eibergen gekommen und lieben die Berkel und seine Umgebung. Sie sind schon viele Jahre Mitglied der Verein Freunde der 3. Berkelkompanie.<br \/>\n<img decoding=\"async\" class=\"ngg-singlepic ngg-none\" style=\"height: 600px;\" src=\"\/wp-content\/gallery\/excursie-2019\/E-Haarlo-TS-IMG_6444-1200.jpg\" alt=\"Prinsen, Haarlo, Foto Tonny Schulenberg\"><\/p>\n<p>Grossen Dank f\u00fcr die Teilnehmer, die Organisation, die Begleiter und Gastst\u00e4tten f\u00fcr diesen angenehmen und informatieven Tag.<br \/>\n<img decoding=\"async\" class=\"ngg-singlepic ngg-none\" style=\"width: 600px;\" src=\"\/wp-content\/gallery\/excursie-2019\/E-Haarlo-TS-IMG_6456-1200.jpg\" alt=\"Prinsen, Haarlo, Foto Tonny Schulenberg\"><\/p>\n<p>Gerard Tiemessen<\/p>\n","protected":false},"excerpt":{"rendered":"<p>Fotobericht: klicke hier. Am Freitag den 25.10.2019 hat die j\u00e4hrliche Exkursion angefangen bei HCR Prinsen in Haarlo. Es war gen\u00fcgend Platz im Bus: ein Doppeldecker. In Neede wurde das international arbeitende Famielenbetrieb KMG BV besucht, dass moderne mittel-grosse Kermisattraktionen entw\u00fcrft &hellip; <a href=\"https:\/\/deberkel.info\/de\/berkelkompanie\/2019-freunde-exkursion-bericht\/\">Weiterlesen <span class=\"meta-nav\">&rarr;<\/span><\/a><\/p>\n","protected":false},"author":1,"featured_media":11279,"parent":8738,"menu_order":0,"comment_status":"closed","ping_status":"closed","template":"sidebar-page.php","meta":{"_exactmetrics_skip_tracking":false,"_exactmetrics_sitenote_active":false,"_exactmetrics_sitenote_note":"","_exactmetrics_sitenote_category":0,"ngg_post_thumbnail":0,"_locale":"de_DE","_original_post":"11277","footnotes":"","_links_to":"","_links_to_target":""},"class_list":["post-11280","page","type-page","status-publish","has-post-thumbnail","hentry","de-DE"],"yoast_head":"<!-- This site is optimized with the Yoast SEO plugin v27.4 - https:\/\/yoast.com\/product\/yoast-seo-wordpress\/ -->\n<title>2019 Freunde Exkursion Bericht - Berkel Info<\/title>\n<meta name=\"robots\" content=\"index, follow, max-snippet:-1, max-image-preview:large, max-video-preview:-1\" \/>\n<link rel=\"canonical\" href=\"https:\/\/deberkel.info\/de\/berkelkompanie\/2019-freunde-exkursion-bericht\/\" \/>\n<meta property=\"og:locale\" content=\"de_DE\" \/>\n<meta property=\"og:type\" content=\"article\" \/>\n<meta property=\"og:title\" content=\"2019 Freunde Exkursion Bericht - Berkel Info\" \/>\n<meta property=\"og:description\" content=\"Fotobericht: klicke hier. Am Freitag den 25.10.2019 hat die j\u00e4hrliche Exkursion angefangen bei HCR Prinsen in Haarlo. Es war gen\u00fcgend Platz im Bus: ein Doppeldecker. In Neede wurde das international arbeitende Famielenbetrieb KMG BV besucht, dass moderne mittel-grosse Kermisattraktionen entw\u00fcrft &hellip; Weiterlesen &rarr;\" \/>\n<meta property=\"og:url\" content=\"https:\/\/deberkel.info\/de\/berkelkompanie\/2019-freunde-exkursion-bericht\/\" \/>\n<meta property=\"og:site_name\" content=\"Berkel Info\" \/>\n<meta property=\"article:modified_time\" content=\"2019-12-03T09:31:29+00:00\" \/>\n<meta property=\"og:image\" content=\"https:\/\/deberkel.info\/wp-content\/uploads\/2019\/12\/C-Berenschot-TS-IMG_6402-1200-Copy.jpg\" \/>\n\t<meta property=\"og:image:width\" content=\"1200\" \/>\n\t<meta property=\"og:image:height\" content=\"800\" \/>\n\t<meta property=\"og:image:type\" content=\"image\/jpeg\" \/>\n<meta name=\"twitter:card\" content=\"summary_large_image\" \/>\n<meta name=\"twitter:label1\" content=\"Gesch\u00e4tzte Lesezeit\" \/>\n\t<meta name=\"twitter:data1\" content=\"2\u00a0Minuten\" \/>\n<script type=\"application\/ld+json\" class=\"yoast-schema-graph\">{\"@context\":\"https:\\\/\\\/schema.org\",\"@graph\":[{\"@type\":\"WebPage\",\"@id\":\"https:\\\/\\\/deberkel.info\\\/de\\\/berkelkompanie\\\/2019-freunde-exkursion-bericht\\\/\",\"url\":\"https:\\\/\\\/deberkel.info\\\/de\\\/berkelkompanie\\\/2019-freunde-exkursion-bericht\\\/\",\"name\":\"2019 Freunde Exkursion Bericht - Berkel Info\",\"isPartOf\":{\"@id\":\"https:\\\/\\\/deberkel.info\\\/#website\"},\"primaryImageOfPage\":{\"@id\":\"https:\\\/\\\/deberkel.info\\\/de\\\/berkelkompanie\\\/2019-freunde-exkursion-bericht\\\/#primaryimage\"},\"image\":{\"@id\":\"https:\\\/\\\/deberkel.info\\\/de\\\/berkelkompanie\\\/2019-freunde-exkursion-bericht\\\/#primaryimage\"},\"thumbnailUrl\":\"https:\\\/\\\/deberkel.info\\\/wp-content\\\/uploads\\\/2019\\\/12\\\/C-Berenschot-TS-IMG_6402-1200-Copy.jpg\",\"datePublished\":\"2019-12-02T23:15:20+00:00\",\"dateModified\":\"2019-12-03T09:31:29+00:00\",\"breadcrumb\":{\"@id\":\"https:\\\/\\\/deberkel.info\\\/de\\\/berkelkompanie\\\/2019-freunde-exkursion-bericht\\\/#breadcrumb\"},\"inLanguage\":\"de\",\"potentialAction\":[{\"@type\":\"ReadAction\",\"target\":[\"https:\\\/\\\/deberkel.info\\\/de\\\/berkelkompanie\\\/2019-freunde-exkursion-bericht\\\/\"]}]},{\"@type\":\"ImageObject\",\"inLanguage\":\"de\",\"@id\":\"https:\\\/\\\/deberkel.info\\\/de\\\/berkelkompanie\\\/2019-freunde-exkursion-bericht\\\/#primaryimage\",\"url\":\"https:\\\/\\\/deberkel.info\\\/wp-content\\\/uploads\\\/2019\\\/12\\\/C-Berenschot-TS-IMG_6402-1200-Copy.jpg\",\"contentUrl\":\"https:\\\/\\\/deberkel.info\\\/wp-content\\\/uploads\\\/2019\\\/12\\\/C-Berenschot-TS-IMG_6402-1200-Copy.jpg\",\"width\":1200,\"height\":800},{\"@type\":\"BreadcrumbList\",\"@id\":\"https:\\\/\\\/deberkel.info\\\/de\\\/berkelkompanie\\\/2019-freunde-exkursion-bericht\\\/#breadcrumb\",\"itemListElement\":[{\"@type\":\"ListItem\",\"position\":1,\"name\":\"Home\",\"item\":\"https:\\\/\\\/deberkel.info\\\/de\\\/\"},{\"@type\":\"ListItem\",\"position\":2,\"name\":\"3. Berkelkompanie\",\"item\":\"https:\\\/\\\/deberkel.info\\\/de\\\/berkelkompanie\\\/\"},{\"@type\":\"ListItem\",\"position\":3,\"name\":\"2019 Freunde Exkursion Bericht\"}]},{\"@type\":\"WebSite\",\"@id\":\"https:\\\/\\\/deberkel.info\\\/#website\",\"url\":\"https:\\\/\\\/deberkel.info\\\/\",\"name\":\"Berkel Info\",\"description\":\"Alles over de Berkel en het Berkeldal, van Billerbeck tot Zutphen\",\"potentialAction\":[{\"@type\":\"SearchAction\",\"target\":{\"@type\":\"EntryPoint\",\"urlTemplate\":\"https:\\\/\\\/deberkel.info\\\/?s={search_term_string}\"},\"query-input\":{\"@type\":\"PropertyValueSpecification\",\"valueRequired\":true,\"valueName\":\"search_term_string\"}}],\"inLanguage\":\"de\"}]}<\/script>\n<!-- \/ Yoast SEO plugin. -->","yoast_head_json":{"title":"2019 Freunde Exkursion Bericht - Berkel Info","robots":{"index":"index","follow":"follow","max-snippet":"max-snippet:-1","max-image-preview":"max-image-preview:large","max-video-preview":"max-video-preview:-1"},"canonical":"https:\/\/deberkel.info\/de\/berkelkompanie\/2019-freunde-exkursion-bericht\/","og_locale":"de_DE","og_type":"article","og_title":"2019 Freunde Exkursion Bericht - Berkel Info","og_description":"Fotobericht: klicke hier. Am Freitag den 25.10.2019 hat die j\u00e4hrliche Exkursion angefangen bei HCR Prinsen in Haarlo. Es war gen\u00fcgend Platz im Bus: ein Doppeldecker. In Neede wurde das international arbeitende Famielenbetrieb KMG BV besucht, dass moderne mittel-grosse Kermisattraktionen entw\u00fcrft &hellip; Weiterlesen &rarr;","og_url":"https:\/\/deberkel.info\/de\/berkelkompanie\/2019-freunde-exkursion-bericht\/","og_site_name":"Berkel Info","article_modified_time":"2019-12-03T09:31:29+00:00","og_image":[{"width":1200,"height":800,"url":"https:\/\/deberkel.info\/wp-content\/uploads\/2019\/12\/C-Berenschot-TS-IMG_6402-1200-Copy.jpg","type":"image\/jpeg"}],"twitter_card":"summary_large_image","twitter_misc":{"Gesch\u00e4tzte Lesezeit":"2\u00a0Minuten"},"schema":{"@context":"https:\/\/schema.org","@graph":[{"@type":"WebPage","@id":"https:\/\/deberkel.info\/de\/berkelkompanie\/2019-freunde-exkursion-bericht\/","url":"https:\/\/deberkel.info\/de\/berkelkompanie\/2019-freunde-exkursion-bericht\/","name":"2019 Freunde Exkursion Bericht - Berkel Info","isPartOf":{"@id":"https:\/\/deberkel.info\/#website"},"primaryImageOfPage":{"@id":"https:\/\/deberkel.info\/de\/berkelkompanie\/2019-freunde-exkursion-bericht\/#primaryimage"},"image":{"@id":"https:\/\/deberkel.info\/de\/berkelkompanie\/2019-freunde-exkursion-bericht\/#primaryimage"},"thumbnailUrl":"https:\/\/deberkel.info\/wp-content\/uploads\/2019\/12\/C-Berenschot-TS-IMG_6402-1200-Copy.jpg","datePublished":"2019-12-02T23:15:20+00:00","dateModified":"2019-12-03T09:31:29+00:00","breadcrumb":{"@id":"https:\/\/deberkel.info\/de\/berkelkompanie\/2019-freunde-exkursion-bericht\/#breadcrumb"},"inLanguage":"de","potentialAction":[{"@type":"ReadAction","target":["https:\/\/deberkel.info\/de\/berkelkompanie\/2019-freunde-exkursion-bericht\/"]}]},{"@type":"ImageObject","inLanguage":"de","@id":"https:\/\/deberkel.info\/de\/berkelkompanie\/2019-freunde-exkursion-bericht\/#primaryimage","url":"https:\/\/deberkel.info\/wp-content\/uploads\/2019\/12\/C-Berenschot-TS-IMG_6402-1200-Copy.jpg","contentUrl":"https:\/\/deberkel.info\/wp-content\/uploads\/2019\/12\/C-Berenschot-TS-IMG_6402-1200-Copy.jpg","width":1200,"height":800},{"@type":"BreadcrumbList","@id":"https:\/\/deberkel.info\/de\/berkelkompanie\/2019-freunde-exkursion-bericht\/#breadcrumb","itemListElement":[{"@type":"ListItem","position":1,"name":"Home","item":"https:\/\/deberkel.info\/de\/"},{"@type":"ListItem","position":2,"name":"3. Berkelkompanie","item":"https:\/\/deberkel.info\/de\/berkelkompanie\/"},{"@type":"ListItem","position":3,"name":"2019 Freunde Exkursion Bericht"}]},{"@type":"WebSite","@id":"https:\/\/deberkel.info\/#website","url":"https:\/\/deberkel.info\/","name":"Berkel Info","description":"Alles over de Berkel en het Berkeldal, van Billerbeck tot Zutphen","potentialAction":[{"@type":"SearchAction","target":{"@type":"EntryPoint","urlTemplate":"https:\/\/deberkel.info\/?s={search_term_string}"},"query-input":{"@type":"PropertyValueSpecification","valueRequired":true,"valueName":"search_term_string"}}],"inLanguage":"de"}]}},"rttpg_featured_image_url":{"full":["https:\/\/deberkel.info\/wp-content\/uploads\/2019\/12\/C-Berenschot-TS-IMG_6402-1200-Copy.jpg",1200,800,false],"landscape":["https:\/\/deberkel.info\/wp-content\/uploads\/2019\/12\/C-Berenschot-TS-IMG_6402-1200-Copy.jpg",1200,800,false],"portraits":["https:\/\/deberkel.info\/wp-content\/uploads\/2019\/12\/C-Berenschot-TS-IMG_6402-1200-Copy.jpg",1200,800,false],"thumbnail":["https:\/\/deberkel.info\/wp-content\/uploads\/2019\/12\/C-Berenschot-TS-IMG_6402-1200-Copy-150x150.jpg",150,150,true],"medium":["https:\/\/deberkel.info\/wp-content\/uploads\/2019\/12\/C-Berenschot-TS-IMG_6402-1200-Copy-300x200.jpg",300,200,true],"large":["https:\/\/deberkel.info\/wp-content\/uploads\/2019\/12\/C-Berenschot-TS-IMG_6402-1200-Copy-1024x683.jpg",584,390,true],"1536x1536":["https:\/\/deberkel.info\/wp-content\/uploads\/2019\/12\/C-Berenschot-TS-IMG_6402-1200-Copy.jpg",1200,800,false],"2048x2048":["https:\/\/deberkel.info\/wp-content\/uploads\/2019\/12\/C-Berenschot-TS-IMG_6402-1200-Copy.jpg",1200,800,false],"post-thumbnail":["https:\/\/deberkel.info\/wp-content\/uploads\/2019\/12\/C-Berenschot-TS-IMG_6402-1200-Copy-1000x288.jpg",1000,288,true],"large-feature":["https:\/\/deberkel.info\/wp-content\/uploads\/2019\/12\/C-Berenschot-TS-IMG_6402-1200-Copy-1000x288.jpg",1000,288,true],"small-feature":["https:\/\/deberkel.info\/wp-content\/uploads\/2019\/12\/C-Berenschot-TS-IMG_6402-1200-Copy-450x300.jpg",450,300,true]},"rttpg_author":{"display_name":"berkelcompagnie","author_link":"https:\/\/deberkel.info\/author\/berkelcompagnie\/"},"rttpg_comment":0,"rttpg_category":null,"rttpg_excerpt":"Fotobericht: klicke hier. Am Freitag den 25.10.2019 hat die j\u00e4hrliche Exkursion angefangen bei HCR Prinsen in Haarlo. Es war gen\u00fcgend Platz im Bus: ein Doppeldecker. In Neede wurde das international arbeitende Famielenbetrieb KMG BV besucht, dass moderne mittel-grosse Kermisattraktionen entw\u00fcrft &hellip; Weiterlesen &rarr;","_links":{"self":[{"href":"https:\/\/deberkel.info\/wp-json\/wp\/v2\/pages\/11280","targetHints":{"allow":["GET"]}}],"collection":[{"href":"https:\/\/deberkel.info\/wp-json\/wp\/v2\/pages"}],"about":[{"href":"https:\/\/deberkel.info\/wp-json\/wp\/v2\/types\/page"}],"author":[{"embeddable":true,"href":"https:\/\/deberkel.info\/wp-json\/wp\/v2\/users\/1"}],"replies":[{"embeddable":true,"href":"https:\/\/deberkel.info\/wp-json\/wp\/v2\/comments?post=11280"}],"version-history":[{"count":15,"href":"https:\/\/deberkel.info\/wp-json\/wp\/v2\/pages\/11280\/revisions"}],"predecessor-version":[{"id":11301,"href":"https:\/\/deberkel.info\/wp-json\/wp\/v2\/pages\/11280\/revisions\/11301"}],"up":[{"embeddable":true,"href":"https:\/\/deberkel.info\/wp-json\/wp\/v2\/pages\/8738"}],"wp:featuredmedia":[{"embeddable":true,"href":"https:\/\/deberkel.info\/wp-json\/wp\/v2\/media\/11279"}],"wp:attachment":[{"href":"https:\/\/deberkel.info\/wp-json\/wp\/v2\/media?parent=11280"}],"curies":[{"name":"wp","href":"https:\/\/api.w.org\/{rel}","templated":true}]}}