{"id":11632,"date":"2020-02-25T21:46:35","date_gmt":"2020-02-25T21:46:35","guid":{"rendered":"http:\/\/deberkel.info\/?page_id=11632"},"modified":"2024-04-10T13:51:13","modified_gmt":"2024-04-10T11:51:13","slug":"berkelfestival-2020","status":"publish","type":"page","link":"https:\/\/deberkel.info\/de\/berkelfestival-2020\/","title":{"rendered":"Berkelfestival 2020"},"content":{"rendered":"<p><img loading=\"lazy\" decoding=\"async\" class=\"alignnone wp-image-11658\" style=\"width: 500px; height: 497px;\" src=\"\/wp-content\/uploads\/2020\/02\/BerkelfestivalFoto-894x888-1.jpg\" alt=\"\" width=\"500\" height=\"497\" srcset=\"https:\/\/deberkel.info\/wp-content\/uploads\/2020\/02\/BerkelfestivalFoto-894x888-1.jpg 894w, https:\/\/deberkel.info\/wp-content\/uploads\/2020\/02\/BerkelfestivalFoto-894x888-1-300x298.jpg 300w, https:\/\/deberkel.info\/wp-content\/uploads\/2020\/02\/BerkelfestivalFoto-894x888-1-150x150.jpg 150w, https:\/\/deberkel.info\/wp-content\/uploads\/2020\/02\/BerkelfestivalFoto-894x888-1-768x763.jpg 768w, https:\/\/deberkel.info\/wp-content\/uploads\/2020\/02\/BerkelfestivalFoto-894x888-1-302x300.jpg 302w\" sizes=\"auto, (max-width: 500px) 100vw, 500px\" \/><br \/>\nAuch in 2020 wird wieder ein Berkelfestival organisiert werden: vom 21. bis zum 23. August.<br \/>\nEs handelt sich hierbei um Aktivit\u00e4ten mit einer Grenz\u00fcberschreitende Gemeinschaftserlebnis.<br \/>\nDieses Jahr wird das Schwerpunkt in Eibergen sein.<\/p>\n<h2>Hierunter Information \u00fcber das Festival.<\/h2>\n<style type='text\/css' media='all'>#rt-tpg-container-3748208708 .rt-holder .rt-woo-info .price{color:#000000;}body .rt-tpg-container .rt-tpg-isotope-buttons .selected,\n\t\t\t\t\t#rt-tpg-container-3748208708 .layout12 .rt-holder:hover .rt-detail,\n\t\t\t\t\t#rt-tpg-container-3748208708 .isotope8 .rt-holder:hover .rt-detail,\n\t\t\t\t\t#rt-tpg-container-3748208708 .carousel8 .rt-holder:hover .rt-detail,\n\t\t\t\t\t#rt-tpg-container-3748208708 .layout13 .rt-holder .overlay .post-info,\n\t\t\t\t\t#rt-tpg-container-3748208708 .isotope9 .rt-holder .overlay .post-info,\n\t\t\t\t\t#rt-tpg-container-3748208708.rt-tpg-container .layout4 .rt-holder .rt-detail,\n\t\t\t\t\t.rt-modal-3748208708 .md-content,\n\t\t\t\t\t.rt-modal-3748208708 .md-content > .rt-md-content-holder .rt-md-content,\n\t\t\t\t\t.rt-popup-wrap-3748208708.rt-popup-wrap .rt-popup-navigation-wrap,\n\t\t\t\t\t#rt-tpg-container-3748208708 .carousel9 .rt-holder .overlay .post-info{background-color:#000000;}#rt-tpg-container-3748208708 .layout5 .rt-holder .overlay, #rt-tpg-container-3748208708 .isotope2 .rt-holder .overlay, #rt-tpg-container-3748208708 .carousel2 .rt-holder .overlay,#rt-tpg-container-3748208708 .layout15 .rt-holder h3, #rt-tpg-container-3748208708 .isotope11 .rt-holder h3, #rt-tpg-container-3748208708 .carousel11 .rt-holder h3, #rt-tpg-container-3748208708 .layout16 .rt-holder h3,\n\t\t\t\t\t#rt-tpg-container-3748208708 .isotope12 .rt-holder h3, #rt-tpg-container-3748208708 .carousel12 .rt-holder h3 {background-color:rgba(0,0,0,0.8);}#rt-tpg-container-3748208708 .pagination-list li a,\n\t\t\t\t\trt-tpg-container-3748208708 .pagination-list li span,\n\t\t\t\t\trt-tpg-container-3748208708 .pagination li a,\n\t\t\t\t\t#rt-tpg-container-3748208708 .rt-tpg-isotope-buttons button,\n\t\t\t\t\t#rt-tpg-container-3748208708 .rt-tpg-utility .rt-tpg-load-more button,\n\t\t\t\t\t#rt-tpg-container-3748208708.rt-tpg-container .swiper-navigation .slider-btn,\n\t\t\t\t\t#rt-tpg-container-3748208708.rt-tpg-container .swiper-pagination-bullet,\n\t\t\t\t\t#rt-tpg-container-3748208708 .wc1 .rt-holder .rt-img-holder .overlay .product-more ul li a,\n\t\t\t\t\t#rt-tpg-container-3748208708 .wc2 .rt-detail .rt-wc-add-to-cart,\n\t\t\t\t\t#rt-tpg-container-3748208708 .wc3 .rt-detail .rt-wc-add-to-cart,\n\t\t\t\t\t#rt-tpg-container-3748208708 .wc4 .rt-detail .rt-wc-add-to-cart,\n\t\t\t\t\t#rt-tpg-container-3748208708 .wc-carousel2 .rt-detail .rt-wc-add-to-cart,\n\t\t\t\t\t#rt-tpg-container-3748208708 .wc-isotope2 .rt-detail .rt-wc-add-to-cart,\n\t\t\t\t\t#rt-tpg-container-3748208708 .rt-layout-filter-container .rt-filter-wrap .rt-filter-item-wrap.rt-filter-dropdown-wrap .rt-filter-dropdown,\n\t\t\t\t\t#rt-tpg-container-3748208708 .rt-layout-filter-container .rt-filter-sub-tax.sub-button-group .rt-filter-button-item,\n\t\t\t\t\t#rt-tpg-container-3748208708.rt-tpg-container .rt-pagination-wrap .rt-page-numbers .paginationjs .paginationjs-pages ul li>a,\n\t\t\t\t\t#rt-tpg-container-3748208708 .rt-filter-item-wrap.rt-filter-button-wrap span.rt-filter-button-item,\n\t\t\t\t\t#rt-tpg-container-3748208708.rt-tpg-container .rt-pagination-wrap  .rt-loadmore-btn,\n\t\t\t\t\t#rt-tpg-container-3748208708.rt-tpg-container .rt-pagination-wrap .rt-cb-page-prev-next > *,\n\t\t\t\t\t#rt-tpg-container-3748208708 .rt-read-more,\n\t\t\t\t\t#rt-tooltip-3748208708, #rt-tooltip-3748208708 .rt-tooltip-bottom:after{background-color:#000000;}#rt-tpg-container-3748208708 .rt-filter-item-wrap.rt-filter-button-wrap span.rt-filter-button-item,\n\t\t\t\t\t#rt-tpg-container-3748208708 .rt-layout-filter-container .rt-filter-sub-tax.sub-button-group .rt-filter-button-item{border-color:#000000;}#rt-tpg-container-3748208708.rt-tpg-container .layout17 .rt-holder .overlay a.tpg-zoom .fa{color:#000000;}#rt-tpg-container-3748208708 .rt-holder .read-more a {background-color:#000000;padding: 8px 15px;}#rt-tpg-container-3748208708 .pagination-list li a,\n\t\t\t\t\t#rt-tpg-container-3748208708 .pagination li a,\n\t\t\t\t\t#rt-tpg-container-3748208708 .rt-tpg-isotope-buttons button,\n\t\t\t\t\t#rt-tpg-container-3748208708 .rt-holder .read-more a,\n\t\t\t\t\t#rt-tpg-container-3748208708 .rt-tpg-utility .rt-tpg-load-more button,\n\t\t\t\t\t#rt-tpg-container-3748208708.rt-tpg-container .swiper-navigation .slider-btn,\n\t\t\t\t\t#rt-tpg-container-3748208708 .wc1 .rt-holder .rt-img-holder .overlay .product-more ul li a,\n\t\t\t\t\t#rt-tpg-container-3748208708 .edd1 .rt-holder .rt-img-holder .overlay .product-more ul li a,\n\t\t\t\t\t#rt-tpg-container-3748208708 .wc2 .rt-detail .rt-wc-add-to-cart,\n\t\t\t\t\t#rt-tpg-container-3748208708 .wc3 .rt-detail .rt-wc-add-to-cart,\n\t\t\t\t\t#rt-tpg-container-3748208708 .edd2 .rt-detail .rt-wc-add-to-cart,\n\t\t\t\t\t#rt-tpg-container-3748208708 .wc4 .rt-detail .rt-wc-add-to-cart,\n\t\t\t\t\t#rt-tpg-container-3748208708 .edd3 .rt-detail .rt-wc-add-to-cart,\n\t\t\t\t\t#rt-tpg-container-3748208708 .wc-carousel2 .rt-detail .rt-wc-add-to-cart,\n\t\t\t\t\t#rt-tpg-container-3748208708 .wc-isotope2 .rt-detail .rt-wc-add-to-cart,\n\t\t\t\t\t#rt-tpg-container-3748208708 .rt-tpg-utility .rt-tpg-load-more button,\n\t\t\t\t\t#rt-tooltip-3748208708,\n\t\t\t\t\t#rt-tpg-container-3748208708 .rt-filter-item-wrap.rt-filter-button-wrap span.rt-filter-button-item,\n\t\t\t\t\t#rt-tpg-container-3748208708 .rt-layout-filter-container .rt-filter-sub-tax.sub-button-group .rt-filter-button-item,\n\t\t\t\t\t#rt-tpg-container-3748208708 .rt-layout-filter-container .rt-filter-wrap .rt-filter-item-wrap.rt-sort-order-action,\n\t\t\t\t\t#rt-tpg-container-3748208708 .rt-layout-filter-container .rt-filter-wrap .rt-filter-item-wrap.rt-filter-dropdown-wrap .rt-filter-dropdown .rt-filter-dropdown-item,\n\t\t\t\t\t#rt-tpg-container-3748208708.rt-tpg-container .rt-pagination-wrap .rt-page-numbers .paginationjs .paginationjs-pages ul li>a,\n\t\t\t\t\t#rt-tpg-container-3748208708.rt-tpg-container .rt-pagination-wrap .rt-cb-page-prev-next > *,\n\t\t\t\t\t#rt-tpg-container-3748208708.rt-tpg-container .rt-pagination-wrap  .rt-loadmore-btn,\n\t\t\t\t\t#rt-tpg-container-3748208708 .rt-read-more,\n\t\t\t\t\t#rt-tooltip-3748208708 .rt-tooltip-bottom:after{color:#ffffff;}#rt-tpg-container-3748208708 .read-more a{border-radius:px;}#rt-tpg-container-3748208708 .rt-img-holder img.rt-img-responsive,#rt-tpg-container-3748208708 .rt-img-holder,\n\t\t\t\t\t#rt-tpg-container-3748208708 .rt-post-overlay .post-img,\n\t\t\t\t\t#rt-tpg-container-3748208708 .post-sm .post-img,\n\t\t\t\t\t#rt-tpg-container-3748208708 .rt-post-grid .post-img,\n\t\t\t\t\t#rt-tpg-container-3748208708 .post-img img {border-radius:px;}#rt-tpg-container-3748208708 .layout1 .rt-holder h2.entry-title,\n\t\t\t\t\t#rt-tpg-container-3748208708 .layout1 .rt-holder h3.entry-title,\n\t\t\t\t\t#rt-tpg-container-3748208708 .layout1 .rt-holder h4.entry-title,\n\t\t\t\t\t#rt-tpg-container-3748208708 .layout1 .rt-holder h2.entry-title a,\n\t\t\t\t\t#rt-tpg-container-3748208708 .layout1 .rt-holder h3.entry-title a,\n\t\t\t\t\t#rt-tpg-container-3748208708 .layout1 .rt-holder h4.entry-title a,\n\t\t\t\t\t#rt-tpg-container-3748208708 .rt-holder .rt-woo-info h2 a,\n\t\t\t\t\t#rt-tpg-container-3748208708 .rt-holder .rt-woo-info h3 a,\n\t\t\t\t\t#rt-tpg-container-3748208708 .rt-holder .rt-woo-info h4 a,\n\t\t\t\t\t#rt-tpg-container-3748208708 .post-content .post-title,\n\t\t\t\t\t#rt-tpg-container-3748208708 .rt-post-grid .post-title,\n\t\t\t\t\t#rt-tpg-container-3748208708 .rt-post-grid .post-title a,\n\t\t\t\t\t#rt-tpg-container-3748208708 .post-content .post-title a,\n\t\t\t\t\t#rt-tpg-container-3748208708 .rt-holder .rt-woo-info h2,\n\t\t\t\t\t#rt-tpg-container-3748208708 .rt-holder .rt-woo-info h3,\n\t\t\t\t\t#rt-tpg-container-3748208708 .rt-holder .rt-woo-info h4{color:#ffffff;}<\/style><div class='rt-container-fluid rt-tpg-container tpg-shortcode-main-wrapper ' id='rt-tpg-container-3748208708'   data-layout='layout1' data-grid-style='even' data-desktop-col='1'  data-tab-col='2'  data-mobile-col='1' data-sc-id='11628'><div data-title='Loading ...' class='rt-row rt-content-loader   layout1 tpg-even '><div class=\"rt-col-md-12 rt-col-sm-6 rt-col-xs-12 even-grid-item rt-grid-item\" data-id=\"12871\"><div class=\"rt-holder\"><div class=\"rt-img-holder\"><a data-id=\"12871\" class=\"\" href=\"https:\/\/deberkel.info\/de\/gruss-berkelfestival\/\"><img loading=\"lazy\" decoding=\"async\" width=\"996\" height=\"288\" src=\"https:\/\/deberkel.info\/wp-content\/uploads\/2020\/05\/GroetBerkelfestivalFeaturedImage-996x375-1-996x288.jpg\" class=\"rt-img-responsive \" alt=\"\" \/><\/a><\/div><div class='rt-detail'><h2 class=\"entry-title\"><a data-id=\"12871\" class=\"\" href=\"https:\/\/deberkel.info\/de\/gruss-berkelfestival\/\">Gru\u00df Berkelfestival<\/a><\/h2><div class='tpg-excerpt'>Die Arbeitsgruppe Berkeln2018-2020 hinter dem Berkelfestival das dieses Jahr leider auch abesagt werden musste, schickt ein Gru\u00df via FB <a href=\"https:\/\/deberkel.info\/de\/gruss-berkelfestival\/\">Weiterlesen &rarr;<\/a>...<\/div><\/div><\/div><\/div><div class=\"rt-col-md-12 rt-col-sm-6 rt-col-xs-12 even-grid-item rt-grid-item\" data-id=\"12788\"><div class=\"rt-holder\"><div class=\"rt-img-holder\"><a data-id=\"12788\" class=\"\" href=\"https:\/\/deberkel.info\/de\/berkelfestival-2020-abgesagt\/\"><img loading=\"lazy\" decoding=\"async\" width=\"940\" height=\"288\" src=\"https:\/\/deberkel.info\/wp-content\/uploads\/2020\/04\/BerkelfestivalAfgelast-940x300-1-940x288.jpg\" class=\"rt-img-responsive \" alt=\"\" \/><\/a><\/div><div class='rt-detail'><h2 class=\"entry-title\"><a data-id=\"12788\" class=\"\" href=\"https:\/\/deberkel.info\/de\/berkelfestival-2020-abgesagt\/\">Berkelfestival abgesagt<\/a><\/h2><div class='tpg-excerpt'>Auch das Berkelfestival entkommt es nicht: die 2020 Edition ist abgesagt <a href=\"https:\/\/deberkel.info\/de\/berkelfestival-2020-abgesagt\/\">Weiterlesen &rarr;<\/a>...<\/div><\/div><\/div><\/div><div class=\"rt-col-md-12 rt-col-sm-6 rt-col-xs-12 even-grid-item rt-grid-item\" data-id=\"11906\"><div class=\"rt-holder\"><div class=\"rt-img-holder\"><a data-id=\"11906\" class=\"\" href=\"https:\/\/deberkel.info\/de\/inspiration-session-berkelfestival2020-erfolgreich\/\"><img loading=\"lazy\" decoding=\"async\" width=\"600\" height=\"288\" src=\"https:\/\/deberkel.info\/wp-content\/uploads\/2020\/03\/20200303-InspiratiesessieEibergen-600x334-1-600x288.jpg\" class=\"rt-img-responsive \" alt=\"\" \/><\/a><\/div><div class='rt-detail'><h2 class=\"entry-title\"><a data-id=\"11906\" class=\"\" href=\"https:\/\/deberkel.info\/de\/inspiration-session-berkelfestival2020-erfolgreich\/\">Inspiration Session Berkelfestival erfolgreich, ideen melden<\/a><\/h2><div class='tpg-excerpt'>Gemeinde Berkelland und Achterhoek Nieuws Borculo Ruurlo haben ein Artikel ver\u00f6ffentlicht der Inspirations Session f\u00fcr das Berkelfestival 2020 mit einem Aufruf <a href=\"https:\/\/deberkel.info\/de\/inspiration-session-berkelfestival2020-erfolgreich\/\">Weiterlesen &rarr;<\/a>...<\/div><\/div><\/div><\/div><div class=\"rt-col-md-12 rt-col-sm-6 rt-col-xs-12 even-grid-item rt-grid-item\" data-id=\"11856\"><div class=\"rt-holder\"><div class=\"rt-img-holder\"><a data-id=\"11856\" class=\"\" href=\"https:\/\/deberkel.info\/de\/berkelpilgern-berkelfestival-2020\/\"><img loading=\"lazy\" decoding=\"async\" width=\"600\" height=\"288\" src=\"https:\/\/deberkel.info\/wp-content\/uploads\/2020\/03\/Henk-Koskamp_Berkelfestival2019Gescher-600x351-1-600x288.jpg\" class=\"rt-img-responsive \" alt=\"\" \/><\/a><\/div><div class='rt-detail'><h2 class=\"entry-title\"><a data-id=\"11856\" class=\"\" href=\"https:\/\/deberkel.info\/de\/berkelpilgern-berkelfestival-2020\/\">Berkelpilgern rund um und w\u00e4hrend des Berkelfestivals 2020<\/a><\/h2><div class='tpg-excerpt'>Pilgerfahrten nach Eibergen mit Henk Koskamp rund um und w\u00e4hrend das Berkelfestival in 2020 <a href=\"https:\/\/deberkel.info\/de\/berkelpilgern-berkelfestival-2020\/\">Weiterlesen &rarr;<\/a>...<\/div><\/div><\/div><\/div><div class=\"rt-col-md-12 rt-col-sm-6 rt-col-xs-12 even-grid-item rt-grid-item\" data-id=\"11652\"><div class=\"rt-holder\"><div class=\"rt-img-holder\"><a data-id=\"11652\" class=\"\" href=\"https:\/\/deberkel.info\/de\/achterhoek-nieuws-berkelfestival-berkelpaviljoen-und-berkelbeach\/\"><img loading=\"lazy\" decoding=\"async\" width=\"700\" height=\"288\" src=\"https:\/\/deberkel.info\/wp-content\/uploads\/2020\/02\/20200225AchterhoekNieuwsBerkelfestivalBerkelbeachBerkelpaviljoenFoto-700x303-1-700x288.jpg\" class=\"rt-img-responsive \" alt=\"\" \/><\/a><\/div><div class='rt-detail'><h2 class=\"entry-title\"><a data-id=\"11652\" class=\"\" href=\"https:\/\/deberkel.info\/de\/achterhoek-nieuws-berkelfestival-berkelpaviljoen-und-berkelbeach\/\">Achterhoek Nieuws: Berkelfestival, Berkelpaviljoen und Berkelbeach<\/a><\/h2><div class='tpg-excerpt'><a href=\"https:\/\/www.achterhoeknieuwsborculoruurlo.nl\/reader\/27876?calo=9dbfe9abfd7446e59ae38348cd73896b_34461&amp;frommail=true#p=24\">Achterhoek Nieuws Borculo Ruurlo<\/a> berichtet am Mittwoch 26. Februar \u00fcber das Berkelfestival das dieses Jahr Eibergen als Schwerpunkt haben wird. Auch werden in dem Moment 2 neue Initiative in Eibergen fertig sein: der Berkel Pavillon und Berkelbeach <a href=\"https:\/\/deberkel.info\/de\/achterhoek-nieuws-berkelfestival-berkelpaviljoen-und-berkelbeach\/\">Weiterlesen &rarr;<\/a>...<\/div><\/div><\/div><\/div><\/div><\/div>\n","protected":false},"excerpt":{"rendered":"<p>Auch in 2020 wird wieder ein Berkelfestival organisiert werden: vom 21. bis zum 23. August. Es handelt sich hierbei um Aktivit\u00e4ten mit einer Grenz\u00fcberschreitende Gemeinschaftserlebnis. Dieses Jahr wird das Schwerpunkt in Eibergen sein. Hierunter Information \u00fcber das Festival. <a href=\"https:\/\/deberkel.info\/de\/achterhoek-nieuws-berkelfestival-berkelpaviljoen-und-berkelbeach\/\">Weiterlesen <span class=\"meta-nav\">&rarr;<\/span><\/a><\/p>\n","protected":false},"author":1,"featured_media":11661,"parent":0,"menu_order":0,"comment_status":"closed","ping_status":"closed","template":"","meta":{"_exactmetrics_skip_tracking":false,"_exactmetrics_sitenote_active":false,"_exactmetrics_sitenote_note":"","_exactmetrics_sitenote_category":0,"ngg_post_thumbnail":0,"_locale":"de_DE","_original_post":"https:\/\/berkelcompagnie.com\/?page_id=11629","footnotes":"","_links_to":"","_links_to_target":""},"class_list":["post-11632","page","type-page","status-publish","has-post-thumbnail","hentry","de-DE"],"yoast_head":"<!-- This site is optimized with the Yoast SEO plugin v27.3 - https:\/\/yoast.com\/product\/yoast-seo-wordpress\/ -->\n<title>Berkelfestival 2020 - Berkel Info<\/title>\n<meta name=\"robots\" content=\"index, follow, max-snippet:-1, max-image-preview:large, max-video-preview:-1\" \/>\n<link rel=\"canonical\" href=\"https:\/\/deberkel.info\/de\/berkelfestival-2020\/\" \/>\n<meta property=\"og:locale\" content=\"de_DE\" \/>\n<meta property=\"og:type\" content=\"article\" \/>\n<meta property=\"og:title\" content=\"Berkelfestival 2020 - Berkel Info\" \/>\n<meta property=\"og:description\" content=\"Auch in 2020 wird wieder ein Berkelfestival organisiert werden: vom 21. bis zum 23. August. Es handelt sich hierbei um Aktivit\u00e4ten mit einer Grenz\u00fcberschreitende Gemeinschaftserlebnis. Dieses Jahr wird das Schwerpunkt in Eibergen sein. Hierunter Information \u00fcber das Festival. Weiterlesen &rarr;\" \/>\n<meta property=\"og:url\" content=\"https:\/\/deberkel.info\/de\/berkelfestival-2020\/\" \/>\n<meta property=\"og:site_name\" content=\"Berkel Info\" \/>\n<meta property=\"article:modified_time\" content=\"2024-04-10T11:51:13+00:00\" \/>\n<meta property=\"og:image\" content=\"https:\/\/deberkel.info\/wp-content\/uploads\/2020\/02\/BerkelfestivalFoto-894x485-1.jpg\" \/>\n\t<meta property=\"og:image:width\" content=\"894\" \/>\n\t<meta property=\"og:image:height\" content=\"485\" \/>\n\t<meta property=\"og:image:type\" content=\"image\/jpeg\" \/>\n<meta name=\"twitter:card\" content=\"summary_large_image\" \/>\n<meta name=\"twitter:label1\" content=\"Gesch\u00e4tzte Lesezeit\" \/>\n\t<meta name=\"twitter:data1\" content=\"1\u00a0Minute\" \/>\n<script type=\"application\/ld+json\" class=\"yoast-schema-graph\">{\"@context\":\"https:\\\/\\\/schema.org\",\"@graph\":[{\"@type\":\"WebPage\",\"@id\":\"https:\\\/\\\/deberkel.info\\\/de\\\/berkelfestival-2020\\\/\",\"url\":\"https:\\\/\\\/deberkel.info\\\/de\\\/berkelfestival-2020\\\/\",\"name\":\"Berkelfestival 2020 - Berkel Info\",\"isPartOf\":{\"@id\":\"https:\\\/\\\/deberkel.info\\\/#website\"},\"primaryImageOfPage\":{\"@id\":\"https:\\\/\\\/deberkel.info\\\/de\\\/berkelfestival-2020\\\/#primaryimage\"},\"image\":{\"@id\":\"https:\\\/\\\/deberkel.info\\\/de\\\/berkelfestival-2020\\\/#primaryimage\"},\"thumbnailUrl\":\"https:\\\/\\\/deberkel.info\\\/wp-content\\\/uploads\\\/2020\\\/02\\\/BerkelfestivalFoto-894x485-1.jpg\",\"datePublished\":\"2020-02-25T21:46:35+00:00\",\"dateModified\":\"2024-04-10T11:51:13+00:00\",\"breadcrumb\":{\"@id\":\"https:\\\/\\\/deberkel.info\\\/de\\\/berkelfestival-2020\\\/#breadcrumb\"},\"inLanguage\":\"de\",\"potentialAction\":[{\"@type\":\"ReadAction\",\"target\":[\"https:\\\/\\\/deberkel.info\\\/de\\\/berkelfestival-2020\\\/\"]}]},{\"@type\":\"ImageObject\",\"inLanguage\":\"de\",\"@id\":\"https:\\\/\\\/deberkel.info\\\/de\\\/berkelfestival-2020\\\/#primaryimage\",\"url\":\"https:\\\/\\\/deberkel.info\\\/wp-content\\\/uploads\\\/2020\\\/02\\\/BerkelfestivalFoto-894x485-1.jpg\",\"contentUrl\":\"https:\\\/\\\/deberkel.info\\\/wp-content\\\/uploads\\\/2020\\\/02\\\/BerkelfestivalFoto-894x485-1.jpg\",\"width\":894,\"height\":485},{\"@type\":\"BreadcrumbList\",\"@id\":\"https:\\\/\\\/deberkel.info\\\/de\\\/berkelfestival-2020\\\/#breadcrumb\",\"itemListElement\":[{\"@type\":\"ListItem\",\"position\":1,\"name\":\"Home\",\"item\":\"https:\\\/\\\/deberkel.info\\\/de\\\/\"},{\"@type\":\"ListItem\",\"position\":2,\"name\":\"Berkelfestival 2020\"}]},{\"@type\":\"WebSite\",\"@id\":\"https:\\\/\\\/deberkel.info\\\/#website\",\"url\":\"https:\\\/\\\/deberkel.info\\\/\",\"name\":\"Berkel Info\",\"description\":\"Alles over de Berkel en het Berkeldal, van Billerbeck tot Zutphen\",\"potentialAction\":[{\"@type\":\"SearchAction\",\"target\":{\"@type\":\"EntryPoint\",\"urlTemplate\":\"https:\\\/\\\/deberkel.info\\\/?s={search_term_string}\"},\"query-input\":{\"@type\":\"PropertyValueSpecification\",\"valueRequired\":true,\"valueName\":\"search_term_string\"}}],\"inLanguage\":\"de\"}]}<\/script>\n<!-- \/ Yoast SEO plugin. -->","yoast_head_json":{"title":"Berkelfestival 2020 - Berkel Info","robots":{"index":"index","follow":"follow","max-snippet":"max-snippet:-1","max-image-preview":"max-image-preview:large","max-video-preview":"max-video-preview:-1"},"canonical":"https:\/\/deberkel.info\/de\/berkelfestival-2020\/","og_locale":"de_DE","og_type":"article","og_title":"Berkelfestival 2020 - Berkel Info","og_description":"Auch in 2020 wird wieder ein Berkelfestival organisiert werden: vom 21. bis zum 23. August. Es handelt sich hierbei um Aktivit\u00e4ten mit einer Grenz\u00fcberschreitende Gemeinschaftserlebnis. Dieses Jahr wird das Schwerpunkt in Eibergen sein. Hierunter Information \u00fcber das Festival. Weiterlesen &rarr;","og_url":"https:\/\/deberkel.info\/de\/berkelfestival-2020\/","og_site_name":"Berkel Info","article_modified_time":"2024-04-10T11:51:13+00:00","og_image":[{"width":894,"height":485,"url":"https:\/\/deberkel.info\/wp-content\/uploads\/2020\/02\/BerkelfestivalFoto-894x485-1.jpg","type":"image\/jpeg"}],"twitter_card":"summary_large_image","twitter_misc":{"Gesch\u00e4tzte Lesezeit":"1\u00a0Minute"},"schema":{"@context":"https:\/\/schema.org","@graph":[{"@type":"WebPage","@id":"https:\/\/deberkel.info\/de\/berkelfestival-2020\/","url":"https:\/\/deberkel.info\/de\/berkelfestival-2020\/","name":"Berkelfestival 2020 - Berkel Info","isPartOf":{"@id":"https:\/\/deberkel.info\/#website"},"primaryImageOfPage":{"@id":"https:\/\/deberkel.info\/de\/berkelfestival-2020\/#primaryimage"},"image":{"@id":"https:\/\/deberkel.info\/de\/berkelfestival-2020\/#primaryimage"},"thumbnailUrl":"https:\/\/deberkel.info\/wp-content\/uploads\/2020\/02\/BerkelfestivalFoto-894x485-1.jpg","datePublished":"2020-02-25T21:46:35+00:00","dateModified":"2024-04-10T11:51:13+00:00","breadcrumb":{"@id":"https:\/\/deberkel.info\/de\/berkelfestival-2020\/#breadcrumb"},"inLanguage":"de","potentialAction":[{"@type":"ReadAction","target":["https:\/\/deberkel.info\/de\/berkelfestival-2020\/"]}]},{"@type":"ImageObject","inLanguage":"de","@id":"https:\/\/deberkel.info\/de\/berkelfestival-2020\/#primaryimage","url":"https:\/\/deberkel.info\/wp-content\/uploads\/2020\/02\/BerkelfestivalFoto-894x485-1.jpg","contentUrl":"https:\/\/deberkel.info\/wp-content\/uploads\/2020\/02\/BerkelfestivalFoto-894x485-1.jpg","width":894,"height":485},{"@type":"BreadcrumbList","@id":"https:\/\/deberkel.info\/de\/berkelfestival-2020\/#breadcrumb","itemListElement":[{"@type":"ListItem","position":1,"name":"Home","item":"https:\/\/deberkel.info\/de\/"},{"@type":"ListItem","position":2,"name":"Berkelfestival 2020"}]},{"@type":"WebSite","@id":"https:\/\/deberkel.info\/#website","url":"https:\/\/deberkel.info\/","name":"Berkel Info","description":"Alles over de Berkel en het Berkeldal, van Billerbeck tot Zutphen","potentialAction":[{"@type":"SearchAction","target":{"@type":"EntryPoint","urlTemplate":"https:\/\/deberkel.info\/?s={search_term_string}"},"query-input":{"@type":"PropertyValueSpecification","valueRequired":true,"valueName":"search_term_string"}}],"inLanguage":"de"}]}},"rttpg_featured_image_url":{"full":["https:\/\/deberkel.info\/wp-content\/uploads\/2020\/02\/BerkelfestivalFoto-894x485-1.jpg",894,485,false],"landscape":["https:\/\/deberkel.info\/wp-content\/uploads\/2020\/02\/BerkelfestivalFoto-894x485-1.jpg",894,485,false],"portraits":["https:\/\/deberkel.info\/wp-content\/uploads\/2020\/02\/BerkelfestivalFoto-894x485-1.jpg",894,485,false],"thumbnail":["https:\/\/deberkel.info\/wp-content\/uploads\/2020\/02\/BerkelfestivalFoto-894x485-1-150x150.jpg",150,150,true],"medium":["https:\/\/deberkel.info\/wp-content\/uploads\/2020\/02\/BerkelfestivalFoto-894x485-1-300x163.jpg",300,163,true],"large":["https:\/\/deberkel.info\/wp-content\/uploads\/2020\/02\/BerkelfestivalFoto-894x485-1.jpg",584,317,false],"1536x1536":["https:\/\/deberkel.info\/wp-content\/uploads\/2020\/02\/BerkelfestivalFoto-894x485-1.jpg",894,485,false],"2048x2048":["https:\/\/deberkel.info\/wp-content\/uploads\/2020\/02\/BerkelfestivalFoto-894x485-1.jpg",894,485,false],"post-thumbnail":["https:\/\/deberkel.info\/wp-content\/uploads\/2020\/02\/BerkelfestivalFoto-894x485-1-894x288.jpg",894,288,true],"large-feature":["https:\/\/deberkel.info\/wp-content\/uploads\/2020\/02\/BerkelfestivalFoto-894x485-1-894x288.jpg",894,288,true],"small-feature":["https:\/\/deberkel.info\/wp-content\/uploads\/2020\/02\/BerkelfestivalFoto-894x485-1-500x271.jpg",500,271,true]},"rttpg_author":{"display_name":"berkelcompagnie","author_link":"https:\/\/deberkel.info\/author\/berkelcompagnie\/"},"rttpg_comment":0,"rttpg_category":"","rttpg_excerpt":"Auch in 2020 wird wieder ein Berkelfestival organisiert werden: vom 21. bis zum 23. August. Es handelt sich hierbei um Aktivit\u00e4ten mit einer Grenz\u00fcberschreitende Gemeinschaftserlebnis. Dieses Jahr wird das Schwerpunkt in Eibergen sein. Hierunter Information \u00fcber das Festival. Weiterlesen &rarr;","_links":{"self":[{"href":"https:\/\/deberkel.info\/wp-json\/wp\/v2\/pages\/11632","targetHints":{"allow":["GET"]}}],"collection":[{"href":"https:\/\/deberkel.info\/wp-json\/wp\/v2\/pages"}],"about":[{"href":"https:\/\/deberkel.info\/wp-json\/wp\/v2\/types\/page"}],"author":[{"embeddable":true,"href":"https:\/\/deberkel.info\/wp-json\/wp\/v2\/users\/1"}],"replies":[{"embeddable":true,"href":"https:\/\/deberkel.info\/wp-json\/wp\/v2\/comments?post=11632"}],"version-history":[{"count":8,"href":"https:\/\/deberkel.info\/wp-json\/wp\/v2\/pages\/11632\/revisions"}],"predecessor-version":[{"id":18150,"href":"https:\/\/deberkel.info\/wp-json\/wp\/v2\/pages\/11632\/revisions\/18150"}],"wp:featuredmedia":[{"embeddable":true,"href":"https:\/\/deberkel.info\/wp-json\/wp\/v2\/media\/11661"}],"wp:attachment":[{"href":"https:\/\/deberkel.info\/wp-json\/wp\/v2\/media?parent=11632"}],"curies":[{"name":"wp","href":"https:\/\/api.w.org\/{rel}","templated":true}]}}