{"id":11693,"date":"2020-02-27T15:13:51","date_gmt":"2020-02-27T15:13:51","guid":{"rendered":"http:\/\/deberkel.info\/?page_id=11693"},"modified":"2020-02-27T15:24:04","modified_gmt":"2020-02-27T15:24:04","slug":"zin-in-almen","status":"publish","type":"page","link":"https:\/\/deberkel.info\/de\/zin-in-almen\/","title":{"rendered":"Zin in Almen"},"content":{"rendered":"<p><img loading=\"lazy\" decoding=\"async\" id=\"top\" class=\"alignnone wp-image-11685\" src=\"\/wp-content\/uploads\/2020\/02\/Almen-vanboven-791x424-1.jpg\" alt=\"\" width=\"600\" height=\"322\" srcset=\"https:\/\/deberkel.info\/wp-content\/uploads\/2020\/02\/Almen-vanboven-791x424-1.jpg 791w, https:\/\/deberkel.info\/wp-content\/uploads\/2020\/02\/Almen-vanboven-791x424-1-300x161.jpg 300w, https:\/\/deberkel.info\/wp-content\/uploads\/2020\/02\/Almen-vanboven-791x424-1-768x412.jpg 768w, https:\/\/deberkel.info\/wp-content\/uploads\/2020\/02\/Almen-vanboven-791x424-1-500x268.jpg 500w\" sizes=\"auto, (max-width: 600px) 100vw, 600px\" \/><br \/>\nIn Almen gibt es eine Arbeitsgruppe (&#8222;Zin in Almen&#8220;) die sich damit besch\u00e4ftigt neue Quellen von Besinnung und Inspiration zu finden in Musik, Kunst, Literatur, Natur und Pers\u00f6nliche Geschichten.<br \/>\nMan organisiert daf\u00fcr re\u00adgel\u00adm\u00e4\u00ad\u00dfige Treffen in der sch\u00f6ne Dorf Kirche (hieroben am Bild mit der m\u00e4andernde&nbsp;Berkel im Hintergrund).<br \/>\nEs gibt so ein Treffen an jede 3. Sonntag im Monat!<\/p>\n<p>Lese alles dar\u00fcber auf der <a href=\"http:\/\/www.zininalmen.nl\" target=\"_blank\" rel=\"noopener noreferrer\">website der Initiative<\/a>.<br \/>\n<a href=\"http:\/\/www.zininalmen.nl\/zin-in-almen-nieuws.html\" target=\"_blank\" rel=\"noopener noreferrer\">Hier<\/a> ist da eine \u00dcbersicht von Treffen die schon statt gefunden haben.<\/p>\n<p>Und hierunter ein Video von dem Treffen am 16. Februar 2020: &#8222;Korte verhalen in Almen&#8220;.<\/p>\n<p><iframe loading=\"lazy\" title=\"Zin in Almen : Korte verhalen\" width=\"584\" height=\"329\" src=\"https:\/\/www.youtube.com\/embed\/eQpkJpwGRhY?feature=oembed\" frameborder=\"0\" allow=\"accelerometer; autoplay; clipboard-write; encrypted-media; gyroscope; picture-in-picture; web-share\" referrerpolicy=\"strict-origin-when-cross-origin\" allowfullscreen><\/iframe><\/p>\n<p>&nbsp;<\/p>\n","protected":false},"excerpt":{"rendered":"<p>In Almen gibt es eine Arbeitsgruppe (&#8222;Zin in Almen&#8220;) die sich damit besch\u00e4ftigt neue Quellen von Besinnung und Inspiration zu finden in Musik, Kunst, Literatur, Natur und Pers\u00f6nliche Geschichten. Man organisiert daf\u00fcr re\u00adgel\u00adm\u00e4\u00ad\u00dfige Treffen in der sch\u00f6ne Dorf Kirche (hieroben &hellip; <a href=\"https:\/\/deberkel.info\/de\/zin-in-almen\/\">Weiterlesen <span class=\"meta-nav\">&rarr;<\/span><\/a><\/p>\n","protected":false},"author":1,"featured_media":11685,"parent":0,"menu_order":0,"comment_status":"closed","ping_status":"closed","template":"","meta":{"_exactmetrics_skip_tracking":false,"_exactmetrics_sitenote_active":false,"_exactmetrics_sitenote_note":"","_exactmetrics_sitenote_category":0,"ngg_post_thumbnail":0,"_locale":"de_DE","_original_post":"https:\/\/berkelcompagnie.com\/?page_id=11684","footnotes":"","_links_to":"","_links_to_target":""},"class_list":["post-11693","page","type-page","status-publish","has-post-thumbnail","hentry","de-DE"],"yoast_head":"<!-- This site is optimized with the Yoast SEO plugin v27.4 - https:\/\/yoast.com\/product\/yoast-seo-wordpress\/ -->\n<title>Zin in Almen - Berkel Info<\/title>\n<meta name=\"robots\" content=\"index, follow, max-snippet:-1, max-image-preview:large, max-video-preview:-1\" \/>\n<link rel=\"canonical\" href=\"https:\/\/deberkel.info\/de\/zin-in-almen\/\" \/>\n<meta property=\"og:locale\" content=\"de_DE\" \/>\n<meta property=\"og:type\" content=\"article\" \/>\n<meta property=\"og:title\" content=\"Zin in Almen - Berkel Info\" \/>\n<meta property=\"og:description\" content=\"In Almen gibt es eine Arbeitsgruppe (&#8222;Zin in Almen&#8220;) die sich damit besch\u00e4ftigt neue Quellen von Besinnung und Inspiration zu finden in Musik, Kunst, Literatur, Natur und Pers\u00f6nliche Geschichten. Man organisiert daf\u00fcr re\u00adgel\u00adm\u00e4\u00ad\u00dfige Treffen in der sch\u00f6ne Dorf Kirche (hieroben &hellip; Weiterlesen &rarr;\" \/>\n<meta property=\"og:url\" content=\"https:\/\/deberkel.info\/de\/zin-in-almen\/\" \/>\n<meta property=\"og:site_name\" content=\"Berkel Info\" \/>\n<meta property=\"article:modified_time\" content=\"2020-02-27T15:24:04+00:00\" \/>\n<meta property=\"og:image\" content=\"https:\/\/deberkel.info\/wp-content\/uploads\/2020\/02\/Almen-vanboven-791x424-1.jpg\" \/>\n\t<meta property=\"og:image:width\" content=\"791\" \/>\n\t<meta property=\"og:image:height\" content=\"424\" \/>\n\t<meta property=\"og:image:type\" content=\"image\/jpeg\" \/>\n<meta name=\"twitter:card\" content=\"summary_large_image\" \/>\n<meta name=\"twitter:label1\" content=\"Gesch\u00e4tzte Lesezeit\" \/>\n\t<meta name=\"twitter:data1\" content=\"1\u00a0Minute\" \/>\n<script type=\"application\/ld+json\" class=\"yoast-schema-graph\">{\"@context\":\"https:\\\/\\\/schema.org\",\"@graph\":[{\"@type\":\"WebPage\",\"@id\":\"https:\\\/\\\/deberkel.info\\\/de\\\/zin-in-almen\\\/\",\"url\":\"https:\\\/\\\/deberkel.info\\\/de\\\/zin-in-almen\\\/\",\"name\":\"Zin in Almen - Berkel Info\",\"isPartOf\":{\"@id\":\"https:\\\/\\\/deberkel.info\\\/#website\"},\"primaryImageOfPage\":{\"@id\":\"https:\\\/\\\/deberkel.info\\\/de\\\/zin-in-almen\\\/#primaryimage\"},\"image\":{\"@id\":\"https:\\\/\\\/deberkel.info\\\/de\\\/zin-in-almen\\\/#primaryimage\"},\"thumbnailUrl\":\"https:\\\/\\\/deberkel.info\\\/wp-content\\\/uploads\\\/2020\\\/02\\\/Almen-vanboven-791x424-1.jpg\",\"datePublished\":\"2020-02-27T15:13:51+00:00\",\"dateModified\":\"2020-02-27T15:24:04+00:00\",\"breadcrumb\":{\"@id\":\"https:\\\/\\\/deberkel.info\\\/de\\\/zin-in-almen\\\/#breadcrumb\"},\"inLanguage\":\"de\",\"potentialAction\":[{\"@type\":\"ReadAction\",\"target\":[\"https:\\\/\\\/deberkel.info\\\/de\\\/zin-in-almen\\\/\"]}]},{\"@type\":\"ImageObject\",\"inLanguage\":\"de\",\"@id\":\"https:\\\/\\\/deberkel.info\\\/de\\\/zin-in-almen\\\/#primaryimage\",\"url\":\"https:\\\/\\\/deberkel.info\\\/wp-content\\\/uploads\\\/2020\\\/02\\\/Almen-vanboven-791x424-1.jpg\",\"contentUrl\":\"https:\\\/\\\/deberkel.info\\\/wp-content\\\/uploads\\\/2020\\\/02\\\/Almen-vanboven-791x424-1.jpg\",\"width\":791,\"height\":424},{\"@type\":\"BreadcrumbList\",\"@id\":\"https:\\\/\\\/deberkel.info\\\/de\\\/zin-in-almen\\\/#breadcrumb\",\"itemListElement\":[{\"@type\":\"ListItem\",\"position\":1,\"name\":\"Home\",\"item\":\"https:\\\/\\\/deberkel.info\\\/de\\\/\"},{\"@type\":\"ListItem\",\"position\":2,\"name\":\"Zin in Almen\"}]},{\"@type\":\"WebSite\",\"@id\":\"https:\\\/\\\/deberkel.info\\\/#website\",\"url\":\"https:\\\/\\\/deberkel.info\\\/\",\"name\":\"Berkel Info\",\"description\":\"Alles over de Berkel en het Berkeldal, van Billerbeck tot Zutphen\",\"potentialAction\":[{\"@type\":\"SearchAction\",\"target\":{\"@type\":\"EntryPoint\",\"urlTemplate\":\"https:\\\/\\\/deberkel.info\\\/?s={search_term_string}\"},\"query-input\":{\"@type\":\"PropertyValueSpecification\",\"valueRequired\":true,\"valueName\":\"search_term_string\"}}],\"inLanguage\":\"de\"}]}<\/script>\n<!-- \/ Yoast SEO plugin. -->","yoast_head_json":{"title":"Zin in Almen - Berkel Info","robots":{"index":"index","follow":"follow","max-snippet":"max-snippet:-1","max-image-preview":"max-image-preview:large","max-video-preview":"max-video-preview:-1"},"canonical":"https:\/\/deberkel.info\/de\/zin-in-almen\/","og_locale":"de_DE","og_type":"article","og_title":"Zin in Almen - Berkel Info","og_description":"In Almen gibt es eine Arbeitsgruppe (&#8222;Zin in Almen&#8220;) die sich damit besch\u00e4ftigt neue Quellen von Besinnung und Inspiration zu finden in Musik, Kunst, Literatur, Natur und Pers\u00f6nliche Geschichten. Man organisiert daf\u00fcr re\u00adgel\u00adm\u00e4\u00ad\u00dfige Treffen in der sch\u00f6ne Dorf Kirche (hieroben &hellip; Weiterlesen &rarr;","og_url":"https:\/\/deberkel.info\/de\/zin-in-almen\/","og_site_name":"Berkel Info","article_modified_time":"2020-02-27T15:24:04+00:00","og_image":[{"width":791,"height":424,"url":"https:\/\/deberkel.info\/wp-content\/uploads\/2020\/02\/Almen-vanboven-791x424-1.jpg","type":"image\/jpeg"}],"twitter_card":"summary_large_image","twitter_misc":{"Gesch\u00e4tzte Lesezeit":"1\u00a0Minute"},"schema":{"@context":"https:\/\/schema.org","@graph":[{"@type":"WebPage","@id":"https:\/\/deberkel.info\/de\/zin-in-almen\/","url":"https:\/\/deberkel.info\/de\/zin-in-almen\/","name":"Zin in Almen - Berkel Info","isPartOf":{"@id":"https:\/\/deberkel.info\/#website"},"primaryImageOfPage":{"@id":"https:\/\/deberkel.info\/de\/zin-in-almen\/#primaryimage"},"image":{"@id":"https:\/\/deberkel.info\/de\/zin-in-almen\/#primaryimage"},"thumbnailUrl":"https:\/\/deberkel.info\/wp-content\/uploads\/2020\/02\/Almen-vanboven-791x424-1.jpg","datePublished":"2020-02-27T15:13:51+00:00","dateModified":"2020-02-27T15:24:04+00:00","breadcrumb":{"@id":"https:\/\/deberkel.info\/de\/zin-in-almen\/#breadcrumb"},"inLanguage":"de","potentialAction":[{"@type":"ReadAction","target":["https:\/\/deberkel.info\/de\/zin-in-almen\/"]}]},{"@type":"ImageObject","inLanguage":"de","@id":"https:\/\/deberkel.info\/de\/zin-in-almen\/#primaryimage","url":"https:\/\/deberkel.info\/wp-content\/uploads\/2020\/02\/Almen-vanboven-791x424-1.jpg","contentUrl":"https:\/\/deberkel.info\/wp-content\/uploads\/2020\/02\/Almen-vanboven-791x424-1.jpg","width":791,"height":424},{"@type":"BreadcrumbList","@id":"https:\/\/deberkel.info\/de\/zin-in-almen\/#breadcrumb","itemListElement":[{"@type":"ListItem","position":1,"name":"Home","item":"https:\/\/deberkel.info\/de\/"},{"@type":"ListItem","position":2,"name":"Zin in Almen"}]},{"@type":"WebSite","@id":"https:\/\/deberkel.info\/#website","url":"https:\/\/deberkel.info\/","name":"Berkel Info","description":"Alles over de Berkel en het Berkeldal, van Billerbeck tot Zutphen","potentialAction":[{"@type":"SearchAction","target":{"@type":"EntryPoint","urlTemplate":"https:\/\/deberkel.info\/?s={search_term_string}"},"query-input":{"@type":"PropertyValueSpecification","valueRequired":true,"valueName":"search_term_string"}}],"inLanguage":"de"}]}},"rttpg_featured_image_url":{"full":["https:\/\/deberkel.info\/wp-content\/uploads\/2020\/02\/Almen-vanboven-791x424-1.jpg",791,424,false],"landscape":["https:\/\/deberkel.info\/wp-content\/uploads\/2020\/02\/Almen-vanboven-791x424-1.jpg",791,424,false],"portraits":["https:\/\/deberkel.info\/wp-content\/uploads\/2020\/02\/Almen-vanboven-791x424-1.jpg",791,424,false],"thumbnail":["https:\/\/deberkel.info\/wp-content\/uploads\/2020\/02\/Almen-vanboven-791x424-1-150x150.jpg",150,150,true],"medium":["https:\/\/deberkel.info\/wp-content\/uploads\/2020\/02\/Almen-vanboven-791x424-1-300x161.jpg",300,161,true],"large":["https:\/\/deberkel.info\/wp-content\/uploads\/2020\/02\/Almen-vanboven-791x424-1.jpg",584,313,false],"1536x1536":["https:\/\/deberkel.info\/wp-content\/uploads\/2020\/02\/Almen-vanboven-791x424-1.jpg",791,424,false],"2048x2048":["https:\/\/deberkel.info\/wp-content\/uploads\/2020\/02\/Almen-vanboven-791x424-1.jpg",791,424,false],"post-thumbnail":["https:\/\/deberkel.info\/wp-content\/uploads\/2020\/02\/Almen-vanboven-791x424-1-791x288.jpg",791,288,true],"large-feature":["https:\/\/deberkel.info\/wp-content\/uploads\/2020\/02\/Almen-vanboven-791x424-1-791x288.jpg",791,288,true],"small-feature":["https:\/\/deberkel.info\/wp-content\/uploads\/2020\/02\/Almen-vanboven-791x424-1-500x268.jpg",500,268,true]},"rttpg_author":{"display_name":"berkelcompagnie","author_link":"https:\/\/deberkel.info\/author\/berkelcompagnie\/"},"rttpg_comment":0,"rttpg_category":null,"rttpg_excerpt":"In Almen gibt es eine Arbeitsgruppe (&#8222;Zin in Almen&#8220;) die sich damit besch\u00e4ftigt neue Quellen von Besinnung und Inspiration zu finden in Musik, Kunst, Literatur, Natur und Pers\u00f6nliche Geschichten. Man organisiert daf\u00fcr re\u00adgel\u00adm\u00e4\u00ad\u00dfige Treffen in der sch\u00f6ne Dorf Kirche (hieroben &hellip; Weiterlesen &rarr;","_links":{"self":[{"href":"https:\/\/deberkel.info\/wp-json\/wp\/v2\/pages\/11693","targetHints":{"allow":["GET"]}}],"collection":[{"href":"https:\/\/deberkel.info\/wp-json\/wp\/v2\/pages"}],"about":[{"href":"https:\/\/deberkel.info\/wp-json\/wp\/v2\/types\/page"}],"author":[{"embeddable":true,"href":"https:\/\/deberkel.info\/wp-json\/wp\/v2\/users\/1"}],"replies":[{"embeddable":true,"href":"https:\/\/deberkel.info\/wp-json\/wp\/v2\/comments?post=11693"}],"version-history":[{"count":4,"href":"https:\/\/deberkel.info\/wp-json\/wp\/v2\/pages\/11693\/revisions"}],"predecessor-version":[{"id":11703,"href":"https:\/\/deberkel.info\/wp-json\/wp\/v2\/pages\/11693\/revisions\/11703"}],"wp:featuredmedia":[{"embeddable":true,"href":"https:\/\/deberkel.info\/wp-json\/wp\/v2\/media\/11685"}],"wp:attachment":[{"href":"https:\/\/deberkel.info\/wp-json\/wp\/v2\/media?parent=11693"}],"curies":[{"name":"wp","href":"https:\/\/api.w.org\/{rel}","templated":true}]}}