{"id":11947,"date":"2020-03-15T18:21:31","date_gmt":"2020-03-15T18:21:31","guid":{"rendered":"http:\/\/deberkel.info\/?page_id=11947"},"modified":"2020-03-15T18:22:14","modified_gmt":"2020-03-15T18:22:14","slug":"naturnahe-entwicklung-der-berkel-und-berkelquelle-billerbeck","status":"publish","type":"page","link":"https:\/\/deberkel.info\/de\/naturnahe-entwicklung-der-berkel-und-berkelquelle-billerbeck\/","title":{"rendered":"Naturnahe Entwicklung der Berkel und Berkelquelle (Billerbeck)"},"content":{"rendered":"<p>In Billerbeck wird ein Plan ausgef\u00fchrt bez\u00fcglich eine naturnahe Entwicklung der Berkel.&nbsp;<\/p>\n<p><a href=\"\/wp-content\/uploads\/2020\/03\/BerkelQuelleRainerHainFoto-600x368-1.jpg\"><img loading=\"lazy\" decoding=\"async\" class=\"alignnone size-full wp-image-11944\" src=\"\/wp-content\/uploads\/2020\/03\/BerkelQuelleRainerHainFoto-600x368-1.jpg\" alt=\"\" width=\"600\" height=\"368\" srcset=\"https:\/\/deberkel.info\/wp-content\/uploads\/2020\/03\/BerkelQuelleRainerHainFoto-600x368-1.jpg 600w, https:\/\/deberkel.info\/wp-content\/uploads\/2020\/03\/BerkelQuelleRainerHainFoto-600x368-1-300x184.jpg 300w, https:\/\/deberkel.info\/wp-content\/uploads\/2020\/03\/BerkelQuelleRainerHainFoto-600x368-1-489x300.jpg 489w\" sizes=\"auto, (max-width: 600px) 100vw, 600px\" \/><\/a><\/p>\n<p>Sehe die ausf\u00fchrliche Pr\u00e4sentation hierunter von Rainer Hein an der <a href=\"http:\/\/dieberkel.eu\/2019\/12\/04\/rueckblick_termin-natur-umwelt-landschaft\/\" target=\"_blank\" rel=\"noopener noreferrer\">Austausch \u201eNatur, Umwelt und Landschaft an der Berkel\u201c<\/a>&nbsp;am 27.11.2019 in&nbsp;<a href=\"https:\/\/www.kult-westmuensterland.de\/\" target=\"_blank\" rel=\"noopener noreferrer\">Kult Westm\u00fcnsterland<\/a>&nbsp;in Vreden.<\/p>\n<a href=\"\/wp-content\/uploads\/2020\/03\/01a_Hein_NaturnaheEntwicklungQuelle.pdf\" class=\"pdfemb-viewer\" style=\"width: 800px; \" data-width=\"800\" data-height=\"max\" data-mobile-width=\"500\"  data-scrollbar=\"none\" data-download=\"on\" data-tracking=\"on\" data-newwindow=\"on\" data-pagetextbox=\"off\" data-scrolltotop=\"off\" data-startzoom=\"100\" data-startfpzoom=\"100\" data-toolbar=\"both\" data-toolbar-fixed=\"on\">01a_Hein_NaturnaheEntwicklungQuelle<br\/><\/a>\n","protected":false},"excerpt":{"rendered":"<p>In Billerbeck wird ein Plan ausgef\u00fchrt bez\u00fcglich eine naturnahe Entwicklung der Berkel.&nbsp; Sehe die ausf\u00fchrliche Pr\u00e4sentation hierunter von Rainer Hein an der Austausch \u201eNatur, Umwelt und Landschaft an der Berkel\u201c&nbsp;am 27.11.2019 in&nbsp;Kult Westm\u00fcnsterland&nbsp;in Vreden.<\/p>\n","protected":false},"author":1,"featured_media":11944,"parent":0,"menu_order":0,"comment_status":"closed","ping_status":"closed","template":"","meta":{"_exactmetrics_skip_tracking":false,"_exactmetrics_sitenote_active":false,"_exactmetrics_sitenote_note":"","_exactmetrics_sitenote_category":0,"ngg_post_thumbnail":0,"_locale":"de_DE","_original_post":"https:\/\/berkelcompagnie.com\/?page_id=11942","footnotes":"","_links_to":"","_links_to_target":""},"class_list":["post-11947","page","type-page","status-publish","has-post-thumbnail","hentry","de-DE"],"yoast_head":"<!-- This site is optimized with the Yoast SEO plugin v27.3 - https:\/\/yoast.com\/product\/yoast-seo-wordpress\/ -->\n<title>Naturnahe Entwicklung der Berkel und Berkelquelle (Billerbeck) - Berkel Info<\/title>\n<meta name=\"robots\" content=\"index, follow, max-snippet:-1, max-image-preview:large, max-video-preview:-1\" \/>\n<link rel=\"canonical\" href=\"https:\/\/deberkel.info\/de\/naturnahe-entwicklung-der-berkel-und-berkelquelle-billerbeck\/\" \/>\n<meta property=\"og:locale\" content=\"de_DE\" \/>\n<meta property=\"og:type\" content=\"article\" \/>\n<meta property=\"og:title\" content=\"Naturnahe Entwicklung der Berkel und Berkelquelle (Billerbeck) - Berkel Info\" \/>\n<meta property=\"og:description\" content=\"In Billerbeck wird ein Plan ausgef\u00fchrt bez\u00fcglich eine naturnahe Entwicklung der Berkel.&nbsp; Sehe die ausf\u00fchrliche Pr\u00e4sentation hierunter von Rainer Hein an der Austausch \u201eNatur, Umwelt und Landschaft an der Berkel\u201c&nbsp;am 27.11.2019 in&nbsp;Kult Westm\u00fcnsterland&nbsp;in Vreden.\" \/>\n<meta property=\"og:url\" content=\"https:\/\/deberkel.info\/de\/naturnahe-entwicklung-der-berkel-und-berkelquelle-billerbeck\/\" \/>\n<meta property=\"og:site_name\" content=\"Berkel Info\" \/>\n<meta property=\"article:modified_time\" content=\"2020-03-15T18:22:14+00:00\" \/>\n<meta property=\"og:image\" content=\"https:\/\/deberkel.info\/wp-content\/uploads\/2020\/03\/BerkelQuelleRainerHainFoto-600x368-1.jpg\" \/>\n\t<meta property=\"og:image:width\" content=\"600\" \/>\n\t<meta property=\"og:image:height\" content=\"368\" \/>\n\t<meta property=\"og:image:type\" content=\"image\/jpeg\" \/>\n<meta name=\"twitter:card\" content=\"summary_large_image\" \/>\n<script type=\"application\/ld+json\" class=\"yoast-schema-graph\">{\"@context\":\"https:\\\/\\\/schema.org\",\"@graph\":[{\"@type\":\"WebPage\",\"@id\":\"https:\\\/\\\/deberkel.info\\\/de\\\/naturnahe-entwicklung-der-berkel-und-berkelquelle-billerbeck\\\/\",\"url\":\"https:\\\/\\\/deberkel.info\\\/de\\\/naturnahe-entwicklung-der-berkel-und-berkelquelle-billerbeck\\\/\",\"name\":\"Naturnahe Entwicklung der Berkel und Berkelquelle (Billerbeck) - Berkel Info\",\"isPartOf\":{\"@id\":\"https:\\\/\\\/deberkel.info\\\/#website\"},\"primaryImageOfPage\":{\"@id\":\"https:\\\/\\\/deberkel.info\\\/de\\\/naturnahe-entwicklung-der-berkel-und-berkelquelle-billerbeck\\\/#primaryimage\"},\"image\":{\"@id\":\"https:\\\/\\\/deberkel.info\\\/de\\\/naturnahe-entwicklung-der-berkel-und-berkelquelle-billerbeck\\\/#primaryimage\"},\"thumbnailUrl\":\"https:\\\/\\\/deberkel.info\\\/wp-content\\\/uploads\\\/2020\\\/03\\\/BerkelQuelleRainerHainFoto-600x368-1.jpg\",\"datePublished\":\"2020-03-15T18:21:31+00:00\",\"dateModified\":\"2020-03-15T18:22:14+00:00\",\"breadcrumb\":{\"@id\":\"https:\\\/\\\/deberkel.info\\\/de\\\/naturnahe-entwicklung-der-berkel-und-berkelquelle-billerbeck\\\/#breadcrumb\"},\"inLanguage\":\"de\",\"potentialAction\":[{\"@type\":\"ReadAction\",\"target\":[\"https:\\\/\\\/deberkel.info\\\/de\\\/naturnahe-entwicklung-der-berkel-und-berkelquelle-billerbeck\\\/\"]}]},{\"@type\":\"ImageObject\",\"inLanguage\":\"de\",\"@id\":\"https:\\\/\\\/deberkel.info\\\/de\\\/naturnahe-entwicklung-der-berkel-und-berkelquelle-billerbeck\\\/#primaryimage\",\"url\":\"https:\\\/\\\/deberkel.info\\\/wp-content\\\/uploads\\\/2020\\\/03\\\/BerkelQuelleRainerHainFoto-600x368-1.jpg\",\"contentUrl\":\"https:\\\/\\\/deberkel.info\\\/wp-content\\\/uploads\\\/2020\\\/03\\\/BerkelQuelleRainerHainFoto-600x368-1.jpg\",\"width\":600,\"height\":368},{\"@type\":\"BreadcrumbList\",\"@id\":\"https:\\\/\\\/deberkel.info\\\/de\\\/naturnahe-entwicklung-der-berkel-und-berkelquelle-billerbeck\\\/#breadcrumb\",\"itemListElement\":[{\"@type\":\"ListItem\",\"position\":1,\"name\":\"Home\",\"item\":\"https:\\\/\\\/deberkel.info\\\/de\\\/\"},{\"@type\":\"ListItem\",\"position\":2,\"name\":\"Naturnahe Entwicklung der Berkel und Berkelquelle (Billerbeck)\"}]},{\"@type\":\"WebSite\",\"@id\":\"https:\\\/\\\/deberkel.info\\\/#website\",\"url\":\"https:\\\/\\\/deberkel.info\\\/\",\"name\":\"Berkel Info\",\"description\":\"Alles over de Berkel en het Berkeldal, van Billerbeck tot Zutphen\",\"potentialAction\":[{\"@type\":\"SearchAction\",\"target\":{\"@type\":\"EntryPoint\",\"urlTemplate\":\"https:\\\/\\\/deberkel.info\\\/?s={search_term_string}\"},\"query-input\":{\"@type\":\"PropertyValueSpecification\",\"valueRequired\":true,\"valueName\":\"search_term_string\"}}],\"inLanguage\":\"de\"}]}<\/script>\n<!-- \/ Yoast SEO plugin. -->","yoast_head_json":{"title":"Naturnahe Entwicklung der Berkel und Berkelquelle (Billerbeck) - Berkel Info","robots":{"index":"index","follow":"follow","max-snippet":"max-snippet:-1","max-image-preview":"max-image-preview:large","max-video-preview":"max-video-preview:-1"},"canonical":"https:\/\/deberkel.info\/de\/naturnahe-entwicklung-der-berkel-und-berkelquelle-billerbeck\/","og_locale":"de_DE","og_type":"article","og_title":"Naturnahe Entwicklung der Berkel und Berkelquelle (Billerbeck) - Berkel Info","og_description":"In Billerbeck wird ein Plan ausgef\u00fchrt bez\u00fcglich eine naturnahe Entwicklung der Berkel.&nbsp; Sehe die ausf\u00fchrliche Pr\u00e4sentation hierunter von Rainer Hein an der Austausch \u201eNatur, Umwelt und Landschaft an der Berkel\u201c&nbsp;am 27.11.2019 in&nbsp;Kult Westm\u00fcnsterland&nbsp;in Vreden.","og_url":"https:\/\/deberkel.info\/de\/naturnahe-entwicklung-der-berkel-und-berkelquelle-billerbeck\/","og_site_name":"Berkel Info","article_modified_time":"2020-03-15T18:22:14+00:00","og_image":[{"width":600,"height":368,"url":"https:\/\/deberkel.info\/wp-content\/uploads\/2020\/03\/BerkelQuelleRainerHainFoto-600x368-1.jpg","type":"image\/jpeg"}],"twitter_card":"summary_large_image","schema":{"@context":"https:\/\/schema.org","@graph":[{"@type":"WebPage","@id":"https:\/\/deberkel.info\/de\/naturnahe-entwicklung-der-berkel-und-berkelquelle-billerbeck\/","url":"https:\/\/deberkel.info\/de\/naturnahe-entwicklung-der-berkel-und-berkelquelle-billerbeck\/","name":"Naturnahe Entwicklung der Berkel und Berkelquelle (Billerbeck) - Berkel Info","isPartOf":{"@id":"https:\/\/deberkel.info\/#website"},"primaryImageOfPage":{"@id":"https:\/\/deberkel.info\/de\/naturnahe-entwicklung-der-berkel-und-berkelquelle-billerbeck\/#primaryimage"},"image":{"@id":"https:\/\/deberkel.info\/de\/naturnahe-entwicklung-der-berkel-und-berkelquelle-billerbeck\/#primaryimage"},"thumbnailUrl":"https:\/\/deberkel.info\/wp-content\/uploads\/2020\/03\/BerkelQuelleRainerHainFoto-600x368-1.jpg","datePublished":"2020-03-15T18:21:31+00:00","dateModified":"2020-03-15T18:22:14+00:00","breadcrumb":{"@id":"https:\/\/deberkel.info\/de\/naturnahe-entwicklung-der-berkel-und-berkelquelle-billerbeck\/#breadcrumb"},"inLanguage":"de","potentialAction":[{"@type":"ReadAction","target":["https:\/\/deberkel.info\/de\/naturnahe-entwicklung-der-berkel-und-berkelquelle-billerbeck\/"]}]},{"@type":"ImageObject","inLanguage":"de","@id":"https:\/\/deberkel.info\/de\/naturnahe-entwicklung-der-berkel-und-berkelquelle-billerbeck\/#primaryimage","url":"https:\/\/deberkel.info\/wp-content\/uploads\/2020\/03\/BerkelQuelleRainerHainFoto-600x368-1.jpg","contentUrl":"https:\/\/deberkel.info\/wp-content\/uploads\/2020\/03\/BerkelQuelleRainerHainFoto-600x368-1.jpg","width":600,"height":368},{"@type":"BreadcrumbList","@id":"https:\/\/deberkel.info\/de\/naturnahe-entwicklung-der-berkel-und-berkelquelle-billerbeck\/#breadcrumb","itemListElement":[{"@type":"ListItem","position":1,"name":"Home","item":"https:\/\/deberkel.info\/de\/"},{"@type":"ListItem","position":2,"name":"Naturnahe Entwicklung der Berkel und Berkelquelle (Billerbeck)"}]},{"@type":"WebSite","@id":"https:\/\/deberkel.info\/#website","url":"https:\/\/deberkel.info\/","name":"Berkel Info","description":"Alles over de Berkel en het Berkeldal, van Billerbeck tot Zutphen","potentialAction":[{"@type":"SearchAction","target":{"@type":"EntryPoint","urlTemplate":"https:\/\/deberkel.info\/?s={search_term_string}"},"query-input":{"@type":"PropertyValueSpecification","valueRequired":true,"valueName":"search_term_string"}}],"inLanguage":"de"}]}},"rttpg_featured_image_url":{"full":["https:\/\/deberkel.info\/wp-content\/uploads\/2020\/03\/BerkelQuelleRainerHainFoto-600x368-1.jpg",600,368,false],"landscape":["https:\/\/deberkel.info\/wp-content\/uploads\/2020\/03\/BerkelQuelleRainerHainFoto-600x368-1.jpg",600,368,false],"portraits":["https:\/\/deberkel.info\/wp-content\/uploads\/2020\/03\/BerkelQuelleRainerHainFoto-600x368-1.jpg",600,368,false],"thumbnail":["https:\/\/deberkel.info\/wp-content\/uploads\/2020\/03\/BerkelQuelleRainerHainFoto-600x368-1-150x150.jpg",150,150,true],"medium":["https:\/\/deberkel.info\/wp-content\/uploads\/2020\/03\/BerkelQuelleRainerHainFoto-600x368-1-300x184.jpg",300,184,true],"large":["https:\/\/deberkel.info\/wp-content\/uploads\/2020\/03\/BerkelQuelleRainerHainFoto-600x368-1.jpg",584,358,false],"1536x1536":["https:\/\/deberkel.info\/wp-content\/uploads\/2020\/03\/BerkelQuelleRainerHainFoto-600x368-1.jpg",600,368,false],"2048x2048":["https:\/\/deberkel.info\/wp-content\/uploads\/2020\/03\/BerkelQuelleRainerHainFoto-600x368-1.jpg",600,368,false],"post-thumbnail":["https:\/\/deberkel.info\/wp-content\/uploads\/2020\/03\/BerkelQuelleRainerHainFoto-600x368-1-600x288.jpg",600,288,true],"large-feature":["https:\/\/deberkel.info\/wp-content\/uploads\/2020\/03\/BerkelQuelleRainerHainFoto-600x368-1-600x288.jpg",600,288,true],"small-feature":["https:\/\/deberkel.info\/wp-content\/uploads\/2020\/03\/BerkelQuelleRainerHainFoto-600x368-1-489x300.jpg",489,300,true]},"rttpg_author":{"display_name":"berkelcompagnie","author_link":"https:\/\/deberkel.info\/author\/berkelcompagnie\/"},"rttpg_comment":0,"rttpg_category":null,"rttpg_excerpt":"In Billerbeck wird ein Plan ausgef\u00fchrt bez\u00fcglich eine naturnahe Entwicklung der Berkel.&nbsp; Sehe die ausf\u00fchrliche Pr\u00e4sentation hierunter von Rainer Hein an der Austausch \u201eNatur, Umwelt und Landschaft an der Berkel\u201c&nbsp;am 27.11.2019 in&nbsp;Kult Westm\u00fcnsterland&nbsp;in Vreden.","_links":{"self":[{"href":"https:\/\/deberkel.info\/wp-json\/wp\/v2\/pages\/11947","targetHints":{"allow":["GET"]}}],"collection":[{"href":"https:\/\/deberkel.info\/wp-json\/wp\/v2\/pages"}],"about":[{"href":"https:\/\/deberkel.info\/wp-json\/wp\/v2\/types\/page"}],"author":[{"embeddable":true,"href":"https:\/\/deberkel.info\/wp-json\/wp\/v2\/users\/1"}],"replies":[{"embeddable":true,"href":"https:\/\/deberkel.info\/wp-json\/wp\/v2\/comments?post=11947"}],"version-history":[{"count":3,"href":"https:\/\/deberkel.info\/wp-json\/wp\/v2\/pages\/11947\/revisions"}],"predecessor-version":[{"id":11951,"href":"https:\/\/deberkel.info\/wp-json\/wp\/v2\/pages\/11947\/revisions\/11951"}],"wp:featuredmedia":[{"embeddable":true,"href":"https:\/\/deberkel.info\/wp-json\/wp\/v2\/media\/11944"}],"wp:attachment":[{"href":"https:\/\/deberkel.info\/wp-json\/wp\/v2\/media?parent=11947"}],"curies":[{"name":"wp","href":"https:\/\/api.w.org\/{rel}","templated":true}]}}