{"id":1198,"date":"2018-04-04T14:42:03","date_gmt":"2018-04-04T14:42:03","guid":{"rendered":"http:\/\/deberkel.info\/?page_id=1198"},"modified":"2018-05-22T11:04:42","modified_gmt":"2018-05-22T11:04:42","slug":"beleef-de-berkel-borculo","status":"publish","type":"page","link":"https:\/\/deberkel.info\/de\/beleef-de-berkel-borculo\/","title":{"rendered":"&#8218;Beleef de Berkel&#8216;: Borculo"},"content":{"rendered":"<p>In <strong>Borculo<\/strong> ist die Berkel aufgewertet worden in der Stadt.<\/p>\n<ul>\n<li>Die &#8218;Muralt&#8216; Br\u00fccke und die Br\u00fccke zum alten Rathaus waren im Laufe der Zeit feste Br\u00fccken geworden und k\u00f6nnen jetzt wieder ge\u00f6ffnet werden f\u00fcr Boote. Deshalb k\u00f6nnen Berkelzompen wieder vorbei fahren.<br \/>\nHierunten ein Bild der Er\u00f6ffnung der Muralt Br\u00fccke (sehe das&nbsp;<a href=\"https:\/\/www.tubantia.nl\/achterhoek\/historisch-moment-borculo-heeft-weer-ophaalbruggen~a3bf1c73\/\" target=\"_blank\" rel=\"noopener\">Bericht in Zeitung Tubantia<\/a>).<br \/>\n<img loading=\"lazy\" decoding=\"async\" class=\"alignnone size-medium wp-image-1192\" src=\"\/wp-content\/uploads\/2018\/04\/BeleefDeBerkelMuraltbrugOpen-300x225.jpg\" alt=\"\" width=\"300\" height=\"225\" srcset=\"https:\/\/deberkel.info\/wp-content\/uploads\/2018\/04\/BeleefDeBerkelMuraltbrugOpen-300x225.jpg 300w, https:\/\/deberkel.info\/wp-content\/uploads\/2018\/04\/BeleefDeBerkelMuraltbrugOpen-400x300.jpg 400w, https:\/\/deberkel.info\/wp-content\/uploads\/2018\/04\/BeleefDeBerkelMuraltbrugOpen.jpg 694w\" sizes=\"auto, (max-width: 300px) 100vw, 300px\" \/><\/li>\n<li>Die &#8218;Veemarkt&#8216; Br\u00fccke ist erh\u00f6ht worden.<\/li>\n<li>2 Fu\u00dfg\u00e4ngerbr\u00fccken zugef\u00fcgt (sehe das&nbsp;<a href=\"https:\/\/www.tubantia.nl\/achterhoek\/brug-zweeft-boven-berkel-in-borculo~ae038039\/\" target=\"_blank\" rel=\"noopener\">Bericht in Tubantia<\/a>)<\/li>\n<li>Durch ausbaggern ist die Wasserqualit\u00e4t der alten Berkel verbessert worden.<\/li>\n<li>Beim (neuen) Rathaus ist ein Hafen angelegt worden, genau so auch beim &#8218;Stenen Tafel&#8216; Restaurant.<\/li>\n<\/ul>\n<p>Ausf\u00fchliche Information dieses Projektes (Niederl\u00e4ndisch):&nbsp;<a href=\"\/wp-content\/uploads\/2018\/04\/2013-10-15-Uitwerking-project-Beleef-de-Berkel.pdf\" target=\"_blank\" rel=\"noopener\">2013-10-15-Uitwerking project Beleef de Berkel<\/a><\/p>\n<p>Weitere Bilder der Er\u00f6ffnung hierunten:<\/p>\nngg_shortcode_0_placeholder\n","protected":false},"excerpt":{"rendered":"<p>In Borculo ist die Berkel aufgewertet worden in der Stadt. Die &#8218;Muralt&#8216; Br\u00fccke und die Br\u00fccke zum alten Rathaus waren im Laufe der Zeit feste Br\u00fccken geworden und k\u00f6nnen jetzt wieder ge\u00f6ffnet werden f\u00fcr Boote. Deshalb k\u00f6nnen Berkelzompen wieder vorbei &hellip; <a href=\"https:\/\/deberkel.info\/de\/beleef-de-berkel-borculo\/\">Weiterlesen <span class=\"meta-nav\">&rarr;<\/span><\/a><\/p>\n","protected":false},"author":1,"featured_media":0,"parent":0,"menu_order":0,"comment_status":"closed","ping_status":"closed","template":"sidebar-page.php","meta":{"_exactmetrics_skip_tracking":false,"_exactmetrics_sitenote_active":false,"_exactmetrics_sitenote_note":"","_exactmetrics_sitenote_category":0,"ngg_post_thumbnail":0,"_locale":"de_DE","_original_post":"1191","footnotes":"","_links_to":"","_links_to_target":""},"class_list":["post-1198","page","type-page","status-publish","hentry","de-DE"],"yoast_head":"<!-- This site is optimized with the Yoast SEO plugin v27.6 - https:\/\/yoast.com\/product\/yoast-seo-wordpress\/ -->\n<title>&#039;Beleef de Berkel&#039;: Borculo - Berkel Info<\/title>\n<meta name=\"robots\" content=\"index, follow, max-snippet:-1, max-image-preview:large, max-video-preview:-1\" \/>\n<link rel=\"canonical\" href=\"https:\/\/deberkel.info\/de\/beleef-de-berkel-borculo\/\" \/>\n<meta property=\"og:locale\" content=\"de_DE\" \/>\n<meta property=\"og:type\" content=\"article\" \/>\n<meta property=\"og:title\" content=\"&#039;Beleef de Berkel&#039;: Borculo - Berkel Info\" \/>\n<meta property=\"og:description\" content=\"In Borculo ist die Berkel aufgewertet worden in der Stadt. Die &#8218;Muralt&#8216; Br\u00fccke und die Br\u00fccke zum alten Rathaus waren im Laufe der Zeit feste Br\u00fccken geworden und k\u00f6nnen jetzt wieder ge\u00f6ffnet werden f\u00fcr Boote. Deshalb k\u00f6nnen Berkelzompen wieder vorbei &hellip; Weiterlesen &rarr;\" \/>\n<meta property=\"og:url\" content=\"https:\/\/deberkel.info\/de\/beleef-de-berkel-borculo\/\" \/>\n<meta property=\"og:site_name\" content=\"Berkel Info\" \/>\n<meta property=\"article:modified_time\" content=\"2018-05-22T11:04:42+00:00\" \/>\n<meta property=\"og:image\" content=\"https:\/\/deberkel.info\/wp-content\/uploads\/2018\/04\/BeleefDeBerkelMuraltbrugOpen-300x225.jpg\" \/>\n<meta name=\"twitter:card\" content=\"summary_large_image\" \/>\n<meta name=\"twitter:label1\" content=\"Gesch\u00e4tzte Lesezeit\" \/>\n\t<meta name=\"twitter:data1\" content=\"1\u00a0Minute\" \/>\n<script type=\"application\/ld+json\" class=\"yoast-schema-graph\">{\"@context\":\"https:\\\/\\\/schema.org\",\"@graph\":[{\"@type\":\"WebPage\",\"@id\":\"https:\\\/\\\/deberkel.info\\\/de\\\/beleef-de-berkel-borculo\\\/\",\"url\":\"https:\\\/\\\/deberkel.info\\\/de\\\/beleef-de-berkel-borculo\\\/\",\"name\":\"'Beleef de Berkel': Borculo - Berkel Info\",\"isPartOf\":{\"@id\":\"https:\\\/\\\/deberkel.info\\\/#website\"},\"datePublished\":\"2018-04-04T14:42:03+00:00\",\"dateModified\":\"2018-05-22T11:04:42+00:00\",\"breadcrumb\":{\"@id\":\"https:\\\/\\\/deberkel.info\\\/de\\\/beleef-de-berkel-borculo\\\/#breadcrumb\"},\"inLanguage\":\"de\",\"potentialAction\":[{\"@type\":\"ReadAction\",\"target\":[\"https:\\\/\\\/deberkel.info\\\/de\\\/beleef-de-berkel-borculo\\\/\"]}]},{\"@type\":\"BreadcrumbList\",\"@id\":\"https:\\\/\\\/deberkel.info\\\/de\\\/beleef-de-berkel-borculo\\\/#breadcrumb\",\"itemListElement\":[{\"@type\":\"ListItem\",\"position\":1,\"name\":\"Home\",\"item\":\"https:\\\/\\\/deberkel.info\\\/de\\\/\"},{\"@type\":\"ListItem\",\"position\":2,\"name\":\"&#8218;Beleef de Berkel&#8216;: Borculo\"}]},{\"@type\":\"WebSite\",\"@id\":\"https:\\\/\\\/deberkel.info\\\/#website\",\"url\":\"https:\\\/\\\/deberkel.info\\\/\",\"name\":\"Berkel Info\",\"description\":\"Alles over de Berkel en het Berkeldal, van Billerbeck tot Zutphen\",\"potentialAction\":[{\"@type\":\"SearchAction\",\"target\":{\"@type\":\"EntryPoint\",\"urlTemplate\":\"https:\\\/\\\/deberkel.info\\\/?s={search_term_string}\"},\"query-input\":{\"@type\":\"PropertyValueSpecification\",\"valueRequired\":true,\"valueName\":\"search_term_string\"}}],\"inLanguage\":\"de\"}]}<\/script>\n<!-- \/ Yoast SEO plugin. -->","yoast_head_json":{"title":"'Beleef de Berkel': Borculo - Berkel Info","robots":{"index":"index","follow":"follow","max-snippet":"max-snippet:-1","max-image-preview":"max-image-preview:large","max-video-preview":"max-video-preview:-1"},"canonical":"https:\/\/deberkel.info\/de\/beleef-de-berkel-borculo\/","og_locale":"de_DE","og_type":"article","og_title":"'Beleef de Berkel': Borculo - Berkel Info","og_description":"In Borculo ist die Berkel aufgewertet worden in der Stadt. Die &#8218;Muralt&#8216; Br\u00fccke und die Br\u00fccke zum alten Rathaus waren im Laufe der Zeit feste Br\u00fccken geworden und k\u00f6nnen jetzt wieder ge\u00f6ffnet werden f\u00fcr Boote. Deshalb k\u00f6nnen Berkelzompen wieder vorbei &hellip; Weiterlesen &rarr;","og_url":"https:\/\/deberkel.info\/de\/beleef-de-berkel-borculo\/","og_site_name":"Berkel Info","article_modified_time":"2018-05-22T11:04:42+00:00","og_image":[{"url":"https:\/\/deberkel.info\/wp-content\/uploads\/2018\/04\/BeleefDeBerkelMuraltbrugOpen-300x225.jpg","type":"","width":"","height":""}],"twitter_card":"summary_large_image","twitter_misc":{"Gesch\u00e4tzte Lesezeit":"1\u00a0Minute"},"schema":{"@context":"https:\/\/schema.org","@graph":[{"@type":"WebPage","@id":"https:\/\/deberkel.info\/de\/beleef-de-berkel-borculo\/","url":"https:\/\/deberkel.info\/de\/beleef-de-berkel-borculo\/","name":"'Beleef de Berkel': Borculo - Berkel Info","isPartOf":{"@id":"https:\/\/deberkel.info\/#website"},"datePublished":"2018-04-04T14:42:03+00:00","dateModified":"2018-05-22T11:04:42+00:00","breadcrumb":{"@id":"https:\/\/deberkel.info\/de\/beleef-de-berkel-borculo\/#breadcrumb"},"inLanguage":"de","potentialAction":[{"@type":"ReadAction","target":["https:\/\/deberkel.info\/de\/beleef-de-berkel-borculo\/"]}]},{"@type":"BreadcrumbList","@id":"https:\/\/deberkel.info\/de\/beleef-de-berkel-borculo\/#breadcrumb","itemListElement":[{"@type":"ListItem","position":1,"name":"Home","item":"https:\/\/deberkel.info\/de\/"},{"@type":"ListItem","position":2,"name":"&#8218;Beleef de Berkel&#8216;: Borculo"}]},{"@type":"WebSite","@id":"https:\/\/deberkel.info\/#website","url":"https:\/\/deberkel.info\/","name":"Berkel Info","description":"Alles over de Berkel en het Berkeldal, van Billerbeck tot Zutphen","potentialAction":[{"@type":"SearchAction","target":{"@type":"EntryPoint","urlTemplate":"https:\/\/deberkel.info\/?s={search_term_string}"},"query-input":{"@type":"PropertyValueSpecification","valueRequired":true,"valueName":"search_term_string"}}],"inLanguage":"de"}]}},"rttpg_featured_image_url":null,"rttpg_author":{"display_name":"berkelcompagnie","author_link":"https:\/\/deberkel.info\/author\/berkelcompagnie\/"},"rttpg_comment":0,"rttpg_category":null,"rttpg_excerpt":"In Borculo ist die Berkel aufgewertet worden in der Stadt. Die &#8218;Muralt&#8216; Br\u00fccke und die Br\u00fccke zum alten Rathaus waren im Laufe der Zeit feste Br\u00fccken geworden und k\u00f6nnen jetzt wieder ge\u00f6ffnet werden f\u00fcr Boote. Deshalb k\u00f6nnen Berkelzompen wieder vorbei &hellip; Weiterlesen &rarr;","_links":{"self":[{"href":"https:\/\/deberkel.info\/wp-json\/wp\/v2\/pages\/1198","targetHints":{"allow":["GET"]}}],"collection":[{"href":"https:\/\/deberkel.info\/wp-json\/wp\/v2\/pages"}],"about":[{"href":"https:\/\/deberkel.info\/wp-json\/wp\/v2\/types\/page"}],"author":[{"embeddable":true,"href":"https:\/\/deberkel.info\/wp-json\/wp\/v2\/users\/1"}],"replies":[{"embeddable":true,"href":"https:\/\/deberkel.info\/wp-json\/wp\/v2\/comments?post=1198"}],"version-history":[{"count":8,"href":"https:\/\/deberkel.info\/wp-json\/wp\/v2\/pages\/1198\/revisions"}],"predecessor-version":[{"id":5056,"href":"https:\/\/deberkel.info\/wp-json\/wp\/v2\/pages\/1198\/revisions\/5056"}],"wp:attachment":[{"href":"https:\/\/deberkel.info\/wp-json\/wp\/v2\/media?parent=1198"}],"curies":[{"name":"wp","href":"https:\/\/api.w.org\/{rel}","templated":true}]}}