{"id":12259,"date":"2020-03-31T12:42:45","date_gmt":"2020-03-31T12:42:45","guid":{"rendered":"http:\/\/deberkel.info\/?page_id=12259"},"modified":"2020-03-31T12:42:45","modified_gmt":"2020-03-31T12:42:45","slug":"berkelspaziergang-billerbeck","status":"publish","type":"page","link":"https:\/\/deberkel.info\/de\/berkelspaziergang-billerbeck\/","title":{"rendered":"Berkelspaziergang Billerbeck"},"content":{"rendered":"<p>Der Billerbecker Verein \u201eBerkelspaziergang\u201c m\u00f6chte die \u00d6ffentlichkeit auf die Berkel als Natur- und Kulturraum f\u00fcr Jung und Alt aufmerksam machen.<br \/>\n<a href=\"\/wp-content\/uploads\/2018\/05\/BerkelspaziergangBild.jpg\"><img loading=\"lazy\" decoding=\"async\" class=\"alignnone size-full wp-image-5146\" src=\"\/wp-content\/uploads\/2018\/05\/BerkelspaziergangBild.jpg\" alt=\"\" width=\"555\" height=\"394\" srcset=\"https:\/\/deberkel.info\/wp-content\/uploads\/2018\/05\/BerkelspaziergangBild.jpg 555w, https:\/\/deberkel.info\/wp-content\/uploads\/2018\/05\/BerkelspaziergangBild-300x213.jpg 300w, https:\/\/deberkel.info\/wp-content\/uploads\/2018\/05\/BerkelspaziergangBild-423x300.jpg 423w\" sizes=\"auto, (max-width: 555px) 100vw, 555px\" \/><\/a><\/p>\n<p>Zusammen mit dem <a href=\"http:\/\/www.ibp-ev.de\/ibp-ev\/regionale-2016\/forum-bildungsberkel\/\" target=\"_blank\" rel=\"noopener noreferrer\">Verein Interkulturelle Begegnungsprojekte (IBP)<\/a> hat Berkelspaziergang die Absicht die reichhaltige Tier- und Pflanzenwelt entlang der Berkel auf Billerbecker Stadtgebiet sowie einige historische Besonderheiten in der N\u00e4he zug\u00e4nglich zu machen und Information dar\u00fcber zu geben.<\/p>\n<p>Das Berkelquellgebiet und der Flusslauf bis zum Stadtrand von Billerbeck bilden heute einen attraktiven Erholungsbereich mit Wander- und Radwegen, Auen und Ruhezonen.<br \/>\n<a href=\"\/wp-content\/uploads\/2018\/04\/Berkel-bij-Billerbeck.jpg\"><img loading=\"lazy\" decoding=\"async\" class=\"alignnone wp-image-823 size-full\" title=\"Berkelvoorde\" src=\"\/wp-content\/uploads\/2018\/04\/Berkel-bij-Billerbeck.jpg\" alt=\"Berkelvoorde\" width=\"540\" height=\"358\" srcset=\"https:\/\/deberkel.info\/wp-content\/uploads\/2018\/04\/Berkel-bij-Billerbeck.jpg 540w, https:\/\/deberkel.info\/wp-content\/uploads\/2018\/04\/Berkel-bij-Billerbeck-300x199.jpg 300w, https:\/\/deberkel.info\/wp-content\/uploads\/2018\/04\/Berkel-bij-Billerbeck-453x300.jpg 453w\" sizes=\"auto, (max-width: 540px) 100vw, 540px\" \/><\/a><br \/>\nDer bestehende idyllische Wanderweg entlang der Aue wird seit 2007 als \u201eBerkelspaziergang\u201d vom gleichnamigen Verein nach und nach mit vielf\u00e4ltigen Informationen und Stationen aufgewertet.<\/p>\n<p>Es gibt 3 Themen:<\/p>\n<ol>\n<li>Mit Kindern unterwegs &#8211; Spielen und Staunen.<br \/>\nRund um die Quelle k\u00f6nnen die Kinder an verschiedenen Stellen Informationen entdecken \u00fcber Natur und Geschichte.<\/li>\n<li>Nah am Wasser gebaut &#8211; Leben mit der Berkel.<br \/>\nRund um den Wildgarten und der alten M\u00fchle gibt es u. a. Informationen zur Heimatgeschichte und zur Renaturierung der Berkel sowie historische Besonderheiten.<\/li>\n<li>Worte \/ Orte am Fluss<br \/>\nAb dem j\u00fcdischen Friedhof laden ausgesuchte Werke heimischer Dichter und Poesie in der Landschaft zum Verweilen ein.<\/li>\n<\/ol>\n<p>Die Spazierg\u00e4nger werden durch Informationss\u00e4ulen in zwei Sprachen gef\u00fchrt.<br \/>\nInteressante Stellen: Berkelquelle, Weiher, alte Badeanstalt, Furt, Streuobstwiesen und die alte Gerberei.<\/p>\n<p>Hierunter das Teil \u00fcber die Berkelspaziergang, inkl. Lageplan, im <a href=\"http:\/\/www.baumberge-touristik.de\/modules\/download_gallery\/dlc.php?file=48&amp;id=1406470512&amp;sid=347\" target=\"_blank\" rel=\"noopener noreferrer\">Flyer Der Natur auf der Spur<\/a> von <a href=\"http:\/\/www.baumberge-touristik.de\" target=\"_blank\" rel=\"noopener noreferrer\">Baumberge Touristik<\/a>.<\/p>\n<a href=\"\/wp-content\/uploads\/2020\/03\/BT-der_natur_auf_der_spur-_Berkelspaziergang.pdf\" class=\"pdfemb-viewer\" style=\"width: 800px; \" data-width=\"800\" data-height=\"max\" data-mobile-width=\"500\"  data-scrollbar=\"none\" data-download=\"on\" data-tracking=\"on\" data-newwindow=\"on\" data-pagetextbox=\"off\" data-scrolltotop=\"off\" data-startzoom=\"100\" data-startfpzoom=\"100\" data-toolbar=\"both\" data-toolbar-fixed=\"on\">BT-der_natur_auf_der_spur _Berkelspaziergang<br\/><\/a>\n<p>&nbsp;<\/p>\n<p>Und hierunter noch eine Pr\u00e4sentation \u00fcber das Projekt, von Martin Althoff (<a href=\"http:\/\/www.ibp-ev.de\/ibp-ev\/regionale-2016\/forum-bildungsberkel\/\" target=\"_blank\" rel=\"noopener noreferrer\">IBP<\/a>) an der&nbsp;<a href=\"http:\/\/dieberkel.eu\/2019\/12\/04\/rueckblick_termin-natur-umwelt-landschaft\/\" target=\"_blank\" rel=\"noopener noreferrer\">Austausch \u201eNatur, Umwelt und Landschaft an der Berkel\u201c<\/a>&nbsp;am 27.11.2019 in&nbsp;<a href=\"https:\/\/www.kult-westmuensterland.de\/\" target=\"_blank\" rel=\"noopener noreferrer\">Kult Westm\u00fcnsterland<\/a> in Vreden.<\/p>\n<a href=\"\/wp-content\/uploads\/2020\/03\/02_Althoff_IBP-Berkelspaziergang-2019.pdf\" class=\"pdfemb-viewer\" style=\"width: 800px; \" data-width=\"800\" data-height=\"max\" data-mobile-width=\"500\"  data-scrollbar=\"none\" data-download=\"on\" data-tracking=\"on\" data-newwindow=\"on\" data-pagetextbox=\"off\" data-scrolltotop=\"off\" data-startzoom=\"100\" data-startfpzoom=\"100\" data-toolbar=\"both\" data-toolbar-fixed=\"on\">02_Althoff_IBP-Berkelspaziergang-2019<br\/><\/a>\n","protected":false},"excerpt":{"rendered":"<p>Der Billerbecker Verein \u201eBerkelspaziergang\u201c m\u00f6chte die \u00d6ffentlichkeit auf die Berkel als Natur- und Kulturraum f\u00fcr Jung und Alt aufmerksam machen. Zusammen mit dem Verein Interkulturelle Begegnungsprojekte (IBP) hat Berkelspaziergang die Absicht die reichhaltige Tier- und Pflanzenwelt entlang der Berkel auf &hellip; <a href=\"https:\/\/deberkel.info\/de\/berkelspaziergang-billerbeck\/\">Weiterlesen <span class=\"meta-nav\">&rarr;<\/span><\/a><\/p>\n","protected":false},"author":1,"featured_media":5146,"parent":0,"menu_order":0,"comment_status":"closed","ping_status":"closed","template":"","meta":{"_exactmetrics_skip_tracking":false,"_exactmetrics_sitenote_active":false,"_exactmetrics_sitenote_note":"","_exactmetrics_sitenote_category":0,"ngg_post_thumbnail":0,"_locale":"de_DE","_original_post":"https:\/\/berkelcompagnie.com\/?page_id=12249","footnotes":"","_links_to":"","_links_to_target":""},"class_list":["post-12259","page","type-page","status-publish","has-post-thumbnail","hentry","de-DE"],"yoast_head":"<!-- This site is optimized with the Yoast SEO plugin v27.4 - https:\/\/yoast.com\/product\/yoast-seo-wordpress\/ -->\n<title>Berkelspaziergang Billerbeck - Berkel Info<\/title>\n<meta name=\"robots\" content=\"index, follow, max-snippet:-1, max-image-preview:large, max-video-preview:-1\" \/>\n<link rel=\"canonical\" href=\"https:\/\/deberkel.info\/de\/berkelspaziergang-billerbeck\/\" \/>\n<meta property=\"og:locale\" content=\"de_DE\" \/>\n<meta property=\"og:type\" content=\"article\" \/>\n<meta property=\"og:title\" content=\"Berkelspaziergang Billerbeck - Berkel Info\" \/>\n<meta property=\"og:description\" content=\"Der Billerbecker Verein \u201eBerkelspaziergang\u201c m\u00f6chte die \u00d6ffentlichkeit auf die Berkel als Natur- und Kulturraum f\u00fcr Jung und Alt aufmerksam machen. Zusammen mit dem Verein Interkulturelle Begegnungsprojekte (IBP) hat Berkelspaziergang die Absicht die reichhaltige Tier- und Pflanzenwelt entlang der Berkel auf &hellip; Weiterlesen &rarr;\" \/>\n<meta property=\"og:url\" content=\"https:\/\/deberkel.info\/de\/berkelspaziergang-billerbeck\/\" \/>\n<meta property=\"og:site_name\" content=\"Berkel Info\" \/>\n<meta property=\"og:image\" content=\"https:\/\/deberkel.info\/wp-content\/uploads\/2018\/05\/BerkelspaziergangBild.jpg\" \/>\n\t<meta property=\"og:image:width\" content=\"555\" \/>\n\t<meta property=\"og:image:height\" content=\"394\" \/>\n\t<meta property=\"og:image:type\" content=\"image\/jpeg\" \/>\n<meta name=\"twitter:card\" content=\"summary_large_image\" \/>\n<meta name=\"twitter:label1\" content=\"Gesch\u00e4tzte Lesezeit\" \/>\n\t<meta name=\"twitter:data1\" content=\"1\u00a0Minute\" \/>\n<script type=\"application\/ld+json\" class=\"yoast-schema-graph\">{\"@context\":\"https:\\\/\\\/schema.org\",\"@graph\":[{\"@type\":\"WebPage\",\"@id\":\"https:\\\/\\\/deberkel.info\\\/de\\\/berkelspaziergang-billerbeck\\\/\",\"url\":\"https:\\\/\\\/deberkel.info\\\/de\\\/berkelspaziergang-billerbeck\\\/\",\"name\":\"Berkelspaziergang Billerbeck - Berkel Info\",\"isPartOf\":{\"@id\":\"https:\\\/\\\/deberkel.info\\\/#website\"},\"primaryImageOfPage\":{\"@id\":\"https:\\\/\\\/deberkel.info\\\/de\\\/berkelspaziergang-billerbeck\\\/#primaryimage\"},\"image\":{\"@id\":\"https:\\\/\\\/deberkel.info\\\/de\\\/berkelspaziergang-billerbeck\\\/#primaryimage\"},\"thumbnailUrl\":\"https:\\\/\\\/deberkel.info\\\/wp-content\\\/uploads\\\/2018\\\/05\\\/BerkelspaziergangBild.jpg\",\"datePublished\":\"2020-03-31T12:42:45+00:00\",\"breadcrumb\":{\"@id\":\"https:\\\/\\\/deberkel.info\\\/de\\\/berkelspaziergang-billerbeck\\\/#breadcrumb\"},\"inLanguage\":\"de\",\"potentialAction\":[{\"@type\":\"ReadAction\",\"target\":[\"https:\\\/\\\/deberkel.info\\\/de\\\/berkelspaziergang-billerbeck\\\/\"]}]},{\"@type\":\"ImageObject\",\"inLanguage\":\"de\",\"@id\":\"https:\\\/\\\/deberkel.info\\\/de\\\/berkelspaziergang-billerbeck\\\/#primaryimage\",\"url\":\"https:\\\/\\\/deberkel.info\\\/wp-content\\\/uploads\\\/2018\\\/05\\\/BerkelspaziergangBild.jpg\",\"contentUrl\":\"https:\\\/\\\/deberkel.info\\\/wp-content\\\/uploads\\\/2018\\\/05\\\/BerkelspaziergangBild.jpg\",\"width\":555,\"height\":394},{\"@type\":\"BreadcrumbList\",\"@id\":\"https:\\\/\\\/deberkel.info\\\/de\\\/berkelspaziergang-billerbeck\\\/#breadcrumb\",\"itemListElement\":[{\"@type\":\"ListItem\",\"position\":1,\"name\":\"Home\",\"item\":\"https:\\\/\\\/deberkel.info\\\/de\\\/\"},{\"@type\":\"ListItem\",\"position\":2,\"name\":\"Berkelspaziergang Billerbeck\"}]},{\"@type\":\"WebSite\",\"@id\":\"https:\\\/\\\/deberkel.info\\\/#website\",\"url\":\"https:\\\/\\\/deberkel.info\\\/\",\"name\":\"Berkel Info\",\"description\":\"Alles over de Berkel en het Berkeldal, van Billerbeck tot Zutphen\",\"potentialAction\":[{\"@type\":\"SearchAction\",\"target\":{\"@type\":\"EntryPoint\",\"urlTemplate\":\"https:\\\/\\\/deberkel.info\\\/?s={search_term_string}\"},\"query-input\":{\"@type\":\"PropertyValueSpecification\",\"valueRequired\":true,\"valueName\":\"search_term_string\"}}],\"inLanguage\":\"de\"}]}<\/script>\n<!-- \/ Yoast SEO plugin. -->","yoast_head_json":{"title":"Berkelspaziergang Billerbeck - Berkel Info","robots":{"index":"index","follow":"follow","max-snippet":"max-snippet:-1","max-image-preview":"max-image-preview:large","max-video-preview":"max-video-preview:-1"},"canonical":"https:\/\/deberkel.info\/de\/berkelspaziergang-billerbeck\/","og_locale":"de_DE","og_type":"article","og_title":"Berkelspaziergang Billerbeck - Berkel Info","og_description":"Der Billerbecker Verein \u201eBerkelspaziergang\u201c m\u00f6chte die \u00d6ffentlichkeit auf die Berkel als Natur- und Kulturraum f\u00fcr Jung und Alt aufmerksam machen. Zusammen mit dem Verein Interkulturelle Begegnungsprojekte (IBP) hat Berkelspaziergang die Absicht die reichhaltige Tier- und Pflanzenwelt entlang der Berkel auf &hellip; Weiterlesen &rarr;","og_url":"https:\/\/deberkel.info\/de\/berkelspaziergang-billerbeck\/","og_site_name":"Berkel Info","og_image":[{"width":555,"height":394,"url":"https:\/\/deberkel.info\/wp-content\/uploads\/2018\/05\/BerkelspaziergangBild.jpg","type":"image\/jpeg"}],"twitter_card":"summary_large_image","twitter_misc":{"Gesch\u00e4tzte Lesezeit":"1\u00a0Minute"},"schema":{"@context":"https:\/\/schema.org","@graph":[{"@type":"WebPage","@id":"https:\/\/deberkel.info\/de\/berkelspaziergang-billerbeck\/","url":"https:\/\/deberkel.info\/de\/berkelspaziergang-billerbeck\/","name":"Berkelspaziergang Billerbeck - Berkel Info","isPartOf":{"@id":"https:\/\/deberkel.info\/#website"},"primaryImageOfPage":{"@id":"https:\/\/deberkel.info\/de\/berkelspaziergang-billerbeck\/#primaryimage"},"image":{"@id":"https:\/\/deberkel.info\/de\/berkelspaziergang-billerbeck\/#primaryimage"},"thumbnailUrl":"https:\/\/deberkel.info\/wp-content\/uploads\/2018\/05\/BerkelspaziergangBild.jpg","datePublished":"2020-03-31T12:42:45+00:00","breadcrumb":{"@id":"https:\/\/deberkel.info\/de\/berkelspaziergang-billerbeck\/#breadcrumb"},"inLanguage":"de","potentialAction":[{"@type":"ReadAction","target":["https:\/\/deberkel.info\/de\/berkelspaziergang-billerbeck\/"]}]},{"@type":"ImageObject","inLanguage":"de","@id":"https:\/\/deberkel.info\/de\/berkelspaziergang-billerbeck\/#primaryimage","url":"https:\/\/deberkel.info\/wp-content\/uploads\/2018\/05\/BerkelspaziergangBild.jpg","contentUrl":"https:\/\/deberkel.info\/wp-content\/uploads\/2018\/05\/BerkelspaziergangBild.jpg","width":555,"height":394},{"@type":"BreadcrumbList","@id":"https:\/\/deberkel.info\/de\/berkelspaziergang-billerbeck\/#breadcrumb","itemListElement":[{"@type":"ListItem","position":1,"name":"Home","item":"https:\/\/deberkel.info\/de\/"},{"@type":"ListItem","position":2,"name":"Berkelspaziergang Billerbeck"}]},{"@type":"WebSite","@id":"https:\/\/deberkel.info\/#website","url":"https:\/\/deberkel.info\/","name":"Berkel Info","description":"Alles over de Berkel en het Berkeldal, van Billerbeck tot Zutphen","potentialAction":[{"@type":"SearchAction","target":{"@type":"EntryPoint","urlTemplate":"https:\/\/deberkel.info\/?s={search_term_string}"},"query-input":{"@type":"PropertyValueSpecification","valueRequired":true,"valueName":"search_term_string"}}],"inLanguage":"de"}]}},"rttpg_featured_image_url":{"full":["https:\/\/deberkel.info\/wp-content\/uploads\/2018\/05\/BerkelspaziergangBild.jpg",555,394,false],"landscape":["https:\/\/deberkel.info\/wp-content\/uploads\/2018\/05\/BerkelspaziergangBild.jpg",555,394,false],"portraits":["https:\/\/deberkel.info\/wp-content\/uploads\/2018\/05\/BerkelspaziergangBild.jpg",555,394,false],"thumbnail":["https:\/\/deberkel.info\/wp-content\/uploads\/2018\/05\/BerkelspaziergangBild-150x150.jpg",150,150,true],"medium":["https:\/\/deberkel.info\/wp-content\/uploads\/2018\/05\/BerkelspaziergangBild-300x213.jpg",300,213,true],"large":["https:\/\/deberkel.info\/wp-content\/uploads\/2018\/05\/BerkelspaziergangBild.jpg",555,394,false],"1536x1536":["https:\/\/deberkel.info\/wp-content\/uploads\/2018\/05\/BerkelspaziergangBild.jpg",555,394,false],"2048x2048":["https:\/\/deberkel.info\/wp-content\/uploads\/2018\/05\/BerkelspaziergangBild.jpg",555,394,false],"post-thumbnail":["https:\/\/deberkel.info\/wp-content\/uploads\/2018\/05\/BerkelspaziergangBild-555x288.jpg",555,288,true],"large-feature":["https:\/\/deberkel.info\/wp-content\/uploads\/2018\/05\/BerkelspaziergangBild-555x288.jpg",555,288,true],"small-feature":["https:\/\/deberkel.info\/wp-content\/uploads\/2018\/05\/BerkelspaziergangBild-423x300.jpg",423,300,true]},"rttpg_author":{"display_name":"berkelcompagnie","author_link":"https:\/\/deberkel.info\/author\/berkelcompagnie\/"},"rttpg_comment":0,"rttpg_category":null,"rttpg_excerpt":"Der Billerbecker Verein \u201eBerkelspaziergang\u201c m\u00f6chte die \u00d6ffentlichkeit auf die Berkel als Natur- und Kulturraum f\u00fcr Jung und Alt aufmerksam machen. Zusammen mit dem Verein Interkulturelle Begegnungsprojekte (IBP) hat Berkelspaziergang die Absicht die reichhaltige Tier- und Pflanzenwelt entlang der Berkel auf &hellip; Weiterlesen &rarr;","_links":{"self":[{"href":"https:\/\/deberkel.info\/wp-json\/wp\/v2\/pages\/12259","targetHints":{"allow":["GET"]}}],"collection":[{"href":"https:\/\/deberkel.info\/wp-json\/wp\/v2\/pages"}],"about":[{"href":"https:\/\/deberkel.info\/wp-json\/wp\/v2\/types\/page"}],"author":[{"embeddable":true,"href":"https:\/\/deberkel.info\/wp-json\/wp\/v2\/users\/1"}],"replies":[{"embeddable":true,"href":"https:\/\/deberkel.info\/wp-json\/wp\/v2\/comments?post=12259"}],"version-history":[{"count":5,"href":"https:\/\/deberkel.info\/wp-json\/wp\/v2\/pages\/12259\/revisions"}],"predecessor-version":[{"id":12265,"href":"https:\/\/deberkel.info\/wp-json\/wp\/v2\/pages\/12259\/revisions\/12265"}],"wp:featuredmedia":[{"embeddable":true,"href":"https:\/\/deberkel.info\/wp-json\/wp\/v2\/media\/5146"}],"wp:attachment":[{"href":"https:\/\/deberkel.info\/wp-json\/wp\/v2\/media?parent=12259"}],"curies":[{"name":"wp","href":"https:\/\/api.w.org\/{rel}","templated":true}]}}