{"id":13390,"date":"2020-08-20T20:58:49","date_gmt":"2020-08-20T20:58:49","guid":{"rendered":"http:\/\/deberkel.info\/?page_id=13390"},"modified":"2026-01-20T12:08:46","modified_gmt":"2026-01-20T11:08:46","slug":"berkel-in-der-stadt-zutphen","status":"publish","type":"page","link":"https:\/\/deberkel.info\/de\/berkel-in-der-stadt-zutphen\/","title":{"rendered":"Berkel in der Stadt (Zutphen)"},"content":{"rendered":"<div style=\"width: 600px;\">\n<p>In Zutphen kamen aktive Bewohner mit Pl\u00e4nen um die Berkel wieder erlebbar zu machen f\u00fcr die B\u00fcrger.<\/p>\n<p>Hierunter wird die Entwicklung&nbsp; gezeigt, inkl. Neustart:<\/p>\n\n<!-- NOTE: If you need to make changes to this file, copy it to your current theme's main\n\tdirectory so your changes won't be overwritten when the plugin is upgraded. -->\n\n<!-- Post Wrap Start-->\n<div class=\"post hentry ivycat-post\">\n\n\n\t<!-- \tThis outputs the post TITLE -->\n\t<h2 class=\"entry-title\"><a href=\"https:\/\/deberkel.info\/de\/neustart-projekts-attraktive-berkel-innenstadt-in-zutphen\/\">Neustart des Projekts \u201eAttraktive Berkel Innenstadt&#8220; in Zutphen<\/a><\/h2>\n\n\t<!-- \tThis outputs the post EXCERPT.  To display full content including images and html,\n\t\treplace the_excerpt(); with the_content();  below. -->\n\t\t\n\t<div class=\"entry-summary\">\n\t<!-- was: featured-image -->\n\t\t<div class=\"img-responsive\"> \n<!--\t\t<div class=\"rt-image-holder img-responsive\">  -->\n\t\t\t<a href=\"https:\/\/deberkel.info\/de\/neustart-projekts-attraktive-berkel-innenstadt-in-zutphen\/\">\n<!--\t\t\t\t<img loading=\"lazy\" decoding=\"async\" width=\"180\" height=\"101\" src=\"https:\/\/deberkel.info\/wp-content\/uploads\/2026\/01\/BerkelInDeStadZutphen-1000x563-1.jpg\" class=\"alignleft wp-post-image\" alt=\"\" srcset=\"https:\/\/deberkel.info\/wp-content\/uploads\/2026\/01\/BerkelInDeStadZutphen-1000x563-1.jpg 1000w, https:\/\/deberkel.info\/wp-content\/uploads\/2026\/01\/BerkelInDeStadZutphen-1000x563-1-300x169.jpg 300w, https:\/\/deberkel.info\/wp-content\/uploads\/2026\/01\/BerkelInDeStadZutphen-1000x563-1-768x432.jpg 768w, https:\/\/deberkel.info\/wp-content\/uploads\/2026\/01\/BerkelInDeStadZutphen-1000x563-1-500x282.jpg 500w\" sizes=\"auto, (max-width: 180px) 100vw, 180px\" \/> -->\n\t\t\t\t<img loading=\"lazy\" decoding=\"async\" width=\"600\" height=\"338\" src=\"https:\/\/deberkel.info\/wp-content\/uploads\/2026\/01\/BerkelInDeStadZutphen-1000x563-1.jpg\" class=\"attachment-600x9999 size-600x9999 wp-post-image\" alt=\"\" srcset=\"https:\/\/deberkel.info\/wp-content\/uploads\/2026\/01\/BerkelInDeStadZutphen-1000x563-1.jpg 1000w, https:\/\/deberkel.info\/wp-content\/uploads\/2026\/01\/BerkelInDeStadZutphen-1000x563-1-300x169.jpg 300w, https:\/\/deberkel.info\/wp-content\/uploads\/2026\/01\/BerkelInDeStadZutphen-1000x563-1-768x432.jpg 768w, https:\/\/deberkel.info\/wp-content\/uploads\/2026\/01\/BerkelInDeStadZutphen-1000x563-1-500x282.jpg 500w\" sizes=\"auto, (max-width: 600px) 100vw, 600px\" \/>\t\t\t\t<\/a>\n\t\t<\/div>\n\t\t<p>Der Wasserverband und die Gemeinde  Zutphen nehmen das von aktiven Einwohnern von Zutphen entwickelte Projekt \u201eBerkel in der Stadt\u201d wieder auf, nachdem es leider ins Stocken geraten war <a href=\"https:\/\/deberkel.info\/de\/neustart-projekts-attraktive-berkel-innenstadt-in-zutphen\/\">Weiterlesen <span class=\"meta-nav\">&rarr;<\/span><\/a><\/p>\n\t<\/div>\n\n\n\t<!--\tThis outputs the post META information -->\n\t<div class=\"entry-utility\">\n<!--\t\n\t\t\t\t\t<span class=\"cat-links\">\n\t\t\t\t<span class=\"entry-utility-prep entry-utility-prep-cat-links\">Posted in<\/span> <a href=\"https:\/\/deberkel.info\/de\/berichtenlijsten\/berkelindestadzutphen\/\" rel=\"category tag\">Berkel in de Stad (Zutphen)<\/a>, <a href=\"https:\/\/deberkel.info\/de\/nieuws\/\" rel=\"category tag\">Titelseite Nachrichten<\/a>\t\t\t<\/span>\n\t\t\t<span class=\"meta-sep\">|<\/span>\n\t\t\t\t\t\t<span class=\"comments-link\">\n\t\t\t<span>Kommentare deaktiviert<span class=\"screen-reader-text\"> f\u00fcr Neustart des Projekts \u201eAttraktive Berkel Innenstadt&#8220; in Zutphen<\/span><\/span>\t\t<\/span>\n\t\t\t<\/div>\n-->\n<\/div>\n<!-- \/\/ Post Wrap End -->\n\n<!-- NOTE: If you need to make changes to this file, copy it to your current theme's main\n\tdirectory so your changes won't be overwritten when the plugin is upgraded. -->\n\n<!-- Post Wrap Start-->\n<div class=\"post hentry ivycat-post\">\n\n\n\t<!-- \tThis outputs the post TITLE -->\n\t<h2 class=\"entry-title\"><a href=\"https:\/\/deberkel.info\/de\/vision-berkel-in-de-stad-zutphen\/\">Vision &#8218;Berkel in de Stad&#8216; (Zutphen)<\/a><\/h2>\n\n\t<!-- \tThis outputs the post EXCERPT.  To display full content including images and html,\n\t\treplace the_excerpt(); with the_content();  below. -->\n\t\t\n\t<div class=\"entry-summary\">\n\t<!-- was: featured-image -->\n\t\t<div class=\"img-responsive\"> \n<!--\t\t<div class=\"rt-image-holder img-responsive\">  -->\n\t\t\t<a href=\"https:\/\/deberkel.info\/de\/vision-berkel-in-de-stad-zutphen\/\">\n<!--\t\t\t\t<img loading=\"lazy\" decoding=\"async\" width=\"180\" height=\"101\" src=\"https:\/\/deberkel.info\/wp-content\/uploads\/2022\/05\/20220509-BerkelInDeStadZutphen-600x337-1.jpg\" class=\"alignleft wp-post-image\" alt=\"\" srcset=\"https:\/\/deberkel.info\/wp-content\/uploads\/2022\/05\/20220509-BerkelInDeStadZutphen-600x337-1.jpg 600w, https:\/\/deberkel.info\/wp-content\/uploads\/2022\/05\/20220509-BerkelInDeStadZutphen-600x337-1-300x169.jpg 300w, https:\/\/deberkel.info\/wp-content\/uploads\/2022\/05\/20220509-BerkelInDeStadZutphen-600x337-1-500x281.jpg 500w\" sizes=\"auto, (max-width: 180px) 100vw, 180px\" \/> -->\n\t\t\t\t<img loading=\"lazy\" decoding=\"async\" width=\"600\" height=\"337\" src=\"https:\/\/deberkel.info\/wp-content\/uploads\/2022\/05\/20220509-BerkelInDeStadZutphen-600x337-1.jpg\" class=\"attachment-600x9999 size-600x9999 wp-post-image\" alt=\"\" srcset=\"https:\/\/deberkel.info\/wp-content\/uploads\/2022\/05\/20220509-BerkelInDeStadZutphen-600x337-1.jpg 600w, https:\/\/deberkel.info\/wp-content\/uploads\/2022\/05\/20220509-BerkelInDeStadZutphen-600x337-1-300x169.jpg 300w, https:\/\/deberkel.info\/wp-content\/uploads\/2022\/05\/20220509-BerkelInDeStadZutphen-600x337-1-500x281.jpg 500w\" sizes=\"auto, (max-width: 600px) 100vw, 600px\" \/>\t\t\t\t<\/a>\n\t\t<\/div>\n\t\t<p>Pr\u00e4sentation Burgerinitiative &#8218;Berkel in de stad&#8216; in Zutphen (Bericht Omroep Gelderland, Contact Zutphen-Warnsveld) <a href=\"https:\/\/deberkel.info\/de\/vision-berkel-in-de-stad-zutphen\/\">Weiterlesen <span class=\"meta-nav\">&rarr;<\/span><\/a><\/p>\n\t<\/div>\n\n\n\t<!--\tThis outputs the post META information -->\n\t<div class=\"entry-utility\">\n<!--\t\n\t\t\t\t\t<span class=\"cat-links\">\n\t\t\t\t<span class=\"entry-utility-prep entry-utility-prep-cat-links\">Posted in<\/span> <a href=\"https:\/\/deberkel.info\/de\/berichtenlijsten\/berkelindestadzutphen\/\" rel=\"category tag\">Berkel in de Stad (Zutphen)<\/a>, <a href=\"https:\/\/deberkel.info\/de\/nieuws\/\" rel=\"category tag\">Titelseite Nachrichten<\/a>\t\t\t<\/span>\n\t\t\t<span class=\"meta-sep\">|<\/span>\n\t\t\t\t\t\t<span class=\"comments-link\">\n\t\t\t<span>Kommentare deaktiviert<span class=\"screen-reader-text\"> f\u00fcr Vision &#8218;Berkel in de Stad&#8216; (Zutphen)<\/span><\/span>\t\t<\/span>\n\t\t\t<\/div>\n-->\n<\/div>\n<!-- \/\/ Post Wrap End -->\n\n<!-- NOTE: If you need to make changes to this file, copy it to your current theme's main\n\tdirectory so your changes won't be overwritten when the plugin is upgraded. -->\n\n<!-- Post Wrap Start-->\n<div class=\"post hentry ivycat-post\">\n\n\n\t<!-- \tThis outputs the post TITLE -->\n\t<h2 class=\"entry-title\"><a href=\"https:\/\/deberkel.info\/de\/stentor-in-zutphen-soll-die-berkel-wieder-sinnvoll-werden-fuer-bewohner\/\">Stentor: in Zutphen soll die Berkel wieder sinnvoll werden f\u00fcr Bewohner<\/a><\/h2>\n\n\t<!-- \tThis outputs the post EXCERPT.  To display full content including images and html,\n\t\treplace the_excerpt(); with the_content();  below. -->\n\t\t\n\t<div class=\"entry-summary\">\n\t<!-- was: featured-image -->\n\t\t<div class=\"img-responsive\"> \n<!--\t\t<div class=\"rt-image-holder img-responsive\">  -->\n\t\t\t<a href=\"https:\/\/deberkel.info\/de\/stentor-in-zutphen-soll-die-berkel-wieder-sinnvoll-werden-fuer-bewohner\/\">\n<!--\t\t\t\t<img loading=\"lazy\" decoding=\"async\" width=\"180\" height=\"93\" src=\"https:\/\/deberkel.info\/wp-content\/uploads\/2020\/08\/20200815-StentorBerkelZutphenFoto-600x310-1.jpg\" class=\"alignleft wp-post-image\" alt=\"\" srcset=\"https:\/\/deberkel.info\/wp-content\/uploads\/2020\/08\/20200815-StentorBerkelZutphenFoto-600x310-1.jpg 600w, https:\/\/deberkel.info\/wp-content\/uploads\/2020\/08\/20200815-StentorBerkelZutphenFoto-600x310-1-300x155.jpg 300w, https:\/\/deberkel.info\/wp-content\/uploads\/2020\/08\/20200815-StentorBerkelZutphenFoto-600x310-1-500x258.jpg 500w\" sizes=\"auto, (max-width: 180px) 100vw, 180px\" \/> -->\n\t\t\t\t<img loading=\"lazy\" decoding=\"async\" width=\"600\" height=\"310\" src=\"https:\/\/deberkel.info\/wp-content\/uploads\/2020\/08\/20200815-StentorBerkelZutphenFoto-600x310-1.jpg\" class=\"attachment-600x9999 size-600x9999 wp-post-image\" alt=\"\" srcset=\"https:\/\/deberkel.info\/wp-content\/uploads\/2020\/08\/20200815-StentorBerkelZutphenFoto-600x310-1.jpg 600w, https:\/\/deberkel.info\/wp-content\/uploads\/2020\/08\/20200815-StentorBerkelZutphenFoto-600x310-1-300x155.jpg 300w, https:\/\/deberkel.info\/wp-content\/uploads\/2020\/08\/20200815-StentorBerkelZutphenFoto-600x310-1-500x258.jpg 500w\" sizes=\"auto, (max-width: 600px) 100vw, 600px\" \/>\t\t\t\t<\/a>\n\t\t<\/div>\n\t\t<p>In &#8218;De Stentor&#8216; am 15. August 2020 ein Bericht wo gemeldet wird das Bewohner aus Zutphen Pl\u00e4ne haben f\u00fcr die Berkel in der Stadt <a href=\"https:\/\/deberkel.info\/de\/stentor-in-zutphen-soll-die-berkel-wieder-sinnvoll-werden-fuer-bewohner\/\">Weiterlesen <span class=\"meta-nav\">&rarr;<\/span><\/a><\/p>\n\t<\/div>\n\n\n\t<!--\tThis outputs the post META information -->\n\t<div class=\"entry-utility\">\n<!--\t\n\t\t\t\t\t<span class=\"cat-links\">\n\t\t\t\t<span class=\"entry-utility-prep entry-utility-prep-cat-links\">Posted in<\/span> <a href=\"https:\/\/deberkel.info\/de\/berichtenlijsten\/berkelindestadzutphen\/\" rel=\"category tag\">Berkel in de Stad (Zutphen)<\/a>, <a href=\"https:\/\/deberkel.info\/de\/persberichtenuit2020\/\" rel=\"category tag\">Persberichten uit 2020<\/a>\t\t\t<\/span>\n\t\t\t<span class=\"meta-sep\">|<\/span>\n\t\t\t\t\t\t<span class=\"comments-link\">\n\t\t\t<span>Kommentare deaktiviert<span class=\"screen-reader-text\"> f\u00fcr Stentor: in Zutphen soll die Berkel wieder sinnvoll werden f\u00fcr Bewohner<\/span><\/span>\t\t<\/span>\n\t\t\t<\/div>\n-->\n<\/div>\n<!-- \/\/ Post Wrap End -->\n\n<!-- NOTE: If you need to make changes to this file, copy it to your current theme's main\n\tdirectory so your changes won't be overwritten when the plugin is upgraded. -->\n\n<!-- Post Wrap Start-->\n<div class=\"post hentry ivycat-post\">\n\n\n\t<!-- \tThis outputs the post TITLE -->\n\t<h2 class=\"entry-title\"><a href=\"https:\/\/deberkel.info\/de\/contact-zutphen-warnsveld-beteiligte-buerger-wollen-erlebbare-berkel\/\">Contact Zutphen Warnsveld: Beteiligte B\u00fcrger wollen erlebbare Berkel<\/a><\/h2>\n\n\t<!-- \tThis outputs the post EXCERPT.  To display full content including images and html,\n\t\treplace the_excerpt(); with the_content();  below. -->\n\t\t\n\t<div class=\"entry-summary\">\n\t<!-- was: featured-image -->\n\t\t<div class=\"img-responsive\"> \n<!--\t\t<div class=\"rt-image-holder img-responsive\">  -->\n\t\t\t<a href=\"https:\/\/deberkel.info\/de\/contact-zutphen-warnsveld-beteiligte-buerger-wollen-erlebbare-berkel\/\">\n<!--\t\t\t\t<img loading=\"lazy\" decoding=\"async\" width=\"180\" height=\"137\" src=\"https:\/\/deberkel.info\/wp-content\/uploads\/2020\/08\/20200815-AchterhoekNieuwsBerkelZutphenDeKop-1000x763-1.jpg\" class=\"alignleft wp-post-image\" alt=\"\" srcset=\"https:\/\/deberkel.info\/wp-content\/uploads\/2020\/08\/20200815-AchterhoekNieuwsBerkelZutphenDeKop-1000x763-1.jpg 1000w, https:\/\/deberkel.info\/wp-content\/uploads\/2020\/08\/20200815-AchterhoekNieuwsBerkelZutphenDeKop-1000x763-1-300x229.jpg 300w, https:\/\/deberkel.info\/wp-content\/uploads\/2020\/08\/20200815-AchterhoekNieuwsBerkelZutphenDeKop-1000x763-1-768x586.jpg 768w, https:\/\/deberkel.info\/wp-content\/uploads\/2020\/08\/20200815-AchterhoekNieuwsBerkelZutphenDeKop-1000x763-1-393x300.jpg 393w\" sizes=\"auto, (max-width: 180px) 100vw, 180px\" \/> -->\n\t\t\t\t<img loading=\"lazy\" decoding=\"async\" width=\"600\" height=\"458\" src=\"https:\/\/deberkel.info\/wp-content\/uploads\/2020\/08\/20200815-AchterhoekNieuwsBerkelZutphenDeKop-1000x763-1.jpg\" class=\"attachment-600x9999 size-600x9999 wp-post-image\" alt=\"\" srcset=\"https:\/\/deberkel.info\/wp-content\/uploads\/2020\/08\/20200815-AchterhoekNieuwsBerkelZutphenDeKop-1000x763-1.jpg 1000w, https:\/\/deberkel.info\/wp-content\/uploads\/2020\/08\/20200815-AchterhoekNieuwsBerkelZutphenDeKop-1000x763-1-300x229.jpg 300w, https:\/\/deberkel.info\/wp-content\/uploads\/2020\/08\/20200815-AchterhoekNieuwsBerkelZutphenDeKop-1000x763-1-768x586.jpg 768w, https:\/\/deberkel.info\/wp-content\/uploads\/2020\/08\/20200815-AchterhoekNieuwsBerkelZutphenDeKop-1000x763-1-393x300.jpg 393w\" sizes=\"auto, (max-width: 600px) 100vw, 600px\" \/>\t\t\t\t<\/a>\n\t\t<\/div>\n\t\t<p>In &#8218;Contact Zutphen Warnsveld&#8216; am 15. august ein Bericht \u00fcber die B\u00fcrger Initiative f\u00fcr Verbesserung der Berkel Erlebung in Zutphen <a href=\"https:\/\/deberkel.info\/de\/contact-zutphen-warnsveld-beteiligte-buerger-wollen-erlebbare-berkel\/\">Weiterlesen <span class=\"meta-nav\">&rarr;<\/span><\/a><\/p>\n\t<\/div>\n\n\n\t<!--\tThis outputs the post META information -->\n\t<div class=\"entry-utility\">\n<!--\t\n\t\t\t\t\t<span class=\"cat-links\">\n\t\t\t\t<span class=\"entry-utility-prep entry-utility-prep-cat-links\">Posted in<\/span> <a href=\"https:\/\/deberkel.info\/de\/berichtenlijsten\/berkelindestadzutphen\/\" rel=\"category tag\">Berkel in de Stad (Zutphen)<\/a>, <a href=\"https:\/\/deberkel.info\/de\/persberichtenuit2020\/\" rel=\"category tag\">Persberichten uit 2020<\/a>\t\t\t<\/span>\n\t\t\t<span class=\"meta-sep\">|<\/span>\n\t\t\t\t\t\t<span class=\"comments-link\">\n\t\t\t<span>Kommentare deaktiviert<span class=\"screen-reader-text\"> f\u00fcr Contact Zutphen Warnsveld: Beteiligte B\u00fcrger wollen erlebbare Berkel<\/span><\/span>\t\t<\/span>\n\t\t\t<\/div>\n-->\n<\/div>\n<!-- \/\/ Post Wrap End -->\n\n<!-- NOTE: If you need to make changes to this file, copy it to your current theme's main\n\tdirectory so your changes won't be overwritten when the plugin is upgraded. -->\n\n<!-- Post Wrap Start-->\n<div class=\"post hentry ivycat-post\">\n\n\n\t<!-- \tThis outputs the post TITLE -->\n\t<h2 class=\"entry-title\"><a href=\"https:\/\/deberkel.info\/de\/stentor-berkel-in-de-stad-zutphen\/\">Stentor: Berkel in de Stad (Zutphen)<\/a><\/h2>\n\n\t<!-- \tThis outputs the post EXCERPT.  To display full content including images and html,\n\t\treplace the_excerpt(); with the_content();  below. -->\n\t\t\n\t<div class=\"entry-summary\">\n\t<!-- was: featured-image -->\n\t\t<div class=\"img-responsive\"> \n<!--\t\t<div class=\"rt-image-holder img-responsive\">  -->\n\t\t\t<a href=\"https:\/\/deberkel.info\/de\/stentor-berkel-in-de-stad-zutphen\/\">\n<!--\t\t\t\t<img loading=\"lazy\" decoding=\"async\" width=\"180\" height=\"77\" src=\"https:\/\/deberkel.info\/wp-content\/uploads\/2020\/08\/BerkelInDeStadZutphenStentor20180824-Foto-1000x430-1.jpg\" class=\"alignleft wp-post-image\" alt=\"\" srcset=\"https:\/\/deberkel.info\/wp-content\/uploads\/2020\/08\/BerkelInDeStadZutphenStentor20180824-Foto-1000x430-1.jpg 1000w, https:\/\/deberkel.info\/wp-content\/uploads\/2020\/08\/BerkelInDeStadZutphenStentor20180824-Foto-1000x430-1-300x129.jpg 300w, https:\/\/deberkel.info\/wp-content\/uploads\/2020\/08\/BerkelInDeStadZutphenStentor20180824-Foto-1000x430-1-768x330.jpg 768w, https:\/\/deberkel.info\/wp-content\/uploads\/2020\/08\/BerkelInDeStadZutphenStentor20180824-Foto-1000x430-1-500x215.jpg 500w\" sizes=\"auto, (max-width: 180px) 100vw, 180px\" \/> -->\n\t\t\t\t<img loading=\"lazy\" decoding=\"async\" width=\"600\" height=\"258\" src=\"https:\/\/deberkel.info\/wp-content\/uploads\/2020\/08\/BerkelInDeStadZutphenStentor20180824-Foto-1000x430-1.jpg\" class=\"attachment-600x9999 size-600x9999 wp-post-image\" alt=\"\" srcset=\"https:\/\/deberkel.info\/wp-content\/uploads\/2020\/08\/BerkelInDeStadZutphenStentor20180824-Foto-1000x430-1.jpg 1000w, https:\/\/deberkel.info\/wp-content\/uploads\/2020\/08\/BerkelInDeStadZutphenStentor20180824-Foto-1000x430-1-300x129.jpg 300w, https:\/\/deberkel.info\/wp-content\/uploads\/2020\/08\/BerkelInDeStadZutphenStentor20180824-Foto-1000x430-1-768x330.jpg 768w, https:\/\/deberkel.info\/wp-content\/uploads\/2020\/08\/BerkelInDeStadZutphenStentor20180824-Foto-1000x430-1-500x215.jpg 500w\" sizes=\"auto, (max-width: 600px) 100vw, 600px\" \/>\t\t\t\t<\/a>\n\t\t<\/div>\n\t\t<p>&#8218;De Stentor&#8216; berichtet am 23. August 2018 das in Zutphen eine B\u00fcrgerintiative gestartet ist f\u00fcr die Verbesserung der Berkel Erfahrung in der Innenstadt <a href=\"https:\/\/deberkel.info\/de\/stentor-berkel-in-de-stad-zutphen\/\">Weiterlesen <span class=\"meta-nav\">&rarr;<\/span><\/a><\/p>\n\t<\/div>\n\n\n\t<!--\tThis outputs the post META information -->\n\t<div class=\"entry-utility\">\n<!--\t\n\t\t\t\t\t<span class=\"cat-links\">\n\t\t\t\t<span class=\"entry-utility-prep entry-utility-prep-cat-links\">Posted in<\/span> <a href=\"https:\/\/deberkel.info\/de\/berichtenlijsten\/berkelindestadzutphen\/\" rel=\"category tag\">Berkel in de Stad (Zutphen)<\/a>\t\t\t<\/span>\n\t\t\t<span class=\"meta-sep\">|<\/span>\n\t\t\t\t\t\t<span class=\"comments-link\">\n\t\t\t<span>Kommentare deaktiviert<span class=\"screen-reader-text\"> f\u00fcr Stentor: Berkel in de Stad (Zutphen)<\/span><\/span>\t\t<\/span>\n\t\t\t<\/div>\n-->\n<\/div>\n<!-- \/\/ Post Wrap End -->\n\n<\/div>\n","protected":false},"excerpt":{"rendered":"<p>In Zutphen kamen aktive Bewohner mit Pl\u00e4nen um die Berkel wieder erlebbar zu machen f\u00fcr die B\u00fcrger. Hierunter wird die Entwicklung&nbsp; gezeigt, inkl. Neustart: <a href=\"https:\/\/deberkel.info\/de\/stentor-berkel-in-de-stad-zutphen\/\">Weiterlesen <span class=\"meta-nav\">&rarr;<\/span><\/a><\/p>\n","protected":false},"author":1,"featured_media":0,"parent":0,"menu_order":0,"comment_status":"closed","ping_status":"closed","template":"","meta":{"_exactmetrics_skip_tracking":false,"_exactmetrics_sitenote_active":false,"_exactmetrics_sitenote_note":"","_exactmetrics_sitenote_category":0,"ngg_post_thumbnail":0,"_locale":"de_DE","_original_post":"https:\/\/berkelcompagnie.com\/?page_id=13386","footnotes":"","_links_to":"","_links_to_target":""},"class_list":["post-13390","page","type-page","status-publish","hentry","de-DE"],"yoast_head":"<!-- This site is optimized with the Yoast SEO plugin v27.4 - https:\/\/yoast.com\/product\/yoast-seo-wordpress\/ -->\n<title>Berkel in der Stadt (Zutphen) - Berkel Info<\/title>\n<meta name=\"robots\" content=\"index, follow, max-snippet:-1, max-image-preview:large, max-video-preview:-1\" \/>\n<link rel=\"canonical\" href=\"https:\/\/deberkel.info\/de\/berkel-in-der-stadt-zutphen\/\" \/>\n<meta property=\"og:locale\" content=\"de_DE\" \/>\n<meta property=\"og:type\" content=\"article\" \/>\n<meta property=\"og:title\" content=\"Berkel in der Stadt (Zutphen) - Berkel Info\" \/>\n<meta property=\"og:description\" content=\"In Zutphen kamen aktive Bewohner mit Pl\u00e4nen um die Berkel wieder erlebbar zu machen f\u00fcr die B\u00fcrger. Hierunter wird die Entwicklung&nbsp; gezeigt, inkl. Neustart: Weiterlesen &rarr;\" \/>\n<meta property=\"og:url\" content=\"https:\/\/deberkel.info\/de\/berkel-in-der-stadt-zutphen\/\" \/>\n<meta property=\"og:site_name\" content=\"Berkel Info\" \/>\n<meta property=\"article:modified_time\" content=\"2026-01-20T11:08:46+00:00\" \/>\n<meta name=\"twitter:card\" content=\"summary_large_image\" \/>\n<meta name=\"twitter:label1\" content=\"Gesch\u00e4tzte Lesezeit\" \/>\n\t<meta name=\"twitter:data1\" content=\"1\u00a0Minute\" \/>\n<script type=\"application\/ld+json\" class=\"yoast-schema-graph\">{\"@context\":\"https:\\\/\\\/schema.org\",\"@graph\":[{\"@type\":\"WebPage\",\"@id\":\"https:\\\/\\\/deberkel.info\\\/de\\\/berkel-in-der-stadt-zutphen\\\/\",\"url\":\"https:\\\/\\\/deberkel.info\\\/de\\\/berkel-in-der-stadt-zutphen\\\/\",\"name\":\"Berkel in der Stadt (Zutphen) - Berkel Info\",\"isPartOf\":{\"@id\":\"https:\\\/\\\/deberkel.info\\\/#website\"},\"datePublished\":\"2020-08-20T20:58:49+00:00\",\"dateModified\":\"2026-01-20T11:08:46+00:00\",\"breadcrumb\":{\"@id\":\"https:\\\/\\\/deberkel.info\\\/de\\\/berkel-in-der-stadt-zutphen\\\/#breadcrumb\"},\"inLanguage\":\"de\",\"potentialAction\":[{\"@type\":\"ReadAction\",\"target\":[\"https:\\\/\\\/deberkel.info\\\/de\\\/berkel-in-der-stadt-zutphen\\\/\"]}]},{\"@type\":\"BreadcrumbList\",\"@id\":\"https:\\\/\\\/deberkel.info\\\/de\\\/berkel-in-der-stadt-zutphen\\\/#breadcrumb\",\"itemListElement\":[{\"@type\":\"ListItem\",\"position\":1,\"name\":\"Home\",\"item\":\"https:\\\/\\\/deberkel.info\\\/de\\\/\"},{\"@type\":\"ListItem\",\"position\":2,\"name\":\"Berkel in der Stadt (Zutphen)\"}]},{\"@type\":\"WebSite\",\"@id\":\"https:\\\/\\\/deberkel.info\\\/#website\",\"url\":\"https:\\\/\\\/deberkel.info\\\/\",\"name\":\"Berkel Info\",\"description\":\"Alles over de Berkel en het Berkeldal, van Billerbeck tot Zutphen\",\"potentialAction\":[{\"@type\":\"SearchAction\",\"target\":{\"@type\":\"EntryPoint\",\"urlTemplate\":\"https:\\\/\\\/deberkel.info\\\/?s={search_term_string}\"},\"query-input\":{\"@type\":\"PropertyValueSpecification\",\"valueRequired\":true,\"valueName\":\"search_term_string\"}}],\"inLanguage\":\"de\"}]}<\/script>\n<!-- \/ Yoast SEO plugin. -->","yoast_head_json":{"title":"Berkel in der Stadt (Zutphen) - Berkel Info","robots":{"index":"index","follow":"follow","max-snippet":"max-snippet:-1","max-image-preview":"max-image-preview:large","max-video-preview":"max-video-preview:-1"},"canonical":"https:\/\/deberkel.info\/de\/berkel-in-der-stadt-zutphen\/","og_locale":"de_DE","og_type":"article","og_title":"Berkel in der Stadt (Zutphen) - Berkel Info","og_description":"In Zutphen kamen aktive Bewohner mit Pl\u00e4nen um die Berkel wieder erlebbar zu machen f\u00fcr die B\u00fcrger. Hierunter wird die Entwicklung&nbsp; gezeigt, inkl. Neustart: Weiterlesen &rarr;","og_url":"https:\/\/deberkel.info\/de\/berkel-in-der-stadt-zutphen\/","og_site_name":"Berkel Info","article_modified_time":"2026-01-20T11:08:46+00:00","twitter_card":"summary_large_image","twitter_misc":{"Gesch\u00e4tzte Lesezeit":"1\u00a0Minute"},"schema":{"@context":"https:\/\/schema.org","@graph":[{"@type":"WebPage","@id":"https:\/\/deberkel.info\/de\/berkel-in-der-stadt-zutphen\/","url":"https:\/\/deberkel.info\/de\/berkel-in-der-stadt-zutphen\/","name":"Berkel in der Stadt (Zutphen) - Berkel Info","isPartOf":{"@id":"https:\/\/deberkel.info\/#website"},"datePublished":"2020-08-20T20:58:49+00:00","dateModified":"2026-01-20T11:08:46+00:00","breadcrumb":{"@id":"https:\/\/deberkel.info\/de\/berkel-in-der-stadt-zutphen\/#breadcrumb"},"inLanguage":"de","potentialAction":[{"@type":"ReadAction","target":["https:\/\/deberkel.info\/de\/berkel-in-der-stadt-zutphen\/"]}]},{"@type":"BreadcrumbList","@id":"https:\/\/deberkel.info\/de\/berkel-in-der-stadt-zutphen\/#breadcrumb","itemListElement":[{"@type":"ListItem","position":1,"name":"Home","item":"https:\/\/deberkel.info\/de\/"},{"@type":"ListItem","position":2,"name":"Berkel in der Stadt (Zutphen)"}]},{"@type":"WebSite","@id":"https:\/\/deberkel.info\/#website","url":"https:\/\/deberkel.info\/","name":"Berkel Info","description":"Alles over de Berkel en het Berkeldal, van Billerbeck tot Zutphen","potentialAction":[{"@type":"SearchAction","target":{"@type":"EntryPoint","urlTemplate":"https:\/\/deberkel.info\/?s={search_term_string}"},"query-input":{"@type":"PropertyValueSpecification","valueRequired":true,"valueName":"search_term_string"}}],"inLanguage":"de"}]}},"rttpg_featured_image_url":null,"rttpg_author":{"display_name":"berkelcompagnie","author_link":"https:\/\/deberkel.info\/author\/berkelcompagnie\/"},"rttpg_comment":0,"rttpg_category":"","rttpg_excerpt":"In Zutphen kamen aktive Bewohner mit Pl\u00e4nen um die Berkel wieder erlebbar zu machen f\u00fcr die B\u00fcrger. Hierunter wird die Entwicklung&nbsp; gezeigt, inkl. Neustart: Weiterlesen &rarr;","_links":{"self":[{"href":"https:\/\/deberkel.info\/wp-json\/wp\/v2\/pages\/13390","targetHints":{"allow":["GET"]}}],"collection":[{"href":"https:\/\/deberkel.info\/wp-json\/wp\/v2\/pages"}],"about":[{"href":"https:\/\/deberkel.info\/wp-json\/wp\/v2\/types\/page"}],"author":[{"embeddable":true,"href":"https:\/\/deberkel.info\/wp-json\/wp\/v2\/users\/1"}],"replies":[{"embeddable":true,"href":"https:\/\/deberkel.info\/wp-json\/wp\/v2\/comments?post=13390"}],"version-history":[{"count":6,"href":"https:\/\/deberkel.info\/wp-json\/wp\/v2\/pages\/13390\/revisions"}],"predecessor-version":[{"id":20029,"href":"https:\/\/deberkel.info\/wp-json\/wp\/v2\/pages\/13390\/revisions\/20029"}],"wp:attachment":[{"href":"https:\/\/deberkel.info\/wp-json\/wp\/v2\/media?parent=13390"}],"curies":[{"name":"wp","href":"https:\/\/api.w.org\/{rel}","templated":true}]}}