{"id":14020,"date":"2020-12-29T14:37:00","date_gmt":"2020-12-29T14:37:00","guid":{"rendered":"https:\/\/deberkel.info\/?page_id=14020"},"modified":"2020-12-29T14:41:39","modified_gmt":"2020-12-29T14:41:39","slug":"berkelinfo-wrij","status":"publish","type":"page","link":"https:\/\/deberkel.info\/de\/berkelinfo-wrij\/","title":{"rendered":"Berkelinfo WRIJ"},"content":{"rendered":"<p><a href=\"https:\/\/deberkel.info\/wp-content\/uploads\/2020\/12\/berkel_beheersgebied.jpg\"><img loading=\"lazy\" decoding=\"async\" class=\"alignnone wp-image-14016\" src=\"https:\/\/deberkel.info\/wp-content\/uploads\/2020\/12\/berkel_beheersgebied.jpg\" alt=\"\" width=\"600\" height=\"422\" srcset=\"https:\/\/deberkel.info\/wp-content\/uploads\/2020\/12\/berkel_beheersgebied.jpg 1313w, https:\/\/deberkel.info\/wp-content\/uploads\/2020\/12\/berkel_beheersgebied-300x211.jpg 300w, https:\/\/deberkel.info\/wp-content\/uploads\/2020\/12\/berkel_beheersgebied-1024x720.jpg 1024w, https:\/\/deberkel.info\/wp-content\/uploads\/2020\/12\/berkel_beheersgebied-768x540.jpg 768w, https:\/\/deberkel.info\/wp-content\/uploads\/2020\/12\/berkel_beheersgebied-427x300.jpg 427w\" sizes=\"auto, (max-width: 600px) 100vw, 600px\" \/><\/a><br \/>\nAuf der Webseite von Berkelverwalter <a href=\"https:\/\/www.wrij.nl\" target=\"_blank\" rel=\"noopener\">Waterschap Rijn en IJssel<\/a> findet man viel Information \u00fcber die Niederl\u00e4ndische Seite der Berkel und das <span class=\"deel4\">dazugeh\u00f6rende<\/span>&nbsp;Wassersystem.<br \/>\nInformation \u00fcber die aktuelle Verwaltung aber auch \u00fcber Geschichte und <span class=\"deel4\">gesellschaftliche Funktionen<\/span>.<\/p>\n<p>Man findet es <a href=\"https:\/\/www.wrij.nl\/statisch\/berkel\/\" target=\"_blank\" rel=\"noopener\">hier auf wrij.nl<\/a>.<\/p>\n","protected":false},"excerpt":{"rendered":"<p>Auf der Webseite von Berkelverwalter Waterschap Rijn en IJssel findet man viel Information \u00fcber die Niederl\u00e4ndische Seite der Berkel und das dazugeh\u00f6rende&nbsp;Wassersystem. Information \u00fcber die aktuelle Verwaltung aber auch \u00fcber Geschichte und gesellschaftliche Funktionen. Man findet es hier auf wrij.nl.<\/p>\n","protected":false},"author":1,"featured_media":14016,"parent":0,"menu_order":0,"comment_status":"closed","ping_status":"closed","template":"","meta":{"_exactmetrics_skip_tracking":false,"_exactmetrics_sitenote_active":false,"_exactmetrics_sitenote_note":"","_exactmetrics_sitenote_category":0,"ngg_post_thumbnail":0,"_locale":"de_DE","_original_post":"https:\/\/deberkel.info\/?page_id=14015","footnotes":"","_links_to":"","_links_to_target":""},"class_list":["post-14020","page","type-page","status-publish","has-post-thumbnail","hentry","de-DE"],"yoast_head":"<!-- This site is optimized with the Yoast SEO plugin v27.3 - https:\/\/yoast.com\/product\/yoast-seo-wordpress\/ -->\n<title>Berkelinfo WRIJ - Berkel Info<\/title>\n<meta name=\"robots\" content=\"index, follow, max-snippet:-1, max-image-preview:large, max-video-preview:-1\" \/>\n<link rel=\"canonical\" href=\"https:\/\/deberkel.info\/de\/berkelinfo-wrij\/\" \/>\n<meta property=\"og:locale\" content=\"de_DE\" \/>\n<meta property=\"og:type\" content=\"article\" \/>\n<meta property=\"og:title\" content=\"Berkelinfo WRIJ - Berkel Info\" \/>\n<meta property=\"og:description\" content=\"Auf der Webseite von Berkelverwalter Waterschap Rijn en IJssel findet man viel Information \u00fcber die Niederl\u00e4ndische Seite der Berkel und das dazugeh\u00f6rende&nbsp;Wassersystem. Information \u00fcber die aktuelle Verwaltung aber auch \u00fcber Geschichte und gesellschaftliche Funktionen. Man findet es hier auf wrij.nl.\" \/>\n<meta property=\"og:url\" content=\"https:\/\/deberkel.info\/de\/berkelinfo-wrij\/\" \/>\n<meta property=\"og:site_name\" content=\"Berkel Info\" \/>\n<meta property=\"article:modified_time\" content=\"2020-12-29T14:41:39+00:00\" \/>\n<meta property=\"og:image\" content=\"https:\/\/deberkel.info\/wp-content\/uploads\/2020\/12\/berkel_beheersgebied.jpg\" \/>\n\t<meta property=\"og:image:width\" content=\"1313\" \/>\n\t<meta property=\"og:image:height\" content=\"923\" \/>\n\t<meta property=\"og:image:type\" content=\"image\/jpeg\" \/>\n<meta name=\"twitter:card\" content=\"summary_large_image\" \/>\n<script type=\"application\/ld+json\" class=\"yoast-schema-graph\">{\"@context\":\"https:\\\/\\\/schema.org\",\"@graph\":[{\"@type\":\"WebPage\",\"@id\":\"https:\\\/\\\/deberkel.info\\\/de\\\/berkelinfo-wrij\\\/\",\"url\":\"https:\\\/\\\/deberkel.info\\\/de\\\/berkelinfo-wrij\\\/\",\"name\":\"Berkelinfo WRIJ - Berkel Info\",\"isPartOf\":{\"@id\":\"https:\\\/\\\/deberkel.info\\\/#website\"},\"primaryImageOfPage\":{\"@id\":\"https:\\\/\\\/deberkel.info\\\/de\\\/berkelinfo-wrij\\\/#primaryimage\"},\"image\":{\"@id\":\"https:\\\/\\\/deberkel.info\\\/de\\\/berkelinfo-wrij\\\/#primaryimage\"},\"thumbnailUrl\":\"https:\\\/\\\/deberkel.info\\\/wp-content\\\/uploads\\\/2020\\\/12\\\/berkel_beheersgebied.jpg\",\"datePublished\":\"2020-12-29T14:37:00+00:00\",\"dateModified\":\"2020-12-29T14:41:39+00:00\",\"breadcrumb\":{\"@id\":\"https:\\\/\\\/deberkel.info\\\/de\\\/berkelinfo-wrij\\\/#breadcrumb\"},\"inLanguage\":\"de\",\"potentialAction\":[{\"@type\":\"ReadAction\",\"target\":[\"https:\\\/\\\/deberkel.info\\\/de\\\/berkelinfo-wrij\\\/\"]}]},{\"@type\":\"ImageObject\",\"inLanguage\":\"de\",\"@id\":\"https:\\\/\\\/deberkel.info\\\/de\\\/berkelinfo-wrij\\\/#primaryimage\",\"url\":\"https:\\\/\\\/deberkel.info\\\/wp-content\\\/uploads\\\/2020\\\/12\\\/berkel_beheersgebied.jpg\",\"contentUrl\":\"https:\\\/\\\/deberkel.info\\\/wp-content\\\/uploads\\\/2020\\\/12\\\/berkel_beheersgebied.jpg\",\"width\":1313,\"height\":923},{\"@type\":\"BreadcrumbList\",\"@id\":\"https:\\\/\\\/deberkel.info\\\/de\\\/berkelinfo-wrij\\\/#breadcrumb\",\"itemListElement\":[{\"@type\":\"ListItem\",\"position\":1,\"name\":\"Home\",\"item\":\"https:\\\/\\\/deberkel.info\\\/de\\\/\"},{\"@type\":\"ListItem\",\"position\":2,\"name\":\"Berkelinfo WRIJ\"}]},{\"@type\":\"WebSite\",\"@id\":\"https:\\\/\\\/deberkel.info\\\/#website\",\"url\":\"https:\\\/\\\/deberkel.info\\\/\",\"name\":\"Berkel Info\",\"description\":\"Alles over de Berkel en het Berkeldal, van Billerbeck tot Zutphen\",\"potentialAction\":[{\"@type\":\"SearchAction\",\"target\":{\"@type\":\"EntryPoint\",\"urlTemplate\":\"https:\\\/\\\/deberkel.info\\\/?s={search_term_string}\"},\"query-input\":{\"@type\":\"PropertyValueSpecification\",\"valueRequired\":true,\"valueName\":\"search_term_string\"}}],\"inLanguage\":\"de\"}]}<\/script>\n<!-- \/ Yoast SEO plugin. -->","yoast_head_json":{"title":"Berkelinfo WRIJ - Berkel Info","robots":{"index":"index","follow":"follow","max-snippet":"max-snippet:-1","max-image-preview":"max-image-preview:large","max-video-preview":"max-video-preview:-1"},"canonical":"https:\/\/deberkel.info\/de\/berkelinfo-wrij\/","og_locale":"de_DE","og_type":"article","og_title":"Berkelinfo WRIJ - Berkel Info","og_description":"Auf der Webseite von Berkelverwalter Waterschap Rijn en IJssel findet man viel Information \u00fcber die Niederl\u00e4ndische Seite der Berkel und das dazugeh\u00f6rende&nbsp;Wassersystem. Information \u00fcber die aktuelle Verwaltung aber auch \u00fcber Geschichte und gesellschaftliche Funktionen. Man findet es hier auf wrij.nl.","og_url":"https:\/\/deberkel.info\/de\/berkelinfo-wrij\/","og_site_name":"Berkel Info","article_modified_time":"2020-12-29T14:41:39+00:00","og_image":[{"width":1313,"height":923,"url":"https:\/\/deberkel.info\/wp-content\/uploads\/2020\/12\/berkel_beheersgebied.jpg","type":"image\/jpeg"}],"twitter_card":"summary_large_image","schema":{"@context":"https:\/\/schema.org","@graph":[{"@type":"WebPage","@id":"https:\/\/deberkel.info\/de\/berkelinfo-wrij\/","url":"https:\/\/deberkel.info\/de\/berkelinfo-wrij\/","name":"Berkelinfo WRIJ - Berkel Info","isPartOf":{"@id":"https:\/\/deberkel.info\/#website"},"primaryImageOfPage":{"@id":"https:\/\/deberkel.info\/de\/berkelinfo-wrij\/#primaryimage"},"image":{"@id":"https:\/\/deberkel.info\/de\/berkelinfo-wrij\/#primaryimage"},"thumbnailUrl":"https:\/\/deberkel.info\/wp-content\/uploads\/2020\/12\/berkel_beheersgebied.jpg","datePublished":"2020-12-29T14:37:00+00:00","dateModified":"2020-12-29T14:41:39+00:00","breadcrumb":{"@id":"https:\/\/deberkel.info\/de\/berkelinfo-wrij\/#breadcrumb"},"inLanguage":"de","potentialAction":[{"@type":"ReadAction","target":["https:\/\/deberkel.info\/de\/berkelinfo-wrij\/"]}]},{"@type":"ImageObject","inLanguage":"de","@id":"https:\/\/deberkel.info\/de\/berkelinfo-wrij\/#primaryimage","url":"https:\/\/deberkel.info\/wp-content\/uploads\/2020\/12\/berkel_beheersgebied.jpg","contentUrl":"https:\/\/deberkel.info\/wp-content\/uploads\/2020\/12\/berkel_beheersgebied.jpg","width":1313,"height":923},{"@type":"BreadcrumbList","@id":"https:\/\/deberkel.info\/de\/berkelinfo-wrij\/#breadcrumb","itemListElement":[{"@type":"ListItem","position":1,"name":"Home","item":"https:\/\/deberkel.info\/de\/"},{"@type":"ListItem","position":2,"name":"Berkelinfo WRIJ"}]},{"@type":"WebSite","@id":"https:\/\/deberkel.info\/#website","url":"https:\/\/deberkel.info\/","name":"Berkel Info","description":"Alles over de Berkel en het Berkeldal, van Billerbeck tot Zutphen","potentialAction":[{"@type":"SearchAction","target":{"@type":"EntryPoint","urlTemplate":"https:\/\/deberkel.info\/?s={search_term_string}"},"query-input":{"@type":"PropertyValueSpecification","valueRequired":true,"valueName":"search_term_string"}}],"inLanguage":"de"}]}},"rttpg_featured_image_url":{"full":["https:\/\/deberkel.info\/wp-content\/uploads\/2020\/12\/berkel_beheersgebied.jpg",1313,923,false],"landscape":["https:\/\/deberkel.info\/wp-content\/uploads\/2020\/12\/berkel_beheersgebied.jpg",1313,923,false],"portraits":["https:\/\/deberkel.info\/wp-content\/uploads\/2020\/12\/berkel_beheersgebied.jpg",1313,923,false],"thumbnail":["https:\/\/deberkel.info\/wp-content\/uploads\/2020\/12\/berkel_beheersgebied-150x150.jpg",150,150,true],"medium":["https:\/\/deberkel.info\/wp-content\/uploads\/2020\/12\/berkel_beheersgebied-300x211.jpg",300,211,true],"large":["https:\/\/deberkel.info\/wp-content\/uploads\/2020\/12\/berkel_beheersgebied-1024x720.jpg",584,411,true],"1536x1536":["https:\/\/deberkel.info\/wp-content\/uploads\/2020\/12\/berkel_beheersgebied.jpg",1313,923,false],"2048x2048":["https:\/\/deberkel.info\/wp-content\/uploads\/2020\/12\/berkel_beheersgebied.jpg",1313,923,false],"post-thumbnail":["https:\/\/deberkel.info\/wp-content\/uploads\/2020\/12\/berkel_beheersgebied-1000x288.jpg",1000,288,true],"large-feature":["https:\/\/deberkel.info\/wp-content\/uploads\/2020\/12\/berkel_beheersgebied-1000x288.jpg",1000,288,true],"small-feature":["https:\/\/deberkel.info\/wp-content\/uploads\/2020\/12\/berkel_beheersgebied-427x300.jpg",427,300,true]},"rttpg_author":{"display_name":"berkelcompagnie","author_link":"https:\/\/deberkel.info\/author\/berkelcompagnie\/"},"rttpg_comment":0,"rttpg_category":null,"rttpg_excerpt":"Auf der Webseite von Berkelverwalter Waterschap Rijn en IJssel findet man viel Information \u00fcber die Niederl\u00e4ndische Seite der Berkel und das dazugeh\u00f6rende&nbsp;Wassersystem. Information \u00fcber die aktuelle Verwaltung aber auch \u00fcber Geschichte und gesellschaftliche Funktionen. Man findet es hier auf wrij.nl.","_links":{"self":[{"href":"https:\/\/deberkel.info\/wp-json\/wp\/v2\/pages\/14020","targetHints":{"allow":["GET"]}}],"collection":[{"href":"https:\/\/deberkel.info\/wp-json\/wp\/v2\/pages"}],"about":[{"href":"https:\/\/deberkel.info\/wp-json\/wp\/v2\/types\/page"}],"author":[{"embeddable":true,"href":"https:\/\/deberkel.info\/wp-json\/wp\/v2\/users\/1"}],"replies":[{"embeddable":true,"href":"https:\/\/deberkel.info\/wp-json\/wp\/v2\/comments?post=14020"}],"version-history":[{"count":2,"href":"https:\/\/deberkel.info\/wp-json\/wp\/v2\/pages\/14020\/revisions"}],"predecessor-version":[{"id":14026,"href":"https:\/\/deberkel.info\/wp-json\/wp\/v2\/pages\/14020\/revisions\/14026"}],"wp:featuredmedia":[{"embeddable":true,"href":"https:\/\/deberkel.info\/wp-json\/wp\/v2\/media\/14016"}],"wp:attachment":[{"href":"https:\/\/deberkel.info\/wp-json\/wp\/v2\/media?parent=14020"}],"curies":[{"name":"wp","href":"https:\/\/api.w.org\/{rel}","templated":true}]}}