{"id":14360,"date":"2021-04-17T23:18:43","date_gmt":"2021-04-17T21:18:43","guid":{"rendered":"https:\/\/deberkel.info\/?page_id=14360"},"modified":"2024-04-10T13:52:06","modified_gmt":"2024-04-10T11:52:06","slug":"berkelfestival-2021","status":"publish","type":"page","link":"https:\/\/deberkel.info\/de\/berkelfestival-2021\/","title":{"rendered":"Berkelfestival 2021"},"content":{"rendered":"<p><a href=\"https:\/\/deberkel.info\/wp-content\/uploads\/2021\/04\/Berkelfestival2021-de-600x318-1.jpg\"><img loading=\"lazy\" decoding=\"async\" class=\"alignnone wp-image-14366 size-full\" src=\"https:\/\/deberkel.info\/wp-content\/uploads\/2021\/04\/Berkelfestival2021-de-600x318-1.jpg\" alt=\"\" width=\"600\" height=\"318\" srcset=\"https:\/\/deberkel.info\/wp-content\/uploads\/2021\/04\/Berkelfestival2021-de-600x318-1.jpg 600w, https:\/\/deberkel.info\/wp-content\/uploads\/2021\/04\/Berkelfestival2021-de-600x318-1-300x159.jpg 300w, https:\/\/deberkel.info\/wp-content\/uploads\/2021\/04\/Berkelfestival2021-de-600x318-1-500x265.jpg 500w\" sizes=\"auto, (max-width: 600px) 100vw, 600px\" \/><\/a><\/p>\n<p><em><strong>Berkelfestival in 2021 eingeschr\u00e4nkt:<\/strong><\/em><\/p>\n<p><iframe loading=\"lazy\" style=\"background: white; width: 500px; height: 436px; border: none; overflow: hidden;\" src=\"https:\/\/www.facebook.com\/plugins\/post.php?href=https%3A%2F%2Fwww.facebook.com%2FBerkelfestival%2Fposts%2F1915699775274734&amp;show_text=true&amp;width=500\" width=\"500\" height=\"436\" frameborder=\"0\" scrolling=\"no\" allowfullscreen=\"allowfullscreen\"><span data-mce-type=\"bookmark\" style=\"display: inline-block; width: 0px; overflow: hidden; line-height: 0;\" class=\"mce_SELRES_start\">\ufeff<\/span><br \/>\n<\/iframe><\/p>\n<p>Es handelt sich beim Berkelfestival um Aktivit\u00e4ten mit einer Grenz\u00fcberschreitende Gemeinschaftserlebnis.<br \/>\nDieses Jahr wird das Schwerpunkt an Niederl\u00e4ndische Seite in Eibergen sein.<br \/>\nWo Freilichtb\u00fchne <a href=\"https:\/\/www.openluchttheatereibergen.nl\/\" target=\"_blank\" rel=\"noopener\">&#8218;Openluchttheater Eibergen&#8216;<\/a> das Festival organisieren wird.<\/p>\n<p>Und hierunter Information \u00fcber das Festival.<\/p>\n\n<!-- NOTE: If you need to make changes to this file, copy it to your current theme's main\n\tdirectory so your changes won't be overwritten when the plugin is upgraded. -->\n\n<!-- Post Wrap Start-->\n<div class=\"post hentry ivycat-post\">\n\n\n\t<!-- \tThis outputs the post TITLE -->\n\t<h2 class=\"entry-title\"><a href=\"https:\/\/deberkel.info\/de\/tubantia-berkelfestival-dieses-jahr-organisiert-von-openluchttheater-eibergen\/\">Tubantia: Berkelfestival dieses Jahr organisiert von Openluchttheater Eibergen<\/a><\/h2>\n\n\t<!-- \tThis outputs the post EXCERPT.  To display full content including images and html,\n\t\treplace the_excerpt(); with the_content();  below. -->\n\t\t\n\t<div class=\"entry-summary\">\n\t<!-- was: featured-image -->\n\t\t<div class=\"img-responsive\"> \n<!--\t\t<div class=\"rt-image-holder img-responsive\">  -->\n\t\t\t<a href=\"https:\/\/deberkel.info\/de\/tubantia-berkelfestival-dieses-jahr-organisiert-von-openluchttheater-eibergen\/\">\n<!--\t\t\t\t<img loading=\"lazy\" decoding=\"async\" width=\"180\" height=\"161\" src=\"https:\/\/deberkel.info\/wp-content\/uploads\/2021\/04\/TubantiaBerkelfestivalOpenluchttheater.jpg\" class=\"alignleft wp-post-image\" alt=\"\" srcset=\"https:\/\/deberkel.info\/wp-content\/uploads\/2021\/04\/TubantiaBerkelfestivalOpenluchttheater.jpg 600w, https:\/\/deberkel.info\/wp-content\/uploads\/2021\/04\/TubantiaBerkelfestivalOpenluchttheater-300x268.jpg 300w, https:\/\/deberkel.info\/wp-content\/uploads\/2021\/04\/TubantiaBerkelfestivalOpenluchttheater-336x300.jpg 336w\" sizes=\"auto, (max-width: 180px) 100vw, 180px\" \/> -->\n\t\t\t\t<img loading=\"lazy\" decoding=\"async\" width=\"600\" height=\"536\" src=\"https:\/\/deberkel.info\/wp-content\/uploads\/2021\/04\/TubantiaBerkelfestivalOpenluchttheater.jpg\" class=\"attachment-600x9999 size-600x9999 wp-post-image\" alt=\"\" srcset=\"https:\/\/deberkel.info\/wp-content\/uploads\/2021\/04\/TubantiaBerkelfestivalOpenluchttheater.jpg 600w, https:\/\/deberkel.info\/wp-content\/uploads\/2021\/04\/TubantiaBerkelfestivalOpenluchttheater-300x268.jpg 300w, https:\/\/deberkel.info\/wp-content\/uploads\/2021\/04\/TubantiaBerkelfestivalOpenluchttheater-336x300.jpg 336w\" sizes=\"auto, (max-width: 600px) 100vw, 600px\" \/>\t\t\t\t<\/a>\n\t\t<\/div>\n\t\t<p>Tubantia meldet am 14. April 2021 das Freilichtb\u00fchne &#8218;Openluchtheater Eibergen&#8216; dieses Jahr das Berkelfestival organisieren wird <a href=\"https:\/\/deberkel.info\/de\/tubantia-berkelfestival-dieses-jahr-organisiert-von-openluchttheater-eibergen\/\">Weiterlesen <span class=\"meta-nav\">&rarr;<\/span><\/a><\/p>\n\t<\/div>\n\n\n\t<!--\tThis outputs the post META information -->\n\t<div class=\"entry-utility\">\n<!--\t\n\t\t\t\t\t<span class=\"cat-links\">\n\t\t\t\t<span class=\"entry-utility-prep entry-utility-prep-cat-links\">Posted in<\/span> <a href=\"https:\/\/deberkel.info\/de\/berichtenlijsten\/berkelfestival-2021\/\" rel=\"category tag\">Berkelfestival 2021<\/a>\t\t\t<\/span>\n\t\t\t<span class=\"meta-sep\">|<\/span>\n\t\t\t\t\t\t<span class=\"comments-link\">\n\t\t\t<span>Kommentare deaktiviert<span class=\"screen-reader-text\"> f\u00fcr Tubantia: Berkelfestival dieses Jahr organisiert von Openluchttheater Eibergen<\/span><\/span>\t\t<\/span>\n\t\t\t<\/div>\n-->\n<\/div>\n<!-- \/\/ Post Wrap End -->\n\n<!-- NOTE: If you need to make changes to this file, copy it to your current theme's main\n\tdirectory so your changes won't be overwritten when the plugin is upgraded. -->\n\n<!-- Post Wrap Start-->\n<div class=\"post hentry ivycat-post\">\n\n\n\t<!-- \tThis outputs the post TITLE -->\n\t<h2 class=\"entry-title\"><a href=\"https:\/\/deberkel.info\/de\/nieuws-uit-berkelland-freiluftbuehne-und-gemeinde-arbeiten-zusammen-beim-berkelfestival\/\">Nieuws uit Berkelland: Freiluftb\u00fchne und Gemeinde arbeiten zusammen beim Berkelfestival<\/a><\/h2>\n\n\t<!-- \tThis outputs the post EXCERPT.  To display full content including images and html,\n\t\treplace the_excerpt(); with the_content();  below. -->\n\t\t\n\t<div class=\"entry-summary\">\n\t<!-- was: featured-image -->\n\t\t<div class=\"img-responsive\"> \n<!--\t\t<div class=\"rt-image-holder img-responsive\">  -->\n\t\t\t<a href=\"https:\/\/deberkel.info\/de\/nieuws-uit-berkelland-freiluftbuehne-und-gemeinde-arbeiten-zusammen-beim-berkelfestival\/\">\n<!--\t\t\t\t<img loading=\"lazy\" decoding=\"async\" width=\"180\" height=\"109\" src=\"https:\/\/deberkel.info\/wp-content\/uploads\/2021\/04\/NUB-Streekfestival-2017-Henk-ter-Horst-Fotografie-111-600x364-1.jpg\" class=\"alignleft wp-post-image\" alt=\"\" srcset=\"https:\/\/deberkel.info\/wp-content\/uploads\/2021\/04\/NUB-Streekfestival-2017-Henk-ter-Horst-Fotografie-111-600x364-1.jpg 600w, https:\/\/deberkel.info\/wp-content\/uploads\/2021\/04\/NUB-Streekfestival-2017-Henk-ter-Horst-Fotografie-111-600x364-1-300x182.jpg 300w, https:\/\/deberkel.info\/wp-content\/uploads\/2021\/04\/NUB-Streekfestival-2017-Henk-ter-Horst-Fotografie-111-600x364-1-495x300.jpg 495w\" sizes=\"auto, (max-width: 180px) 100vw, 180px\" \/> -->\n\t\t\t\t<img loading=\"lazy\" decoding=\"async\" width=\"600\" height=\"364\" src=\"https:\/\/deberkel.info\/wp-content\/uploads\/2021\/04\/NUB-Streekfestival-2017-Henk-ter-Horst-Fotografie-111-600x364-1.jpg\" class=\"attachment-600x9999 size-600x9999 wp-post-image\" alt=\"\" srcset=\"https:\/\/deberkel.info\/wp-content\/uploads\/2021\/04\/NUB-Streekfestival-2017-Henk-ter-Horst-Fotografie-111-600x364-1.jpg 600w, https:\/\/deberkel.info\/wp-content\/uploads\/2021\/04\/NUB-Streekfestival-2017-Henk-ter-Horst-Fotografie-111-600x364-1-300x182.jpg 300w, https:\/\/deberkel.info\/wp-content\/uploads\/2021\/04\/NUB-Streekfestival-2017-Henk-ter-Horst-Fotografie-111-600x364-1-495x300.jpg 495w\" sizes=\"auto, (max-width: 600px) 100vw, 600px\" \/>\t\t\t\t<\/a>\n\t\t<\/div>\n\t\t<p>Nieuws uit Berkelland meldet am 7. April 2021 das Freiluftb\u00fcne &#8218;Openluchttheater Eibergen&#8216; zusammen mit der Gemeinde das Berkelfestival organisieren wird <a href=\"https:\/\/deberkel.info\/de\/nieuws-uit-berkelland-freiluftbuehne-und-gemeinde-arbeiten-zusammen-beim-berkelfestival\/\">Weiterlesen <span class=\"meta-nav\">&rarr;<\/span><\/a><\/p>\n\t<\/div>\n\n\n\t<!--\tThis outputs the post META information -->\n\t<div class=\"entry-utility\">\n<!--\t\n\t\t\t\t\t<span class=\"cat-links\">\n\t\t\t\t<span class=\"entry-utility-prep entry-utility-prep-cat-links\">Posted in<\/span> <a href=\"https:\/\/deberkel.info\/de\/berichtenlijsten\/berkelfestival-2021\/\" rel=\"category tag\">Berkelfestival 2021<\/a>\t\t\t<\/span>\n\t\t\t<span class=\"meta-sep\">|<\/span>\n\t\t\t\t\t\t<span class=\"comments-link\">\n\t\t\t<span>Kommentare deaktiviert<span class=\"screen-reader-text\"> f\u00fcr Nieuws uit Berkelland: Freiluftb\u00fchne und Gemeinde arbeiten zusammen beim Berkelfestival<\/span><\/span>\t\t<\/span>\n\t\t\t<\/div>\n-->\n<\/div>\n<!-- \/\/ Post Wrap End -->\n\n","protected":false},"excerpt":{"rendered":"<p>Berkelfestival in 2021 eingeschr\u00e4nkt: \ufeff Es handelt sich beim Berkelfestival um Aktivit\u00e4ten mit einer Grenz\u00fcberschreitende Gemeinschaftserlebnis. Dieses Jahr wird das Schwerpunkt an Niederl\u00e4ndische Seite in Eibergen sein. Wo Freilichtb\u00fchne &#8218;Openluchttheater Eibergen&#8216; das Festival organisieren wird. Und hierunter Information \u00fcber das &hellip; <a href=\"https:\/\/deberkel.info\/de\/nieuws-uit-berkelland-freiluftbuehne-und-gemeinde-arbeiten-zusammen-beim-berkelfestival\/\">Weiterlesen <span class=\"meta-nav\">&rarr;<\/span><\/a> <a href=\"https:\/\/deberkel.info\/de\/nieuws-uit-berkelland-freiluftbuehne-und-gemeinde-arbeiten-zusammen-beim-berkelfestival\/\">Weiterlesen <span class=\"meta-nav\">&rarr;<\/span><\/a><\/p>\n","protected":false},"author":1,"featured_media":0,"parent":0,"menu_order":0,"comment_status":"closed","ping_status":"closed","template":"","meta":{"_exactmetrics_skip_tracking":false,"_exactmetrics_sitenote_active":false,"_exactmetrics_sitenote_note":"","_exactmetrics_sitenote_category":0,"ngg_post_thumbnail":0,"_locale":"de_DE","_original_post":"https:\/\/deberkel.info\/?page_id=14351","footnotes":"","_links_to":"","_links_to_target":""},"class_list":["post-14360","page","type-page","status-publish","hentry","de-DE"],"yoast_head":"<!-- This site is optimized with the Yoast SEO plugin v27.3 - https:\/\/yoast.com\/product\/yoast-seo-wordpress\/ -->\n<title>Berkelfestival 2021 - Berkel Info<\/title>\n<meta name=\"robots\" content=\"index, follow, max-snippet:-1, max-image-preview:large, max-video-preview:-1\" \/>\n<link rel=\"canonical\" href=\"https:\/\/deberkel.info\/de\/berkelfestival-2021\/\" \/>\n<meta property=\"og:locale\" content=\"de_DE\" \/>\n<meta property=\"og:type\" content=\"article\" \/>\n<meta property=\"og:title\" content=\"Berkelfestival 2021 - Berkel Info\" \/>\n<meta property=\"og:description\" content=\"Berkelfestival in 2021 eingeschr\u00e4nkt: \ufeff Es handelt sich beim Berkelfestival um Aktivit\u00e4ten mit einer Grenz\u00fcberschreitende Gemeinschaftserlebnis. Dieses Jahr wird das Schwerpunkt an Niederl\u00e4ndische Seite in Eibergen sein. Wo Freilichtb\u00fchne &#8218;Openluchttheater Eibergen&#8216; das Festival organisieren wird. Und hierunter Information \u00fcber das &hellip; Weiterlesen &rarr; Weiterlesen &rarr;\" \/>\n<meta property=\"og:url\" content=\"https:\/\/deberkel.info\/de\/berkelfestival-2021\/\" \/>\n<meta property=\"og:site_name\" content=\"Berkel Info\" \/>\n<meta property=\"article:modified_time\" content=\"2024-04-10T11:52:06+00:00\" \/>\n<meta property=\"og:image\" content=\"https:\/\/deberkel.info\/wp-content\/uploads\/2021\/04\/Berkelfestival2021-de-600x318-1.jpg\" \/>\n<meta name=\"twitter:card\" content=\"summary_large_image\" \/>\n<meta name=\"twitter:label1\" content=\"Gesch\u00e4tzte Lesezeit\" \/>\n\t<meta name=\"twitter:data1\" content=\"1\u00a0Minute\" \/>\n<script type=\"application\/ld+json\" class=\"yoast-schema-graph\">{\"@context\":\"https:\\\/\\\/schema.org\",\"@graph\":[{\"@type\":\"WebPage\",\"@id\":\"https:\\\/\\\/deberkel.info\\\/de\\\/berkelfestival-2021\\\/\",\"url\":\"https:\\\/\\\/deberkel.info\\\/de\\\/berkelfestival-2021\\\/\",\"name\":\"Berkelfestival 2021 - Berkel Info\",\"isPartOf\":{\"@id\":\"https:\\\/\\\/deberkel.info\\\/#website\"},\"primaryImageOfPage\":{\"@id\":\"https:\\\/\\\/deberkel.info\\\/de\\\/berkelfestival-2021\\\/#primaryimage\"},\"image\":{\"@id\":\"https:\\\/\\\/deberkel.info\\\/de\\\/berkelfestival-2021\\\/#primaryimage\"},\"thumbnailUrl\":\"https:\\\/\\\/deberkel.info\\\/wp-content\\\/uploads\\\/2021\\\/04\\\/Berkelfestival2021-de-600x318-1.jpg\",\"datePublished\":\"2021-04-17T21:18:43+00:00\",\"dateModified\":\"2024-04-10T11:52:06+00:00\",\"breadcrumb\":{\"@id\":\"https:\\\/\\\/deberkel.info\\\/de\\\/berkelfestival-2021\\\/#breadcrumb\"},\"inLanguage\":\"de\",\"potentialAction\":[{\"@type\":\"ReadAction\",\"target\":[\"https:\\\/\\\/deberkel.info\\\/de\\\/berkelfestival-2021\\\/\"]}]},{\"@type\":\"ImageObject\",\"inLanguage\":\"de\",\"@id\":\"https:\\\/\\\/deberkel.info\\\/de\\\/berkelfestival-2021\\\/#primaryimage\",\"url\":\"https:\\\/\\\/deberkel.info\\\/wp-content\\\/uploads\\\/2021\\\/04\\\/Berkelfestival2021-de-600x318-1.jpg\",\"contentUrl\":\"https:\\\/\\\/deberkel.info\\\/wp-content\\\/uploads\\\/2021\\\/04\\\/Berkelfestival2021-de-600x318-1.jpg\",\"width\":600,\"height\":318},{\"@type\":\"BreadcrumbList\",\"@id\":\"https:\\\/\\\/deberkel.info\\\/de\\\/berkelfestival-2021\\\/#breadcrumb\",\"itemListElement\":[{\"@type\":\"ListItem\",\"position\":1,\"name\":\"Home\",\"item\":\"https:\\\/\\\/deberkel.info\\\/de\\\/\"},{\"@type\":\"ListItem\",\"position\":2,\"name\":\"Berkelfestival 2021\"}]},{\"@type\":\"WebSite\",\"@id\":\"https:\\\/\\\/deberkel.info\\\/#website\",\"url\":\"https:\\\/\\\/deberkel.info\\\/\",\"name\":\"Berkel Info\",\"description\":\"Alles over de Berkel en het Berkeldal, van Billerbeck tot Zutphen\",\"potentialAction\":[{\"@type\":\"SearchAction\",\"target\":{\"@type\":\"EntryPoint\",\"urlTemplate\":\"https:\\\/\\\/deberkel.info\\\/?s={search_term_string}\"},\"query-input\":{\"@type\":\"PropertyValueSpecification\",\"valueRequired\":true,\"valueName\":\"search_term_string\"}}],\"inLanguage\":\"de\"}]}<\/script>\n<!-- \/ Yoast SEO plugin. -->","yoast_head_json":{"title":"Berkelfestival 2021 - Berkel Info","robots":{"index":"index","follow":"follow","max-snippet":"max-snippet:-1","max-image-preview":"max-image-preview:large","max-video-preview":"max-video-preview:-1"},"canonical":"https:\/\/deberkel.info\/de\/berkelfestival-2021\/","og_locale":"de_DE","og_type":"article","og_title":"Berkelfestival 2021 - Berkel Info","og_description":"Berkelfestival in 2021 eingeschr\u00e4nkt: \ufeff Es handelt sich beim Berkelfestival um Aktivit\u00e4ten mit einer Grenz\u00fcberschreitende Gemeinschaftserlebnis. Dieses Jahr wird das Schwerpunkt an Niederl\u00e4ndische Seite in Eibergen sein. Wo Freilichtb\u00fchne &#8218;Openluchttheater Eibergen&#8216; das Festival organisieren wird. Und hierunter Information \u00fcber das &hellip; Weiterlesen &rarr; Weiterlesen &rarr;","og_url":"https:\/\/deberkel.info\/de\/berkelfestival-2021\/","og_site_name":"Berkel Info","article_modified_time":"2024-04-10T11:52:06+00:00","og_image":[{"url":"https:\/\/deberkel.info\/wp-content\/uploads\/2021\/04\/Berkelfestival2021-de-600x318-1.jpg","type":"","width":"","height":""}],"twitter_card":"summary_large_image","twitter_misc":{"Gesch\u00e4tzte Lesezeit":"1\u00a0Minute"},"schema":{"@context":"https:\/\/schema.org","@graph":[{"@type":"WebPage","@id":"https:\/\/deberkel.info\/de\/berkelfestival-2021\/","url":"https:\/\/deberkel.info\/de\/berkelfestival-2021\/","name":"Berkelfestival 2021 - Berkel Info","isPartOf":{"@id":"https:\/\/deberkel.info\/#website"},"primaryImageOfPage":{"@id":"https:\/\/deberkel.info\/de\/berkelfestival-2021\/#primaryimage"},"image":{"@id":"https:\/\/deberkel.info\/de\/berkelfestival-2021\/#primaryimage"},"thumbnailUrl":"https:\/\/deberkel.info\/wp-content\/uploads\/2021\/04\/Berkelfestival2021-de-600x318-1.jpg","datePublished":"2021-04-17T21:18:43+00:00","dateModified":"2024-04-10T11:52:06+00:00","breadcrumb":{"@id":"https:\/\/deberkel.info\/de\/berkelfestival-2021\/#breadcrumb"},"inLanguage":"de","potentialAction":[{"@type":"ReadAction","target":["https:\/\/deberkel.info\/de\/berkelfestival-2021\/"]}]},{"@type":"ImageObject","inLanguage":"de","@id":"https:\/\/deberkel.info\/de\/berkelfestival-2021\/#primaryimage","url":"https:\/\/deberkel.info\/wp-content\/uploads\/2021\/04\/Berkelfestival2021-de-600x318-1.jpg","contentUrl":"https:\/\/deberkel.info\/wp-content\/uploads\/2021\/04\/Berkelfestival2021-de-600x318-1.jpg","width":600,"height":318},{"@type":"BreadcrumbList","@id":"https:\/\/deberkel.info\/de\/berkelfestival-2021\/#breadcrumb","itemListElement":[{"@type":"ListItem","position":1,"name":"Home","item":"https:\/\/deberkel.info\/de\/"},{"@type":"ListItem","position":2,"name":"Berkelfestival 2021"}]},{"@type":"WebSite","@id":"https:\/\/deberkel.info\/#website","url":"https:\/\/deberkel.info\/","name":"Berkel Info","description":"Alles over de Berkel en het Berkeldal, van Billerbeck tot Zutphen","potentialAction":[{"@type":"SearchAction","target":{"@type":"EntryPoint","urlTemplate":"https:\/\/deberkel.info\/?s={search_term_string}"},"query-input":{"@type":"PropertyValueSpecification","valueRequired":true,"valueName":"search_term_string"}}],"inLanguage":"de"}]}},"rttpg_featured_image_url":null,"rttpg_author":{"display_name":"berkelcompagnie","author_link":"https:\/\/deberkel.info\/author\/berkelcompagnie\/"},"rttpg_comment":0,"rttpg_category":"","rttpg_excerpt":"Berkelfestival in 2021 eingeschr\u00e4nkt: \ufeff Es handelt sich beim Berkelfestival um Aktivit\u00e4ten mit einer Grenz\u00fcberschreitende Gemeinschaftserlebnis. Dieses Jahr wird das Schwerpunkt an Niederl\u00e4ndische Seite in Eibergen sein. Wo Freilichtb\u00fchne &#8218;Openluchttheater Eibergen&#8216; das Festival organisieren wird. Und hierunter Information \u00fcber das &hellip; Weiterlesen &rarr; Weiterlesen &rarr;","_links":{"self":[{"href":"https:\/\/deberkel.info\/wp-json\/wp\/v2\/pages\/14360","targetHints":{"allow":["GET"]}}],"collection":[{"href":"https:\/\/deberkel.info\/wp-json\/wp\/v2\/pages"}],"about":[{"href":"https:\/\/deberkel.info\/wp-json\/wp\/v2\/types\/page"}],"author":[{"embeddable":true,"href":"https:\/\/deberkel.info\/wp-json\/wp\/v2\/users\/1"}],"replies":[{"embeddable":true,"href":"https:\/\/deberkel.info\/wp-json\/wp\/v2\/comments?post=14360"}],"version-history":[{"count":10,"href":"https:\/\/deberkel.info\/wp-json\/wp\/v2\/pages\/14360\/revisions"}],"predecessor-version":[{"id":18152,"href":"https:\/\/deberkel.info\/wp-json\/wp\/v2\/pages\/14360\/revisions\/18152"}],"wp:attachment":[{"href":"https:\/\/deberkel.info\/wp-json\/wp\/v2\/media?parent=14360"}],"curies":[{"name":"wp","href":"https:\/\/api.w.org\/{rel}","templated":true}]}}