{"id":144,"date":"2018-03-30T08:31:05","date_gmt":"2018-03-30T08:31:05","guid":{"rendered":"http:\/\/deberkel.info\/?page_id=144"},"modified":"2019-02-13T13:19:43","modified_gmt":"2019-02-13T13:19:43","slug":"intro","status":"publish","type":"page","link":"https:\/\/deberkel.info\/de\/intro\/","title":{"rendered":"Intro"},"content":{"rendered":"<h2>Berkelfluss Webseite.<\/h2>\n<p>Hier ist eine Vielzahl von Informationen \u00fcber die Berkel und das Berkeltal zu finden.<br \/>\nSowie \u00fcber Berkelprozesse, Berkelprojekte (realisiert \u00fand geplant) und Organisationen die sich besch\u00e4ftigen mit der Berkel und der Verbesserung der Berkel.<\/p>\n<p>Hier unter kurze Intros von der <a href=\"#Berkel\">Berkel<\/a>, das <a href=\"#berkeln20182020\">Projekt Berkeln 2018-2010<\/a> und die <a href=\"#doelstelling3eberkelcompagnie\">3. Berkelkompanie<\/a>.<\/p>\n<hr>\n<h2 id=\"Berkel\">Der sch\u00f6ne Berkelfluss ist f\u00fcr jeden ein Genuss<\/h2>\n<p>Die Berkel entspringt in Billerbeck in Deutschland, flie\u00dft durch das wundersch\u00f6ne Berkeltal und m\u00fcndet nach 110 km in Zutphen in die Niederlande in die IJssel.<br \/>\n<a href=\"\/wp-content\/uploads\/2018\/03\/Berkel.jpg\"><img loading=\"lazy\" decoding=\"async\" class=\"alignnone size-full wp-image-51\" src=\"\/wp-content\/uploads\/2018\/03\/Berkel.jpg\" alt=\"\" width=\"634\" height=\"438\" srcset=\"https:\/\/deberkel.info\/wp-content\/uploads\/2018\/03\/Berkel.jpg 634w, https:\/\/deberkel.info\/wp-content\/uploads\/2018\/03\/Berkel-300x207.jpg 300w\" sizes=\"auto, (max-width: 634px) 100vw, 634px\" \/><\/a><\/p>\n<p>Gebiete mit sch\u00f6ner Natur und Kultur, die nach und nach noch sch\u00f6ner Gestaltet werden.<br \/>\n<a href=\"\/wp-content\/uploads\/2018\/03\/ijsvogel.jpg\"><img loading=\"lazy\" decoding=\"async\" class=\"alignnone wp-image-50 size-full\" src=\"\/wp-content\/uploads\/2018\/03\/ijsvogel.jpg\" alt=\"\" width=\"300\" height=\"200\"><\/a><\/p>\n<p>So kommen wieder alte Seitenarme zu Ehre, wird die Berkel in die Nederlande wieder mehr m\u00e4andrieren und werden Geb\u00e4ude und Bauten entlang der Berkel von verschiedenen Instanzen restauriert.<br \/>\nEine komplette \u00dcbersicht von realisierten Berkel Projekten ist&nbsp;<a href=\"\/de\/realisierte-berkel-projekte\/\">hier auf dieser Website<\/a> zu finden.<\/p>\n<hr>\n<p><a id=\"berkeln20182020\" href=\"\/de\/berkeln-2018-2020\/\"><img loading=\"lazy\" decoding=\"async\" class=\"alignnone wp-image-5960\" src=\"\/wp-content\/uploads\/2018\/07\/InterregDeutschland-Nederland-Berkeln2018-2020-1024x426.jpg\" alt=\"\" width=\"800\" height=\"333\" srcset=\"https:\/\/deberkel.info\/wp-content\/uploads\/2018\/07\/InterregDeutschland-Nederland-Berkeln2018-2020-1024x426.jpg 1024w, https:\/\/deberkel.info\/wp-content\/uploads\/2018\/07\/InterregDeutschland-Nederland-Berkeln2018-2020-300x125.jpg 300w, https:\/\/deberkel.info\/wp-content\/uploads\/2018\/07\/InterregDeutschland-Nederland-Berkeln2018-2020-768x320.jpg 768w, https:\/\/deberkel.info\/wp-content\/uploads\/2018\/07\/InterregDeutschland-Nederland-Berkeln2018-2020-500x208.jpg 500w\" sizes=\"auto, (max-width: 800px) 100vw, 800px\" \/><\/a><\/p>\n<h2>Ende 2018 ist das Projekt <a href=\"\/de\/berkeln-2018-2020\/\">Berkeln 2018-2020<\/a> angefangen.<\/h2>\n<p>Dies ist eine intensive grenz\u00fcberschreitende Zusammenarbeit, um einerseits ein gemeinsames Netzwerk entlang die Berkel auf zu bauen und andererseits entlang die Berkel Projekte zu f\u00f6rdern in folgende Bereiche:<br \/>\n\u2013 Entwicklung von Lokalen und Regionalen Netzwerken<br \/>\n\u2013 Arbeitsangebot, Bildung und Kultur<br \/>\n\u2013 Natur, Landschaft und Umwelt<br \/>\n\u2013 Struktur und Demographie.<\/p>\n<p><a href=\"\/de\/berkeln-2018-2020\/\">Hier<\/a> ist das Projekt zu folgen auf dieser Webseite.<\/p>\n<hr>\n<h2 id=\"doelstelling3eberkelcompagnie\"><img loading=\"lazy\" decoding=\"async\" class=\"alignnone size-thumbnail wp-image-6076\" src=\"\/wp-content\/uploads\/2018\/08\/Logo3eBerkelcompagnieZwart2-150x150.jpg\" alt=\"\" width=\"150\" height=\"150\"><br \/>\n3. Berkelkompanie<\/h2>\n<p>In der Vergangenheit gab es <a href=\"\/de\/berkelausstellung-themen-im-wassermuseum-in-arnheim\/#berkelscheepvaart\">2 Berkelkompanien<\/a> die verantwortlich waren f\u00fcr die Berkel.<br \/>\nDie aktuelle &#8218;<a href=\"\/de\/die-stichting\/\"><strong>Stichting 3. Berkelkompanie<\/strong><\/a>&#8218; hat als Aufgabe die Pl\u00e4ne f\u00fcr Deutschland und die Niederlande aufeinander abzustimmen.<\/p>\n<p>Der &#8218;<a href=\"\/de\/die-freunde\/\"><strong>Verein Freunde der 3e Berkelkompanie<\/strong><\/a>&#8218; hat als Ziel diese Pl\u00e4ne und Realisierungen zu teilen mit jedem.<br \/>\nDies geschiet durch u.a. diese Webseite, ein Magazin, Ausfl\u00fcge und Ideeen von einzelnen Freunden.<\/p>\n<h2>Freund sein hat seine Vorteile.<\/h2>\n<p>F\u00fcr mehr Information hier\u00fcber und Anmeldung als Freund sehe&nbsp;<a href=\"\/de\/freund-werden\/\">hier<\/a>.<\/p>\n","protected":false},"excerpt":{"rendered":"<p>Berkelfluss Webseite. Hier ist eine Vielzahl von Informationen \u00fcber die Berkel und das Berkeltal zu finden. Sowie \u00fcber Berkelprozesse, Berkelprojekte (realisiert \u00fand geplant) und Organisationen die sich besch\u00e4ftigen mit der Berkel und der Verbesserung der Berkel. Hier unter kurze Intros &hellip; <a href=\"https:\/\/deberkel.info\/de\/intro\/\">Weiterlesen <span class=\"meta-nav\">&rarr;<\/span><\/a><\/p>\n","protected":false},"author":1,"featured_media":0,"parent":0,"menu_order":1,"comment_status":"closed","ping_status":"closed","template":"sidebar-page.php","meta":{"_exactmetrics_skip_tracking":false,"_exactmetrics_sitenote_active":false,"_exactmetrics_sitenote_note":"","_exactmetrics_sitenote_category":0,"ngg_post_thumbnail":0,"_locale":"de_DE","_original_post":"4","footnotes":"","_links_to":"","_links_to_target":""},"class_list":["post-144","page","type-page","status-publish","hentry","de-DE"],"yoast_head":"<!-- This site is optimized with the Yoast SEO plugin v27.3 - https:\/\/yoast.com\/product\/yoast-seo-wordpress\/ -->\n<title>Intro - Berkel Info<\/title>\n<meta name=\"description\" content=\"Die Berkel flie\u00dft von Billerbeck in Deutschland durch das wundersch\u00f6ne Berkeltal und m\u00fcndet in Zutphen in die Niederlande in die IJssel. Gebiet mit sch\u00f6ner Natur und Kultur wird wieder sch\u00f6ner gestaltet. Alte Arme kommen zur\u00fcck, m\u00e4andrierung in die Niederlande, Geb\u00e4ude und Bauten entlang der Fluss werden restauriert.\" \/>\n<meta name=\"robots\" content=\"index, follow, max-snippet:-1, max-image-preview:large, max-video-preview:-1\" \/>\n<link rel=\"canonical\" href=\"https:\/\/deberkel.info\/de\/intro\/\" \/>\n<meta property=\"og:locale\" content=\"de_DE\" \/>\n<meta property=\"og:type\" content=\"article\" \/>\n<meta property=\"og:title\" content=\"Intro - Berkel Info\" \/>\n<meta property=\"og:description\" content=\"Die Berkel flie\u00dft von Billerbeck in Deutschland durch das wundersch\u00f6ne Berkeltal und m\u00fcndet in Zutphen in die Niederlande in die IJssel. Gebiet mit sch\u00f6ner Natur und Kultur wird wieder sch\u00f6ner gestaltet. Alte Arme kommen zur\u00fcck, m\u00e4andrierung in die Niederlande, Geb\u00e4ude und Bauten entlang der Fluss werden restauriert.\" \/>\n<meta property=\"og:url\" content=\"https:\/\/deberkel.info\/de\/intro\/\" \/>\n<meta property=\"og:site_name\" content=\"Berkel Info\" \/>\n<meta property=\"article:modified_time\" content=\"2019-02-13T13:19:43+00:00\" \/>\n<meta property=\"og:image\" content=\"https:\/\/deberkel.info\/wp-content\/uploads\/2018\/03\/Berkel.jpg\" \/>\n<meta name=\"twitter:card\" content=\"summary_large_image\" \/>\n<meta name=\"twitter:label1\" content=\"Gesch\u00e4tzte Lesezeit\" \/>\n\t<meta name=\"twitter:data1\" content=\"1\u00a0Minute\" \/>\n<script type=\"application\/ld+json\" class=\"yoast-schema-graph\">{\"@context\":\"https:\\\/\\\/schema.org\",\"@graph\":[{\"@type\":\"WebPage\",\"@id\":\"https:\\\/\\\/deberkel.info\\\/de\\\/intro\\\/\",\"url\":\"https:\\\/\\\/deberkel.info\\\/de\\\/intro\\\/\",\"name\":\"Intro - Berkel Info\",\"isPartOf\":{\"@id\":\"https:\\\/\\\/deberkel.info\\\/#website\"},\"datePublished\":\"2018-03-30T08:31:05+00:00\",\"dateModified\":\"2019-02-13T13:19:43+00:00\",\"description\":\"Die Berkel flie\u00dft von Billerbeck in Deutschland durch das wundersch\u00f6ne Berkeltal und m\u00fcndet in Zutphen in die Niederlande in die IJssel. Gebiet mit sch\u00f6ner Natur und Kultur wird wieder sch\u00f6ner gestaltet. Alte Arme kommen zur\u00fcck, m\u00e4andrierung in die Niederlande, Geb\u00e4ude und Bauten entlang der Fluss werden restauriert.\",\"breadcrumb\":{\"@id\":\"https:\\\/\\\/deberkel.info\\\/de\\\/intro\\\/#breadcrumb\"},\"inLanguage\":\"de\",\"potentialAction\":[{\"@type\":\"ReadAction\",\"target\":[\"https:\\\/\\\/deberkel.info\\\/de\\\/intro\\\/\"]}]},{\"@type\":\"BreadcrumbList\",\"@id\":\"https:\\\/\\\/deberkel.info\\\/de\\\/intro\\\/#breadcrumb\",\"itemListElement\":[{\"@type\":\"ListItem\",\"position\":1,\"name\":\"Home\",\"item\":\"https:\\\/\\\/deberkel.info\\\/de\\\/\"},{\"@type\":\"ListItem\",\"position\":2,\"name\":\"Intro\"}]},{\"@type\":\"WebSite\",\"@id\":\"https:\\\/\\\/deberkel.info\\\/#website\",\"url\":\"https:\\\/\\\/deberkel.info\\\/\",\"name\":\"Berkel Info\",\"description\":\"Alles over de Berkel en het Berkeldal, van Billerbeck tot Zutphen\",\"potentialAction\":[{\"@type\":\"SearchAction\",\"target\":{\"@type\":\"EntryPoint\",\"urlTemplate\":\"https:\\\/\\\/deberkel.info\\\/?s={search_term_string}\"},\"query-input\":{\"@type\":\"PropertyValueSpecification\",\"valueRequired\":true,\"valueName\":\"search_term_string\"}}],\"inLanguage\":\"de\"}]}<\/script>\n<!-- \/ Yoast SEO plugin. -->","yoast_head_json":{"title":"Intro - Berkel Info","description":"Die Berkel flie\u00dft von Billerbeck in Deutschland durch das wundersch\u00f6ne Berkeltal und m\u00fcndet in Zutphen in die Niederlande in die IJssel. Gebiet mit sch\u00f6ner Natur und Kultur wird wieder sch\u00f6ner gestaltet. Alte Arme kommen zur\u00fcck, m\u00e4andrierung in die Niederlande, Geb\u00e4ude und Bauten entlang der Fluss werden restauriert.","robots":{"index":"index","follow":"follow","max-snippet":"max-snippet:-1","max-image-preview":"max-image-preview:large","max-video-preview":"max-video-preview:-1"},"canonical":"https:\/\/deberkel.info\/de\/intro\/","og_locale":"de_DE","og_type":"article","og_title":"Intro - Berkel Info","og_description":"Die Berkel flie\u00dft von Billerbeck in Deutschland durch das wundersch\u00f6ne Berkeltal und m\u00fcndet in Zutphen in die Niederlande in die IJssel. Gebiet mit sch\u00f6ner Natur und Kultur wird wieder sch\u00f6ner gestaltet. Alte Arme kommen zur\u00fcck, m\u00e4andrierung in die Niederlande, Geb\u00e4ude und Bauten entlang der Fluss werden restauriert.","og_url":"https:\/\/deberkel.info\/de\/intro\/","og_site_name":"Berkel Info","article_modified_time":"2019-02-13T13:19:43+00:00","og_image":[{"url":"https:\/\/deberkel.info\/wp-content\/uploads\/2018\/03\/Berkel.jpg","type":"","width":"","height":""}],"twitter_card":"summary_large_image","twitter_misc":{"Gesch\u00e4tzte Lesezeit":"1\u00a0Minute"},"schema":{"@context":"https:\/\/schema.org","@graph":[{"@type":"WebPage","@id":"https:\/\/deberkel.info\/de\/intro\/","url":"https:\/\/deberkel.info\/de\/intro\/","name":"Intro - Berkel Info","isPartOf":{"@id":"https:\/\/deberkel.info\/#website"},"datePublished":"2018-03-30T08:31:05+00:00","dateModified":"2019-02-13T13:19:43+00:00","description":"Die Berkel flie\u00dft von Billerbeck in Deutschland durch das wundersch\u00f6ne Berkeltal und m\u00fcndet in Zutphen in die Niederlande in die IJssel. Gebiet mit sch\u00f6ner Natur und Kultur wird wieder sch\u00f6ner gestaltet. Alte Arme kommen zur\u00fcck, m\u00e4andrierung in die Niederlande, Geb\u00e4ude und Bauten entlang der Fluss werden restauriert.","breadcrumb":{"@id":"https:\/\/deberkel.info\/de\/intro\/#breadcrumb"},"inLanguage":"de","potentialAction":[{"@type":"ReadAction","target":["https:\/\/deberkel.info\/de\/intro\/"]}]},{"@type":"BreadcrumbList","@id":"https:\/\/deberkel.info\/de\/intro\/#breadcrumb","itemListElement":[{"@type":"ListItem","position":1,"name":"Home","item":"https:\/\/deberkel.info\/de\/"},{"@type":"ListItem","position":2,"name":"Intro"}]},{"@type":"WebSite","@id":"https:\/\/deberkel.info\/#website","url":"https:\/\/deberkel.info\/","name":"Berkel Info","description":"Alles over de Berkel en het Berkeldal, van Billerbeck tot Zutphen","potentialAction":[{"@type":"SearchAction","target":{"@type":"EntryPoint","urlTemplate":"https:\/\/deberkel.info\/?s={search_term_string}"},"query-input":{"@type":"PropertyValueSpecification","valueRequired":true,"valueName":"search_term_string"}}],"inLanguage":"de"}]}},"rttpg_featured_image_url":null,"rttpg_author":{"display_name":"berkelcompagnie","author_link":"https:\/\/deberkel.info\/author\/berkelcompagnie\/"},"rttpg_comment":0,"rttpg_category":null,"rttpg_excerpt":"Berkelfluss Webseite. Hier ist eine Vielzahl von Informationen \u00fcber die Berkel und das Berkeltal zu finden. Sowie \u00fcber Berkelprozesse, Berkelprojekte (realisiert \u00fand geplant) und Organisationen die sich besch\u00e4ftigen mit der Berkel und der Verbesserung der Berkel. Hier unter kurze Intros &hellip; Weiterlesen &rarr;","_links":{"self":[{"href":"https:\/\/deberkel.info\/wp-json\/wp\/v2\/pages\/144","targetHints":{"allow":["GET"]}}],"collection":[{"href":"https:\/\/deberkel.info\/wp-json\/wp\/v2\/pages"}],"about":[{"href":"https:\/\/deberkel.info\/wp-json\/wp\/v2\/types\/page"}],"author":[{"embeddable":true,"href":"https:\/\/deberkel.info\/wp-json\/wp\/v2\/users\/1"}],"replies":[{"embeddable":true,"href":"https:\/\/deberkel.info\/wp-json\/wp\/v2\/comments?post=144"}],"version-history":[{"count":62,"href":"https:\/\/deberkel.info\/wp-json\/wp\/v2\/pages\/144\/revisions"}],"predecessor-version":[{"id":152,"href":"https:\/\/deberkel.info\/wp-json\/wp\/v2\/pages\/144\/revisions\/152"}],"wp:attachment":[{"href":"https:\/\/deberkel.info\/wp-json\/wp\/v2\/media?parent=144"}],"curies":[{"name":"wp","href":"https:\/\/api.w.org\/{rel}","templated":true}]}}