{"id":16293,"date":"2023-01-15T21:35:03","date_gmt":"2023-01-15T20:35:03","guid":{"rendered":"https:\/\/deberkel.info\/?page_id=16293"},"modified":"2024-01-06T22:29:16","modified_gmt":"2024-01-06T21:29:16","slug":"projekt-neue-bruecke-berkel-borculo","status":"publish","type":"page","link":"https:\/\/deberkel.info\/de\/projekt-neue-bruecke-berkel-borculo\/","title":{"rendered":"Projekt neue br\u00fccke Berkel Borculo"},"content":{"rendered":"<p><img loading=\"lazy\" decoding=\"async\" class=\"alignnone wp-image-16288 size-full\" src=\"https:\/\/deberkel.info\/wp-content\/uploads\/2023\/01\/SchetsBerkelBrugBorculo-600x545-1.jpg\" alt=\"\" width=\"600\" height=\"545\" srcset=\"https:\/\/deberkel.info\/wp-content\/uploads\/2023\/01\/SchetsBerkelBrugBorculo-600x545-1.jpg 600w, https:\/\/deberkel.info\/wp-content\/uploads\/2023\/01\/SchetsBerkelBrugBorculo-600x545-1-300x273.jpg 300w, https:\/\/deberkel.info\/wp-content\/uploads\/2023\/01\/SchetsBerkelBrugBorculo-600x545-1-330x300.jpg 330w\" sizes=\"auto, (max-width: 600px) 100vw, 600px\" \/><\/p>\n<p>In Borculo ist der D\u00fcker in der Berkel im &#8218;Burgemeester Bloemersstraat&#8216; ersetzt durch eine h\u00f6here Br\u00fccke.<br \/>\nJetzt kann der Berkelzomp untendurch fahren zu den Wasserm\u00fchlen und zur Schleusse.<br \/>\nDaf\u00fcr ist auch die Fussg\u00e4ngerbr\u00fccke beim &#8222;J.W. Andriessenhuis&#8220; erh\u00f6ht.<\/p>\n<p>Anfang 2023 ist das Vorwerk mit Kabeln und Leitungen fertig gemacht und der D\u00fcker entfernt. Die neue Br\u00fccke ist gebaut worden von <a href=\"https:\/\/platenkamp-bv.nl\/\" target=\"_blank\" rel=\"noopener\">Bauunternehmen Platenkamp<\/a> und <a href=\"https:\/\/www.ntp.nl\/\" target=\"_blank\" rel=\"noopener\">Wegenbau Unternehmen NTP<\/a>.<br \/>\nSeit November 2023 ist die neue &#8218;Thomas Lijferingbrug&#8216; fertig.<\/p>\n<p>Sehe die Berichte \u00fcber das Projekt hierunter:<\/p>\n\n<!-- NOTE: If you need to make changes to this file, copy it to your current theme's main\n\tdirectory so your changes won't be overwritten when the plugin is upgraded. -->\n\n<!-- Post Wrap Start-->\n<div class=\"post hentry ivycat-post\">\n\n\n\t<!-- \tThis outputs the post TITLE -->\n\t<h2 class=\"entry-title\"><a href=\"https:\/\/deberkel.info\/de\/nieuwe-berkel-brug-burg-bloemersstraat-gereed-thomas-lijferingbrug\/\">Neue Berkel Br\u00fccke Burg. Bloemersstraat fertig: Thomas Lijferingbrug<\/a><\/h2>\n\n\t<!-- \tThis outputs the post EXCERPT.  To display full content including images and html,\n\t\treplace the_excerpt(); with the_content();  below. -->\n\t\t\n\t<div class=\"entry-summary\">\n\t<!-- was: featured-image -->\n\t\t<div class=\"img-responsive\"> \n<!--\t\t<div class=\"rt-image-holder img-responsive\">  -->\n\t\t\t<a href=\"https:\/\/deberkel.info\/de\/nieuwe-berkel-brug-burg-bloemersstraat-gereed-thomas-lijferingbrug\/\">\n<!--\t\t\t\t<img loading=\"lazy\" decoding=\"async\" width=\"180\" height=\"93\" src=\"https:\/\/deberkel.info\/wp-content\/uploads\/2024\/01\/2023-ThomasLijferingBrug-GR-600x311-1.jpg\" class=\"alignleft wp-post-image\" alt=\"\" srcset=\"https:\/\/deberkel.info\/wp-content\/uploads\/2024\/01\/2023-ThomasLijferingBrug-GR-600x311-1.jpg 600w, https:\/\/deberkel.info\/wp-content\/uploads\/2024\/01\/2023-ThomasLijferingBrug-GR-600x311-1-300x156.jpg 300w, https:\/\/deberkel.info\/wp-content\/uploads\/2024\/01\/2023-ThomasLijferingBrug-GR-600x311-1-500x259.jpg 500w\" sizes=\"auto, (max-width: 180px) 100vw, 180px\" \/> -->\n\t\t\t\t<img loading=\"lazy\" decoding=\"async\" width=\"600\" height=\"311\" src=\"https:\/\/deberkel.info\/wp-content\/uploads\/2024\/01\/2023-ThomasLijferingBrug-GR-600x311-1.jpg\" class=\"attachment-600x9999 size-600x9999 wp-post-image\" alt=\"\" srcset=\"https:\/\/deberkel.info\/wp-content\/uploads\/2024\/01\/2023-ThomasLijferingBrug-GR-600x311-1.jpg 600w, https:\/\/deberkel.info\/wp-content\/uploads\/2024\/01\/2023-ThomasLijferingBrug-GR-600x311-1-300x156.jpg 300w, https:\/\/deberkel.info\/wp-content\/uploads\/2024\/01\/2023-ThomasLijferingBrug-GR-600x311-1-500x259.jpg 500w\" sizes=\"auto, (max-width: 600px) 100vw, 600px\" \/>\t\t\t\t<\/a>\n\t\t<\/div>\n\t\t<p>Sch\u00f6ne neue Br\u00fccke \u00fcber die Berkel in Borculo heisst &#8218;Thomas Lijferingbrug&#8220; <a href=\"https:\/\/deberkel.info\/de\/nieuwe-berkel-brug-burg-bloemersstraat-gereed-thomas-lijferingbrug\/\">Weiterlesen <span class=\"meta-nav\">&rarr;<\/span><\/a><\/p>\n\t<\/div>\n\n\n\t<!--\tThis outputs the post META information -->\n\t<div class=\"entry-utility\">\n<!--\t\n\t\t\t\t\t<span class=\"cat-links\">\n\t\t\t\t<span class=\"entry-utility-prep entry-utility-prep-cat-links\">Posted in<\/span> <a href=\"https:\/\/deberkel.info\/de\/berichtenlijsten\/nieuwe-berkelbrug-borculo-2023\/\" rel=\"category tag\">Nieuwe Berkelbrug Borculo 2023<\/a>, <a href=\"https:\/\/deberkel.info\/de\/nieuws\/\" rel=\"category tag\">Titelseite Nachrichten<\/a>\t\t\t<\/span>\n\t\t\t<span class=\"meta-sep\">|<\/span>\n\t\t\t\t\t\t<span class=\"comments-link\">\n\t\t\t<span>Kommentare deaktiviert<span class=\"screen-reader-text\"> f\u00fcr Neue Berkel Br\u00fccke Burg. Bloemersstraat fertig: Thomas Lijferingbrug<\/span><\/span>\t\t<\/span>\n\t\t\t<\/div>\n-->\n<\/div>\n<!-- \/\/ Post Wrap End -->\n\n<!-- NOTE: If you need to make changes to this file, copy it to your current theme's main\n\tdirectory so your changes won't be overwritten when the plugin is upgraded. -->\n\n<!-- Post Wrap Start-->\n<div class=\"post hentry ivycat-post\">\n\n\n\t<!-- \tThis outputs the post TITLE -->\n\t<h2 class=\"entry-title\"><a href=\"https:\/\/deberkel.info\/de\/neue-berkel-bruecke-burg-bloemersstraat-borculo-kurz-vor-fertigstellung\/\">Neue Berkel Br\u00fccke Burg. Bloemersstraat Borculo kurz vor Fertigstellung<\/a><\/h2>\n\n\t<!-- \tThis outputs the post EXCERPT.  To display full content including images and html,\n\t\treplace the_excerpt(); with the_content();  below. -->\n\t\t\n\t<div class=\"entry-summary\">\n\t<!-- was: featured-image -->\n\t\t<div class=\"img-responsive\"> \n<!--\t\t<div class=\"rt-image-holder img-responsive\">  -->\n\t\t\t<a href=\"https:\/\/deberkel.info\/de\/neue-berkel-bruecke-burg-bloemersstraat-borculo-kurz-vor-fertigstellung\/\">\n<!--\t\t\t\t<img loading=\"lazy\" decoding=\"async\" width=\"180\" height=\"101\" src=\"https:\/\/deberkel.info\/wp-content\/uploads\/2023\/07\/20230715-BrugBloemersstraatCollinErnst1-600x338-1.jpg\" class=\"alignleft wp-post-image\" alt=\"\" srcset=\"https:\/\/deberkel.info\/wp-content\/uploads\/2023\/07\/20230715-BrugBloemersstraatCollinErnst1-600x338-1.jpg 600w, https:\/\/deberkel.info\/wp-content\/uploads\/2023\/07\/20230715-BrugBloemersstraatCollinErnst1-600x338-1-300x169.jpg 300w, https:\/\/deberkel.info\/wp-content\/uploads\/2023\/07\/20230715-BrugBloemersstraatCollinErnst1-600x338-1-500x282.jpg 500w\" sizes=\"auto, (max-width: 180px) 100vw, 180px\" \/> -->\n\t\t\t\t<img loading=\"lazy\" decoding=\"async\" width=\"600\" height=\"338\" src=\"https:\/\/deberkel.info\/wp-content\/uploads\/2023\/07\/20230715-BrugBloemersstraatCollinErnst1-600x338-1.jpg\" class=\"attachment-600x9999 size-600x9999 wp-post-image\" alt=\"\" srcset=\"https:\/\/deberkel.info\/wp-content\/uploads\/2023\/07\/20230715-BrugBloemersstraatCollinErnst1-600x338-1.jpg 600w, https:\/\/deberkel.info\/wp-content\/uploads\/2023\/07\/20230715-BrugBloemersstraatCollinErnst1-600x338-1-300x169.jpg 300w, https:\/\/deberkel.info\/wp-content\/uploads\/2023\/07\/20230715-BrugBloemersstraatCollinErnst1-600x338-1-500x282.jpg 500w\" sizes=\"auto, (max-width: 600px) 100vw, 600px\" \/>\t\t\t\t<\/a>\n\t\t<\/div>\n\t\t<p>Sch\u00f6ne Bilder am 15. Juli 2023 der neue Br\u00fccke in Bau \u00fcber der Berkel in der Burgemeester Bloemersstraat in Borculo <a href=\"https:\/\/deberkel.info\/de\/neue-berkel-bruecke-burg-bloemersstraat-borculo-kurz-vor-fertigstellung\/\">Weiterlesen <span class=\"meta-nav\">&rarr;<\/span><\/a><\/p>\n\t<\/div>\n\n\n\t<!--\tThis outputs the post META information -->\n\t<div class=\"entry-utility\">\n<!--\t\n\t\t\t\t\t<span class=\"cat-links\">\n\t\t\t\t<span class=\"entry-utility-prep entry-utility-prep-cat-links\">Posted in<\/span> <a href=\"https:\/\/deberkel.info\/de\/berichtenlijsten\/nieuwe-berkelbrug-borculo-2023\/\" rel=\"category tag\">Nieuwe Berkelbrug Borculo 2023<\/a>, <a href=\"https:\/\/deberkel.info\/de\/nieuws\/\" rel=\"category tag\">Titelseite Nachrichten<\/a>\t\t\t<\/span>\n\t\t\t<span class=\"meta-sep\">|<\/span>\n\t\t\t\t\t\t<span class=\"comments-link\">\n\t\t\t<span>Kommentare deaktiviert<span class=\"screen-reader-text\"> f\u00fcr Neue Berkel Br\u00fccke Burg. Bloemersstraat Borculo kurz vor Fertigstellung<\/span><\/span>\t\t<\/span>\n\t\t\t<\/div>\n-->\n<\/div>\n<!-- \/\/ Post Wrap End -->\n\n<!-- NOTE: If you need to make changes to this file, copy it to your current theme's main\n\tdirectory so your changes won't be overwritten when the plugin is upgraded. -->\n\n<!-- Post Wrap Start-->\n<div class=\"post hentry ivycat-post\">\n\n\n\t<!-- \tThis outputs the post TITLE -->\n\t<h2 class=\"entry-title\"><a href=\"https:\/\/deberkel.info\/de\/stentor-brautspaare-auf-der-berkel-in-hochzeitszomp\/\">Stentor: Brautspaare auf der Berkel in &#8218;Hochzeitszomp&#8216;<\/a><\/h2>\n\n\t<!-- \tThis outputs the post EXCERPT.  To display full content including images and html,\n\t\treplace the_excerpt(); with the_content();  below. -->\n\t\t\n\t<div class=\"entry-summary\">\n\t<!-- was: featured-image -->\n\t\t<div class=\"img-responsive\"> \n<!--\t\t<div class=\"rt-image-holder img-responsive\">  -->\n\t\t\t<a href=\"https:\/\/deberkel.info\/de\/stentor-brautspaare-auf-der-berkel-in-hochzeitszomp\/\">\n<!--\t\t\t\t<img loading=\"lazy\" decoding=\"async\" width=\"180\" height=\"94\" src=\"https:\/\/deberkel.info\/wp-content\/uploads\/2019\/03\/20190316BerkelzompJappeTeWaterGelaten.jpg\" class=\"alignleft wp-post-image\" alt=\"\" srcset=\"https:\/\/deberkel.info\/wp-content\/uploads\/2019\/03\/20190316BerkelzompJappeTeWaterGelaten.jpg 540w, https:\/\/deberkel.info\/wp-content\/uploads\/2019\/03\/20190316BerkelzompJappeTeWaterGelaten-300x156.jpg 300w, https:\/\/deberkel.info\/wp-content\/uploads\/2019\/03\/20190316BerkelzompJappeTeWaterGelaten-500x260.jpg 500w\" sizes=\"auto, (max-width: 180px) 100vw, 180px\" \/> -->\n\t\t\t\t<img loading=\"lazy\" decoding=\"async\" width=\"540\" height=\"281\" src=\"https:\/\/deberkel.info\/wp-content\/uploads\/2019\/03\/20190316BerkelzompJappeTeWaterGelaten.jpg\" class=\"attachment-600x9999 size-600x9999 wp-post-image\" alt=\"\" srcset=\"https:\/\/deberkel.info\/wp-content\/uploads\/2019\/03\/20190316BerkelzompJappeTeWaterGelaten.jpg 540w, https:\/\/deberkel.info\/wp-content\/uploads\/2019\/03\/20190316BerkelzompJappeTeWaterGelaten-300x156.jpg 300w, https:\/\/deberkel.info\/wp-content\/uploads\/2019\/03\/20190316BerkelzompJappeTeWaterGelaten-500x260.jpg 500w\" sizes=\"auto, (max-width: 540px) 100vw, 540px\" \/>\t\t\t\t<\/a>\n\t\t<\/div>\n\t\t<p>Stentor: nachdem die neue Berkel Br\u00fccke im &#8218;Burgemeester Bloemersstraat&#8216; fertig ist k\u00f6nnen Brautspaare die Jappe benutzen als Hochzeitsboot <a href=\"https:\/\/deberkel.info\/de\/stentor-brautspaare-auf-der-berkel-in-hochzeitszomp\/\">Weiterlesen <span class=\"meta-nav\">&rarr;<\/span><\/a><\/p>\n\t<\/div>\n\n\n\t<!--\tThis outputs the post META information -->\n\t<div class=\"entry-utility\">\n<!--\t\n\t\t\t\t\t<span class=\"cat-links\">\n\t\t\t\t<span class=\"entry-utility-prep entry-utility-prep-cat-links\">Posted in<\/span> <a href=\"https:\/\/deberkel.info\/de\/berichtenlijsten\/nieuwe-berkelbrug-borculo-2023\/\" rel=\"category tag\">Nieuwe Berkelbrug Borculo 2023<\/a>, <a href=\"https:\/\/deberkel.info\/de\/nieuws\/\" rel=\"category tag\">Titelseite Nachrichten<\/a>\t\t\t<\/span>\n\t\t\t<span class=\"meta-sep\">|<\/span>\n\t\t\t\t\t\t<span class=\"comments-link\">\n\t\t\t<span>Kommentare deaktiviert<span class=\"screen-reader-text\"> f\u00fcr Stentor: Brautspaare auf der Berkel in &#8218;Hochzeitszomp&#8216;<\/span><\/span>\t\t<\/span>\n\t\t\t<\/div>\n-->\n<\/div>\n<!-- \/\/ Post Wrap End -->\n\n<p>Sehe auch der Bericht des informierendes Treffens im Zompenloze in Borculo am 11. Januari 2023 in <a href=\"https:\/\/www.nieuwsuitberkelland.nl\/2023\/01\/informatiebijeenkomst-over-nieuwe-brug-in-borculo-goed-bezocht\/\" target=\"_blank\" rel=\"noopener\">Nieuws Uit Berkelland<\/a> hierunter:<br \/>\n<img loading=\"lazy\" decoding=\"async\" class=\"alignnone wp-image-16290 size-full\" src=\"https:\/\/deberkel.info\/wp-content\/uploads\/2023\/01\/20230111_BerkelbrugBijeenkomstBorculo-600x224-1.jpg\" alt=\"\" width=\"600\" height=\"224\" srcset=\"https:\/\/deberkel.info\/wp-content\/uploads\/2023\/01\/20230111_BerkelbrugBijeenkomstBorculo-600x224-1.jpg 600w, https:\/\/deberkel.info\/wp-content\/uploads\/2023\/01\/20230111_BerkelbrugBijeenkomstBorculo-600x224-1-300x112.jpg 300w, https:\/\/deberkel.info\/wp-content\/uploads\/2023\/01\/20230111_BerkelbrugBijeenkomstBorculo-600x224-1-500x187.jpg 500w\" sizes=\"auto, (max-width: 600px) 100vw, 600px\" \/><\/p>\n<a href=\"https:\/\/deberkel.info\/wp-content\/uploads\/2023\/01\/20230111_BerkelbrugBijeenkomstBorculoNUB.pdf\" class=\"pdfemb-viewer\" style=\"width: 800px; \" data-width=\"800\" data-height=\"max\" data-mobile-width=\"500\"  data-scrollbar=\"none\" data-download=\"on\" data-tracking=\"on\" data-newwindow=\"on\" data-pagetextbox=\"off\" data-scrolltotop=\"off\" data-startzoom=\"100\" data-startfpzoom=\"100\" data-toolbar=\"both\" data-toolbar-fixed=\"on\">20230111_BerkelbrugBijeenkomstBorculoNUB<br\/><\/a>\n","protected":false},"excerpt":{"rendered":"<p>In Borculo ist der D\u00fcker in der Berkel im &#8218;Burgemeester Bloemersstraat&#8216; ersetzt durch eine h\u00f6here Br\u00fccke. Jetzt kann der Berkelzomp untendurch fahren zu den Wasserm\u00fchlen und zur Schleusse. Daf\u00fcr ist auch die Fussg\u00e4ngerbr\u00fccke beim &#8222;J.W. Andriessenhuis&#8220; erh\u00f6ht. Anfang 2023 ist &hellip; <a href=\"https:\/\/deberkel.info\/de\/stentor-brautspaare-auf-der-berkel-in-hochzeitszomp\/\">Weiterlesen <span class=\"meta-nav\">&rarr;<\/span><\/a> <a href=\"https:\/\/deberkel.info\/de\/stentor-brautspaare-auf-der-berkel-in-hochzeitszomp\/\">Weiterlesen <span class=\"meta-nav\">&rarr;<\/span><\/a><\/p>\n","protected":false},"author":1,"featured_media":16288,"parent":0,"menu_order":0,"comment_status":"closed","ping_status":"closed","template":"","meta":{"_exactmetrics_skip_tracking":false,"_exactmetrics_sitenote_active":false,"_exactmetrics_sitenote_note":"","_exactmetrics_sitenote_category":0,"ngg_post_thumbnail":0,"_locale":"de_DE","_original_post":"https:\/\/deberkel.info\/?page_id=16281","footnotes":"","_links_to":"","_links_to_target":""},"class_list":["post-16293","page","type-page","status-publish","has-post-thumbnail","hentry","de-DE"],"yoast_head":"<!-- This site is optimized with the Yoast SEO plugin v27.3 - https:\/\/yoast.com\/product\/yoast-seo-wordpress\/ -->\n<title>Projekt neue br\u00fccke Berkel Borculo - Berkel Info<\/title>\n<meta name=\"description\" content=\"Der D\u00fcker in der Berkel im Burgemeester Bloemersstraat\u00a0in Borculo wird ersetzt durche eine h\u00f6here Br\u00fccke.\" \/>\n<meta name=\"robots\" content=\"index, follow, max-snippet:-1, max-image-preview:large, max-video-preview:-1\" \/>\n<link rel=\"canonical\" href=\"https:\/\/deberkel.info\/de\/projekt-neue-bruecke-berkel-borculo\/\" \/>\n<meta property=\"og:locale\" content=\"de_DE\" \/>\n<meta property=\"og:type\" content=\"article\" \/>\n<meta property=\"og:title\" content=\"Projekt neue br\u00fccke Berkel Borculo - Berkel Info\" \/>\n<meta property=\"og:description\" content=\"Der D\u00fcker in der Berkel im Burgemeester Bloemersstraat\u00a0in Borculo wird ersetzt durche eine h\u00f6here Br\u00fccke.\" \/>\n<meta property=\"og:url\" content=\"https:\/\/deberkel.info\/de\/projekt-neue-bruecke-berkel-borculo\/\" \/>\n<meta property=\"og:site_name\" content=\"Berkel Info\" \/>\n<meta property=\"article:modified_time\" content=\"2024-01-06T21:29:16+00:00\" \/>\n<meta property=\"og:image\" content=\"https:\/\/deberkel.info\/wp-content\/uploads\/2023\/01\/SchetsBerkelBrugBorculo-600x545-1.jpg\" \/>\n\t<meta property=\"og:image:width\" content=\"600\" \/>\n\t<meta property=\"og:image:height\" content=\"545\" \/>\n\t<meta property=\"og:image:type\" content=\"image\/jpeg\" \/>\n<meta name=\"twitter:card\" content=\"summary_large_image\" \/>\n<meta name=\"twitter:label1\" content=\"Gesch\u00e4tzte Lesezeit\" \/>\n\t<meta name=\"twitter:data1\" content=\"2\u00a0Minuten\" \/>\n<script type=\"application\/ld+json\" class=\"yoast-schema-graph\">{\"@context\":\"https:\\\/\\\/schema.org\",\"@graph\":[{\"@type\":\"WebPage\",\"@id\":\"https:\\\/\\\/deberkel.info\\\/de\\\/projekt-neue-bruecke-berkel-borculo\\\/\",\"url\":\"https:\\\/\\\/deberkel.info\\\/de\\\/projekt-neue-bruecke-berkel-borculo\\\/\",\"name\":\"Projekt neue br\u00fccke Berkel Borculo - Berkel Info\",\"isPartOf\":{\"@id\":\"https:\\\/\\\/deberkel.info\\\/#website\"},\"primaryImageOfPage\":{\"@id\":\"https:\\\/\\\/deberkel.info\\\/de\\\/projekt-neue-bruecke-berkel-borculo\\\/#primaryimage\"},\"image\":{\"@id\":\"https:\\\/\\\/deberkel.info\\\/de\\\/projekt-neue-bruecke-berkel-borculo\\\/#primaryimage\"},\"thumbnailUrl\":\"https:\\\/\\\/deberkel.info\\\/wp-content\\\/uploads\\\/2023\\\/01\\\/SchetsBerkelBrugBorculo-600x545-1.jpg\",\"datePublished\":\"2023-01-15T20:35:03+00:00\",\"dateModified\":\"2024-01-06T21:29:16+00:00\",\"description\":\"Der D\u00fcker in der Berkel im Burgemeester Bloemersstraat\u00a0in Borculo wird ersetzt durche eine h\u00f6here Br\u00fccke.\",\"breadcrumb\":{\"@id\":\"https:\\\/\\\/deberkel.info\\\/de\\\/projekt-neue-bruecke-berkel-borculo\\\/#breadcrumb\"},\"inLanguage\":\"de\",\"potentialAction\":[{\"@type\":\"ReadAction\",\"target\":[\"https:\\\/\\\/deberkel.info\\\/de\\\/projekt-neue-bruecke-berkel-borculo\\\/\"]}]},{\"@type\":\"ImageObject\",\"inLanguage\":\"de\",\"@id\":\"https:\\\/\\\/deberkel.info\\\/de\\\/projekt-neue-bruecke-berkel-borculo\\\/#primaryimage\",\"url\":\"https:\\\/\\\/deberkel.info\\\/wp-content\\\/uploads\\\/2023\\\/01\\\/SchetsBerkelBrugBorculo-600x545-1.jpg\",\"contentUrl\":\"https:\\\/\\\/deberkel.info\\\/wp-content\\\/uploads\\\/2023\\\/01\\\/SchetsBerkelBrugBorculo-600x545-1.jpg\",\"width\":600,\"height\":545},{\"@type\":\"BreadcrumbList\",\"@id\":\"https:\\\/\\\/deberkel.info\\\/de\\\/projekt-neue-bruecke-berkel-borculo\\\/#breadcrumb\",\"itemListElement\":[{\"@type\":\"ListItem\",\"position\":1,\"name\":\"Home\",\"item\":\"https:\\\/\\\/deberkel.info\\\/de\\\/\"},{\"@type\":\"ListItem\",\"position\":2,\"name\":\"Projekt neue br\u00fccke Berkel Borculo\"}]},{\"@type\":\"WebSite\",\"@id\":\"https:\\\/\\\/deberkel.info\\\/#website\",\"url\":\"https:\\\/\\\/deberkel.info\\\/\",\"name\":\"Berkel Info\",\"description\":\"Alles over de Berkel en het Berkeldal, van Billerbeck tot Zutphen\",\"potentialAction\":[{\"@type\":\"SearchAction\",\"target\":{\"@type\":\"EntryPoint\",\"urlTemplate\":\"https:\\\/\\\/deberkel.info\\\/?s={search_term_string}\"},\"query-input\":{\"@type\":\"PropertyValueSpecification\",\"valueRequired\":true,\"valueName\":\"search_term_string\"}}],\"inLanguage\":\"de\"}]}<\/script>\n<!-- \/ Yoast SEO plugin. -->","yoast_head_json":{"title":"Projekt neue br\u00fccke Berkel Borculo - Berkel Info","description":"Der D\u00fcker in der Berkel im Burgemeester Bloemersstraat\u00a0in Borculo wird ersetzt durche eine h\u00f6here Br\u00fccke.","robots":{"index":"index","follow":"follow","max-snippet":"max-snippet:-1","max-image-preview":"max-image-preview:large","max-video-preview":"max-video-preview:-1"},"canonical":"https:\/\/deberkel.info\/de\/projekt-neue-bruecke-berkel-borculo\/","og_locale":"de_DE","og_type":"article","og_title":"Projekt neue br\u00fccke Berkel Borculo - Berkel Info","og_description":"Der D\u00fcker in der Berkel im Burgemeester Bloemersstraat\u00a0in Borculo wird ersetzt durche eine h\u00f6here Br\u00fccke.","og_url":"https:\/\/deberkel.info\/de\/projekt-neue-bruecke-berkel-borculo\/","og_site_name":"Berkel Info","article_modified_time":"2024-01-06T21:29:16+00:00","og_image":[{"width":600,"height":545,"url":"https:\/\/deberkel.info\/wp-content\/uploads\/2023\/01\/SchetsBerkelBrugBorculo-600x545-1.jpg","type":"image\/jpeg"}],"twitter_card":"summary_large_image","twitter_misc":{"Gesch\u00e4tzte Lesezeit":"2\u00a0Minuten"},"schema":{"@context":"https:\/\/schema.org","@graph":[{"@type":"WebPage","@id":"https:\/\/deberkel.info\/de\/projekt-neue-bruecke-berkel-borculo\/","url":"https:\/\/deberkel.info\/de\/projekt-neue-bruecke-berkel-borculo\/","name":"Projekt neue br\u00fccke Berkel Borculo - Berkel Info","isPartOf":{"@id":"https:\/\/deberkel.info\/#website"},"primaryImageOfPage":{"@id":"https:\/\/deberkel.info\/de\/projekt-neue-bruecke-berkel-borculo\/#primaryimage"},"image":{"@id":"https:\/\/deberkel.info\/de\/projekt-neue-bruecke-berkel-borculo\/#primaryimage"},"thumbnailUrl":"https:\/\/deberkel.info\/wp-content\/uploads\/2023\/01\/SchetsBerkelBrugBorculo-600x545-1.jpg","datePublished":"2023-01-15T20:35:03+00:00","dateModified":"2024-01-06T21:29:16+00:00","description":"Der D\u00fcker in der Berkel im Burgemeester Bloemersstraat\u00a0in Borculo wird ersetzt durche eine h\u00f6here Br\u00fccke.","breadcrumb":{"@id":"https:\/\/deberkel.info\/de\/projekt-neue-bruecke-berkel-borculo\/#breadcrumb"},"inLanguage":"de","potentialAction":[{"@type":"ReadAction","target":["https:\/\/deberkel.info\/de\/projekt-neue-bruecke-berkel-borculo\/"]}]},{"@type":"ImageObject","inLanguage":"de","@id":"https:\/\/deberkel.info\/de\/projekt-neue-bruecke-berkel-borculo\/#primaryimage","url":"https:\/\/deberkel.info\/wp-content\/uploads\/2023\/01\/SchetsBerkelBrugBorculo-600x545-1.jpg","contentUrl":"https:\/\/deberkel.info\/wp-content\/uploads\/2023\/01\/SchetsBerkelBrugBorculo-600x545-1.jpg","width":600,"height":545},{"@type":"BreadcrumbList","@id":"https:\/\/deberkel.info\/de\/projekt-neue-bruecke-berkel-borculo\/#breadcrumb","itemListElement":[{"@type":"ListItem","position":1,"name":"Home","item":"https:\/\/deberkel.info\/de\/"},{"@type":"ListItem","position":2,"name":"Projekt neue br\u00fccke Berkel Borculo"}]},{"@type":"WebSite","@id":"https:\/\/deberkel.info\/#website","url":"https:\/\/deberkel.info\/","name":"Berkel Info","description":"Alles over de Berkel en het Berkeldal, van Billerbeck tot Zutphen","potentialAction":[{"@type":"SearchAction","target":{"@type":"EntryPoint","urlTemplate":"https:\/\/deberkel.info\/?s={search_term_string}"},"query-input":{"@type":"PropertyValueSpecification","valueRequired":true,"valueName":"search_term_string"}}],"inLanguage":"de"}]}},"rttpg_featured_image_url":{"full":["https:\/\/deberkel.info\/wp-content\/uploads\/2023\/01\/SchetsBerkelBrugBorculo-600x545-1.jpg",600,545,false],"landscape":["https:\/\/deberkel.info\/wp-content\/uploads\/2023\/01\/SchetsBerkelBrugBorculo-600x545-1.jpg",600,545,false],"portraits":["https:\/\/deberkel.info\/wp-content\/uploads\/2023\/01\/SchetsBerkelBrugBorculo-600x545-1.jpg",600,545,false],"thumbnail":["https:\/\/deberkel.info\/wp-content\/uploads\/2023\/01\/SchetsBerkelBrugBorculo-600x545-1-150x150.jpg",150,150,true],"medium":["https:\/\/deberkel.info\/wp-content\/uploads\/2023\/01\/SchetsBerkelBrugBorculo-600x545-1-300x273.jpg",300,273,true],"large":["https:\/\/deberkel.info\/wp-content\/uploads\/2023\/01\/SchetsBerkelBrugBorculo-600x545-1.jpg",584,530,false],"1536x1536":["https:\/\/deberkel.info\/wp-content\/uploads\/2023\/01\/SchetsBerkelBrugBorculo-600x545-1.jpg",600,545,false],"2048x2048":["https:\/\/deberkel.info\/wp-content\/uploads\/2023\/01\/SchetsBerkelBrugBorculo-600x545-1.jpg",600,545,false],"post-thumbnail":["https:\/\/deberkel.info\/wp-content\/uploads\/2023\/01\/SchetsBerkelBrugBorculo-600x545-1-600x288.jpg",600,288,true],"large-feature":["https:\/\/deberkel.info\/wp-content\/uploads\/2023\/01\/SchetsBerkelBrugBorculo-600x545-1-600x288.jpg",600,288,true],"small-feature":["https:\/\/deberkel.info\/wp-content\/uploads\/2023\/01\/SchetsBerkelBrugBorculo-600x545-1-330x300.jpg",330,300,true]},"rttpg_author":{"display_name":"berkelcompagnie","author_link":"https:\/\/deberkel.info\/author\/berkelcompagnie\/"},"rttpg_comment":0,"rttpg_category":"","rttpg_excerpt":"In Borculo ist der D\u00fcker in der Berkel im &#8218;Burgemeester Bloemersstraat&#8216; ersetzt durch eine h\u00f6here Br\u00fccke. Jetzt kann der Berkelzomp untendurch fahren zu den Wasserm\u00fchlen und zur Schleusse. Daf\u00fcr ist auch die Fussg\u00e4ngerbr\u00fccke beim &#8222;J.W. Andriessenhuis&#8220; erh\u00f6ht. Anfang 2023 ist &hellip; Weiterlesen &rarr; Weiterlesen &rarr;","_links":{"self":[{"href":"https:\/\/deberkel.info\/wp-json\/wp\/v2\/pages\/16293","targetHints":{"allow":["GET"]}}],"collection":[{"href":"https:\/\/deberkel.info\/wp-json\/wp\/v2\/pages"}],"about":[{"href":"https:\/\/deberkel.info\/wp-json\/wp\/v2\/types\/page"}],"author":[{"embeddable":true,"href":"https:\/\/deberkel.info\/wp-json\/wp\/v2\/users\/1"}],"replies":[{"embeddable":true,"href":"https:\/\/deberkel.info\/wp-json\/wp\/v2\/comments?post=16293"}],"version-history":[{"count":10,"href":"https:\/\/deberkel.info\/wp-json\/wp\/v2\/pages\/16293\/revisions"}],"predecessor-version":[{"id":18089,"href":"https:\/\/deberkel.info\/wp-json\/wp\/v2\/pages\/16293\/revisions\/18089"}],"wp:featuredmedia":[{"embeddable":true,"href":"https:\/\/deberkel.info\/wp-json\/wp\/v2\/media\/16288"}],"wp:attachment":[{"href":"https:\/\/deberkel.info\/wp-json\/wp\/v2\/media?parent=16293"}],"curies":[{"name":"wp","href":"https:\/\/api.w.org\/{rel}","templated":true}]}}