{"id":18211,"date":"2024-04-23T23:12:17","date_gmt":"2024-04-23T21:12:17","guid":{"rendered":"https:\/\/deberkel.info\/?page_id=18211"},"modified":"2024-04-23T23:12:17","modified_gmt":"2024-04-23T21:12:17","slug":"2024-ausflug-bilder","status":"publish","type":"page","link":"https:\/\/deberkel.info\/de\/berkelkompanie\/2024-ausflug-bilder\/","title":{"rendered":"2024 Ausflug Bilder"},"content":{"rendered":"<p>In 2024 war der j\u00e4hrliche Ausflug der Mitglieder der 3. Berkelkompanie wieder an Niederl\u00e4ndische Seite im Berkeltal: in Zutphen, Warken und Borculo, ganz gut organisiert von Marja Schulenberg und Arnold Kion.<\/p>\n<p>Hierunter die Bilder des sch\u00f6nen Ausflugs.<br \/>\nKlicke ein Bild f\u00fcr ein gro\u00dferes und zum Bl\u00e4ttern.<\/p>\nngg_shortcode_0_placeholder\n<hr>\n","protected":false},"excerpt":{"rendered":"<p>In 2024 war der j\u00e4hrliche Ausflug der Mitglieder der 3. Berkelkompanie wieder an Niederl\u00e4ndische Seite im Berkeltal: in Zutphen, Warken und Borculo, ganz gut organisiert von Marja Schulenberg und Arnold Kion. Hierunter die Bilder des sch\u00f6nen Ausflugs. Klicke ein Bild &hellip; <a href=\"https:\/\/deberkel.info\/de\/berkelkompanie\/2024-ausflug-bilder\/\">Weiterlesen <span class=\"meta-nav\">&rarr;<\/span><\/a><\/p>\n","protected":false},"author":1,"featured_media":18209,"parent":8738,"menu_order":0,"comment_status":"closed","ping_status":"closed","template":"","meta":{"_exactmetrics_skip_tracking":false,"_exactmetrics_sitenote_active":false,"_exactmetrics_sitenote_note":"","_exactmetrics_sitenote_category":0,"ngg_post_thumbnail":0,"_locale":"de_DE","_original_post":"https:\/\/deberkel.info\/?page_id=18168","footnotes":"","_links_to":"","_links_to_target":""},"class_list":["post-18211","page","type-page","status-publish","has-post-thumbnail","hentry","de-DE"],"yoast_head":"<!-- This site is optimized with the Yoast SEO plugin v27.5 - https:\/\/yoast.com\/product\/yoast-seo-wordpress\/ -->\n<title>2024 Ausflug Bilder - Berkel Info<\/title>\n<meta name=\"description\" content=\"Ausflug 2024 Mitglieder der 3. Berkelkompanie an Niederl\u00e4ndische Seite im Berkeltal\" \/>\n<meta name=\"robots\" content=\"index, follow, max-snippet:-1, max-image-preview:large, max-video-preview:-1\" \/>\n<link rel=\"canonical\" href=\"https:\/\/deberkel.info\/de\/berkelkompanie\/2024-ausflug-bilder\/\" \/>\n<meta property=\"og:locale\" content=\"de_DE\" \/>\n<meta property=\"og:type\" content=\"article\" \/>\n<meta property=\"og:title\" content=\"2024 Ausflug Bilder - Berkel Info\" \/>\n<meta property=\"og:description\" content=\"Ausflug 2024 Mitglieder der 3. Berkelkompanie an Niederl\u00e4ndische Seite im Berkeltal\" \/>\n<meta property=\"og:url\" content=\"https:\/\/deberkel.info\/de\/berkelkompanie\/2024-ausflug-bilder\/\" \/>\n<meta property=\"og:site_name\" content=\"Berkel Info\" \/>\n<meta property=\"og:image\" content=\"https:\/\/deberkel.info\/wp-content\/uploads\/2024\/04\/20240419_161533-2048-1200.jpg\" \/>\n\t<meta property=\"og:image:width\" content=\"1200\" \/>\n\t<meta property=\"og:image:height\" content=\"900\" \/>\n\t<meta property=\"og:image:type\" content=\"image\/jpeg\" \/>\n<meta name=\"twitter:card\" content=\"summary_large_image\" \/>\n<meta name=\"twitter:label1\" content=\"Gesch\u00e4tzte Lesezeit\" \/>\n\t<meta name=\"twitter:data1\" content=\"1\u00a0Minute\" \/>\n<script type=\"application\/ld+json\" class=\"yoast-schema-graph\">{\"@context\":\"https:\\\/\\\/schema.org\",\"@graph\":[{\"@type\":\"WebPage\",\"@id\":\"https:\\\/\\\/deberkel.info\\\/de\\\/berkelkompanie\\\/2024-ausflug-bilder\\\/\",\"url\":\"https:\\\/\\\/deberkel.info\\\/de\\\/berkelkompanie\\\/2024-ausflug-bilder\\\/\",\"name\":\"2024 Ausflug Bilder - Berkel Info\",\"isPartOf\":{\"@id\":\"https:\\\/\\\/deberkel.info\\\/#website\"},\"primaryImageOfPage\":{\"@id\":\"https:\\\/\\\/deberkel.info\\\/de\\\/berkelkompanie\\\/2024-ausflug-bilder\\\/#primaryimage\"},\"image\":{\"@id\":\"https:\\\/\\\/deberkel.info\\\/de\\\/berkelkompanie\\\/2024-ausflug-bilder\\\/#primaryimage\"},\"thumbnailUrl\":\"https:\\\/\\\/deberkel.info\\\/wp-content\\\/uploads\\\/2024\\\/04\\\/20240419_161533-2048-1200.jpg\",\"datePublished\":\"2024-04-23T21:12:17+00:00\",\"description\":\"Ausflug 2024 Mitglieder der 3. Berkelkompanie an Niederl\u00e4ndische Seite im Berkeltal\",\"breadcrumb\":{\"@id\":\"https:\\\/\\\/deberkel.info\\\/de\\\/berkelkompanie\\\/2024-ausflug-bilder\\\/#breadcrumb\"},\"inLanguage\":\"de\",\"potentialAction\":[{\"@type\":\"ReadAction\",\"target\":[\"https:\\\/\\\/deberkel.info\\\/de\\\/berkelkompanie\\\/2024-ausflug-bilder\\\/\"]}]},{\"@type\":\"ImageObject\",\"inLanguage\":\"de\",\"@id\":\"https:\\\/\\\/deberkel.info\\\/de\\\/berkelkompanie\\\/2024-ausflug-bilder\\\/#primaryimage\",\"url\":\"https:\\\/\\\/deberkel.info\\\/wp-content\\\/uploads\\\/2024\\\/04\\\/20240419_161533-2048-1200.jpg\",\"contentUrl\":\"https:\\\/\\\/deberkel.info\\\/wp-content\\\/uploads\\\/2024\\\/04\\\/20240419_161533-2048-1200.jpg\",\"width\":1200,\"height\":900},{\"@type\":\"BreadcrumbList\",\"@id\":\"https:\\\/\\\/deberkel.info\\\/de\\\/berkelkompanie\\\/2024-ausflug-bilder\\\/#breadcrumb\",\"itemListElement\":[{\"@type\":\"ListItem\",\"position\":1,\"name\":\"Home\",\"item\":\"https:\\\/\\\/deberkel.info\\\/de\\\/\"},{\"@type\":\"ListItem\",\"position\":2,\"name\":\"3. Berkelkompanie\",\"item\":\"https:\\\/\\\/deberkel.info\\\/de\\\/berkelkompanie\\\/\"},{\"@type\":\"ListItem\",\"position\":3,\"name\":\"2024 Ausflug Bilder\"}]},{\"@type\":\"WebSite\",\"@id\":\"https:\\\/\\\/deberkel.info\\\/#website\",\"url\":\"https:\\\/\\\/deberkel.info\\\/\",\"name\":\"Berkel Info\",\"description\":\"Alles over de Berkel en het Berkeldal, van Billerbeck tot Zutphen\",\"potentialAction\":[{\"@type\":\"SearchAction\",\"target\":{\"@type\":\"EntryPoint\",\"urlTemplate\":\"https:\\\/\\\/deberkel.info\\\/?s={search_term_string}\"},\"query-input\":{\"@type\":\"PropertyValueSpecification\",\"valueRequired\":true,\"valueName\":\"search_term_string\"}}],\"inLanguage\":\"de\"}]}<\/script>\n<!-- \/ Yoast SEO plugin. -->","yoast_head_json":{"title":"2024 Ausflug Bilder - Berkel Info","description":"Ausflug 2024 Mitglieder der 3. Berkelkompanie an Niederl\u00e4ndische Seite im Berkeltal","robots":{"index":"index","follow":"follow","max-snippet":"max-snippet:-1","max-image-preview":"max-image-preview:large","max-video-preview":"max-video-preview:-1"},"canonical":"https:\/\/deberkel.info\/de\/berkelkompanie\/2024-ausflug-bilder\/","og_locale":"de_DE","og_type":"article","og_title":"2024 Ausflug Bilder - Berkel Info","og_description":"Ausflug 2024 Mitglieder der 3. Berkelkompanie an Niederl\u00e4ndische Seite im Berkeltal","og_url":"https:\/\/deberkel.info\/de\/berkelkompanie\/2024-ausflug-bilder\/","og_site_name":"Berkel Info","og_image":[{"width":1200,"height":900,"url":"https:\/\/deberkel.info\/wp-content\/uploads\/2024\/04\/20240419_161533-2048-1200.jpg","type":"image\/jpeg"}],"twitter_card":"summary_large_image","twitter_misc":{"Gesch\u00e4tzte Lesezeit":"1\u00a0Minute"},"schema":{"@context":"https:\/\/schema.org","@graph":[{"@type":"WebPage","@id":"https:\/\/deberkel.info\/de\/berkelkompanie\/2024-ausflug-bilder\/","url":"https:\/\/deberkel.info\/de\/berkelkompanie\/2024-ausflug-bilder\/","name":"2024 Ausflug Bilder - Berkel Info","isPartOf":{"@id":"https:\/\/deberkel.info\/#website"},"primaryImageOfPage":{"@id":"https:\/\/deberkel.info\/de\/berkelkompanie\/2024-ausflug-bilder\/#primaryimage"},"image":{"@id":"https:\/\/deberkel.info\/de\/berkelkompanie\/2024-ausflug-bilder\/#primaryimage"},"thumbnailUrl":"https:\/\/deberkel.info\/wp-content\/uploads\/2024\/04\/20240419_161533-2048-1200.jpg","datePublished":"2024-04-23T21:12:17+00:00","description":"Ausflug 2024 Mitglieder der 3. Berkelkompanie an Niederl\u00e4ndische Seite im Berkeltal","breadcrumb":{"@id":"https:\/\/deberkel.info\/de\/berkelkompanie\/2024-ausflug-bilder\/#breadcrumb"},"inLanguage":"de","potentialAction":[{"@type":"ReadAction","target":["https:\/\/deberkel.info\/de\/berkelkompanie\/2024-ausflug-bilder\/"]}]},{"@type":"ImageObject","inLanguage":"de","@id":"https:\/\/deberkel.info\/de\/berkelkompanie\/2024-ausflug-bilder\/#primaryimage","url":"https:\/\/deberkel.info\/wp-content\/uploads\/2024\/04\/20240419_161533-2048-1200.jpg","contentUrl":"https:\/\/deberkel.info\/wp-content\/uploads\/2024\/04\/20240419_161533-2048-1200.jpg","width":1200,"height":900},{"@type":"BreadcrumbList","@id":"https:\/\/deberkel.info\/de\/berkelkompanie\/2024-ausflug-bilder\/#breadcrumb","itemListElement":[{"@type":"ListItem","position":1,"name":"Home","item":"https:\/\/deberkel.info\/de\/"},{"@type":"ListItem","position":2,"name":"3. Berkelkompanie","item":"https:\/\/deberkel.info\/de\/berkelkompanie\/"},{"@type":"ListItem","position":3,"name":"2024 Ausflug Bilder"}]},{"@type":"WebSite","@id":"https:\/\/deberkel.info\/#website","url":"https:\/\/deberkel.info\/","name":"Berkel Info","description":"Alles over de Berkel en het Berkeldal, van Billerbeck tot Zutphen","potentialAction":[{"@type":"SearchAction","target":{"@type":"EntryPoint","urlTemplate":"https:\/\/deberkel.info\/?s={search_term_string}"},"query-input":{"@type":"PropertyValueSpecification","valueRequired":true,"valueName":"search_term_string"}}],"inLanguage":"de"}]}},"rttpg_featured_image_url":{"full":["https:\/\/deberkel.info\/wp-content\/uploads\/2024\/04\/20240419_161533-2048-1200.jpg",1200,900,false],"landscape":["https:\/\/deberkel.info\/wp-content\/uploads\/2024\/04\/20240419_161533-2048-1200.jpg",1200,900,false],"portraits":["https:\/\/deberkel.info\/wp-content\/uploads\/2024\/04\/20240419_161533-2048-1200.jpg",1200,900,false],"thumbnail":["https:\/\/deberkel.info\/wp-content\/uploads\/2024\/04\/20240419_161533-2048-1200-150x150.jpg",150,150,true],"medium":["https:\/\/deberkel.info\/wp-content\/uploads\/2024\/04\/20240419_161533-2048-1200-300x225.jpg",300,225,true],"large":["https:\/\/deberkel.info\/wp-content\/uploads\/2024\/04\/20240419_161533-2048-1200-1024x768.jpg",584,438,true],"1536x1536":["https:\/\/deberkel.info\/wp-content\/uploads\/2024\/04\/20240419_161533-2048-1200.jpg",1200,900,false],"2048x2048":["https:\/\/deberkel.info\/wp-content\/uploads\/2024\/04\/20240419_161533-2048-1200.jpg",1200,900,false],"post-thumbnail":["https:\/\/deberkel.info\/wp-content\/uploads\/2024\/04\/20240419_161533-2048-1200-1000x288.jpg",1000,288,true],"large-feature":["https:\/\/deberkel.info\/wp-content\/uploads\/2024\/04\/20240419_161533-2048-1200-1000x288.jpg",1000,288,true],"small-feature":["https:\/\/deberkel.info\/wp-content\/uploads\/2024\/04\/20240419_161533-2048-1200-400x300.jpg",400,300,true]},"rttpg_author":{"display_name":"berkelcompagnie","author_link":"https:\/\/deberkel.info\/author\/berkelcompagnie\/"},"rttpg_comment":0,"rttpg_category":null,"rttpg_excerpt":"In 2024 war der j\u00e4hrliche Ausflug der Mitglieder der 3. Berkelkompanie wieder an Niederl\u00e4ndische Seite im Berkeltal: in Zutphen, Warken und Borculo, ganz gut organisiert von Marja Schulenberg und Arnold Kion. Hierunter die Bilder des sch\u00f6nen Ausflugs. Klicke ein Bild &hellip; Weiterlesen &rarr;","_links":{"self":[{"href":"https:\/\/deberkel.info\/wp-json\/wp\/v2\/pages\/18211","targetHints":{"allow":["GET"]}}],"collection":[{"href":"https:\/\/deberkel.info\/wp-json\/wp\/v2\/pages"}],"about":[{"href":"https:\/\/deberkel.info\/wp-json\/wp\/v2\/types\/page"}],"author":[{"embeddable":true,"href":"https:\/\/deberkel.info\/wp-json\/wp\/v2\/users\/1"}],"replies":[{"embeddable":true,"href":"https:\/\/deberkel.info\/wp-json\/wp\/v2\/comments?post=18211"}],"version-history":[{"count":2,"href":"https:\/\/deberkel.info\/wp-json\/wp\/v2\/pages\/18211\/revisions"}],"predecessor-version":[{"id":18213,"href":"https:\/\/deberkel.info\/wp-json\/wp\/v2\/pages\/18211\/revisions\/18213"}],"up":[{"embeddable":true,"href":"https:\/\/deberkel.info\/wp-json\/wp\/v2\/pages\/8738"}],"wp:featuredmedia":[{"embeddable":true,"href":"https:\/\/deberkel.info\/wp-json\/wp\/v2\/media\/18209"}],"wp:attachment":[{"href":"https:\/\/deberkel.info\/wp-json\/wp\/v2\/media?parent=18211"}],"curies":[{"name":"wp","href":"https:\/\/api.w.org\/{rel}","templated":true}]}}