{"id":1919,"date":"2018-04-06T11:02:08","date_gmt":"2018-04-06T11:02:08","guid":{"rendered":"http:\/\/deberkel.info\/?page_id=1919"},"modified":"2025-05-20T22:42:25","modified_gmt":"2025-05-20T20:42:25","slug":"mitglied-werden","status":"publish","type":"page","link":"https:\/\/deberkel.info\/de\/berkelkompanie\/mitglied-werden\/","title":{"rendered":"Mitglied der 3. Berkelkompanie werden"},"content":{"rendered":"<h2>Auch Mitglied werden?<\/h2>\n<p>Mitgliede bekommen als Erste Informationen und Pl\u00e4ne und empfangen die Zeitung Nieuwsquelle.<br \/>\nAusserdem k\u00f6nnen Mitgliede jedes Jahr wieder teilnemen an einen sehr interessanten und gem\u00fcthlichen Ausflug im Berkelgebiet, das eine Jahr in den Niederlanden, das andere Jahr in Deutschland.<\/p>\n<p>Ab \u20ac 50 pro Jahr k\u00f6nnen Organisationen un Einrichtungen Freund werden.<br \/>\nF\u00fcr einzelne Personen gilt ein Beitrag von minimal \u20ac 25 pro Jahr.<\/p>\n<p>Mitglied wird man indem man uns eine <a href=\"mailto:info@berkelcompagnie.com?subject=Mitglied der 3. Berkelkompanie\">E-mail schickt mit Kontaktdaten f\u00fcr das Mitgliedschaft<\/a>.<\/p>\n","protected":false},"excerpt":{"rendered":"<p>Auch Mitglied werden? Mitgliede bekommen als Erste Informationen und Pl\u00e4ne und empfangen die Zeitung Nieuwsquelle. Ausserdem k\u00f6nnen Mitgliede jedes Jahr wieder teilnemen an einen sehr interessanten und gem\u00fcthlichen Ausflug im Berkelgebiet, das eine Jahr in den Niederlanden, das andere Jahr &hellip; <a href=\"https:\/\/deberkel.info\/de\/berkelkompanie\/mitglied-werden\/\">Weiterlesen <span class=\"meta-nav\">&rarr;<\/span><\/a><\/p>\n","protected":false},"author":1,"featured_media":0,"parent":8738,"menu_order":0,"comment_status":"closed","ping_status":"closed","template":"sidebar-page.php","meta":{"_exactmetrics_skip_tracking":false,"_exactmetrics_sitenote_active":false,"_exactmetrics_sitenote_note":"","_exactmetrics_sitenote_category":0,"ngg_post_thumbnail":0,"_locale":"de_DE","_original_post":"1916","footnotes":"","_links_to":"","_links_to_target":""},"class_list":["post-1919","page","type-page","status-publish","hentry","de-DE"],"yoast_head":"<!-- This site is optimized with the Yoast SEO plugin v27.3 - https:\/\/yoast.com\/product\/yoast-seo-wordpress\/ -->\n<title>Mitglied der 3. Berkelkompanie werden - Berkel Info<\/title>\n<meta name=\"description\" content=\"Anmeldung Mitglied der 3. Berkelkompanie\" \/>\n<meta name=\"robots\" content=\"index, follow, max-snippet:-1, max-image-preview:large, max-video-preview:-1\" \/>\n<link rel=\"canonical\" href=\"https:\/\/deberkel.info\/de\/berkelkompanie\/mitglied-werden\/\" \/>\n<meta property=\"og:locale\" content=\"de_DE\" \/>\n<meta property=\"og:type\" content=\"article\" \/>\n<meta property=\"og:title\" content=\"Mitglied der 3. Berkelkompanie werden - Berkel Info\" \/>\n<meta property=\"og:description\" content=\"Anmeldung Mitglied der 3. Berkelkompanie\" \/>\n<meta property=\"og:url\" content=\"https:\/\/deberkel.info\/de\/berkelkompanie\/mitglied-werden\/\" \/>\n<meta property=\"og:site_name\" content=\"Berkel Info\" \/>\n<meta property=\"article:modified_time\" content=\"2025-05-20T20:42:25+00:00\" \/>\n<meta name=\"twitter:card\" content=\"summary_large_image\" \/>\n<meta name=\"twitter:label1\" content=\"Gesch\u00e4tzte Lesezeit\" \/>\n\t<meta name=\"twitter:data1\" content=\"1\u00a0Minute\" \/>\n<script type=\"application\/ld+json\" class=\"yoast-schema-graph\">{\"@context\":\"https:\\\/\\\/schema.org\",\"@graph\":[{\"@type\":\"WebPage\",\"@id\":\"https:\\\/\\\/deberkel.info\\\/de\\\/berkelkompanie\\\/mitglied-werden\\\/\",\"url\":\"https:\\\/\\\/deberkel.info\\\/de\\\/berkelkompanie\\\/mitglied-werden\\\/\",\"name\":\"Mitglied der 3. Berkelkompanie werden - Berkel Info\",\"isPartOf\":{\"@id\":\"https:\\\/\\\/deberkel.info\\\/#website\"},\"datePublished\":\"2018-04-06T11:02:08+00:00\",\"dateModified\":\"2025-05-20T20:42:25+00:00\",\"description\":\"Anmeldung Mitglied der 3. Berkelkompanie\",\"breadcrumb\":{\"@id\":\"https:\\\/\\\/deberkel.info\\\/de\\\/berkelkompanie\\\/mitglied-werden\\\/#breadcrumb\"},\"inLanguage\":\"de\",\"potentialAction\":[{\"@type\":\"ReadAction\",\"target\":[\"https:\\\/\\\/deberkel.info\\\/de\\\/berkelkompanie\\\/mitglied-werden\\\/\"]}]},{\"@type\":\"BreadcrumbList\",\"@id\":\"https:\\\/\\\/deberkel.info\\\/de\\\/berkelkompanie\\\/mitglied-werden\\\/#breadcrumb\",\"itemListElement\":[{\"@type\":\"ListItem\",\"position\":1,\"name\":\"Home\",\"item\":\"https:\\\/\\\/deberkel.info\\\/de\\\/\"},{\"@type\":\"ListItem\",\"position\":2,\"name\":\"3. Berkelkompanie\",\"item\":\"https:\\\/\\\/deberkel.info\\\/de\\\/berkelkompanie\\\/\"},{\"@type\":\"ListItem\",\"position\":3,\"name\":\"Mitglied der 3. Berkelkompanie werden\"}]},{\"@type\":\"WebSite\",\"@id\":\"https:\\\/\\\/deberkel.info\\\/#website\",\"url\":\"https:\\\/\\\/deberkel.info\\\/\",\"name\":\"Berkel Info\",\"description\":\"Alles over de Berkel en het Berkeldal, van Billerbeck tot Zutphen\",\"potentialAction\":[{\"@type\":\"SearchAction\",\"target\":{\"@type\":\"EntryPoint\",\"urlTemplate\":\"https:\\\/\\\/deberkel.info\\\/?s={search_term_string}\"},\"query-input\":{\"@type\":\"PropertyValueSpecification\",\"valueRequired\":true,\"valueName\":\"search_term_string\"}}],\"inLanguage\":\"de\"}]}<\/script>\n<!-- \/ Yoast SEO plugin. -->","yoast_head_json":{"title":"Mitglied der 3. Berkelkompanie werden - Berkel Info","description":"Anmeldung Mitglied der 3. Berkelkompanie","robots":{"index":"index","follow":"follow","max-snippet":"max-snippet:-1","max-image-preview":"max-image-preview:large","max-video-preview":"max-video-preview:-1"},"canonical":"https:\/\/deberkel.info\/de\/berkelkompanie\/mitglied-werden\/","og_locale":"de_DE","og_type":"article","og_title":"Mitglied der 3. Berkelkompanie werden - Berkel Info","og_description":"Anmeldung Mitglied der 3. Berkelkompanie","og_url":"https:\/\/deberkel.info\/de\/berkelkompanie\/mitglied-werden\/","og_site_name":"Berkel Info","article_modified_time":"2025-05-20T20:42:25+00:00","twitter_card":"summary_large_image","twitter_misc":{"Gesch\u00e4tzte Lesezeit":"1\u00a0Minute"},"schema":{"@context":"https:\/\/schema.org","@graph":[{"@type":"WebPage","@id":"https:\/\/deberkel.info\/de\/berkelkompanie\/mitglied-werden\/","url":"https:\/\/deberkel.info\/de\/berkelkompanie\/mitglied-werden\/","name":"Mitglied der 3. Berkelkompanie werden - Berkel Info","isPartOf":{"@id":"https:\/\/deberkel.info\/#website"},"datePublished":"2018-04-06T11:02:08+00:00","dateModified":"2025-05-20T20:42:25+00:00","description":"Anmeldung Mitglied der 3. Berkelkompanie","breadcrumb":{"@id":"https:\/\/deberkel.info\/de\/berkelkompanie\/mitglied-werden\/#breadcrumb"},"inLanguage":"de","potentialAction":[{"@type":"ReadAction","target":["https:\/\/deberkel.info\/de\/berkelkompanie\/mitglied-werden\/"]}]},{"@type":"BreadcrumbList","@id":"https:\/\/deberkel.info\/de\/berkelkompanie\/mitglied-werden\/#breadcrumb","itemListElement":[{"@type":"ListItem","position":1,"name":"Home","item":"https:\/\/deberkel.info\/de\/"},{"@type":"ListItem","position":2,"name":"3. Berkelkompanie","item":"https:\/\/deberkel.info\/de\/berkelkompanie\/"},{"@type":"ListItem","position":3,"name":"Mitglied der 3. Berkelkompanie werden"}]},{"@type":"WebSite","@id":"https:\/\/deberkel.info\/#website","url":"https:\/\/deberkel.info\/","name":"Berkel Info","description":"Alles over de Berkel en het Berkeldal, van Billerbeck tot Zutphen","potentialAction":[{"@type":"SearchAction","target":{"@type":"EntryPoint","urlTemplate":"https:\/\/deberkel.info\/?s={search_term_string}"},"query-input":{"@type":"PropertyValueSpecification","valueRequired":true,"valueName":"search_term_string"}}],"inLanguage":"de"}]}},"rttpg_featured_image_url":null,"rttpg_author":{"display_name":"berkelcompagnie","author_link":"https:\/\/deberkel.info\/author\/berkelcompagnie\/"},"rttpg_comment":0,"rttpg_category":null,"rttpg_excerpt":"Auch Mitglied werden? Mitgliede bekommen als Erste Informationen und Pl\u00e4ne und empfangen die Zeitung Nieuwsquelle. Ausserdem k\u00f6nnen Mitgliede jedes Jahr wieder teilnemen an einen sehr interessanten und gem\u00fcthlichen Ausflug im Berkelgebiet, das eine Jahr in den Niederlanden, das andere Jahr &hellip; Weiterlesen &rarr;","_links":{"self":[{"href":"https:\/\/deberkel.info\/wp-json\/wp\/v2\/pages\/1919","targetHints":{"allow":["GET"]}}],"collection":[{"href":"https:\/\/deberkel.info\/wp-json\/wp\/v2\/pages"}],"about":[{"href":"https:\/\/deberkel.info\/wp-json\/wp\/v2\/types\/page"}],"author":[{"embeddable":true,"href":"https:\/\/deberkel.info\/wp-json\/wp\/v2\/users\/1"}],"replies":[{"embeddable":true,"href":"https:\/\/deberkel.info\/wp-json\/wp\/v2\/comments?post=1919"}],"version-history":[{"count":10,"href":"https:\/\/deberkel.info\/wp-json\/wp\/v2\/pages\/1919\/revisions"}],"predecessor-version":[{"id":19167,"href":"https:\/\/deberkel.info\/wp-json\/wp\/v2\/pages\/1919\/revisions\/19167"}],"up":[{"embeddable":true,"href":"https:\/\/deberkel.info\/wp-json\/wp\/v2\/pages\/8738"}],"wp:attachment":[{"href":"https:\/\/deberkel.info\/wp-json\/wp\/v2\/media?parent=1919"}],"curies":[{"name":"wp","href":"https:\/\/api.w.org\/{rel}","templated":true}]}}