{"id":2792,"date":"2018-04-09T12:00:15","date_gmt":"2018-04-09T12:00:15","guid":{"rendered":"http:\/\/deberkel.info\/?page_id=2792"},"modified":"2026-02-05T10:10:31","modified_gmt":"2026-02-05T09:10:31","slug":"badende","status":"publish","type":"page","link":"https:\/\/deberkel.info\/de\/badende\/","title":{"rendered":"Badende"},"content":{"rendered":"<h3>Allgemein<\/h3>\n<p>Seit 2011 steht die originale Badende an einem kleinen Anleger des vormaligen Schwimmbads in der N\u00e4he der Berkelquelle. Die Dame steht am Wasser, ob sie so hinein gehen m\u00f6chte.<\/p>\n<p>Diese&nbsp;Badende f\u00e4llt auf, wegen Ihres Modelles&nbsp;und roten Badeanzug.<\/p>\n<p>Sie ist beliebt und kann an verschiedenen Stellen <em><strong>in verschiedenen Gr\u00f6\u00dfen (und Preisen) erworben werden<\/strong><\/em>.<br \/>\nSehe <a href=\"#Verkaufstellen\">die Liste unten auf dieser Seite<\/a>.<\/p>\n<p><img loading=\"lazy\" decoding=\"async\" class=\"alignnone wp-image-111\" style=\"width: 400px; heigt: 550px;\" src=\"\/wp-content\/uploads\/2018\/03\/Badende-Afbeelding1.jpg\" alt=\"\" width=\"400\" height=\"550\" srcset=\"https:\/\/deberkel.info\/wp-content\/uploads\/2018\/03\/Badende-Afbeelding1.jpg 540w, https:\/\/deberkel.info\/wp-content\/uploads\/2018\/03\/Badende-Afbeelding1-218x300.jpg 218w\" sizes=\"auto, (max-width: 400px) 100vw, 400px\" \/><\/p>\n<h3>Wie entwickelte sich die Idee der \u201eBadende\u201c?<\/h3>\n<p>In Billerbeck arbeiten seit 2007 der Verein Berkelspaziergang e.V. in enger Kooperation mit dem Interkulturelle Begegnungsprojekte e.V. (jetzt Alexianer IBP GmbH) daran das Umfeld der Berkel f\u00fcr die Menschen unter Ber\u00fccksichtigung naturschutzfachlicher Aspekte erlebbar und erfahrbar zu machen.<br \/>\nDer bestehende Wanderweg ist durch vielf\u00e4ltige Informationen und Stationen aufgewertet worden.<br \/>\nDie reichhaltige Tier- und Pflanzenwelt entlang der Berkel auf Billerbecker Stadtgebiet sowie einige historische Besonderheiten in der N\u00e4he des Fl\u00fcsschens haben den Anlass gegeben, verschiedene Objekte (Stege, Podeste, Wasserspielplatz), Sinnesinstallationen (Klangstein, Litophon) und ein Informationssystem in den Sprachen deutsch und niederl\u00e4ndisch zu installieren.<\/p>\n<h3>Alte Badeanstalt erkennbar machen<\/h3>\n<p>Einer der Orte war die alte Badeanstalt.<br \/>\nDas bis Anfang der 60iger Jahre an der Berkel gelegene Freibad der Stadt Billerbeck war auf den ersten Blick nicht zu erkennen.<br \/>\nDie leider viel zu fr\u00fch verstorbene Petra Fr\u00fch vom Berkelspaziegang e.V. hatte seinerzeit die Idee mittels einer Figur im Badeanzug die Menschen auf die urspr\u00fcngliche Nutzung des heutigen Teiches als st\u00e4dtisches Freibad aufmerksam zu machen.<br \/>\nDie Figur sollte lebensbejahend und humorvoll wirken.<\/p>\n<h3>Winfried Nimphius erschafft &#8222;Badende&#8220;<\/h3>\n<p>Diese Idee haben die Alexianer IBP GmbH aufgegriffen und den bei Ihnen besch\u00e4ftigten Winfried Nimphius beauftragt sich um die Umsetzung Gedanken zu machen.<br \/>\nWinfried Nimphius hat als gelernter Steinmetz nicht nur viele kreative Gedanken sondern auch das handwerkliche Geschick diese umzusetzen.<br \/>\nSo entstand die &#8222;Badende&#8220;, und fand ihren Platz an der ehemaligen Badeanstalt in Billerbeck.<\/p>\n<h3>Die &#8222;Badende&#8220; wird zum verbindenden Symbol an der Berkel<\/h3>\n<p>Sie ist dort vielbeachtet und daraus entwickelte sich die Idee auch bei den Nachbarst\u00e4dten. die &#8222;Badende&#8220; an der Berkel zu platzieren.<\/p>\n<p>Mittlerweile ist &#8222;Badende&#8220; im westlichen M\u00fcnsterland eine kleine Ber\u00fchmtheit geworden.<br \/>\nIn allen St\u00e4dten an der Berkel in Deutschland und den Niederlanden ist sie zu finden.<br \/>\nNeben der Originalgr\u00f6\u00dfe ist &#8222;Badende&#8220; auch in zwei weiteren &#8211; kleinen &#8211; Varianten entwickelt worden.<br \/>\nSo gibt es sie in ca. 35 cm Gr\u00f6\u00dfe &#8211; f\u00fcr den Garten oder das Wohnzimmer zu Hause und auch in ca. 10 cm, als Souvenir oder f\u00fcr den Schreibtisch<\/p>\n<p>Die Badende hat mittlerzeit auch einen Partner: &#8222;der Badende&#8220;:<\/p>\n<p><a href=\"https:\/\/deberkel.info\/wp-content\/uploads\/2024\/06\/DerBadende-300x400-1.jpg\"><img loading=\"lazy\" decoding=\"async\" class=\"alignnone size-full wp-image-18343\" src=\"https:\/\/deberkel.info\/wp-content\/uploads\/2024\/06\/DerBadende-300x400-1.jpg\" alt=\"\" width=\"300\" height=\"400\" srcset=\"https:\/\/deberkel.info\/wp-content\/uploads\/2024\/06\/DerBadende-300x400-1.jpg 300w, https:\/\/deberkel.info\/wp-content\/uploads\/2024\/06\/DerBadende-300x400-1-225x300.jpg 225w\" sizes=\"auto, (max-width: 300px) 100vw, 300px\" \/><\/a><\/p>\n<p>Jetzt gibt es eine Perlschnur von Badenden entlang die Berkel (click Bild f\u00fcr Vergr\u00f6\u00dferung):<br \/>\n<a href=\"\/wp-content\/uploads\/2018\/05\/BadendesBerkelKaart.jpg\"><img loading=\"lazy\" decoding=\"async\" class=\"alignnone wp-image-5311\" style=\"width: 600px; heigt: 328px;\" src=\"\/wp-content\/uploads\/2018\/05\/BadendesBerkelKaart-1024x560.jpg\" alt=\"\" width=\"600\" height=\"328\" srcset=\"https:\/\/deberkel.info\/wp-content\/uploads\/2018\/05\/BadendesBerkelKaart-1024x560.jpg 1024w, https:\/\/deberkel.info\/wp-content\/uploads\/2018\/05\/BadendesBerkelKaart-300x164.jpg 300w, https:\/\/deberkel.info\/wp-content\/uploads\/2018\/05\/BadendesBerkelKaart-768x420.jpg 768w, https:\/\/deberkel.info\/wp-content\/uploads\/2018\/05\/BadendesBerkelKaart-500x273.jpg 500w\" sizes=\"auto, (max-width: 600px) 100vw, 600px\" \/><\/a><\/p>\n<p>In <strong>Coesfeld<\/strong>&nbsp;steht Sie beim Walkenbr\u00fcckentor:<br \/>\n<a href=\"\/wp-content\/uploads\/2018\/05\/Badende-Coesfeld-1-e1527511883462.jpg\"><img loading=\"lazy\" decoding=\"async\" class=\"alignnone wp-image-5209\" src=\"\/wp-content\/uploads\/2018\/05\/Badende-Coesfeld-1-e1527511883462-225x300.jpg\" alt=\"\" width=\"400\" height=\"533\" srcset=\"https:\/\/deberkel.info\/wp-content\/uploads\/2018\/05\/Badende-Coesfeld-1-e1527511883462-225x300.jpg 225w, https:\/\/deberkel.info\/wp-content\/uploads\/2018\/05\/Badende-Coesfeld-1-e1527511883462-768x1024.jpg 768w\" sizes=\"auto, (max-width: 400px) 100vw, 400px\" \/><\/a><\/p>\n<p>In <strong>Gescher<\/strong>&nbsp;bei der Alferts M\u00fchle:<br \/>\n<a href=\"\/wp-content\/uploads\/2018\/05\/BadendeGescher.jpg\"><img loading=\"lazy\" decoding=\"async\" class=\"alignnone wp-image-5211\" src=\"\/wp-content\/uploads\/2018\/05\/BadendeGescher-300x225.jpg\" alt=\"\" width=\"600\" height=\"450\" srcset=\"https:\/\/deberkel.info\/wp-content\/uploads\/2018\/05\/BadendeGescher-300x225.jpg 300w, https:\/\/deberkel.info\/wp-content\/uploads\/2018\/05\/BadendeGescher-768x576.jpg 768w, https:\/\/deberkel.info\/wp-content\/uploads\/2018\/05\/BadendeGescher-1024x768.jpg 1024w, https:\/\/deberkel.info\/wp-content\/uploads\/2018\/05\/BadendeGescher-400x300.jpg 400w\" sizes=\"auto, (max-width: 600px) 100vw, 600px\" \/><\/a><\/p>\n<p>In <strong>Stadtlohn<\/strong>&nbsp;zuerst im Losbergpark, aber jetzt bei der \u00d6lm\u00fchle:<br \/>\n<a href=\"\/wp-content\/uploads\/2018\/05\/Badende-Stadtlohn-3.jpg\"><img loading=\"lazy\" decoding=\"async\" class=\"alignnone wp-image-5210\" src=\"\/wp-content\/uploads\/2018\/05\/Badende-Stadtlohn-3-300x200.jpg\" alt=\"\" width=\"600\" height=\"400\" srcset=\"https:\/\/deberkel.info\/wp-content\/uploads\/2018\/05\/Badende-Stadtlohn-3-300x200.jpg 300w, https:\/\/deberkel.info\/wp-content\/uploads\/2018\/05\/Badende-Stadtlohn-3-768x512.jpg 768w, https:\/\/deberkel.info\/wp-content\/uploads\/2018\/05\/Badende-Stadtlohn-3-1024x683.jpg 1024w, https:\/\/deberkel.info\/wp-content\/uploads\/2018\/05\/Badende-Stadtlohn-3-450x300.jpg 450w\" sizes=\"auto, (max-width: 600px) 100vw, 600px\" \/><\/a><\/p>\n<p>In <strong>Vreden<\/strong> beim Hamelandmuseum (das Paar &#8222;die Badende&#8220; und &#8222;der Badende&#8220; neben einander):<br \/>\n<a href=\"\/wp-content\/uploads\/2018\/04\/Der-Badende-Vreden.jpg\"><img loading=\"lazy\" decoding=\"async\" class=\"alignnone wp-image-3842\" src=\"\/wp-content\/uploads\/2018\/04\/Der-Badende-Vreden-300x200.jpg\" alt=\"\" width=\"600\" height=\"400\" srcset=\"https:\/\/deberkel.info\/wp-content\/uploads\/2018\/04\/Der-Badende-Vreden-300x200.jpg 300w, https:\/\/deberkel.info\/wp-content\/uploads\/2018\/04\/Der-Badende-Vreden-768x512.jpg 768w, https:\/\/deberkel.info\/wp-content\/uploads\/2018\/04\/Der-Badende-Vreden-450x300.jpg 450w, https:\/\/deberkel.info\/wp-content\/uploads\/2018\/04\/Der-Badende-Vreden.jpg 860w\" sizes=\"auto, (max-width: 600px) 100vw, 600px\" \/><\/a><\/p>\n<p>An Niederl\u00e4ndische Seite dauerte alles etwas l\u00e4nger, durch die verschiedenen Organisationsstrukturen an beiden Seiten der Grenze.<\/p>\n<p>In <strong>Eibergen<\/strong> steht die&nbsp;Badende seit Anfang 2016 am Golfplatz an der Berkel und schaut sie \u00fcber die Berkel in Richtung von De Maat:<br \/>\n<a href=\"\/wp-content\/uploads\/2018\/05\/BadendeEibergen.jpg\"><img loading=\"lazy\" decoding=\"async\" class=\"alignnone wp-image-5205\" src=\"\/wp-content\/uploads\/2018\/05\/BadendeEibergen-300x200.jpg\" alt=\"\" width=\"600\" height=\"401\" srcset=\"https:\/\/deberkel.info\/wp-content\/uploads\/2018\/05\/BadendeEibergen-300x200.jpg 300w, https:\/\/deberkel.info\/wp-content\/uploads\/2018\/05\/BadendeEibergen-768x513.jpg 768w, https:\/\/deberkel.info\/wp-content\/uploads\/2018\/05\/BadendeEibergen-1024x684.jpg 1024w, https:\/\/deberkel.info\/wp-content\/uploads\/2018\/05\/BadendeEibergen-449x300.jpg 449w, https:\/\/deberkel.info\/wp-content\/uploads\/2018\/05\/BadendeEibergen.jpg 1348w\" sizes=\"auto, (max-width: 600px) 100vw, 600px\" \/><\/a><\/p>\n<p>Am&nbsp;31.10.2016 sind die Badendes in&nbsp;Borculo, Lochem, Almen und&nbsp;Zutphen er\u00f6ffnet.<br \/>\nFotoalben vond diesen Er\u00f6ffunungen: <a href=\"\/de\/badende-bilder-1\/\">Album1 von Wim ter Meulen<\/a>, <a href=\"\/de\/badende-bilder-2\/\">Album2 von Han ten Brinke<\/a>&nbsp;und&nbsp;<a href=\"\/de\/badende-bilder-3\/\">Album3 (\u00fcbrige Fotos)<\/a>.<\/p>\n<p>In <strong>Borculo<\/strong> steht die Badende in einem Garten bei der Burgemeester Bloemersstraat.<br \/>\n<a href=\"https:\/\/deberkel.info\/wp-content\/uploads\/2024\/06\/BadendeTuinBorculo-600x401-1.jpg\"><img loading=\"lazy\" decoding=\"async\" class=\"alignnone wp-image-18324 size-full\" src=\"https:\/\/deberkel.info\/wp-content\/uploads\/2024\/06\/BadendeTuinBorculo-600x401-1.jpg\" alt=\"\" width=\"600\" height=\"401\" srcset=\"https:\/\/deberkel.info\/wp-content\/uploads\/2024\/06\/BadendeTuinBorculo-600x401-1.jpg 600w, https:\/\/deberkel.info\/wp-content\/uploads\/2024\/06\/BadendeTuinBorculo-600x401-1-300x201.jpg 300w, https:\/\/deberkel.info\/wp-content\/uploads\/2024\/06\/BadendeTuinBorculo-600x401-1-449x300.jpg 449w\" sizes=\"auto, (max-width: 600px) 100vw, 600px\" \/><\/a><\/p>\n<p>In <strong>Lochem<\/strong> ist die Badende befestigt an der Seite des Bootshauses, ein bisschen overhalb des Wassers.<br \/>\n<img loading=\"lazy\" decoding=\"async\" class=\"alignnone wp-image-117\" src=\"\/wp-content\/uploads\/2018\/03\/Badende-Lochem-199x300.jpg\" alt=\"\" width=\"400\" height=\"602\" srcset=\"https:\/\/deberkel.info\/wp-content\/uploads\/2018\/03\/Badende-Lochem-199x300.jpg 199w, https:\/\/deberkel.info\/wp-content\/uploads\/2018\/03\/Badende-Lochem.jpg 540w\" sizes=\"auto, (max-width: 400px) 100vw, 400px\" \/><\/p>\n<p>In <strong>Almen<\/strong> steht die sch\u00f6ne dicke Dame an einem Paal ins Wasser in der N\u00e4he der Spitholterbr\u00fccke, an der Vordenseweg.<br \/>\n<img loading=\"lazy\" decoding=\"async\" class=\"alignnone wp-image-118 size-full\" src=\"\/wp-content\/uploads\/2018\/03\/Badende-Almen.jpg\" alt=\"\" width=\"360\" height=\"540\" srcset=\"https:\/\/deberkel.info\/wp-content\/uploads\/2018\/03\/Badende-Almen.jpg 360w, https:\/\/deberkel.info\/wp-content\/uploads\/2018\/03\/Badende-Almen-200x300.jpg 200w\" sizes=\"auto, (max-width: 360px) 100vw, 360px\" \/><\/p>\n<p>In <strong>Zutphen<\/strong> stand die Badende erstmals an einem Pfahl ins Wasser vor der Louisabr\u00fccke an der Isodoornstrasse. Dies war eine vor\u00fcbergehende Stelle und in Kontakt mit verschiedenen Organisationen ist eine definitive Stelle gesucht.<br \/>\n<a href=\"\/wp-content\/gallery\/excursie-2017\/Nw20171027_141224.jpg\"><img loading=\"lazy\" decoding=\"async\" class=\"alignnone\" style=\"width: 400px; height: 600px;\" src=\"\/wp-content\/gallery\/excursie-2017\/Nw20171027_141224.jpg\" alt=\"\" width=\"200\" height=\"300\"><\/a><\/p>\n<h3>Kleine Badendes<\/h3>\n<p>Inzwischen macht IBP auch kleine Badendes von 35 und von 10 cm h\u00f6he: sch\u00f6ne Bildchen um&nbsp; jemand zu verschenken. Daf\u00fcr gibt es eine Schablone, aber gemalt wird per Hand. F\u00fcr diejenigen die das machen, ist das eine sch\u00f6ne kunstvolle Aufgabe.<br \/>\nDie kleine Badendes sind erh\u00e4ltlich bei den <a href=\"#Verkaufstellen\">Verkaufstallen hierunten<\/a>.<\/p>\n<p><img loading=\"lazy\" decoding=\"async\" class=\"alignnone wp-image-116\" src=\"\/wp-content\/uploads\/2018\/03\/Badende-klein-241x300.jpg\" alt=\"\" width=\"400\" height=\"497\" srcset=\"https:\/\/deberkel.info\/wp-content\/uploads\/2018\/03\/Badende-klein-241x300.jpg 241w, https:\/\/deberkel.info\/wp-content\/uploads\/2018\/03\/Badende-klein.jpg 540w\" sizes=\"auto, (max-width: 400px) 100vw, 400px\" \/><\/p>\n<h3>Zum Schlu\u00df<\/h3>\n<p>Wir hoffen das die Badendes die Aussicht \u00fcber die Berkel gef\u00e4llt und das die viel Aufmerksamkeit bekommen. Auch so wird die Berkel erlebt werden!<\/p>\n<p><strong><a id=\"Kosten\"><\/a>Kosten<\/strong>:<\/p>\n<ul>\n<li>Grosse Badende: (ca. 130 cm hoch)<br \/>\nKosten: gesch\u00e4tzt \u20ac 1.300,00 tot \u20ac 1.500,00<br \/>\nWerden nur verkauft bei <a href=\"https:\/\/www.alexianer-muenster.de\/leistungen\/besondere-angebote\/ibp-interkulturelle-begegnungsprojekte-in-coesfeld-und-billerbeck\/disoco-dienstleistung-sozialwerkstatt-coesfeld\" target=\"_blank\" rel=\"noopener\">Alexianer IBP<\/a><\/li>\n<li>Kleine Badende (ca. 35 cm) und mini-Badende (ca. 10 cm)<br \/>\nKleine: \u20ac 48,00<br \/>\nMini: &nbsp;\u20ac 12,00<\/li>\n<li>Badende Magnete \/ Badende Schl\u00fcsselanh\u00e4nger<br \/>\nKosten: \u20ac 3,50<br \/>\nDiese sind nich auf allen Verkaufsstellen verf\u00fcgbar. Bitte da informieren.<\/li>\n<\/ul>\n<h2><a id=\"Verkaufstellen\"><\/a>Verkaufstellen<\/h2>\n<p><a id=\"VerkaufstellenDeutschland\"><\/a><strong>Deutschland<\/strong><\/p>\n<ul>\n<li><a href=\"https:\/\/www.alexianer-muenster.de\/leistungen\/besondere-angebote\/ibp-interkulturelle-begegnungsprojekte-in-coesfeld-und-billerbeck\/disoco-dienstleistung-sozialwerkstatt-coesfeld\" target=\"_blank\" rel=\"noopener\">Sozialwerkstatt Alexianer IBP GmbH<\/a><br \/>\nSteilweg 4<br \/>\nD-48653 Coesfeld<br \/>\nTel. 00.49.2541.847722<br \/>\nE-Mail: <a href=\"mailto:l.willmer@alexianer.de\">Clicke hier<\/a>.<\/li>\n<li><a href=\"https:\/\/www.billerbeck.de\/Freizeit-Tourismus\/Service.htm?\" target=\"_blank\" rel=\"noopener\">Stadt Billerbeck Touristik<\/a><br \/>\nMarkt 1<br \/>\nD-48727 BILLERBECK<br \/>\nTel. 00.49.2543.7373<br \/>\nE-Mail: <a href=\"mailto:touristik@billerbeck.de\">Clicke touristik@billerbeck.de<\/a><\/li>\n<li><a href=\"https:\/\/www.coesfeldundpartner.de\/startseite\" target=\"_blank\" rel=\"noopener\">Stadtmarketing Verein Coesfeld &amp; Partner<\/a> e.V.<br \/>\nMarkt 8<br \/>\nD-48653 Coesfeld<br \/>\nTel. 00.49.2541.9391017<br \/>\nE-Mail: <a href=\"mailto:stadtmarketing@coesfeld.de\">Clicke stadtmarketing@coesfeld.de<\/a><\/li>\n<li><a href=\"https:\/\/www.gescher-erleben.de\/\" target=\"_blank\" rel=\"noopener\">Stadtmarketing Gescher GmbH<\/a><br \/>\nArmlandstrasse 15<br \/>\nD-48712 GESCHER<br \/>\nTel. 00.49.2542.60500<br \/>\nE-Mail: <a href=\"mailto:stadtmarketing@gescher.de\">Clicke stadtmarketing@gescher.de<\/a><\/li>\n<li><a href=\"https:\/\/www.stadtmarketing-stadtlohn.de\/\" target=\"_blank\" rel=\"noopener\">SMS-StadtMarketing Stadtlohn e.V.<\/a><br \/>\nDufkampstrasse 11<br \/>\nD-48703 Stadtlohn<br \/>\nTel. 00.49.2563.87866<br \/>\nE-Mail: <a href=\"mailto:info@stadtmarketing-stadtlohn.de\">Clicke info@stadtmarketing-stadtlohn.de<\/a><\/li>\n<li><a href=\"https:\/\/www.vreden.de\/de\/freizeit-und-tourismus\" target=\"_blank\" rel=\"noopener\">Vreden Stadtmarketing GmbH<\/a><br \/>\nKirchplatz 14<br \/>\nD-48691 &nbsp;VREDEN<br \/>\nTel. 00.49.2564.9899199<br \/>\nE-Mail: <a href=\"mailto:info@stadtmarketing-vreden.de\">Clicke info@stadtmarketing-vreden.de<\/a><\/li>\n<\/ul>\n<p><a id=\"VerkaufstellenNiederlande\"><\/a><strong>Niederlande<\/strong><\/p>\n<p>Kosten <a href=\".\/#Kosten\">hier<\/a><\/p>\n<ul>\n<li><a href=\"https:\/\/www.facebook.com\/winkeltjeRekken\/?locale=nl_NL\" target=\"_blank\" rel=\"noopener\">Van Hier Streekproducten<\/a><br \/>\nNeben Caf\u00e9 Kerkemeijer<br \/>\nRekkenseweg 44<br \/>\n7157 AE &nbsp;REKKEN<br \/>\nE-mail: <a href=\"mailto:WinkeltjeKerkemeijer@hotmail.com\">Clicke WinkeltjeKerkemeijer@hotmail.com<\/a><\/li>\n<li><a href=\"https:\/\/eibergen.nl\/toerisme-in-eibergen\" target=\"_blank\" rel=\"noopener\">TIP in Eibergen<\/a><br \/>\nGrotestraat 59<br \/>\n7151 BB&nbsp; EIBERGEN<br \/>\nTel. 00.31-545-471911<br \/>\nE-mail: <a href=\"mailto:tip@eibergen.nl\">Clicke tip@eibergen.nl<\/a><\/li>\n<li><a href=\"https:\/\/www.borculobruist.nl\/\" target=\"_blank\" rel=\"noopener\">Toeristische Informatie Borculo<\/a><br \/>\nMuraltplein 31<br \/>\n7271 AT&nbsp; Borculo<br \/>\nTel. 00-31-545-271966<br \/>\nE-mail: <a href=\"mailto:info@tiborculo.nl\">Clicke info@tiborculo.nl<\/a><\/li>\n<li><a href=\"https:\/\/vvvlochem.nl\/\" target=\"_blank\" rel=\"noopener\">VVV Lochem<\/a><br \/>\nMarkt 2<br \/>\n7241 AA&nbsp; Lochem<br \/>\nTel. 00.31-573-251898<br \/>\nE-Mail: <a href=\"mailto:info@vvvlochem.nl\">Clicke info@vvvlochem.nl<\/a><\/li>\n<li>Schippersgroep <a href=\"https:\/\/www.stichtingberkelzomp.nl\/\" target=\"_blank\" rel=\"noopener\">Stichting De Berkelzomp<\/a> Lochem<br \/>\nStijgoord 2<br \/>\n7241 XA&nbsp; Lochem<br \/>\nTel. 00-31-573-251898<\/li>\n<li><a href=\"https:\/\/www.museumstaal.nl\/\" target=\"_blank\" rel=\"noopener\">Museum Staal<\/a><br \/>\nDorpsstraat 39<br \/>\n7218 AC&nbsp; Almen<br \/>\nTel. 00-31-575-474317<br \/>\nE-mail: <a href=\"mailto:info@museumstaal.nl\">Clicke info@museumstaal.nl<\/a><\/li>\n<li><a href=\"https:\/\/www.inzutphen.nl\/nl\/vvv\" target=\"_blank\" rel=\"noopener\">Stichting Zutphen Promotie\/VVV Inspiratiepunt Zutphen<\/a><br \/>\nHoutmarkt 75<br \/>\n7201 KL&nbsp; Zutphen<br \/>\nTel. 00-31-575-844538<br \/>\nE-mail: <a href=\"mailto:info@inzutphen.nl\">Clicke info@inzutphen.nl<\/a><\/li>\n<\/ul>\n<p>&nbsp;<\/p>\n","protected":false},"excerpt":{"rendered":"<p>Allgemein Seit 2011 steht die originale Badende an einem kleinen Anleger des vormaligen Schwimmbads in der N\u00e4he der Berkelquelle. Die Dame steht am Wasser, ob sie so hinein gehen m\u00f6chte. Diese&nbsp;Badende f\u00e4llt auf, wegen Ihres Modelles&nbsp;und roten Badeanzug. Sie ist &hellip; <a href=\"https:\/\/deberkel.info\/de\/badende\/\">Weiterlesen <span class=\"meta-nav\">&rarr;<\/span><\/a><\/p>\n","protected":false},"author":1,"featured_media":0,"parent":0,"menu_order":0,"comment_status":"closed","ping_status":"closed","template":"sidebar-page.php","meta":{"_exactmetrics_skip_tracking":false,"_exactmetrics_sitenote_active":false,"_exactmetrics_sitenote_note":"","_exactmetrics_sitenote_category":0,"ngg_post_thumbnail":0,"_locale":"de_DE","_original_post":"2789","footnotes":"","_links_to":"","_links_to_target":""},"class_list":["post-2792","page","type-page","status-publish","hentry","de-DE"],"yoast_head":"<!-- This site is optimized with the Yoast SEO plugin v27.5 - https:\/\/yoast.com\/product\/yoast-seo-wordpress\/ -->\n<title>Badende - Berkel Info<\/title>\n<meta name=\"robots\" content=\"index, follow, max-snippet:-1, max-image-preview:large, max-video-preview:-1\" \/>\n<link rel=\"canonical\" href=\"https:\/\/deberkel.info\/de\/badende\/\" \/>\n<meta property=\"og:locale\" content=\"de_DE\" \/>\n<meta property=\"og:type\" content=\"article\" \/>\n<meta property=\"og:title\" content=\"Badende - Berkel Info\" \/>\n<meta property=\"og:description\" content=\"Allgemein Seit 2011 steht die originale Badende an einem kleinen Anleger des vormaligen Schwimmbads in der N\u00e4he der Berkelquelle. Die Dame steht am Wasser, ob sie so hinein gehen m\u00f6chte. Diese&nbsp;Badende f\u00e4llt auf, wegen Ihres Modelles&nbsp;und roten Badeanzug. Sie ist &hellip; Weiterlesen &rarr;\" \/>\n<meta property=\"og:url\" content=\"https:\/\/deberkel.info\/de\/badende\/\" \/>\n<meta property=\"og:site_name\" content=\"Berkel Info\" \/>\n<meta property=\"article:modified_time\" content=\"2026-02-05T09:10:31+00:00\" \/>\n<meta property=\"og:image\" content=\"https:\/\/deberkel.info\/wp-content\/uploads\/2024\/06\/DerBadende-300x400-1.jpg\" \/>\n<meta name=\"twitter:card\" content=\"summary_large_image\" \/>\n<meta name=\"twitter:label1\" content=\"Gesch\u00e4tzte Lesezeit\" \/>\n\t<meta name=\"twitter:data1\" content=\"8\u00a0Minuten\" \/>\n<script type=\"application\/ld+json\" class=\"yoast-schema-graph\">{\"@context\":\"https:\\\/\\\/schema.org\",\"@graph\":[{\"@type\":\"WebPage\",\"@id\":\"https:\\\/\\\/deberkel.info\\\/de\\\/badende\\\/\",\"url\":\"https:\\\/\\\/deberkel.info\\\/de\\\/badende\\\/\",\"name\":\"Badende - Berkel Info\",\"isPartOf\":{\"@id\":\"https:\\\/\\\/deberkel.info\\\/#website\"},\"primaryImageOfPage\":{\"@id\":\"https:\\\/\\\/deberkel.info\\\/de\\\/badende\\\/#primaryimage\"},\"image\":{\"@id\":\"https:\\\/\\\/deberkel.info\\\/de\\\/badende\\\/#primaryimage\"},\"thumbnailUrl\":\"https:\\\/\\\/deberkel.info\\\/wp-content\\\/uploads\\\/2024\\\/06\\\/DerBadende-300x400-1.jpg\",\"datePublished\":\"2018-04-09T12:00:15+00:00\",\"dateModified\":\"2026-02-05T09:10:31+00:00\",\"breadcrumb\":{\"@id\":\"https:\\\/\\\/deberkel.info\\\/de\\\/badende\\\/#breadcrumb\"},\"inLanguage\":\"de\",\"potentialAction\":[{\"@type\":\"ReadAction\",\"target\":[\"https:\\\/\\\/deberkel.info\\\/de\\\/badende\\\/\"]}]},{\"@type\":\"ImageObject\",\"inLanguage\":\"de\",\"@id\":\"https:\\\/\\\/deberkel.info\\\/de\\\/badende\\\/#primaryimage\",\"url\":\"https:\\\/\\\/deberkel.info\\\/wp-content\\\/uploads\\\/2024\\\/06\\\/DerBadende-300x400-1.jpg\",\"contentUrl\":\"https:\\\/\\\/deberkel.info\\\/wp-content\\\/uploads\\\/2024\\\/06\\\/DerBadende-300x400-1.jpg\"},{\"@type\":\"BreadcrumbList\",\"@id\":\"https:\\\/\\\/deberkel.info\\\/de\\\/badende\\\/#breadcrumb\",\"itemListElement\":[{\"@type\":\"ListItem\",\"position\":1,\"name\":\"Home\",\"item\":\"https:\\\/\\\/deberkel.info\\\/de\\\/\"},{\"@type\":\"ListItem\",\"position\":2,\"name\":\"Badende\"}]},{\"@type\":\"WebSite\",\"@id\":\"https:\\\/\\\/deberkel.info\\\/#website\",\"url\":\"https:\\\/\\\/deberkel.info\\\/\",\"name\":\"Berkel Info\",\"description\":\"Alles over de Berkel en het Berkeldal, van Billerbeck tot Zutphen\",\"potentialAction\":[{\"@type\":\"SearchAction\",\"target\":{\"@type\":\"EntryPoint\",\"urlTemplate\":\"https:\\\/\\\/deberkel.info\\\/?s={search_term_string}\"},\"query-input\":{\"@type\":\"PropertyValueSpecification\",\"valueRequired\":true,\"valueName\":\"search_term_string\"}}],\"inLanguage\":\"de\"}]}<\/script>\n<!-- \/ Yoast SEO plugin. -->","yoast_head_json":{"title":"Badende - Berkel Info","robots":{"index":"index","follow":"follow","max-snippet":"max-snippet:-1","max-image-preview":"max-image-preview:large","max-video-preview":"max-video-preview:-1"},"canonical":"https:\/\/deberkel.info\/de\/badende\/","og_locale":"de_DE","og_type":"article","og_title":"Badende - Berkel Info","og_description":"Allgemein Seit 2011 steht die originale Badende an einem kleinen Anleger des vormaligen Schwimmbads in der N\u00e4he der Berkelquelle. Die Dame steht am Wasser, ob sie so hinein gehen m\u00f6chte. Diese&nbsp;Badende f\u00e4llt auf, wegen Ihres Modelles&nbsp;und roten Badeanzug. Sie ist &hellip; Weiterlesen &rarr;","og_url":"https:\/\/deberkel.info\/de\/badende\/","og_site_name":"Berkel Info","article_modified_time":"2026-02-05T09:10:31+00:00","og_image":[{"url":"https:\/\/deberkel.info\/wp-content\/uploads\/2024\/06\/DerBadende-300x400-1.jpg","type":"","width":"","height":""}],"twitter_card":"summary_large_image","twitter_misc":{"Gesch\u00e4tzte Lesezeit":"8\u00a0Minuten"},"schema":{"@context":"https:\/\/schema.org","@graph":[{"@type":"WebPage","@id":"https:\/\/deberkel.info\/de\/badende\/","url":"https:\/\/deberkel.info\/de\/badende\/","name":"Badende - Berkel Info","isPartOf":{"@id":"https:\/\/deberkel.info\/#website"},"primaryImageOfPage":{"@id":"https:\/\/deberkel.info\/de\/badende\/#primaryimage"},"image":{"@id":"https:\/\/deberkel.info\/de\/badende\/#primaryimage"},"thumbnailUrl":"https:\/\/deberkel.info\/wp-content\/uploads\/2024\/06\/DerBadende-300x400-1.jpg","datePublished":"2018-04-09T12:00:15+00:00","dateModified":"2026-02-05T09:10:31+00:00","breadcrumb":{"@id":"https:\/\/deberkel.info\/de\/badende\/#breadcrumb"},"inLanguage":"de","potentialAction":[{"@type":"ReadAction","target":["https:\/\/deberkel.info\/de\/badende\/"]}]},{"@type":"ImageObject","inLanguage":"de","@id":"https:\/\/deberkel.info\/de\/badende\/#primaryimage","url":"https:\/\/deberkel.info\/wp-content\/uploads\/2024\/06\/DerBadende-300x400-1.jpg","contentUrl":"https:\/\/deberkel.info\/wp-content\/uploads\/2024\/06\/DerBadende-300x400-1.jpg"},{"@type":"BreadcrumbList","@id":"https:\/\/deberkel.info\/de\/badende\/#breadcrumb","itemListElement":[{"@type":"ListItem","position":1,"name":"Home","item":"https:\/\/deberkel.info\/de\/"},{"@type":"ListItem","position":2,"name":"Badende"}]},{"@type":"WebSite","@id":"https:\/\/deberkel.info\/#website","url":"https:\/\/deberkel.info\/","name":"Berkel Info","description":"Alles over de Berkel en het Berkeldal, van Billerbeck tot Zutphen","potentialAction":[{"@type":"SearchAction","target":{"@type":"EntryPoint","urlTemplate":"https:\/\/deberkel.info\/?s={search_term_string}"},"query-input":{"@type":"PropertyValueSpecification","valueRequired":true,"valueName":"search_term_string"}}],"inLanguage":"de"}]}},"rttpg_featured_image_url":null,"rttpg_author":{"display_name":"berkelcompagnie","author_link":"https:\/\/deberkel.info\/author\/berkelcompagnie\/"},"rttpg_comment":0,"rttpg_category":null,"rttpg_excerpt":"Allgemein Seit 2011 steht die originale Badende an einem kleinen Anleger des vormaligen Schwimmbads in der N\u00e4he der Berkelquelle. Die Dame steht am Wasser, ob sie so hinein gehen m\u00f6chte. Diese&nbsp;Badende f\u00e4llt auf, wegen Ihres Modelles&nbsp;und roten Badeanzug. Sie ist &hellip; Weiterlesen &rarr;","_links":{"self":[{"href":"https:\/\/deberkel.info\/wp-json\/wp\/v2\/pages\/2792","targetHints":{"allow":["GET"]}}],"collection":[{"href":"https:\/\/deberkel.info\/wp-json\/wp\/v2\/pages"}],"about":[{"href":"https:\/\/deberkel.info\/wp-json\/wp\/v2\/types\/page"}],"author":[{"embeddable":true,"href":"https:\/\/deberkel.info\/wp-json\/wp\/v2\/users\/1"}],"replies":[{"embeddable":true,"href":"https:\/\/deberkel.info\/wp-json\/wp\/v2\/comments?post=2792"}],"version-history":[{"count":7,"href":"https:\/\/deberkel.info\/wp-json\/wp\/v2\/pages\/2792\/revisions"}],"predecessor-version":[{"id":20035,"href":"https:\/\/deberkel.info\/wp-json\/wp\/v2\/pages\/2792\/revisions\/20035"}],"wp:attachment":[{"href":"https:\/\/deberkel.info\/wp-json\/wp\/v2\/media?parent=2792"}],"curies":[{"name":"wp","href":"https:\/\/api.w.org\/{rel}","templated":true}]}}