{"id":3743,"date":"2018-04-17T10:37:14","date_gmt":"2018-04-17T10:37:14","guid":{"rendered":"http:\/\/deberkel.info\/?page_id=3743"},"modified":"2025-11-18T21:10:06","modified_gmt":"2025-11-18T20:10:06","slug":"bedingungen-datenschutz-berkel-kanorally","status":"publish","type":"page","link":"https:\/\/deberkel.info\/de\/bedingungen-datenschutz-berkel-kanorally\/","title":{"rendered":"Bedingungen\/Datenschutz Berkel Kanurallye"},"content":{"rendered":"<h1>Algemeine Bedingungen f\u00fcr Teilnahme Berkel Kanurallye<\/h1>\n<h1>Teilnahme<\/h1>\n<ul>\n<li>Mit dem einreichen des Anmeldeformulars geht der Teilnehmer eine Vereinbarung an und ist er einverstanden mit den algemeinen Bedingungen.<\/li>\n<li>Hinweise der Organisation der Berkel Kanurallye m\u00fcssen immer befolgt werden.<\/li>\n<li>Die Niederl\u00e4ndische Wehre d\u00fcrfen nicht per Boot vorbei gefahren werden. Bei allen Wehren gibt es Kanustege, sowohl stromaufw\u00e4rts als stromabw\u00e4rts. Hier also aussteigen, \u00fcbertragen und wieder einsteigen.<\/li>\n<li>Benutzung von Schwimmweste und das mitnehmen von trockener Kleidung im Kanu sind&nbsp;erforderlich.<\/li>\n<li>Nach Anmeldung gibt es 2 Wochen gesetzliche Bedenkzeit.<br \/>\nWenn innerhalb von zwei Wochen nach der Anmeldung und vor Anmeldeschluss f\u00fcr die Kanorally eine E-Mail zur Abmeldung an <a href=\"mailto:berkelkanorally@deberkel.info\">berkelkanorally@deberkel.info<\/a> gesendet wird, wird der gezahlte Betrag vollst\u00e4ndig zur\u00fcckerstattet.<\/li>\n<\/ul>\n<h2>Haftung<\/h2>\n<ul>\n<li>Teilnahme geschieht auf eigenem Risiko.<br \/>\nDie Organisation der Berkel Kanurallye oder andere damit Verbundene (Rechts)Personen, sind nicht haftbar f\u00fcr einzigen Schaden oder Verletzung die Teilnehmer sich zuziehen m\u00f6chte zufolge Teilnahme. Auch ist die Organisation der Berkel Kanurallye nicht haftbar f\u00fcr Verlust, Diebstahl oder Schaden an Eigentume.<\/li>\n<li>Teilnehmer sch\u00fctzt die Organisation der Berkel Kanurallye f\u00fcr Schaden die Dritter sich zuziehen m\u00f6chten zufolge handeln oder unterlassen dem Teilnehmer an zu rechnen bez\u00fclich der Kanufahrt.<\/li>\n<li>Teilnehmer muss verschichert sein f\u00fcr das Risiko von Schaden die er oder eine Hinterbliebene untergehen m\u00f6chte zufolge sein Verscheiden, Verletzung oder Krankheit, verursacht durch seine Teilnahme.<\/li>\n<li>Teilnehmer erkl\u00e4rt zich damit bekannt das f\u00fcr Teilnahme eine gute <span class=\"deel4\">psychische sowohl als fysische&nbsp;<\/span>Gesuntheit erforderlicht ist, und erkl\u00e4rt das er den Erfordernissen entspricht und das er sich durch Training und <span class=\"deel4\">andernfalls<\/span>&nbsp;gen\u00fcgend vorbereitet hat auf der Berkel Kanurallye.<\/li>\n<li>Teilnehmer ist sich Bewust das die zur\u00fcck zu legen Abst\u00e4nde per Kanu am 1. Tag 30 oder 25 km sind und \/ oder 28 km am 2. Tag und sch\u00e4tzt ein das bew\u00e4ltigen zu k\u00f6nnen.<\/li>\n<\/ul>\n<h2>Datenschutzerkl\u00e4rung<\/h2>\n<h3>Einleitung<\/h3>\n<p>Die Organisation der Berkel Kanurallye respektert Ihre Privatsph\u00e4re. Wir sch\u00e4tzen das Vertrauen das Sie in uns setzen und Informieren Sie gerne \u00fcber die Sicherheit und Privatsph\u00e4re Ihrer pers\u00f6nlichen Daten. Die Information \u00fcber Sie die wir verarbeiten, wird mit gr\u00f6\u00dft m\u00f6gliche Sorgf\u00e4ltigkeit behandelt. Sie haben immer das Recht zur Einsicht, Rektifikation und entfernen.<\/p>\n<p>Mit dieser Datenschutzerkl\u00e4rung machen wir Ihnen deutlich warum wir bestimmte Information sammeln, wie wir Ihre Privatsph\u00e4re besch\u00fctzen, welche Rechte Sie haben und unter welche Bedingungen wir die Information aan Ihnen oder Anderen bereitstellen.<\/p>\n<h3>Gesetzen und Bestimmungen<\/h3>\n<p>Wir folgen die \u201cDatenschutz-Anpassungs-und-Umsetzungsgesetz EU\u201d (DSAnpUG-EU). Dieses Gesetz stellt Anforderungen an Benutzung von Informationen die auf Personen zur\u00fcckf\u00fchrbar ist.<\/p>\n<h3>Identit\u00e4t des datenverarbeiters<\/h3>\n<p>Die Berkel Kanurallye wird organisiert von den &#8218;Vereniging 3e Berkelcompagnie&#8216; (NL KvK-nummer 08124033).<\/p>\n<h3>Warum sammeln wir Information?<\/h3>\n<p>Wenn Sie sich anmelden f\u00fcr die Berkel Kanurallye, fragen wir Ihre Pers\u00f6nliche Daten. Die benutzen wir um:<\/p>\n<ul>\n<li>Ihre Anfrage und Zahlung zu erledigen<\/li>\n<li>Falls notwendig Kontakt mit Ihnen aufnehmen zu k\u00f6nnen bez\u00fcglich Ihrer Teilnahme, vorausgehend, w\u00e4hrend oder nach Beendigung der Veranstaltung<\/li>\n<li>Sie zu informieren \u00fcber die diese Veranstaltung und die N\u00e4chste<\/li>\n<li>Die Website der 3. Berkelkompanie zu analysieren, instand zu halten, sch\u00fctzen und optimieren<\/li>\n<li>Die gesammelte Daten werden aufbewahrt bis maximal 1 Jahr nach der Fahrt.<\/li>\n<\/ul>\n<h3><b>Einsicht<\/b> in Ihrer Daten<\/h3>\n<p>Es ist m\u00f6glich die Organisation der Berkel Kanurallye zu beantragen Ihre Daten einsehen zu k\u00f6nnen. Wenn Sie selber fragen Ihre Daten ein zu sehen wird das erst m\u00f6glich gemacht&nbsp; (per Telefon oder E-mail) wenn es gen\u00fcgend Sicherheid gibt das Sie sind wer Sie sagen zu sein. Das machen wir so um Ihre Privatsph\u00e4re te besch\u00fctzen.<\/p>\n<h3>Information anhalten<\/h3>\n<p>Wenn Sie kein Information \u00fcber die Berkel Kanurallye haben m\u00f6chten k\u00f6nnen Sie uns das schriftlich erkennbar machen, via <a href=\"mailto:berkelkanurallye@dieberkel.info\">berkelkanurallye@dieberkel.info<\/a>. Wir werden dan regeln das Sie nicht mehr heran getreten werden hierf\u00fcr.<\/p>\n<h3>Benutzung Pers\u00f6nliche Daten anhalten<\/h3>\n<p>Wenn Sie die Benutzung Ihrer Pers\u00f6nliche Daten wegen einer der genannten Zwecken beenden m\u00f6chten, oder wenn Sie Pers\u00f6nliche Daten entfernen lassen m\u00f6chten, dann machen Sie das bitte schriftlich erkennbar, oder via <a href=\"mailto:berkelkanurallye@dieberkel.info\">berkelkanurallye@dieberkel.info<\/a>.<\/p>\n<h3>Angabe Ihrer Pers\u00f6nliche Daten<\/h3>\n<p>Falls es Fehler gibt in die registrierte Daten, k\u00f6nnen Sie via <a href=\"mailto:berkelkanurallye@dieberkel.info\">berkelkanurallye@dieberkel.info<\/a>&nbsp;bitten um Korrektur oder Entfernung Ihrer Daten.&nbsp;<\/p>\n<h3>Wem werden Ihre Daten bereitgestellt?<\/h3>\n<p>Die Daten die Sie der Organisation der Berkel Kanurallye \u00fcbergeben k\u00f6nnen dritter Parteiern bereit gestellt werden wenn dies Notwendig ist f\u00fcr die Ausf\u00fchrung der die hieroben beschrieben Zwecken.&nbsp;<br \/>\nSo wird eine dritte Partei benutzt f\u00fcr die Internet Umgebung dieser Website.<br \/>\nUnd wird Dienstleister Iwan Oprins (Inschrijven.nl) benutzt f\u00fcr die Anmeldung der sich auch um die Zahlung k\u00fcmmert.<\/p>\n<p>Wir geben niemals pers\u00f6nliche Daten weiter an andere Parteien die mit uns kein Dienstleisters Vereinbarung&nbsp; abgeschlossen haben. Mit diesen Parteien (Dienstleister) verabreden wir nat\u00fcrlich derma\u00dfen das Ihre Pers\u00f6nliche Daten sicher bleiben.<\/p>\n<p>Weiter werden wir Ihre pers\u00f6nliche Daten niemals an andere Parteien bereit stellen, au\u00dfer wenn dies gesetzlich verpflichtet und gestattet ist. Ein Beispiel davon ist das die Polizei im Ramen einer Untersuchung (pers\u00f6nliche) Daten an uns fragt. In so einem Fall m\u00fcssen wir mitwirken und sind dann verpflichtet diese Daten zu geben. Auch k\u00f6nnen wir pers\u00f6nliche Daten weiter geben wenn Sie uns daf\u00fcr gestatten.<\/p>\n<h3>Bild-, Video- und Audiomaterial w\u00e4hrend die Veranstaltung<\/h3>\n<p>Die Organisation der Berkel Kanurallye kann w\u00e4hrend die Veranstaltung Bild-, Video- und Audiomaterial von Teilnehmern sammeln. Dieses Material kann benutzt werden in Werbematerial wie Flyer und auf der Website und Facebook. Wenn explizit gefragt und mit Anl\u00e4sse begr\u00fcndet werden wir Bild-, Video- und Audiomaterial entfernen.<\/p>\n<h3>Frage<\/h3>\n<p>Selbstverst\u00e4ndlich Informieren wir Ihnen deutlich und komplett bez\u00fcglich Ihre Privatsph\u00e4re. Haben Sie Frage \u00fcber diese Datenschutzerkl\u00e4rung oder die Art und Weise worauf die Organisation der Berkel Kanurallye umgeht mit Ihren Daten, dann k\u00f6nnen Sie uns Ihre Frage stellen via <a href=\"mailto:berkelkanurallye@dieberkel.info\">berkelkanurallye@dieberkel.info<\/a>.<\/p>\n<h3><span class=\"deel4\">Beschwerden<\/span><\/h3>\n<p>Wenn Sie eine Beschwerde haben bez\u00fcglich die Verwirkung Ihrer Pers\u00f6nliche Daten, dann k\u00f6nnen Sie Ihrer Beschwerde melden via <a href=\"mailto:berkelkanurallye@dieberkel.info\">berkelkanurallye@dieberkel.info<\/a>.<\/p>\n<h3>\u00c4nderungen und datum<\/h3>\n<p>Diese Datenschutzerkl\u00e4rung kann auf jedem Moment ge\u00e4ndert worden. Auf dieser Stelle k\u00f6nnen Sie immer die mest aktuelle Datenschutzerkl\u00e4rung finden.<\/p>\n<p>Diese algemeine Bedingungen mit Datenschutzerkl\u00e4rung sind zum letzten Mal ge\u00e4ndert worden am 14. Mai 2024.<\/p>\n","protected":false},"excerpt":{"rendered":"<p>Algemeine Bedingungen f\u00fcr Teilnahme Berkel Kanurallye Teilnahme Mit dem einreichen des Anmeldeformulars geht der Teilnehmer eine Vereinbarung an und ist er einverstanden mit den algemeinen Bedingungen. Hinweise der Organisation der Berkel Kanurallye m\u00fcssen immer befolgt werden. Die Niederl\u00e4ndische Wehre d\u00fcrfen &hellip; <a href=\"https:\/\/deberkel.info\/de\/bedingungen-datenschutz-berkel-kanorally\/\">Weiterlesen <span class=\"meta-nav\">&rarr;<\/span><\/a><\/p>\n","protected":false},"author":1,"featured_media":0,"parent":0,"menu_order":0,"comment_status":"closed","ping_status":"closed","template":"sidebar-page.php","meta":{"_exactmetrics_skip_tracking":false,"_exactmetrics_sitenote_active":false,"_exactmetrics_sitenote_note":"","_exactmetrics_sitenote_category":0,"ngg_post_thumbnail":0,"_locale":"de_DE","_original_post":"3661","footnotes":"","_links_to":"","_links_to_target":""},"class_list":["post-3743","page","type-page","status-publish","hentry","de-DE"],"yoast_head":"<!-- This site is optimized with the Yoast SEO plugin v27.4 - https:\/\/yoast.com\/product\/yoast-seo-wordpress\/ -->\n<title>Bedingungen\/Datenschutz Berkel Kanurallye - Berkel Info<\/title>\n<meta name=\"robots\" content=\"index, follow, max-snippet:-1, max-image-preview:large, max-video-preview:-1\" \/>\n<link rel=\"canonical\" href=\"https:\/\/deberkel.info\/de\/bedingungen-datenschutz-berkel-kanorally\/\" \/>\n<meta property=\"og:locale\" content=\"de_DE\" \/>\n<meta property=\"og:type\" content=\"article\" \/>\n<meta property=\"og:title\" content=\"Bedingungen\/Datenschutz Berkel Kanurallye - Berkel Info\" \/>\n<meta property=\"og:description\" content=\"Algemeine Bedingungen f\u00fcr Teilnahme Berkel Kanurallye Teilnahme Mit dem einreichen des Anmeldeformulars geht der Teilnehmer eine Vereinbarung an und ist er einverstanden mit den algemeinen Bedingungen. Hinweise der Organisation der Berkel Kanurallye m\u00fcssen immer befolgt werden. Die Niederl\u00e4ndische Wehre d\u00fcrfen &hellip; Weiterlesen &rarr;\" \/>\n<meta property=\"og:url\" content=\"https:\/\/deberkel.info\/de\/bedingungen-datenschutz-berkel-kanorally\/\" \/>\n<meta property=\"og:site_name\" content=\"Berkel Info\" \/>\n<meta property=\"article:modified_time\" content=\"2025-11-18T20:10:06+00:00\" \/>\n<meta name=\"twitter:card\" content=\"summary_large_image\" \/>\n<meta name=\"twitter:label1\" content=\"Gesch\u00e4tzte Lesezeit\" \/>\n\t<meta name=\"twitter:data1\" content=\"5\u00a0Minuten\" \/>\n<script type=\"application\/ld+json\" class=\"yoast-schema-graph\">{\"@context\":\"https:\\\/\\\/schema.org\",\"@graph\":[{\"@type\":\"WebPage\",\"@id\":\"https:\\\/\\\/deberkel.info\\\/de\\\/bedingungen-datenschutz-berkel-kanorally\\\/\",\"url\":\"https:\\\/\\\/deberkel.info\\\/de\\\/bedingungen-datenschutz-berkel-kanorally\\\/\",\"name\":\"Bedingungen\\\/Datenschutz Berkel Kanurallye - Berkel Info\",\"isPartOf\":{\"@id\":\"https:\\\/\\\/deberkel.info\\\/#website\"},\"datePublished\":\"2018-04-17T10:37:14+00:00\",\"dateModified\":\"2025-11-18T20:10:06+00:00\",\"breadcrumb\":{\"@id\":\"https:\\\/\\\/deberkel.info\\\/de\\\/bedingungen-datenschutz-berkel-kanorally\\\/#breadcrumb\"},\"inLanguage\":\"de\",\"potentialAction\":[{\"@type\":\"ReadAction\",\"target\":[\"https:\\\/\\\/deberkel.info\\\/de\\\/bedingungen-datenschutz-berkel-kanorally\\\/\"]}]},{\"@type\":\"BreadcrumbList\",\"@id\":\"https:\\\/\\\/deberkel.info\\\/de\\\/bedingungen-datenschutz-berkel-kanorally\\\/#breadcrumb\",\"itemListElement\":[{\"@type\":\"ListItem\",\"position\":1,\"name\":\"Home\",\"item\":\"https:\\\/\\\/deberkel.info\\\/de\\\/\"},{\"@type\":\"ListItem\",\"position\":2,\"name\":\"Bedingungen\\\/Datenschutz Berkel Kanurallye\"}]},{\"@type\":\"WebSite\",\"@id\":\"https:\\\/\\\/deberkel.info\\\/#website\",\"url\":\"https:\\\/\\\/deberkel.info\\\/\",\"name\":\"Berkel Info\",\"description\":\"Alles over de Berkel en het Berkeldal, van Billerbeck tot Zutphen\",\"potentialAction\":[{\"@type\":\"SearchAction\",\"target\":{\"@type\":\"EntryPoint\",\"urlTemplate\":\"https:\\\/\\\/deberkel.info\\\/?s={search_term_string}\"},\"query-input\":{\"@type\":\"PropertyValueSpecification\",\"valueRequired\":true,\"valueName\":\"search_term_string\"}}],\"inLanguage\":\"de\"}]}<\/script>\n<!-- \/ Yoast SEO plugin. -->","yoast_head_json":{"title":"Bedingungen\/Datenschutz Berkel Kanurallye - Berkel Info","robots":{"index":"index","follow":"follow","max-snippet":"max-snippet:-1","max-image-preview":"max-image-preview:large","max-video-preview":"max-video-preview:-1"},"canonical":"https:\/\/deberkel.info\/de\/bedingungen-datenschutz-berkel-kanorally\/","og_locale":"de_DE","og_type":"article","og_title":"Bedingungen\/Datenschutz Berkel Kanurallye - Berkel Info","og_description":"Algemeine Bedingungen f\u00fcr Teilnahme Berkel Kanurallye Teilnahme Mit dem einreichen des Anmeldeformulars geht der Teilnehmer eine Vereinbarung an und ist er einverstanden mit den algemeinen Bedingungen. Hinweise der Organisation der Berkel Kanurallye m\u00fcssen immer befolgt werden. Die Niederl\u00e4ndische Wehre d\u00fcrfen &hellip; Weiterlesen &rarr;","og_url":"https:\/\/deberkel.info\/de\/bedingungen-datenschutz-berkel-kanorally\/","og_site_name":"Berkel Info","article_modified_time":"2025-11-18T20:10:06+00:00","twitter_card":"summary_large_image","twitter_misc":{"Gesch\u00e4tzte Lesezeit":"5\u00a0Minuten"},"schema":{"@context":"https:\/\/schema.org","@graph":[{"@type":"WebPage","@id":"https:\/\/deberkel.info\/de\/bedingungen-datenschutz-berkel-kanorally\/","url":"https:\/\/deberkel.info\/de\/bedingungen-datenschutz-berkel-kanorally\/","name":"Bedingungen\/Datenschutz Berkel Kanurallye - Berkel Info","isPartOf":{"@id":"https:\/\/deberkel.info\/#website"},"datePublished":"2018-04-17T10:37:14+00:00","dateModified":"2025-11-18T20:10:06+00:00","breadcrumb":{"@id":"https:\/\/deberkel.info\/de\/bedingungen-datenschutz-berkel-kanorally\/#breadcrumb"},"inLanguage":"de","potentialAction":[{"@type":"ReadAction","target":["https:\/\/deberkel.info\/de\/bedingungen-datenschutz-berkel-kanorally\/"]}]},{"@type":"BreadcrumbList","@id":"https:\/\/deberkel.info\/de\/bedingungen-datenschutz-berkel-kanorally\/#breadcrumb","itemListElement":[{"@type":"ListItem","position":1,"name":"Home","item":"https:\/\/deberkel.info\/de\/"},{"@type":"ListItem","position":2,"name":"Bedingungen\/Datenschutz Berkel Kanurallye"}]},{"@type":"WebSite","@id":"https:\/\/deberkel.info\/#website","url":"https:\/\/deberkel.info\/","name":"Berkel Info","description":"Alles over de Berkel en het Berkeldal, van Billerbeck tot Zutphen","potentialAction":[{"@type":"SearchAction","target":{"@type":"EntryPoint","urlTemplate":"https:\/\/deberkel.info\/?s={search_term_string}"},"query-input":{"@type":"PropertyValueSpecification","valueRequired":true,"valueName":"search_term_string"}}],"inLanguage":"de"}]}},"rttpg_featured_image_url":null,"rttpg_author":{"display_name":"berkelcompagnie","author_link":"https:\/\/deberkel.info\/author\/berkelcompagnie\/"},"rttpg_comment":0,"rttpg_category":null,"rttpg_excerpt":"Algemeine Bedingungen f\u00fcr Teilnahme Berkel Kanurallye Teilnahme Mit dem einreichen des Anmeldeformulars geht der Teilnehmer eine Vereinbarung an und ist er einverstanden mit den algemeinen Bedingungen. Hinweise der Organisation der Berkel Kanurallye m\u00fcssen immer befolgt werden. Die Niederl\u00e4ndische Wehre d\u00fcrfen &hellip; Weiterlesen &rarr;","_links":{"self":[{"href":"https:\/\/deberkel.info\/wp-json\/wp\/v2\/pages\/3743","targetHints":{"allow":["GET"]}}],"collection":[{"href":"https:\/\/deberkel.info\/wp-json\/wp\/v2\/pages"}],"about":[{"href":"https:\/\/deberkel.info\/wp-json\/wp\/v2\/types\/page"}],"author":[{"embeddable":true,"href":"https:\/\/deberkel.info\/wp-json\/wp\/v2\/users\/1"}],"replies":[{"embeddable":true,"href":"https:\/\/deberkel.info\/wp-json\/wp\/v2\/comments?post=3743"}],"version-history":[{"count":38,"href":"https:\/\/deberkel.info\/wp-json\/wp\/v2\/pages\/3743\/revisions"}],"predecessor-version":[{"id":19779,"href":"https:\/\/deberkel.info\/wp-json\/wp\/v2\/pages\/3743\/revisions\/19779"}],"wp:attachment":[{"href":"https:\/\/deberkel.info\/wp-json\/wp\/v2\/media?parent=3743"}],"curies":[{"name":"wp","href":"https:\/\/api.w.org\/{rel}","templated":true}]}}