{"id":4341,"date":"2018-05-04T08:44:41","date_gmt":"2018-05-04T08:44:41","guid":{"rendered":"http:\/\/deberkel.info\/?page_id=4341"},"modified":"2021-12-07T11:19:05","modified_gmt":"2021-12-07T10:19:05","slug":"rundfahrten-auf-die-berkel","status":"publish","type":"page","link":"https:\/\/deberkel.info\/de\/rundfahrten-auf-die-berkel\/","title":{"rendered":"Rundfahrten auf die Berkel"},"content":{"rendered":"<div id=\"top\">An verschiedenen Stellen gibt es Rundfahrtm\u00f6glichkeiten auf die Berkel mit Fl\u00fcsterboten und Berkelzompen.<br \/>\nZwei sch\u00f6ne Fahrten von Eibergen nach Mallem sind hier an zu schauen (und <a href=\"#rondvaarten\">weiter nach unten<\/a> ein Fahrten\u00fcbersicht):<br \/>\n<iframe loading=\"lazy\" src=\"https:\/\/www.youtube.com\/embed\/r1d2VaEIlhg?rel=0&amp;showinfo=0\" width=\"380\" height=\"315\" frameborder=\"0\" allowfullscreen=\"allowfullscreen\"><\/iframe><br \/>\n<iframe loading=\"lazy\" src=\"https:\/\/www.youtube.com\/embed\/UAfEpF4fw3E\" width=\"380\" height=\"315\" frameborder=\"0\" allowfullscreen=\"allowfullscreen\"><span data-mce-type=\"bookmark\" style=\"display: inline-block; width: 0px; overflow: hidden; line-height: 0;\" class=\"mce_SELRES_start\">\ufeff<\/span><\/iframe><\/div>\n<div>&nbsp;<\/div>\n<div>Und <a href=\"http:\/\/www.achterhoek.nl\/seizoenen-themas\/achterhoek-aan-het-water\/beleef-de-berkel\/#!list\/79393\/nl\/1\/10\/na\/na\/std\/na\/na\/0;0,0;0,0;0\/all\/\" target=\"_blank\" rel=\"noopener noreferrer\">Achterhoek Toerisme<\/a> hat auch ein \u00dcbersicht gemacht.<\/div>\n<div id=\"rondvaarten\">Hierunten ein \u00dcbersicht von Eibergen bis Zutphen (geordnet stromabw\u00e4rts, click ein Bild f\u00fchr mehr Information):<\/div>\n<hr>\n<p><a href=\"#eibergen\">Rundfahrt Eibergen<\/a><br \/>\n<a href=\"#borculo\">Rundfahrt Borculo<\/a><br \/>\n<a href=\"#lochem\">Rundfahrt Lochem<\/a><br \/>\n<a href=\"#almen\">Rundfahrt Almen<\/a><br \/>\n<a href=\"#zutphen\">Rundfahrt Zutphen<\/a><\/p>\n<hr>\n<h2 id=\"eibergen\"><a href=\"\/wp-content\/uploads\/2018\/05\/snippe_eibergen.png\" rel=\"noopener\"><img loading=\"lazy\" decoding=\"async\" class=\"alignnone wp-image-4348 size-full\" src=\"\/wp-content\/uploads\/2018\/05\/snippe_eibergen.png\" alt=\"\" width=\"786\" height=\"350\" srcset=\"https:\/\/deberkel.info\/wp-content\/uploads\/2018\/05\/snippe_eibergen.png 786w, https:\/\/deberkel.info\/wp-content\/uploads\/2018\/05\/snippe_eibergen-300x134.png 300w, https:\/\/deberkel.info\/wp-content\/uploads\/2018\/05\/snippe_eibergen-768x342.png 768w, https:\/\/deberkel.info\/wp-content\/uploads\/2018\/05\/snippe_eibergen-500x223.png 500w\" sizes=\"auto, (max-width: 786px) 100vw, 786px\" \/><\/a><a href=\"#top\"><img loading=\"lazy\" decoding=\"async\" class=\"alignright wp-image-4253\" style=\"border-style: none; width: 30px; height: 29px;\" src=\"\/wp-content\/uploads\/2018\/04\/PijlOmhoog2.png\" alt=\"Top\" width=\"30\" height=\"29\"><\/a><a href=\"https:\/\/www.stichtingberkelzomp.nl\/vaartochten\/#about-494732\" target=\"_blank\" rel=\"noopener noreferrer\">&nbsp; Rundfahrt Berkelzomp Eibergen (click und nach Eibergen scrollen)<\/a><\/h2>\n<hr>\n<h2 id=\"borculo\"><a href=\"\/wp-content\/uploads\/2018\/05\/jappe_borculo.png\" rel=\"noopener\"><img loading=\"lazy\" decoding=\"async\" class=\"alignnone wp-image-4347 size-full\" src=\"\/wp-content\/uploads\/2018\/05\/jappe_borculo.png\" alt=\"\" width=\"786\" height=\"350\" srcset=\"https:\/\/deberkel.info\/wp-content\/uploads\/2018\/05\/jappe_borculo.png 786w, https:\/\/deberkel.info\/wp-content\/uploads\/2018\/05\/jappe_borculo-300x134.png 300w, https:\/\/deberkel.info\/wp-content\/uploads\/2018\/05\/jappe_borculo-768x342.png 768w, https:\/\/deberkel.info\/wp-content\/uploads\/2018\/05\/jappe_borculo-500x223.png 500w\" sizes=\"auto, (max-width: 786px) 100vw, 786px\" \/><\/a><a href=\"#top\"><img loading=\"lazy\" decoding=\"async\" class=\"alignright wp-image-4253\" style=\"border-style: none; width: 30px; height: 29px;\" src=\"\/wp-content\/uploads\/2018\/04\/PijlOmhoog2.png\" alt=\"Top\" width=\"30\" height=\"29\"><\/a><a href=\"https:\/\/www.stichtingberkelzomp.nl\/vaartochten\/#about-57026\" target=\"_blank\" rel=\"noopener noreferrer\"><br \/>\nRundfahrt Berkelzomp Borculo (click und nach Borculo scrollen)<\/a><\/h2>\n<hr>\n<h2 id=\"lochem\"><a href=\"\/wp-content\/uploads\/2018\/05\/ente_lochem.png\" rel=\"noopener\"><img loading=\"lazy\" decoding=\"async\" class=\"alignnone wp-image-4344 size-full\" src=\"\/wp-content\/uploads\/2018\/05\/ente_lochem.png\" alt=\"\" width=\"786\" height=\"350\" srcset=\"https:\/\/deberkel.info\/wp-content\/uploads\/2018\/05\/ente_lochem.png 786w, https:\/\/deberkel.info\/wp-content\/uploads\/2018\/05\/ente_lochem-300x134.png 300w, https:\/\/deberkel.info\/wp-content\/uploads\/2018\/05\/ente_lochem-768x342.png 768w, https:\/\/deberkel.info\/wp-content\/uploads\/2018\/05\/ente_lochem-500x223.png 500w\" sizes=\"auto, (max-width: 786px) 100vw, 786px\" \/><\/a><a href=\"#top\"><img loading=\"lazy\" decoding=\"async\" class=\"alignright wp-image-4253\" style=\"border-style: none; width: 30px; height: 29px;\" src=\"\/wp-content\/uploads\/2018\/04\/PijlOmhoog2.png\" alt=\"Top\" width=\"30\" height=\"29\"><\/a><a href=\"https:\/\/www.stichtingberkelzomp.nl\/vaartochten\/#about-730265\" target=\"_blank\" rel=\"noopener noreferrer\"><br \/>\nRundfahrt Berkelzomp Lochem (click und nach Lochem scrollen)<\/a><\/h2>\n<hr>\n<div id=\"almen\">\n<h2><a href=\"\/wp-content\/uploads\/2018\/05\/fute_almen.png\" rel=\"noopener\"><img loading=\"lazy\" decoding=\"async\" class=\"alignnone wp-image-4346 size-full\" src=\"\/wp-content\/uploads\/2018\/05\/fute_almen.png\" alt=\"\" width=\"786\" height=\"350\" srcset=\"https:\/\/deberkel.info\/wp-content\/uploads\/2018\/05\/fute_almen.png 786w, https:\/\/deberkel.info\/wp-content\/uploads\/2018\/05\/fute_almen-300x134.png 300w, https:\/\/deberkel.info\/wp-content\/uploads\/2018\/05\/fute_almen-768x342.png 768w, https:\/\/deberkel.info\/wp-content\/uploads\/2018\/05\/fute_almen-500x223.png 500w\" sizes=\"auto, (max-width: 786px) 100vw, 786px\" \/><\/a><a href=\"#top\"><img loading=\"lazy\" decoding=\"async\" class=\"alignright wp-image-4253\" style=\"border-style: none; width: 30px; height: 29px;\" src=\"\/wp-content\/uploads\/2018\/04\/PijlOmhoog2.png\" alt=\"Top\" width=\"30\" height=\"29\"><\/a><a href=\"https:\/\/www.stichtingberkelzomp.nl\/vaartochten\/#about-72053\" target=\"_blank\" rel=\"noopener noreferrer\"><br \/>\nRundfahrt Berkelzomp Almen (click und nach Almen scrollen)<\/a><\/h2>\n<\/div>\n<hr>\n<div id=\"zutphen\">\n<h2><a href=\"\/wp-content\/uploads\/2018\/05\/fluisterboot_zutphen1.jpg\" rel=\"noopener\"><img loading=\"lazy\" decoding=\"async\" class=\"alignnone wp-image-4345 size-large\" src=\"\/wp-content\/uploads\/2018\/05\/fluisterboot_zutphen1-1024x452.jpg\" alt=\"\" width=\"584\" height=\"258\" srcset=\"https:\/\/deberkel.info\/wp-content\/uploads\/2018\/05\/fluisterboot_zutphen1-1024x452.jpg 1024w, https:\/\/deberkel.info\/wp-content\/uploads\/2018\/05\/fluisterboot_zutphen1-300x133.jpg 300w, https:\/\/deberkel.info\/wp-content\/uploads\/2018\/05\/fluisterboot_zutphen1-768x339.jpg 768w, https:\/\/deberkel.info\/wp-content\/uploads\/2018\/05\/fluisterboot_zutphen1-500x221.jpg 500w, https:\/\/deberkel.info\/wp-content\/uploads\/2018\/05\/fluisterboot_zutphen1.jpg 1170w\" sizes=\"auto, (max-width: 584px) 100vw, 584px\" \/><\/a><a href=\"#top\"><img loading=\"lazy\" decoding=\"async\" class=\"alignright wp-image-4253\" style=\"border-style: none; width: 30px; height: 29px;\" src=\"\/wp-content\/uploads\/2018\/04\/PijlOmhoog2.png\" alt=\"Top\" width=\"30\" height=\"29\"><\/a><a href=\"http:\/\/www.fluisterboot-zutphen.nl\" target=\"_blank\" rel=\"noopener noreferrer\"><br \/>\nRundfahrt Fluisterboten Zutphen<\/a><\/h2>\n<hr>\n<p>&nbsp;<\/p>\n<\/div>\n","protected":false},"excerpt":{"rendered":"<p>An verschiedenen Stellen gibt es Rundfahrtm\u00f6glichkeiten auf die Berkel mit Fl\u00fcsterboten und Berkelzompen. Zwei sch\u00f6ne Fahrten von Eibergen nach Mallem sind hier an zu schauen (und weiter nach unten ein Fahrten\u00fcbersicht): \ufeff &nbsp; Und Achterhoek Toerisme hat auch ein \u00dcbersicht &hellip; <a href=\"https:\/\/deberkel.info\/de\/rundfahrten-auf-die-berkel\/\">Weiterlesen <span class=\"meta-nav\">&rarr;<\/span><\/a><\/p>\n","protected":false},"author":1,"featured_media":0,"parent":0,"menu_order":0,"comment_status":"closed","ping_status":"closed","template":"sidebar-page.php","meta":{"_exactmetrics_skip_tracking":false,"_exactmetrics_sitenote_active":false,"_exactmetrics_sitenote_note":"","_exactmetrics_sitenote_category":0,"ngg_post_thumbnail":0,"_locale":"de_DE","_original_post":"4338","footnotes":"","_links_to":"","_links_to_target":""},"class_list":["post-4341","page","type-page","status-publish","hentry","de-DE"],"yoast_head":"<!-- This site is optimized with the Yoast SEO plugin v27.3 - https:\/\/yoast.com\/product\/yoast-seo-wordpress\/ -->\n<title>Rundfahrten auf die Berkel - Berkel Info<\/title>\n<meta name=\"robots\" content=\"index, follow, max-snippet:-1, max-image-preview:large, max-video-preview:-1\" \/>\n<link rel=\"canonical\" href=\"https:\/\/deberkel.info\/de\/rundfahrten-auf-die-berkel\/\" \/>\n<meta property=\"og:locale\" content=\"de_DE\" \/>\n<meta property=\"og:type\" content=\"article\" \/>\n<meta property=\"og:title\" content=\"Rundfahrten auf die Berkel - Berkel Info\" \/>\n<meta property=\"og:description\" content=\"An verschiedenen Stellen gibt es Rundfahrtm\u00f6glichkeiten auf die Berkel mit Fl\u00fcsterboten und Berkelzompen. Zwei sch\u00f6ne Fahrten von Eibergen nach Mallem sind hier an zu schauen (und weiter nach unten ein Fahrten\u00fcbersicht): \ufeff &nbsp; Und Achterhoek Toerisme hat auch ein \u00dcbersicht &hellip; Weiterlesen &rarr;\" \/>\n<meta property=\"og:url\" content=\"https:\/\/deberkel.info\/de\/rundfahrten-auf-die-berkel\/\" \/>\n<meta property=\"og:site_name\" content=\"Berkel Info\" \/>\n<meta property=\"article:modified_time\" content=\"2021-12-07T10:19:05+00:00\" \/>\n<meta property=\"og:image\" content=\"https:\/\/deberkel.info\/wp-content\/uploads\/2018\/05\/snippe_eibergen.png\" \/>\n<meta name=\"twitter:card\" content=\"summary_large_image\" \/>\n<meta name=\"twitter:label1\" content=\"Gesch\u00e4tzte Lesezeit\" \/>\n\t<meta name=\"twitter:data1\" content=\"3\u00a0Minuten\" \/>\n<script type=\"application\/ld+json\" class=\"yoast-schema-graph\">{\"@context\":\"https:\\\/\\\/schema.org\",\"@graph\":[{\"@type\":\"WebPage\",\"@id\":\"https:\\\/\\\/deberkel.info\\\/de\\\/rundfahrten-auf-die-berkel\\\/\",\"url\":\"https:\\\/\\\/deberkel.info\\\/de\\\/rundfahrten-auf-die-berkel\\\/\",\"name\":\"Rundfahrten auf die Berkel - Berkel Info\",\"isPartOf\":{\"@id\":\"https:\\\/\\\/deberkel.info\\\/#website\"},\"datePublished\":\"2018-05-04T08:44:41+00:00\",\"dateModified\":\"2021-12-07T10:19:05+00:00\",\"breadcrumb\":{\"@id\":\"https:\\\/\\\/deberkel.info\\\/de\\\/rundfahrten-auf-die-berkel\\\/#breadcrumb\"},\"inLanguage\":\"de\",\"potentialAction\":[{\"@type\":\"ReadAction\",\"target\":[\"https:\\\/\\\/deberkel.info\\\/de\\\/rundfahrten-auf-die-berkel\\\/\"]}]},{\"@type\":\"BreadcrumbList\",\"@id\":\"https:\\\/\\\/deberkel.info\\\/de\\\/rundfahrten-auf-die-berkel\\\/#breadcrumb\",\"itemListElement\":[{\"@type\":\"ListItem\",\"position\":1,\"name\":\"Home\",\"item\":\"https:\\\/\\\/deberkel.info\\\/de\\\/\"},{\"@type\":\"ListItem\",\"position\":2,\"name\":\"Rundfahrten auf die Berkel\"}]},{\"@type\":\"WebSite\",\"@id\":\"https:\\\/\\\/deberkel.info\\\/#website\",\"url\":\"https:\\\/\\\/deberkel.info\\\/\",\"name\":\"Berkel Info\",\"description\":\"Alles over de Berkel en het Berkeldal, van Billerbeck tot Zutphen\",\"potentialAction\":[{\"@type\":\"SearchAction\",\"target\":{\"@type\":\"EntryPoint\",\"urlTemplate\":\"https:\\\/\\\/deberkel.info\\\/?s={search_term_string}\"},\"query-input\":{\"@type\":\"PropertyValueSpecification\",\"valueRequired\":true,\"valueName\":\"search_term_string\"}}],\"inLanguage\":\"de\"}]}<\/script>\n<!-- \/ Yoast SEO plugin. -->","yoast_head_json":{"title":"Rundfahrten auf die Berkel - Berkel Info","robots":{"index":"index","follow":"follow","max-snippet":"max-snippet:-1","max-image-preview":"max-image-preview:large","max-video-preview":"max-video-preview:-1"},"canonical":"https:\/\/deberkel.info\/de\/rundfahrten-auf-die-berkel\/","og_locale":"de_DE","og_type":"article","og_title":"Rundfahrten auf die Berkel - Berkel Info","og_description":"An verschiedenen Stellen gibt es Rundfahrtm\u00f6glichkeiten auf die Berkel mit Fl\u00fcsterboten und Berkelzompen. Zwei sch\u00f6ne Fahrten von Eibergen nach Mallem sind hier an zu schauen (und weiter nach unten ein Fahrten\u00fcbersicht): \ufeff &nbsp; Und Achterhoek Toerisme hat auch ein \u00dcbersicht &hellip; Weiterlesen &rarr;","og_url":"https:\/\/deberkel.info\/de\/rundfahrten-auf-die-berkel\/","og_site_name":"Berkel Info","article_modified_time":"2021-12-07T10:19:05+00:00","og_image":[{"url":"https:\/\/deberkel.info\/wp-content\/uploads\/2018\/05\/snippe_eibergen.png","type":"","width":"","height":""}],"twitter_card":"summary_large_image","twitter_misc":{"Gesch\u00e4tzte Lesezeit":"3\u00a0Minuten"},"schema":{"@context":"https:\/\/schema.org","@graph":[{"@type":"WebPage","@id":"https:\/\/deberkel.info\/de\/rundfahrten-auf-die-berkel\/","url":"https:\/\/deberkel.info\/de\/rundfahrten-auf-die-berkel\/","name":"Rundfahrten auf die Berkel - Berkel Info","isPartOf":{"@id":"https:\/\/deberkel.info\/#website"},"datePublished":"2018-05-04T08:44:41+00:00","dateModified":"2021-12-07T10:19:05+00:00","breadcrumb":{"@id":"https:\/\/deberkel.info\/de\/rundfahrten-auf-die-berkel\/#breadcrumb"},"inLanguage":"de","potentialAction":[{"@type":"ReadAction","target":["https:\/\/deberkel.info\/de\/rundfahrten-auf-die-berkel\/"]}]},{"@type":"BreadcrumbList","@id":"https:\/\/deberkel.info\/de\/rundfahrten-auf-die-berkel\/#breadcrumb","itemListElement":[{"@type":"ListItem","position":1,"name":"Home","item":"https:\/\/deberkel.info\/de\/"},{"@type":"ListItem","position":2,"name":"Rundfahrten auf die Berkel"}]},{"@type":"WebSite","@id":"https:\/\/deberkel.info\/#website","url":"https:\/\/deberkel.info\/","name":"Berkel Info","description":"Alles over de Berkel en het Berkeldal, van Billerbeck tot Zutphen","potentialAction":[{"@type":"SearchAction","target":{"@type":"EntryPoint","urlTemplate":"https:\/\/deberkel.info\/?s={search_term_string}"},"query-input":{"@type":"PropertyValueSpecification","valueRequired":true,"valueName":"search_term_string"}}],"inLanguage":"de"}]}},"rttpg_featured_image_url":null,"rttpg_author":{"display_name":"berkelcompagnie","author_link":"https:\/\/deberkel.info\/author\/berkelcompagnie\/"},"rttpg_comment":0,"rttpg_category":null,"rttpg_excerpt":"An verschiedenen Stellen gibt es Rundfahrtm\u00f6glichkeiten auf die Berkel mit Fl\u00fcsterboten und Berkelzompen. Zwei sch\u00f6ne Fahrten von Eibergen nach Mallem sind hier an zu schauen (und weiter nach unten ein Fahrten\u00fcbersicht): \ufeff &nbsp; Und Achterhoek Toerisme hat auch ein \u00dcbersicht &hellip; Weiterlesen &rarr;","_links":{"self":[{"href":"https:\/\/deberkel.info\/wp-json\/wp\/v2\/pages\/4341","targetHints":{"allow":["GET"]}}],"collection":[{"href":"https:\/\/deberkel.info\/wp-json\/wp\/v2\/pages"}],"about":[{"href":"https:\/\/deberkel.info\/wp-json\/wp\/v2\/types\/page"}],"author":[{"embeddable":true,"href":"https:\/\/deberkel.info\/wp-json\/wp\/v2\/users\/1"}],"replies":[{"embeddable":true,"href":"https:\/\/deberkel.info\/wp-json\/wp\/v2\/comments?post=4341"}],"version-history":[{"count":32,"href":"https:\/\/deberkel.info\/wp-json\/wp\/v2\/pages\/4341\/revisions"}],"predecessor-version":[{"id":15169,"href":"https:\/\/deberkel.info\/wp-json\/wp\/v2\/pages\/4341\/revisions\/15169"}],"wp:attachment":[{"href":"https:\/\/deberkel.info\/wp-json\/wp\/v2\/media?parent=4341"}],"curies":[{"name":"wp","href":"https:\/\/api.w.org\/{rel}","templated":true}]}}