{"id":4478,"date":"2018-05-07T09:08:00","date_gmt":"2018-05-07T09:08:00","guid":{"rendered":"http:\/\/deberkel.info\/?page_id=4478"},"modified":"2020-07-01T20:04:52","modified_gmt":"2020-07-01T20:04:52","slug":"kanuverleih-an-die-berkel","status":"publish","type":"page","link":"https:\/\/deberkel.info\/de\/kanuverleih-an-die-berkel\/","title":{"rendered":"Vermietung Kanus und mehr &#8218;Wasserfun&#8216; an die Berkel"},"content":{"rendered":"<div id=\"top\">Die Berkel eignet sich ausgezeichnet f\u00fcr sch\u00f6ne kanufahrten.<\/div>\n<div>An vielen Stellen an die Berkel k\u00f6nnen Kanus \u00fand andere &#8218;Wasserfun&#8216; Artiklen gemietet werden wo eine Fahrt anfangen kann.<br \/>\nHierunter ein \u00dcbersicht (geordnet stromabw\u00e4rts, click ein Link f\u00fcr mehr Information):<\/div>\n<hr>\n<p><a href=\"#vreden\">Vreden: Stadtmarketing<\/a><br \/>\n<a href=\"#rekken\">Rekken: Fahrrad- und Kanuverleih ten Brinke<\/a><br \/>\n<a href=\"#eibergen\">Eibergen: Sportwijzer<\/a><br \/>\n<a href=\"#borculo\">Borculo: Ultimate Adventures<\/a><br \/>\n<a href=\"#lochem\">Lochem\/Almen: kanoverhuur Oost<\/a><br \/>\n<a href=\"#kleindochteren\">Klein Dochteren: Hoeve Draafsel<\/a><br \/>\n<a href=\"#almen\">Almen: Zwembad de Berkel<\/a><br \/>\n<a href=\"#warnsveld\">Warnsveld: Fun Sport Total<\/a><br \/>\n<a href=\"#zutphen\">Zutphen: Super Snack<\/a><\/p>\n<hr>\n<h2 id=\"vreden\"><a href=\"\/wp-content\/uploads\/2018\/05\/kanufahrer-berkel-vreden.jpg\" rel=\"noopener\"><img loading=\"lazy\" decoding=\"async\" class=\"alignnone wp-image-4433 size-full\" src=\"\/wp-content\/uploads\/2018\/05\/kanufahrer-berkel-vreden.jpg\" alt=\"\" width=\"598\" height=\"237\" srcset=\"https:\/\/deberkel.info\/wp-content\/uploads\/2018\/05\/kanufahrer-berkel-vreden.jpg 598w, https:\/\/deberkel.info\/wp-content\/uploads\/2018\/05\/kanufahrer-berkel-vreden-300x119.jpg 300w, https:\/\/deberkel.info\/wp-content\/uploads\/2018\/05\/kanufahrer-berkel-vreden-500x198.jpg 500w\" sizes=\"auto, (max-width: 598px) 100vw, 598px\" \/><\/a><a href=\"#top\"><img loading=\"lazy\" decoding=\"async\" class=\"alignright wp-image-4253\" style=\"border-style: none; width: 30px; height: 29px;\" src=\"\/wp-content\/uploads\/2018\/04\/PijlOmhoog2.png\" alt=\"Top\" width=\"30\" height=\"29\"><\/a><br \/>\n<a href=\"http:\/\/www.stadtmarketing-vreden.de\/buchbare-touren\/kanuwandern\/mn_43724\" target=\"_blank\" rel=\"noopener noreferrer\">Vreden: Stadtmarketing<\/a><\/h2>\n<hr>\n<h2 id=\"rekken\"><a href=\"\/wp-content\/uploads\/2018\/05\/kanostoep-ellewick-1024x768-1.jpg\" rel=\"noopener\"><img loading=\"lazy\" decoding=\"async\" class=\"alignnone wp-image-4437 size-large\" src=\"\/wp-content\/uploads\/2018\/05\/kanostoep-ellewick-1024x768-1-1024x768.jpg\" alt=\"\" width=\"584\" height=\"438\" srcset=\"https:\/\/deberkel.info\/wp-content\/uploads\/2018\/05\/kanostoep-ellewick-1024x768-1.jpg 1024w, https:\/\/deberkel.info\/wp-content\/uploads\/2018\/05\/kanostoep-ellewick-1024x768-1-300x225.jpg 300w, https:\/\/deberkel.info\/wp-content\/uploads\/2018\/05\/kanostoep-ellewick-1024x768-1-768x576.jpg 768w, https:\/\/deberkel.info\/wp-content\/uploads\/2018\/05\/kanostoep-ellewick-1024x768-1-400x300.jpg 400w\" sizes=\"auto, (max-width: 584px) 100vw, 584px\" \/><\/a><a href=\"#top\"><img loading=\"lazy\" decoding=\"async\" class=\"alignright wp-image-4253\" style=\"border-style: none; width: 30px; height: 29px;\" src=\"\/wp-content\/uploads\/2018\/04\/PijlOmhoog2.png\" alt=\"Top\" width=\"30\" height=\"29\"><\/a><a href=\"http:\/\/fietsenkanoverhuur.nl\/de\/kanu-fahren-deutschland\/\" target=\"_blank\" rel=\"noopener noreferrer\"><br \/>\nTen Brinke Fiets- en kanoverhuur Rekken<\/a><\/h2>\n<hr>\n<h2 id=\"eibergen\"><a href=\"\/wp-content\/uploads\/2018\/05\/Sportwijzer-kanotochten.jpg\" rel=\"noopener\"><img loading=\"lazy\" decoding=\"async\" class=\"alignnone wp-image-4433 size-full\" src=\"\/wp-content\/uploads\/2018\/05\/Sportwijzer-kanotochten.jpg\" alt=\"\" width=\"600\" height=\"400\"><\/a><a href=\"#top\"><img loading=\"lazy\" decoding=\"async\" class=\"alignright wp-image-4253\" style=\"border-style: none; width: 30px; height: 29px;\" src=\"\/wp-content\/uploads\/2018\/04\/PijlOmhoog2.png\" alt=\"Top\" width=\"30\" height=\"29\"><\/a><br \/>\n<a href=\"http:\/\/www.sportwijzer.com\/aanbod\/outdoor\/kanotochten\/\" target=\"_blank\" rel=\"noopener noreferrer\">Eibergen: Sportwijzer<\/a><\/h2>\n<hr>\n<h2 id=\"borculo\"><a href=\"\/wp-content\/uploads\/2018\/05\/UltimateKano.jpg\" rel=\"noopener\"><img loading=\"lazy\" decoding=\"async\" class=\"alignnone wp-image-4433 size-full\" src=\"\/wp-content\/uploads\/2018\/05\/UltimateKano.jpg\" alt=\"\" width=\"1500\" height=\"1000\"><\/a><a href=\"#top\"><img loading=\"lazy\" decoding=\"async\" class=\"alignright wp-image-4253\" style=\"border-style: none; width: 30px; height: 29px;\" src=\"\/wp-content\/uploads\/2018\/04\/PijlOmhoog2.png\" alt=\"Top\" width=\"30\" height=\"29\"><\/a><br \/>\n<a href=\"https:\/\/ultimateadventures.nl\/losse-activiteiten\/\" target=\"_blank\" rel=\"noopener noreferrer\">Borculo: Ultimate Adventures<\/a><\/h2>\n<hr>\n<h2 id=\"lochem\"><a href=\"\/wp-content\/uploads\/2018\/05\/staringkoepel.jpg\" rel=\"noopener\"><img loading=\"lazy\" decoding=\"async\" class=\"alignnone wp-image-4433 size-full\" src=\"\/wp-content\/uploads\/2018\/05\/staringkoepel.jpg\" alt=\"\" width=\"800\" height=\"493\"><\/a><a href=\"#top\"><img loading=\"lazy\" decoding=\"async\" class=\"alignright wp-image-4253\" style=\"border-style: none; width: 30px; height: 29px;\" src=\"\/wp-content\/uploads\/2018\/04\/PijlOmhoog2.png\" alt=\"Top\" width=\"30\" height=\"29\"><\/a><br \/>\n<a href=\"http:\/\/kanoverhuuroost.nl\/vaarroutes\/berkel\/lochem-almen.html\" target=\"_blank\" rel=\"noopener noreferrer\">Lochem\/Almen: kanoverhuur Oost<\/a><\/h2>\n<hr>\n<h2 id=\"kleindochteren\"><a href=\"\/wp-content\/uploads\/2018\/05\/hoeve-draafsel_20110715-MC025.jpg\" rel=\"noopener\"><img loading=\"lazy\" decoding=\"async\" class=\"alignnone wp-image-4433 size-full\" src=\"\/wp-content\/uploads\/2018\/05\/hoeve-draafsel_20110715-MC025.jpg\" alt=\"\" width=\"1254\" height=\"700\"><\/a><a href=\"#top\"><img loading=\"lazy\" decoding=\"async\" class=\"alignright wp-image-4253\" style=\"border-style: none; width: 30px; height: 29px;\" src=\"\/wp-content\/uploads\/2018\/04\/PijlOmhoog2.png\" alt=\"Top\" width=\"30\" height=\"29\"><\/a><br \/>\n<a href=\"http:\/\/www.boerenbed.nl\/locatie\/hoeve-draafsel\/\" target=\"_blank\" rel=\"noopener noreferrer\">Klein Dochteren: Hoeve Draafsel<\/a><\/h2>\n<hr>\n<h2 id=\"almen\"><a href=\"\/wp-content\/uploads\/2018\/05\/ZwembadDeBerkel.jpg\" rel=\"noopener\"><img loading=\"lazy\" decoding=\"async\" class=\"alignnone wp-image-4433 size-full\" src=\"\/wp-content\/uploads\/2018\/05\/ZwembadDeBerkel.jpg\" alt=\"\" width=\"240\" height=\"194\"><\/a><br \/>\n<a href=\"#top\"><img loading=\"lazy\" decoding=\"async\" class=\"alignright wp-image-4253\" style=\"border-style: none; width: 30px; height: 29px;\" src=\"\/wp-content\/uploads\/2018\/04\/PijlOmhoog2.png\" alt=\"Top\" width=\"30\" height=\"29\"><\/a><br \/>\n<a href=\"https:\/\/zwembaddeberkel.nl\/trekkershutten-kanos\/\" target=\"_blank\" rel=\"noopener noreferrer\">Almen: Zwembad de Berkel<\/a><\/h2>\n<hr>\n<h2 id=\"warnsveld\"><a href=\"\/wp-content\/uploads\/2018\/05\/funsport-warnsveld.jpg\" rel=\"noopener\"><img loading=\"lazy\" decoding=\"async\" class=\"alignnone wp-image-4433 size-full\" src=\"\/wp-content\/uploads\/2018\/05\/funsport-warnsveld.jpg\" alt=\"\" width=\"790\" height=\"200\"><\/a><a href=\"#top\"><img loading=\"lazy\" decoding=\"async\" class=\"alignright wp-image-4253\" style=\"border-style: none; width: 30px; height: 29px;\" src=\"\/wp-content\/uploads\/2018\/04\/PijlOmhoog2.png\" alt=\"Top\" width=\"30\" height=\"29\"><\/a><br \/>\n<a href=\"http:\/\/www.funsporttotal.nl\/index.php\" target=\"_blank\" rel=\"noopener noreferrer\">Warnsveld: Fun Sport Total<\/a><\/h2>\n<hr>\n<h2 id=\"zutphen\"><a href=\"\/wp-content\/uploads\/2018\/05\/kano-zutphen.jpg\" rel=\"noopener\"><img loading=\"lazy\" decoding=\"async\" class=\"alignnone wp-image-4433 size-full\" src=\"\/wp-content\/uploads\/2018\/05\/kano-zutphen.jpg\" alt=\"\" width=\"500\" height=\"375\"><\/a><br \/>\n<a href=\"#top\"><img loading=\"lazy\" decoding=\"async\" class=\"alignright wp-image-4253\" style=\"border-style: none; width: 30px; height: 29px;\" src=\"\/wp-content\/uploads\/2018\/04\/PijlOmhoog2.png\" alt=\"Top\" width=\"30\" height=\"29\"><\/a><br \/>\n<a href=\"https:\/\/www.kanoverhuur-zutphen.nl\/kanoverhuur\" target=\"_blank\" rel=\"noopener noreferrer\">Zutphen: Super Snack<\/a><\/h2>\n<hr>\n<p>&nbsp;<\/p>\n","protected":false},"excerpt":{"rendered":"<p>Die Berkel eignet sich ausgezeichnet f\u00fcr sch\u00f6ne kanufahrten. An vielen Stellen an die Berkel k\u00f6nnen Kanus \u00fand andere &#8218;Wasserfun&#8216; Artiklen gemietet werden wo eine Fahrt anfangen kann. Hierunter ein \u00dcbersicht (geordnet stromabw\u00e4rts, click ein Link f\u00fcr mehr Information): Vreden: Stadtmarketing &hellip; <a href=\"https:\/\/deberkel.info\/de\/kanuverleih-an-die-berkel\/\">Weiterlesen <span class=\"meta-nav\">&rarr;<\/span><\/a><\/p>\n","protected":false},"author":1,"featured_media":0,"parent":0,"menu_order":0,"comment_status":"closed","ping_status":"closed","template":"sidebar-page.php","meta":{"_exactmetrics_skip_tracking":false,"_exactmetrics_sitenote_active":false,"_exactmetrics_sitenote_note":"","_exactmetrics_sitenote_category":0,"ngg_post_thumbnail":0,"_locale":"de_DE","_original_post":"4431","footnotes":"","_links_to":"","_links_to_target":""},"class_list":["post-4478","page","type-page","status-publish","hentry","de-DE"],"yoast_head":"<!-- This site is optimized with the Yoast SEO plugin v27.6 - https:\/\/yoast.com\/product\/yoast-seo-wordpress\/ -->\n<title>Vermietung Kanus und mehr &#039;Wasserfun&#039; an die Berkel - Berkel Info<\/title>\n<meta name=\"robots\" content=\"index, follow, max-snippet:-1, max-image-preview:large, max-video-preview:-1\" \/>\n<link rel=\"canonical\" href=\"https:\/\/deberkel.info\/de\/kanuverleih-an-die-berkel\/\" \/>\n<meta property=\"og:locale\" content=\"de_DE\" \/>\n<meta property=\"og:type\" content=\"article\" \/>\n<meta property=\"og:title\" content=\"Vermietung Kanus und mehr &#039;Wasserfun&#039; an die Berkel - Berkel Info\" \/>\n<meta property=\"og:description\" content=\"Die Berkel eignet sich ausgezeichnet f\u00fcr sch\u00f6ne kanufahrten. An vielen Stellen an die Berkel k\u00f6nnen Kanus \u00fand andere &#8218;Wasserfun&#8216; Artiklen gemietet werden wo eine Fahrt anfangen kann. Hierunter ein \u00dcbersicht (geordnet stromabw\u00e4rts, click ein Link f\u00fcr mehr Information): Vreden: Stadtmarketing &hellip; Weiterlesen &rarr;\" \/>\n<meta property=\"og:url\" content=\"https:\/\/deberkel.info\/de\/kanuverleih-an-die-berkel\/\" \/>\n<meta property=\"og:site_name\" content=\"Berkel Info\" \/>\n<meta property=\"article:modified_time\" content=\"2020-07-01T20:04:52+00:00\" \/>\n<meta property=\"og:image\" content=\"https:\/\/deberkel.info\/wp-content\/uploads\/2018\/05\/kanufahrer-berkel-vreden.jpg\" \/>\n<meta name=\"twitter:card\" content=\"summary_large_image\" \/>\n<meta name=\"twitter:label1\" content=\"Gesch\u00e4tzte Lesezeit\" \/>\n\t<meta name=\"twitter:data1\" content=\"1\u00a0Minute\" \/>\n<script type=\"application\/ld+json\" class=\"yoast-schema-graph\">{\"@context\":\"https:\\\/\\\/schema.org\",\"@graph\":[{\"@type\":\"WebPage\",\"@id\":\"https:\\\/\\\/deberkel.info\\\/de\\\/kanuverleih-an-die-berkel\\\/\",\"url\":\"https:\\\/\\\/deberkel.info\\\/de\\\/kanuverleih-an-die-berkel\\\/\",\"name\":\"Vermietung Kanus und mehr 'Wasserfun' an die Berkel - Berkel Info\",\"isPartOf\":{\"@id\":\"https:\\\/\\\/deberkel.info\\\/#website\"},\"datePublished\":\"2018-05-07T09:08:00+00:00\",\"dateModified\":\"2020-07-01T20:04:52+00:00\",\"breadcrumb\":{\"@id\":\"https:\\\/\\\/deberkel.info\\\/de\\\/kanuverleih-an-die-berkel\\\/#breadcrumb\"},\"inLanguage\":\"de\",\"potentialAction\":[{\"@type\":\"ReadAction\",\"target\":[\"https:\\\/\\\/deberkel.info\\\/de\\\/kanuverleih-an-die-berkel\\\/\"]}]},{\"@type\":\"BreadcrumbList\",\"@id\":\"https:\\\/\\\/deberkel.info\\\/de\\\/kanuverleih-an-die-berkel\\\/#breadcrumb\",\"itemListElement\":[{\"@type\":\"ListItem\",\"position\":1,\"name\":\"Home\",\"item\":\"https:\\\/\\\/deberkel.info\\\/de\\\/\"},{\"@type\":\"ListItem\",\"position\":2,\"name\":\"Vermietung Kanus und mehr &#8218;Wasserfun&#8216; an die Berkel\"}]},{\"@type\":\"WebSite\",\"@id\":\"https:\\\/\\\/deberkel.info\\\/#website\",\"url\":\"https:\\\/\\\/deberkel.info\\\/\",\"name\":\"Berkel Info\",\"description\":\"Alles over de Berkel en het Berkeldal, van Billerbeck tot Zutphen\",\"potentialAction\":[{\"@type\":\"SearchAction\",\"target\":{\"@type\":\"EntryPoint\",\"urlTemplate\":\"https:\\\/\\\/deberkel.info\\\/?s={search_term_string}\"},\"query-input\":{\"@type\":\"PropertyValueSpecification\",\"valueRequired\":true,\"valueName\":\"search_term_string\"}}],\"inLanguage\":\"de\"}]}<\/script>\n<!-- \/ Yoast SEO plugin. -->","yoast_head_json":{"title":"Vermietung Kanus und mehr 'Wasserfun' an die Berkel - Berkel Info","robots":{"index":"index","follow":"follow","max-snippet":"max-snippet:-1","max-image-preview":"max-image-preview:large","max-video-preview":"max-video-preview:-1"},"canonical":"https:\/\/deberkel.info\/de\/kanuverleih-an-die-berkel\/","og_locale":"de_DE","og_type":"article","og_title":"Vermietung Kanus und mehr 'Wasserfun' an die Berkel - Berkel Info","og_description":"Die Berkel eignet sich ausgezeichnet f\u00fcr sch\u00f6ne kanufahrten. An vielen Stellen an die Berkel k\u00f6nnen Kanus \u00fand andere &#8218;Wasserfun&#8216; Artiklen gemietet werden wo eine Fahrt anfangen kann. Hierunter ein \u00dcbersicht (geordnet stromabw\u00e4rts, click ein Link f\u00fcr mehr Information): Vreden: Stadtmarketing &hellip; Weiterlesen &rarr;","og_url":"https:\/\/deberkel.info\/de\/kanuverleih-an-die-berkel\/","og_site_name":"Berkel Info","article_modified_time":"2020-07-01T20:04:52+00:00","og_image":[{"url":"https:\/\/deberkel.info\/wp-content\/uploads\/2018\/05\/kanufahrer-berkel-vreden.jpg","type":"","width":"","height":""}],"twitter_card":"summary_large_image","twitter_misc":{"Gesch\u00e4tzte Lesezeit":"1\u00a0Minute"},"schema":{"@context":"https:\/\/schema.org","@graph":[{"@type":"WebPage","@id":"https:\/\/deberkel.info\/de\/kanuverleih-an-die-berkel\/","url":"https:\/\/deberkel.info\/de\/kanuverleih-an-die-berkel\/","name":"Vermietung Kanus und mehr 'Wasserfun' an die Berkel - Berkel Info","isPartOf":{"@id":"https:\/\/deberkel.info\/#website"},"datePublished":"2018-05-07T09:08:00+00:00","dateModified":"2020-07-01T20:04:52+00:00","breadcrumb":{"@id":"https:\/\/deberkel.info\/de\/kanuverleih-an-die-berkel\/#breadcrumb"},"inLanguage":"de","potentialAction":[{"@type":"ReadAction","target":["https:\/\/deberkel.info\/de\/kanuverleih-an-die-berkel\/"]}]},{"@type":"BreadcrumbList","@id":"https:\/\/deberkel.info\/de\/kanuverleih-an-die-berkel\/#breadcrumb","itemListElement":[{"@type":"ListItem","position":1,"name":"Home","item":"https:\/\/deberkel.info\/de\/"},{"@type":"ListItem","position":2,"name":"Vermietung Kanus und mehr &#8218;Wasserfun&#8216; an die Berkel"}]},{"@type":"WebSite","@id":"https:\/\/deberkel.info\/#website","url":"https:\/\/deberkel.info\/","name":"Berkel Info","description":"Alles over de Berkel en het Berkeldal, van Billerbeck tot Zutphen","potentialAction":[{"@type":"SearchAction","target":{"@type":"EntryPoint","urlTemplate":"https:\/\/deberkel.info\/?s={search_term_string}"},"query-input":{"@type":"PropertyValueSpecification","valueRequired":true,"valueName":"search_term_string"}}],"inLanguage":"de"}]}},"rttpg_featured_image_url":null,"rttpg_author":{"display_name":"berkelcompagnie","author_link":"https:\/\/deberkel.info\/author\/berkelcompagnie\/"},"rttpg_comment":0,"rttpg_category":null,"rttpg_excerpt":"Die Berkel eignet sich ausgezeichnet f\u00fcr sch\u00f6ne kanufahrten. An vielen Stellen an die Berkel k\u00f6nnen Kanus \u00fand andere &#8218;Wasserfun&#8216; Artiklen gemietet werden wo eine Fahrt anfangen kann. Hierunter ein \u00dcbersicht (geordnet stromabw\u00e4rts, click ein Link f\u00fcr mehr Information): Vreden: Stadtmarketing &hellip; Weiterlesen &rarr;","_links":{"self":[{"href":"https:\/\/deberkel.info\/wp-json\/wp\/v2\/pages\/4478","targetHints":{"allow":["GET"]}}],"collection":[{"href":"https:\/\/deberkel.info\/wp-json\/wp\/v2\/pages"}],"about":[{"href":"https:\/\/deberkel.info\/wp-json\/wp\/v2\/types\/page"}],"author":[{"embeddable":true,"href":"https:\/\/deberkel.info\/wp-json\/wp\/v2\/users\/1"}],"replies":[{"embeddable":true,"href":"https:\/\/deberkel.info\/wp-json\/wp\/v2\/comments?post=4478"}],"version-history":[{"count":13,"href":"https:\/\/deberkel.info\/wp-json\/wp\/v2\/pages\/4478\/revisions"}],"predecessor-version":[{"id":13207,"href":"https:\/\/deberkel.info\/wp-json\/wp\/v2\/pages\/4478\/revisions\/13207"}],"wp:attachment":[{"href":"https:\/\/deberkel.info\/wp-json\/wp\/v2\/media?parent=4478"}],"curies":[{"name":"wp","href":"https:\/\/api.w.org\/{rel}","templated":true}]}}