{"id":5010,"date":"2018-05-19T19:50:54","date_gmt":"2018-05-19T19:50:54","guid":{"rendered":"http:\/\/deberkel.info\/?page_id=5010"},"modified":"2019-02-20T16:42:12","modified_gmt":"2019-02-20T16:42:12","slug":"berkelkonferenz-2013","status":"publish","type":"page","link":"https:\/\/deberkel.info\/de\/berkelkompanie\/berkelkonferenz-2013\/","title":{"rendered":"Berkelkonferenz 2013"},"content":{"rendered":"<h1>Berkelkonferenz am 14. Februar 2013 im Rathaus von Vreden, Burgstr. 14, 48691 Vreden.<\/h1>\n<p><a href=\"\/wp-content\/uploads\/2018\/06\/Protokoll5.BerkelkonferenzFeldsmann.2013.08.20.pdf\" target=\"_blank\" rel=\"noopener\">Hier<\/a> ist das Protokoll zu lesen.<\/p>\n<h2>Das Programm mit Pr\u00e4sentationen:<\/h2>\n<h3>Empfang<\/h3>\n<p>Wilkommen durch Vorsitzender Nico Meerburg.<br \/>\n<a href=\"\/wp-content\/uploads\/2018\/05\/Speech-N.-Meerburg-Opening-5e-Berkelconferentie-1-Stand-2013-02-04.pdf\">Hier<\/a> ist die Pr\u00e4sentation zu lesen.<\/p>\n<h3>Begr\u00fc\u00dfung<\/h3>\n<p>Regierungspr\u00e4sident in M\u00fcnster, Herrn Prof. Dr. Reinhard Klenke und Frau Anneliese Haselkamp, Landrat Kreis Coesfeld.<br \/>\n<a href=\"\/wp-content\/uploads\/2018\/05\/Grusswort-RP-Klenke-zur-5-Berkelkonferenz-am-14-02-2013.pdf\">Hier<\/a> ist die Pr\u00e4sentation zu lesen.<\/p>\n<h3>Er\u00f6ffnungsrede<\/h3>\n<p>Deputierten Jan Markink.<br \/>\n<a href=\"\/wp-content\/uploads\/2018\/05\/Speech-J.-Markink-Berkelconferentie-14-02-2013-Duits.pdf\">Hier<\/a> ist die Pr\u00e4sentation zu lesen.<\/p>\n<h3>Gru\u00dfworte<\/h3>\n<p>Hein Pieper, Deichgraf Waterschap Rijn en IJssel<br \/>\n<a href=\"\/wp-content\/uploads\/2018\/05\/Speech-H.-Pieper-WRIJ-Berkelkonferenz-14-02-2013.pdf\">Hier<\/a>&nbsp;ist die Pr\u00e4sentation zu lesen.<\/p>\n<h2>Regionale Programme<\/h2>\n<h3>Die Berkel im Programm Regionale 2016 Zukunftsland: Was ist realisiert worden und wie geht es weiter?<\/h3>\n<p>Frau Uta Schneider<br \/>\n<a href=\"\/wp-content\/uploads\/2018\/04\/7.-Berkelkonferenz_17.05.2017_Pr\u00e4sentation_Uta_-Schneider_Regionale_2016.pdf\" target=\"_blank\" rel=\"noopener\">Hier<\/a> ist die Pr\u00e4sentation zu lesen.<\/p>\n<h3>Leo Scharenborg, 1. stellvertretender B\u00fcrgermeister Gemeinde Berkelland<\/h3>\n<h3>Grenzenlose Naturerlebnisse<\/h3>\n<p>Stefan Pelz, Projektleiter Unteren Wasserbeh\u00f6rde in&nbsp;Kreis Borken<br \/>\n<a href=\"\/wp-content\/uploads\/2018\/05\/Presentatie-Stefan-Pelz-Kreis-Borken-Stand-Februar-2013.pdf\">Hier<\/a> ist die Pr\u00e4sentation zu lesen.<\/p>\n<h2>Die allt\u00e4gliche Berkel<\/h2>\n<h3>Die Berkel im Alltag: Bilderreise<\/h3>\n<p><a href=\"\/wp-content\/uploads\/2018\/05\/Pr\u00e4sentation 5e Berkelkonferenz2013 - Die Berkel im Alltag Bilderreise.pdf\">Hier<\/a> ist die Pr\u00e4sentation zu sehen.<\/p>\n<p>&nbsp;<\/p>\n","protected":false},"excerpt":{"rendered":"<p>Berkelkonferenz am 14. Februar 2013 im Rathaus von Vreden, Burgstr. 14, 48691 Vreden. Hier ist das Protokoll zu lesen. Das Programm mit Pr\u00e4sentationen: Empfang Wilkommen durch Vorsitzender Nico Meerburg. Hier ist die Pr\u00e4sentation zu lesen. Begr\u00fc\u00dfung Regierungspr\u00e4sident in M\u00fcnster, Herrn &hellip; <a href=\"https:\/\/deberkel.info\/de\/berkelkompanie\/berkelkonferenz-2013\/\">Weiterlesen <span class=\"meta-nav\">&rarr;<\/span><\/a><\/p>\n","protected":false},"author":1,"featured_media":0,"parent":8738,"menu_order":0,"comment_status":"closed","ping_status":"closed","template":"sidebar-page.php","meta":{"_exactmetrics_skip_tracking":false,"_exactmetrics_sitenote_active":false,"_exactmetrics_sitenote_note":"","_exactmetrics_sitenote_category":0,"ngg_post_thumbnail":0,"_locale":"de_DE","_original_post":"4984","footnotes":"","_links_to":"","_links_to_target":""},"class_list":["post-5010","page","type-page","status-publish","hentry","de-DE"],"yoast_head":"<!-- This site is optimized with the Yoast SEO plugin v27.5 - https:\/\/yoast.com\/product\/yoast-seo-wordpress\/ -->\n<title>Berkelkonferenz 2013 - Berkel Info<\/title>\n<meta name=\"robots\" content=\"index, follow, max-snippet:-1, max-image-preview:large, max-video-preview:-1\" \/>\n<link rel=\"canonical\" href=\"https:\/\/deberkel.info\/de\/berkelkompanie\/berkelkonferenz-2013\/\" \/>\n<meta property=\"og:locale\" content=\"de_DE\" \/>\n<meta property=\"og:type\" content=\"article\" \/>\n<meta property=\"og:title\" content=\"Berkelkonferenz 2013 - Berkel Info\" \/>\n<meta property=\"og:description\" content=\"Berkelkonferenz am 14. Februar 2013 im Rathaus von Vreden, Burgstr. 14, 48691 Vreden. Hier ist das Protokoll zu lesen. Das Programm mit Pr\u00e4sentationen: Empfang Wilkommen durch Vorsitzender Nico Meerburg. Hier ist die Pr\u00e4sentation zu lesen. Begr\u00fc\u00dfung Regierungspr\u00e4sident in M\u00fcnster, Herrn &hellip; Weiterlesen &rarr;\" \/>\n<meta property=\"og:url\" content=\"https:\/\/deberkel.info\/de\/berkelkompanie\/berkelkonferenz-2013\/\" \/>\n<meta property=\"og:site_name\" content=\"Berkel Info\" \/>\n<meta property=\"article:modified_time\" content=\"2019-02-20T16:42:12+00:00\" \/>\n<meta name=\"twitter:card\" content=\"summary_large_image\" \/>\n<meta name=\"twitter:label1\" content=\"Gesch\u00e4tzte Lesezeit\" \/>\n\t<meta name=\"twitter:data1\" content=\"1\u00a0Minute\" \/>\n<script type=\"application\/ld+json\" class=\"yoast-schema-graph\">{\"@context\":\"https:\\\/\\\/schema.org\",\"@graph\":[{\"@type\":\"WebPage\",\"@id\":\"https:\\\/\\\/deberkel.info\\\/de\\\/berkelkompanie\\\/berkelkonferenz-2013\\\/\",\"url\":\"https:\\\/\\\/deberkel.info\\\/de\\\/berkelkompanie\\\/berkelkonferenz-2013\\\/\",\"name\":\"Berkelkonferenz 2013 - Berkel Info\",\"isPartOf\":{\"@id\":\"https:\\\/\\\/deberkel.info\\\/#website\"},\"datePublished\":\"2018-05-19T19:50:54+00:00\",\"dateModified\":\"2019-02-20T16:42:12+00:00\",\"breadcrumb\":{\"@id\":\"https:\\\/\\\/deberkel.info\\\/de\\\/berkelkompanie\\\/berkelkonferenz-2013\\\/#breadcrumb\"},\"inLanguage\":\"de\",\"potentialAction\":[{\"@type\":\"ReadAction\",\"target\":[\"https:\\\/\\\/deberkel.info\\\/de\\\/berkelkompanie\\\/berkelkonferenz-2013\\\/\"]}]},{\"@type\":\"BreadcrumbList\",\"@id\":\"https:\\\/\\\/deberkel.info\\\/de\\\/berkelkompanie\\\/berkelkonferenz-2013\\\/#breadcrumb\",\"itemListElement\":[{\"@type\":\"ListItem\",\"position\":1,\"name\":\"Home\",\"item\":\"https:\\\/\\\/deberkel.info\\\/de\\\/\"},{\"@type\":\"ListItem\",\"position\":2,\"name\":\"3. Berkelkompanie\",\"item\":\"https:\\\/\\\/deberkel.info\\\/de\\\/berkelkompanie\\\/\"},{\"@type\":\"ListItem\",\"position\":3,\"name\":\"Berkelkonferenz 2013\"}]},{\"@type\":\"WebSite\",\"@id\":\"https:\\\/\\\/deberkel.info\\\/#website\",\"url\":\"https:\\\/\\\/deberkel.info\\\/\",\"name\":\"Berkel Info\",\"description\":\"Alles over de Berkel en het Berkeldal, van Billerbeck tot Zutphen\",\"potentialAction\":[{\"@type\":\"SearchAction\",\"target\":{\"@type\":\"EntryPoint\",\"urlTemplate\":\"https:\\\/\\\/deberkel.info\\\/?s={search_term_string}\"},\"query-input\":{\"@type\":\"PropertyValueSpecification\",\"valueRequired\":true,\"valueName\":\"search_term_string\"}}],\"inLanguage\":\"de\"}]}<\/script>\n<!-- \/ Yoast SEO plugin. -->","yoast_head_json":{"title":"Berkelkonferenz 2013 - Berkel Info","robots":{"index":"index","follow":"follow","max-snippet":"max-snippet:-1","max-image-preview":"max-image-preview:large","max-video-preview":"max-video-preview:-1"},"canonical":"https:\/\/deberkel.info\/de\/berkelkompanie\/berkelkonferenz-2013\/","og_locale":"de_DE","og_type":"article","og_title":"Berkelkonferenz 2013 - Berkel Info","og_description":"Berkelkonferenz am 14. Februar 2013 im Rathaus von Vreden, Burgstr. 14, 48691 Vreden. Hier ist das Protokoll zu lesen. Das Programm mit Pr\u00e4sentationen: Empfang Wilkommen durch Vorsitzender Nico Meerburg. Hier ist die Pr\u00e4sentation zu lesen. Begr\u00fc\u00dfung Regierungspr\u00e4sident in M\u00fcnster, Herrn &hellip; Weiterlesen &rarr;","og_url":"https:\/\/deberkel.info\/de\/berkelkompanie\/berkelkonferenz-2013\/","og_site_name":"Berkel Info","article_modified_time":"2019-02-20T16:42:12+00:00","twitter_card":"summary_large_image","twitter_misc":{"Gesch\u00e4tzte Lesezeit":"1\u00a0Minute"},"schema":{"@context":"https:\/\/schema.org","@graph":[{"@type":"WebPage","@id":"https:\/\/deberkel.info\/de\/berkelkompanie\/berkelkonferenz-2013\/","url":"https:\/\/deberkel.info\/de\/berkelkompanie\/berkelkonferenz-2013\/","name":"Berkelkonferenz 2013 - Berkel Info","isPartOf":{"@id":"https:\/\/deberkel.info\/#website"},"datePublished":"2018-05-19T19:50:54+00:00","dateModified":"2019-02-20T16:42:12+00:00","breadcrumb":{"@id":"https:\/\/deberkel.info\/de\/berkelkompanie\/berkelkonferenz-2013\/#breadcrumb"},"inLanguage":"de","potentialAction":[{"@type":"ReadAction","target":["https:\/\/deberkel.info\/de\/berkelkompanie\/berkelkonferenz-2013\/"]}]},{"@type":"BreadcrumbList","@id":"https:\/\/deberkel.info\/de\/berkelkompanie\/berkelkonferenz-2013\/#breadcrumb","itemListElement":[{"@type":"ListItem","position":1,"name":"Home","item":"https:\/\/deberkel.info\/de\/"},{"@type":"ListItem","position":2,"name":"3. Berkelkompanie","item":"https:\/\/deberkel.info\/de\/berkelkompanie\/"},{"@type":"ListItem","position":3,"name":"Berkelkonferenz 2013"}]},{"@type":"WebSite","@id":"https:\/\/deberkel.info\/#website","url":"https:\/\/deberkel.info\/","name":"Berkel Info","description":"Alles over de Berkel en het Berkeldal, van Billerbeck tot Zutphen","potentialAction":[{"@type":"SearchAction","target":{"@type":"EntryPoint","urlTemplate":"https:\/\/deberkel.info\/?s={search_term_string}"},"query-input":{"@type":"PropertyValueSpecification","valueRequired":true,"valueName":"search_term_string"}}],"inLanguage":"de"}]}},"rttpg_featured_image_url":null,"rttpg_author":{"display_name":"berkelcompagnie","author_link":"https:\/\/deberkel.info\/author\/berkelcompagnie\/"},"rttpg_comment":0,"rttpg_category":null,"rttpg_excerpt":"Berkelkonferenz am 14. Februar 2013 im Rathaus von Vreden, Burgstr. 14, 48691 Vreden. Hier ist das Protokoll zu lesen. Das Programm mit Pr\u00e4sentationen: Empfang Wilkommen durch Vorsitzender Nico Meerburg. Hier ist die Pr\u00e4sentation zu lesen. Begr\u00fc\u00dfung Regierungspr\u00e4sident in M\u00fcnster, Herrn &hellip; Weiterlesen &rarr;","_links":{"self":[{"href":"https:\/\/deberkel.info\/wp-json\/wp\/v2\/pages\/5010","targetHints":{"allow":["GET"]}}],"collection":[{"href":"https:\/\/deberkel.info\/wp-json\/wp\/v2\/pages"}],"about":[{"href":"https:\/\/deberkel.info\/wp-json\/wp\/v2\/types\/page"}],"author":[{"embeddable":true,"href":"https:\/\/deberkel.info\/wp-json\/wp\/v2\/users\/1"}],"replies":[{"embeddable":true,"href":"https:\/\/deberkel.info\/wp-json\/wp\/v2\/comments?post=5010"}],"version-history":[{"count":4,"href":"https:\/\/deberkel.info\/wp-json\/wp\/v2\/pages\/5010\/revisions"}],"predecessor-version":[{"id":5633,"href":"https:\/\/deberkel.info\/wp-json\/wp\/v2\/pages\/5010\/revisions\/5633"}],"up":[{"embeddable":true,"href":"https:\/\/deberkel.info\/wp-json\/wp\/v2\/pages\/8738"}],"wp:attachment":[{"href":"https:\/\/deberkel.info\/wp-json\/wp\/v2\/media?parent=5010"}],"curies":[{"name":"wp","href":"https:\/\/api.w.org\/{rel}","templated":true}]}}