{"id":5180,"date":"2018-05-25T19:41:31","date_gmt":"2018-05-25T19:41:31","guid":{"rendered":"http:\/\/deberkel.info\/?page_id=5180"},"modified":"2019-02-12T23:41:21","modified_gmt":"2019-02-12T23:41:21","slug":"ueberdeckte-berkelbruecken","status":"publish","type":"page","link":"https:\/\/deberkel.info\/de\/ueberdeckte-berkelbruecken\/","title":{"rendered":"\u00dcberdeckte Berkelbr\u00fccken"},"content":{"rendered":"<div id=\"top\">In Borculo l\u00e4uft seit 2012 ein sch\u00f6nes Projekt um 4 Berkelbr\u00fccken zu \u00fcberdecken.<\/div>\n<div>&nbsp;<\/div>\n<div>&#8222;De ambitie van de Stichting Overdekte Berkelbruggen is om vier Berkelbruggen te transformeren tot kunstwerk met als doel dat deze \u2018hotspots\u2019 het toerisme bevorderen, een impuls geven aan de cultuur en het lokaal erfgoed ontsluiten. Aansluiten bij oude historie maar dan wel op een vernieuwende, eigentijdse manier.&#8220;<\/div>\n<div>&nbsp;<\/div>\n<div>Man versucht \u00fcbrigens auch andere St\u00e4dte zu animieren damit es auch ein verbindendes Deutsch &#8211; Niederl\u00e4ndisches Ereignis wird.<\/div>\n<div>&nbsp;<\/div>\n<div><a href=\"\/wp-content\/uploads\/2018\/05\/OverdekteBerkelbruggen.jpg\"><img loading=\"lazy\" decoding=\"async\" class=\"alignnone wp-image-5177\" src=\"\/wp-content\/uploads\/2018\/05\/OverdekteBerkelbruggen-1024x370.jpg\" alt=\"\" width=\"800\" height=\"289\" srcset=\"https:\/\/deberkel.info\/wp-content\/uploads\/2018\/05\/OverdekteBerkelbruggen-1024x370.jpg 1024w, https:\/\/deberkel.info\/wp-content\/uploads\/2018\/05\/OverdekteBerkelbruggen-300x109.jpg 300w, https:\/\/deberkel.info\/wp-content\/uploads\/2018\/05\/OverdekteBerkelbruggen-768x278.jpg 768w, https:\/\/deberkel.info\/wp-content\/uploads\/2018\/05\/OverdekteBerkelbruggen-500x181.jpg 500w\" sizes=\"auto, (max-width: 800px) 100vw, 800px\" \/><\/a><\/div>\n<div>&nbsp;<\/div>\n<div>Sehe weiter die Webseite von <a href=\"http:\/\/www.overdektebruggen.nl\" target=\"_blank\" rel=\"noopener\">Overdekte Bruggen<\/a>&nbsp;und \/ oder die <a href=\"https:\/\/www.facebook.com\/Berkelbruggen\" target=\"_blank\" rel=\"noopener\">Facebook Seite<\/a>.<\/div>\n<div>\n<div>Und dieses Projekt ist auch in die Nachrichten zu finden:<\/div>\n<ul>\n<li><a href=\"\/de\/presseberichte-aus-2018\/#OverdekteBerkelbruggenOmroepGelderland\">Omroep Gelderland<\/a><\/li>\n<li><a href=\"\/de\/presseberichte-aus-2018\/#OverdekteBerkelbruggenOverBorculo\">OverBorculo<\/a><\/li>\n<li><a href=\"\/de\/presseberichte-aus-2018\/#OverdekteBerkelbruggenRTLNieuws\">RTL Nieuws<\/a><\/li>\n<\/ul>\n<h3>Hierunter das weitere Verlauf des Projektes (clicke Artikel Titel f\u00fcr die ganze Geschichte):<\/h3>\n<style type='text\/css' media='all'>#rt-tpg-container-2668251106 .rt-holder .rt-woo-info .price{color:#000000;}body .rt-tpg-container .rt-tpg-isotope-buttons .selected,\n\t\t\t\t\t#rt-tpg-container-2668251106 .layout12 .rt-holder:hover .rt-detail,\n\t\t\t\t\t#rt-tpg-container-2668251106 .isotope8 .rt-holder:hover .rt-detail,\n\t\t\t\t\t#rt-tpg-container-2668251106 .carousel8 .rt-holder:hover .rt-detail,\n\t\t\t\t\t#rt-tpg-container-2668251106 .layout13 .rt-holder .overlay .post-info,\n\t\t\t\t\t#rt-tpg-container-2668251106 .isotope9 .rt-holder .overlay .post-info,\n\t\t\t\t\t#rt-tpg-container-2668251106.rt-tpg-container .layout4 .rt-holder .rt-detail,\n\t\t\t\t\t.rt-modal-2668251106 .md-content,\n\t\t\t\t\t.rt-modal-2668251106 .md-content > .rt-md-content-holder .rt-md-content,\n\t\t\t\t\t.rt-popup-wrap-2668251106.rt-popup-wrap .rt-popup-navigation-wrap,\n\t\t\t\t\t#rt-tpg-container-2668251106 .carousel9 .rt-holder .overlay .post-info{background-color:#000000;}#rt-tpg-container-2668251106 .layout5 .rt-holder .overlay, #rt-tpg-container-2668251106 .isotope2 .rt-holder .overlay, #rt-tpg-container-2668251106 .carousel2 .rt-holder .overlay,#rt-tpg-container-2668251106 .layout15 .rt-holder h3, #rt-tpg-container-2668251106 .isotope11 .rt-holder h3, #rt-tpg-container-2668251106 .carousel11 .rt-holder h3, #rt-tpg-container-2668251106 .layout16 .rt-holder h3,\n\t\t\t\t\t#rt-tpg-container-2668251106 .isotope12 .rt-holder h3, #rt-tpg-container-2668251106 .carousel12 .rt-holder h3 {background-color:rgba(0,0,0,0.8);}#rt-tpg-container-2668251106 .pagination-list li a,\n\t\t\t\t\trt-tpg-container-2668251106 .pagination-list li span,\n\t\t\t\t\trt-tpg-container-2668251106 .pagination li a,\n\t\t\t\t\t#rt-tpg-container-2668251106 .rt-tpg-isotope-buttons button,\n\t\t\t\t\t#rt-tpg-container-2668251106 .rt-tpg-utility .rt-tpg-load-more button,\n\t\t\t\t\t#rt-tpg-container-2668251106.rt-tpg-container .swiper-navigation .slider-btn,\n\t\t\t\t\t#rt-tpg-container-2668251106.rt-tpg-container .swiper-pagination-bullet,\n\t\t\t\t\t#rt-tpg-container-2668251106 .wc1 .rt-holder .rt-img-holder .overlay .product-more ul li a,\n\t\t\t\t\t#rt-tpg-container-2668251106 .wc2 .rt-detail .rt-wc-add-to-cart,\n\t\t\t\t\t#rt-tpg-container-2668251106 .wc3 .rt-detail .rt-wc-add-to-cart,\n\t\t\t\t\t#rt-tpg-container-2668251106 .wc4 .rt-detail .rt-wc-add-to-cart,\n\t\t\t\t\t#rt-tpg-container-2668251106 .wc-carousel2 .rt-detail .rt-wc-add-to-cart,\n\t\t\t\t\t#rt-tpg-container-2668251106 .wc-isotope2 .rt-detail .rt-wc-add-to-cart,\n\t\t\t\t\t#rt-tpg-container-2668251106 .rt-layout-filter-container .rt-filter-wrap .rt-filter-item-wrap.rt-filter-dropdown-wrap .rt-filter-dropdown,\n\t\t\t\t\t#rt-tpg-container-2668251106 .rt-layout-filter-container .rt-filter-sub-tax.sub-button-group .rt-filter-button-item,\n\t\t\t\t\t#rt-tpg-container-2668251106.rt-tpg-container .rt-pagination-wrap .rt-page-numbers .paginationjs .paginationjs-pages ul li>a,\n\t\t\t\t\t#rt-tpg-container-2668251106 .rt-filter-item-wrap.rt-filter-button-wrap span.rt-filter-button-item,\n\t\t\t\t\t#rt-tpg-container-2668251106.rt-tpg-container .rt-pagination-wrap  .rt-loadmore-btn,\n\t\t\t\t\t#rt-tpg-container-2668251106.rt-tpg-container .rt-pagination-wrap .rt-cb-page-prev-next > *,\n\t\t\t\t\t#rt-tpg-container-2668251106 .rt-read-more,\n\t\t\t\t\t#rt-tooltip-2668251106, #rt-tooltip-2668251106 .rt-tooltip-bottom:after{background-color:#000000;}#rt-tpg-container-2668251106 .rt-filter-item-wrap.rt-filter-button-wrap span.rt-filter-button-item,\n\t\t\t\t\t#rt-tpg-container-2668251106 .rt-layout-filter-container .rt-filter-sub-tax.sub-button-group .rt-filter-button-item{border-color:#000000;}#rt-tpg-container-2668251106.rt-tpg-container .layout17 .rt-holder .overlay a.tpg-zoom .fa{color:#000000;}#rt-tpg-container-2668251106 .rt-holder .read-more a {background-color:#000000;padding: 8px 15px;}#rt-tpg-container-2668251106 .pagination-list li a:hover,\n\t\t\t\t\t#rt-tpg-container-2668251106 .pagination li a:hover,\n\t\t\t\t\t#rt-tpg-container-2668251106 .rt-tpg-isotope-buttons button:hover,\n\t\t\t\t\t#rt-tpg-container-2668251106 .rt-holder .read-more a:hover,\n\t\t\t\t\t#rt-tpg-container-2668251106 .rt-tpg-utility .rt-tpg-load-more button:hover,\n\t\t\t\t\t#rt-tpg-container-2668251106.rt-tpg-container .swiper-pagination-bullet:hover,\n\t\t\t\t\t#rt-tpg-container-2668251106.rt-tpg-container .swiper-navigation .slider-btn:hover,\n\t\t\t\t\t#rt-tpg-container-2668251106 .wc1 .rt-holder .rt-img-holder .overlay .product-more ul li a:hover,\n\t\t\t\t\t#rt-tpg-container-2668251106 .wc2 .rt-detail .rt-wc-add-to-cart:hover,\n\t\t\t\t\t#rt-tpg-container-2668251106 .wc3 .rt-detail .rt-wc-add-to-cart:hover,\n\t\t\t\t\t#rt-tpg-container-2668251106 .wc4 .rt-detail .rt-wc-add-to-cart:hover,\n\t\t\t\t\t#rt-tpg-container-2668251106 .wc-carousel2 .rt-detail .rt-wc-add-to-cart:hover,\n\t\t\t\t\t#rt-tpg-container-2668251106 .wc-isotope2 .rt-detail .rt-wc-add-to-cart:hover,\n\t\t\t\t\t#rt-tpg-container-2668251106 .rt-layout-filter-container .rt-filter-wrap .rt-filter-item-wrap.rt-filter-dropdown-wrap .rt-filter-dropdown .rt-filter-dropdown-item:hover,\n\t\t\t\t\t#rt-tpg-container-2668251106 .rt-layout-filter-container .rt-filter-wrap .rt-filter-item-wrap.rt-filter-dropdown-wrap .rt-filter-dropdown .rt-filter-dropdown-item.selected,\n\t\t\t\t\t#rt-tpg-container-2668251106 .rt-filter-item-wrap.rt-filter-button-wrap span.rt-filter-button-item:hover,\n\t\t\t\t\t#rt-tpg-container-2668251106 .rt-layout-filter-container .rt-filter-sub-tax.sub-button-group .rt-filter-button-item:hover,\n\t\t\t\t\t#rt-tpg-container-2668251106.rt-tpg-container .rt-pagination-wrap .rt-page-numbers .paginationjs .paginationjs-pages ul li>a:hover,\n\t\t\t\t\t#rt-tpg-container-2668251106.rt-tpg-container .rt-pagination-wrap .rt-cb-page-prev-next > *:hover,\n\t\t\t\t\t#rt-tpg-container-2668251106.rt-tpg-container .rt-pagination-wrap  .rt-loadmore-btn:hover,\n\t\t\t\t\t#rt-tpg-container-2668251106 .rt-read-more:hover,\n\t\t\t\t\t#rt-tpg-container-2668251106 .rt-tpg-utility .rt-tpg-load-more button:hover{background-color:#dd911f;}#rt-tpg-container-2668251106 .rt-filter-item-wrap.rt-filter-button-wrap span.rt-filter-button-item:hover,\n\t\t\t\t\t\t#rt-tpg-container-2668251106 .rt-layout-filter-container .rt-filter-sub-tax.sub-button-group .rt-filter-button-item:hover,\n\t\t\t\t\t\t#rt-tpg-container-2668251106.rt-tpg-container .swiper-navigation .slider-btn:hover,\n\t\t\t\t\t\t#rt-tpg-container-2668251106.rt-tpg-container .rt-pagination-wrap .rt-page-numbers .paginationjs .paginationjs-pages ul li>a:hover{border-color:#dd911f;}#rt-tpg-container-2668251106.rt-tpg-container .layout17 .rt-holder .overlay a.tpg-zoom:hover .fa{color:#dd911f;}#rt-tpg-container-2668251106 .pagination-list li a,\n\t\t\t\t\t#rt-tpg-container-2668251106 .pagination li a,\n\t\t\t\t\t#rt-tpg-container-2668251106 .rt-tpg-isotope-buttons button,\n\t\t\t\t\t#rt-tpg-container-2668251106 .rt-holder .read-more a,\n\t\t\t\t\t#rt-tpg-container-2668251106 .rt-tpg-utility .rt-tpg-load-more button,\n\t\t\t\t\t#rt-tpg-container-2668251106.rt-tpg-container .swiper-navigation .slider-btn,\n\t\t\t\t\t#rt-tpg-container-2668251106 .wc1 .rt-holder .rt-img-holder .overlay .product-more ul li a,\n\t\t\t\t\t#rt-tpg-container-2668251106 .edd1 .rt-holder .rt-img-holder .overlay .product-more ul li a,\n\t\t\t\t\t#rt-tpg-container-2668251106 .wc2 .rt-detail .rt-wc-add-to-cart,\n\t\t\t\t\t#rt-tpg-container-2668251106 .wc3 .rt-detail .rt-wc-add-to-cart,\n\t\t\t\t\t#rt-tpg-container-2668251106 .edd2 .rt-detail .rt-wc-add-to-cart,\n\t\t\t\t\t#rt-tpg-container-2668251106 .wc4 .rt-detail .rt-wc-add-to-cart,\n\t\t\t\t\t#rt-tpg-container-2668251106 .edd3 .rt-detail .rt-wc-add-to-cart,\n\t\t\t\t\t#rt-tpg-container-2668251106 .wc-carousel2 .rt-detail .rt-wc-add-to-cart,\n\t\t\t\t\t#rt-tpg-container-2668251106 .wc-isotope2 .rt-detail .rt-wc-add-to-cart,\n\t\t\t\t\t#rt-tpg-container-2668251106 .rt-tpg-utility .rt-tpg-load-more button,\n\t\t\t\t\t#rt-tooltip-2668251106,\n\t\t\t\t\t#rt-tpg-container-2668251106 .rt-filter-item-wrap.rt-filter-button-wrap span.rt-filter-button-item,\n\t\t\t\t\t#rt-tpg-container-2668251106 .rt-layout-filter-container .rt-filter-sub-tax.sub-button-group .rt-filter-button-item,\n\t\t\t\t\t#rt-tpg-container-2668251106 .rt-layout-filter-container .rt-filter-wrap .rt-filter-item-wrap.rt-sort-order-action,\n\t\t\t\t\t#rt-tpg-container-2668251106 .rt-layout-filter-container .rt-filter-wrap .rt-filter-item-wrap.rt-filter-dropdown-wrap .rt-filter-dropdown .rt-filter-dropdown-item,\n\t\t\t\t\t#rt-tpg-container-2668251106.rt-tpg-container .rt-pagination-wrap .rt-page-numbers .paginationjs .paginationjs-pages ul li>a,\n\t\t\t\t\t#rt-tpg-container-2668251106.rt-tpg-container .rt-pagination-wrap .rt-cb-page-prev-next > *,\n\t\t\t\t\t#rt-tpg-container-2668251106.rt-tpg-container .rt-pagination-wrap  .rt-loadmore-btn,\n\t\t\t\t\t#rt-tpg-container-2668251106 .rt-read-more,\n\t\t\t\t\t#rt-tooltip-2668251106 .rt-tooltip-bottom:after{color:#ffffff;}#rt-tpg-container-2668251106 .read-more a{border-radius:px;}#rt-tpg-container-2668251106 .rt-img-holder img.rt-img-responsive,#rt-tpg-container-2668251106 .rt-img-holder,\n\t\t\t\t\t#rt-tpg-container-2668251106 .rt-post-overlay .post-img,\n\t\t\t\t\t#rt-tpg-container-2668251106 .post-sm .post-img,\n\t\t\t\t\t#rt-tpg-container-2668251106 .rt-post-grid .post-img,\n\t\t\t\t\t#rt-tpg-container-2668251106 .post-img img {border-radius:px;}#rt-tpg-container-2668251106 .layout1 .rt-holder h2.entry-title,\n\t\t\t\t\t#rt-tpg-container-2668251106 .layout1 .rt-holder h3.entry-title,\n\t\t\t\t\t#rt-tpg-container-2668251106 .layout1 .rt-holder h4.entry-title,\n\t\t\t\t\t#rt-tpg-container-2668251106 .layout1 .rt-holder h2.entry-title a,\n\t\t\t\t\t#rt-tpg-container-2668251106 .layout1 .rt-holder h3.entry-title a,\n\t\t\t\t\t#rt-tpg-container-2668251106 .layout1 .rt-holder h4.entry-title a,\n\t\t\t\t\t#rt-tpg-container-2668251106 .rt-holder .rt-woo-info h2 a,\n\t\t\t\t\t#rt-tpg-container-2668251106 .rt-holder .rt-woo-info h3 a,\n\t\t\t\t\t#rt-tpg-container-2668251106 .rt-holder .rt-woo-info h4 a,\n\t\t\t\t\t#rt-tpg-container-2668251106 .post-content .post-title,\n\t\t\t\t\t#rt-tpg-container-2668251106 .rt-post-grid .post-title,\n\t\t\t\t\t#rt-tpg-container-2668251106 .rt-post-grid .post-title a,\n\t\t\t\t\t#rt-tpg-container-2668251106 .post-content .post-title a,\n\t\t\t\t\t#rt-tpg-container-2668251106 .rt-holder .rt-woo-info h2,\n\t\t\t\t\t#rt-tpg-container-2668251106 .rt-holder .rt-woo-info h3,\n\t\t\t\t\t#rt-tpg-container-2668251106 .rt-holder .rt-woo-info h4{color:#ffffff;}<\/style><div class='rt-container-fluid rt-tpg-container tpg-shortcode-main-wrapper ' id='rt-tpg-container-2668251106'   data-layout='layout1' data-grid-style='even' data-desktop-col='1'  data-tab-col='2'  data-mobile-col='1' data-sc-id='8865'><div data-title='Loading ...' class='rt-row rt-content-loader   layout1 tpg-even '><div class=\"rt-col-md-12 rt-col-sm-6 rt-col-xs-12 even-grid-item rt-grid-item\" data-id=\"10324\"><div class=\"rt-holder\"><div class=\"rt-img-holder\"><a data-id=\"10324\" class=\"\" href=\"https:\/\/deberkel.info\/de\/tubantia-stentor-projekt-uberdeckte-berkelbrucken-zum-ende\/\"><img loading=\"lazy\" decoding=\"async\" width=\"694\" height=\"288\" src=\"https:\/\/deberkel.info\/wp-content\/uploads\/2019\/07\/20190727-Tubantia-StreepDoorOverdekteBerkelbruggenFoto-694x288.jpg\" class=\"rt-img-responsive \" alt=\"\" \/><\/a><\/div><div class='rt-detail'><h2 class=\"entry-title\"><a data-id=\"10324\" class=\"\" href=\"https:\/\/deberkel.info\/de\/tubantia-stentor-projekt-uberdeckte-berkelbrucken-zum-ende\/\">Tubantia \/ Stentor: Projekt \u00dcberdeckte Berkelbr\u00fccken zu Ende<\/a><\/h2><div class='tpg-excerpt'>Tubantia und die Stentor melden das das Projekt \u00dcberdeckte Berkelbr\u00fccken nicht weiter f\u00fchrt Weiterlesen &rarr;...<\/div><\/div><\/div><\/div><div class=\"rt-col-md-12 rt-col-sm-6 rt-col-xs-12 even-grid-item rt-grid-item\" data-id=\"10174\"><div class=\"rt-holder\"><div class=\"rt-img-holder\"><a data-id=\"10174\" class=\"\" href=\"https:\/\/deberkel.info\/de\/stentor-20-mai-2019-projekt-berkelbrucke-scheitert\/\"><img loading=\"lazy\" decoding=\"async\" width=\"696\" height=\"288\" src=\"https:\/\/deberkel.info\/wp-content\/uploads\/2018\/08\/Plan-voor-overdekte-bruggen-in-centrum-Borculo-696x288.jpg\" class=\"rt-img-responsive \" alt=\"\" \/><\/a><\/div><div class='rt-detail'><h2 class=\"entry-title\"><a data-id=\"10174\" class=\"\" href=\"https:\/\/deberkel.info\/de\/stentor-20-mai-2019-projekt-berkelbrucke-scheitert\/\">Stentor 20 Mai 2019: Projekt Berkelbr\u00fccke scheitert?<\/a><\/h2><div class='tpg-excerpt'>Schl\u00e4ft das Plan f\u00fcr neun \u00fcberdeckte Br\u00fccke \u00fcber die Berkel sanft ein? Weiterlesen &rarr;...<\/div><\/div><\/div><\/div><div class=\"rt-col-md-12 rt-col-sm-6 rt-col-xs-12 even-grid-item rt-grid-item\" data-id=\"8831\"><div class=\"rt-holder\"><div class=\"rt-img-holder\"><a data-id=\"8831\" class=\"\" href=\"https:\/\/deberkel.info\/de\/ueberdeckte-berkelbruecken-mussen-in-2020-fertig-sein\/\"><img loading=\"lazy\" decoding=\"async\" width=\"1000\" height=\"288\" src=\"https:\/\/deberkel.info\/wp-content\/uploads\/2019\/01\/2019-01-21-Stentor-OverdekteBerkelbruggenMoetenIn2020KlaarZijnFoto-1000x288.jpg\" class=\"rt-img-responsive \" alt=\"\" \/><\/a><\/div><div class='rt-detail'><h2 class=\"entry-title\"><a data-id=\"8831\" class=\"\" href=\"https:\/\/deberkel.info\/de\/ueberdeckte-berkelbruecken-mussen-in-2020-fertig-sein\/\">\u00dcberdeckte Berkelbr\u00fccken m\u00fcssen in 2020 fertig sein<\/a><\/h2><div class='tpg-excerpt'>Stentor 21 Januar 2019: Im Projekt \u00dcberdeckte Berkelbr\u00fccken m\u00f6chte man Fortschritt machen. Weiterlesen &rarr;...<\/div><\/div><\/div><\/div><\/div><\/div>\n<\/div>\n","protected":false},"excerpt":{"rendered":"<p>In Borculo l\u00e4uft seit 2012 ein sch\u00f6nes Projekt um 4 Berkelbr\u00fccken zu \u00fcberdecken. &nbsp; &#8222;De ambitie van de Stichting Overdekte Berkelbruggen is om vier Berkelbruggen te transformeren tot kunstwerk met als doel dat deze \u2018hotspots\u2019 het toerisme bevorderen, een impuls &hellip; <a href=\"https:\/\/deberkel.info\/de\/ueberdeckte-berkelbruecken-mussen-in-2020-fertig-sein\/\">Weiterlesen <span class=\"meta-nav\">&rarr;<\/span><\/a> <a href=\"https:\/\/deberkel.info\/de\/ueberdeckte-berkelbruecken-mussen-in-2020-fertig-sein\/\">Weiterlesen <span class=\"meta-nav\">&rarr;<\/span><\/a><\/p>\n","protected":false},"author":1,"featured_media":0,"parent":0,"menu_order":0,"comment_status":"closed","ping_status":"closed","template":"sidebar-page.php","meta":{"_exactmetrics_skip_tracking":false,"_exactmetrics_sitenote_active":false,"_exactmetrics_sitenote_note":"","_exactmetrics_sitenote_category":0,"ngg_post_thumbnail":0,"_locale":"de_DE","_original_post":"5176","footnotes":"","_links_to":"","_links_to_target":""},"class_list":["post-5180","page","type-page","status-publish","hentry","de-DE"],"yoast_head":"<!-- This site is optimized with the Yoast SEO plugin v27.5 - https:\/\/yoast.com\/product\/yoast-seo-wordpress\/ -->\n<title>\u00dcberdeckte Berkelbr\u00fccken - Berkel Info<\/title>\n<meta name=\"robots\" content=\"index, follow, max-snippet:-1, max-image-preview:large, max-video-preview:-1\" \/>\n<link rel=\"canonical\" href=\"https:\/\/deberkel.info\/de\/ueberdeckte-berkelbruecken\/\" \/>\n<meta property=\"og:locale\" content=\"de_DE\" \/>\n<meta property=\"og:type\" content=\"article\" \/>\n<meta property=\"og:title\" content=\"\u00dcberdeckte Berkelbr\u00fccken - Berkel Info\" \/>\n<meta property=\"og:description\" content=\"In Borculo l\u00e4uft seit 2012 ein sch\u00f6nes Projekt um 4 Berkelbr\u00fccken zu \u00fcberdecken. &nbsp; &#8222;De ambitie van de Stichting Overdekte Berkelbruggen is om vier Berkelbruggen te transformeren tot kunstwerk met als doel dat deze \u2018hotspots\u2019 het toerisme bevorderen, een impuls &hellip; Weiterlesen &rarr; Weiterlesen &rarr;\" \/>\n<meta property=\"og:url\" content=\"https:\/\/deberkel.info\/de\/ueberdeckte-berkelbruecken\/\" \/>\n<meta property=\"og:site_name\" content=\"Berkel Info\" \/>\n<meta property=\"article:modified_time\" content=\"2019-02-12T23:41:21+00:00\" \/>\n<meta property=\"og:image\" content=\"https:\/\/deberkel.info\/wp-content\/uploads\/2018\/05\/OverdekteBerkelbruggen-1024x370.jpg\" \/>\n<meta name=\"twitter:card\" content=\"summary_large_image\" \/>\n<meta name=\"twitter:label1\" content=\"Gesch\u00e4tzte Lesezeit\" \/>\n\t<meta name=\"twitter:data1\" content=\"1\u00a0Minute\" \/>\n<script type=\"application\/ld+json\" class=\"yoast-schema-graph\">{\"@context\":\"https:\\\/\\\/schema.org\",\"@graph\":[{\"@type\":\"WebPage\",\"@id\":\"https:\\\/\\\/deberkel.info\\\/de\\\/ueberdeckte-berkelbruecken\\\/\",\"url\":\"https:\\\/\\\/deberkel.info\\\/de\\\/ueberdeckte-berkelbruecken\\\/\",\"name\":\"\u00dcberdeckte Berkelbr\u00fccken - Berkel Info\",\"isPartOf\":{\"@id\":\"https:\\\/\\\/deberkel.info\\\/#website\"},\"datePublished\":\"2018-05-25T19:41:31+00:00\",\"dateModified\":\"2019-02-12T23:41:21+00:00\",\"breadcrumb\":{\"@id\":\"https:\\\/\\\/deberkel.info\\\/de\\\/ueberdeckte-berkelbruecken\\\/#breadcrumb\"},\"inLanguage\":\"de\",\"potentialAction\":[{\"@type\":\"ReadAction\",\"target\":[\"https:\\\/\\\/deberkel.info\\\/de\\\/ueberdeckte-berkelbruecken\\\/\"]}]},{\"@type\":\"BreadcrumbList\",\"@id\":\"https:\\\/\\\/deberkel.info\\\/de\\\/ueberdeckte-berkelbruecken\\\/#breadcrumb\",\"itemListElement\":[{\"@type\":\"ListItem\",\"position\":1,\"name\":\"Home\",\"item\":\"https:\\\/\\\/deberkel.info\\\/de\\\/\"},{\"@type\":\"ListItem\",\"position\":2,\"name\":\"\u00dcberdeckte Berkelbr\u00fccken\"}]},{\"@type\":\"WebSite\",\"@id\":\"https:\\\/\\\/deberkel.info\\\/#website\",\"url\":\"https:\\\/\\\/deberkel.info\\\/\",\"name\":\"Berkel Info\",\"description\":\"Alles over de Berkel en het Berkeldal, van Billerbeck tot Zutphen\",\"potentialAction\":[{\"@type\":\"SearchAction\",\"target\":{\"@type\":\"EntryPoint\",\"urlTemplate\":\"https:\\\/\\\/deberkel.info\\\/?s={search_term_string}\"},\"query-input\":{\"@type\":\"PropertyValueSpecification\",\"valueRequired\":true,\"valueName\":\"search_term_string\"}}],\"inLanguage\":\"de\"}]}<\/script>\n<!-- \/ Yoast SEO plugin. -->","yoast_head_json":{"title":"\u00dcberdeckte Berkelbr\u00fccken - Berkel Info","robots":{"index":"index","follow":"follow","max-snippet":"max-snippet:-1","max-image-preview":"max-image-preview:large","max-video-preview":"max-video-preview:-1"},"canonical":"https:\/\/deberkel.info\/de\/ueberdeckte-berkelbruecken\/","og_locale":"de_DE","og_type":"article","og_title":"\u00dcberdeckte Berkelbr\u00fccken - Berkel Info","og_description":"In Borculo l\u00e4uft seit 2012 ein sch\u00f6nes Projekt um 4 Berkelbr\u00fccken zu \u00fcberdecken. &nbsp; &#8222;De ambitie van de Stichting Overdekte Berkelbruggen is om vier Berkelbruggen te transformeren tot kunstwerk met als doel dat deze \u2018hotspots\u2019 het toerisme bevorderen, een impuls &hellip; Weiterlesen &rarr; Weiterlesen &rarr;","og_url":"https:\/\/deberkel.info\/de\/ueberdeckte-berkelbruecken\/","og_site_name":"Berkel Info","article_modified_time":"2019-02-12T23:41:21+00:00","og_image":[{"url":"https:\/\/deberkel.info\/wp-content\/uploads\/2018\/05\/OverdekteBerkelbruggen-1024x370.jpg","type":"","width":"","height":""}],"twitter_card":"summary_large_image","twitter_misc":{"Gesch\u00e4tzte Lesezeit":"1\u00a0Minute"},"schema":{"@context":"https:\/\/schema.org","@graph":[{"@type":"WebPage","@id":"https:\/\/deberkel.info\/de\/ueberdeckte-berkelbruecken\/","url":"https:\/\/deberkel.info\/de\/ueberdeckte-berkelbruecken\/","name":"\u00dcberdeckte Berkelbr\u00fccken - Berkel Info","isPartOf":{"@id":"https:\/\/deberkel.info\/#website"},"datePublished":"2018-05-25T19:41:31+00:00","dateModified":"2019-02-12T23:41:21+00:00","breadcrumb":{"@id":"https:\/\/deberkel.info\/de\/ueberdeckte-berkelbruecken\/#breadcrumb"},"inLanguage":"de","potentialAction":[{"@type":"ReadAction","target":["https:\/\/deberkel.info\/de\/ueberdeckte-berkelbruecken\/"]}]},{"@type":"BreadcrumbList","@id":"https:\/\/deberkel.info\/de\/ueberdeckte-berkelbruecken\/#breadcrumb","itemListElement":[{"@type":"ListItem","position":1,"name":"Home","item":"https:\/\/deberkel.info\/de\/"},{"@type":"ListItem","position":2,"name":"\u00dcberdeckte Berkelbr\u00fccken"}]},{"@type":"WebSite","@id":"https:\/\/deberkel.info\/#website","url":"https:\/\/deberkel.info\/","name":"Berkel Info","description":"Alles over de Berkel en het Berkeldal, van Billerbeck tot Zutphen","potentialAction":[{"@type":"SearchAction","target":{"@type":"EntryPoint","urlTemplate":"https:\/\/deberkel.info\/?s={search_term_string}"},"query-input":{"@type":"PropertyValueSpecification","valueRequired":true,"valueName":"search_term_string"}}],"inLanguage":"de"}]}},"rttpg_featured_image_url":null,"rttpg_author":{"display_name":"berkelcompagnie","author_link":"https:\/\/deberkel.info\/author\/berkelcompagnie\/"},"rttpg_comment":0,"rttpg_category":"","rttpg_excerpt":"In Borculo l\u00e4uft seit 2012 ein sch\u00f6nes Projekt um 4 Berkelbr\u00fccken zu \u00fcberdecken. &nbsp; &#8222;De ambitie van de Stichting Overdekte Berkelbruggen is om vier Berkelbruggen te transformeren tot kunstwerk met als doel dat deze \u2018hotspots\u2019 het toerisme bevorderen, een impuls &hellip; Weiterlesen &rarr; Weiterlesen &rarr;","_links":{"self":[{"href":"https:\/\/deberkel.info\/wp-json\/wp\/v2\/pages\/5180","targetHints":{"allow":["GET"]}}],"collection":[{"href":"https:\/\/deberkel.info\/wp-json\/wp\/v2\/pages"}],"about":[{"href":"https:\/\/deberkel.info\/wp-json\/wp\/v2\/types\/page"}],"author":[{"embeddable":true,"href":"https:\/\/deberkel.info\/wp-json\/wp\/v2\/users\/1"}],"replies":[{"embeddable":true,"href":"https:\/\/deberkel.info\/wp-json\/wp\/v2\/comments?post=5180"}],"version-history":[{"count":9,"href":"https:\/\/deberkel.info\/wp-json\/wp\/v2\/pages\/5180\/revisions"}],"predecessor-version":[{"id":9211,"href":"https:\/\/deberkel.info\/wp-json\/wp\/v2\/pages\/5180\/revisions\/9211"}],"wp:attachment":[{"href":"https:\/\/deberkel.info\/wp-json\/wp\/v2\/media?parent=5180"}],"curies":[{"name":"wp","href":"https:\/\/api.w.org\/{rel}","templated":true}]}}