{"id":5409,"date":"2018-06-04T21:25:22","date_gmt":"2018-06-04T21:25:22","guid":{"rendered":"http:\/\/deberkel.info\/?page_id=5409"},"modified":"2023-07-22T19:09:21","modified_gmt":"2023-07-22T17:09:21","slug":"lauf-der-berkel-im-mittelalter","status":"publish","type":"page","link":"https:\/\/deberkel.info\/de\/lauf-der-berkel-im-mittelalter\/","title":{"rendered":"Lauf der Berkel im Mittelalter"},"content":{"rendered":"<p>Heut zu Tage l\u00e4uft die Berkel aus dem Osten direkt zum Westen bis in Zutphen.<br \/>\nAber fr\u00fcher war das anders:<\/p>\n<ol>\n<li>Bevor 1250 kam die Berkel aus dem Osten nach Avink bei Haarlo und ging von da aus via die Koningsbeek zum Norden, zu den Feuchtgebieten bei Westerflier zwischen Lochem, Markelo und Diepenheim.<br \/>\nAus den Feuchtgebieten str\u00f6mten zum Nordwesten wieder andere Fl\u00fcsse die das Wasser weiter f\u00fchrten.<\/li>\n<li>Aus Winterwijk str\u00f6mte die Groenlosche Slinge zum Norden.<br \/>\nDiese ging damals noch nicht westlich an Borculo vorbei, aber \u00f6stlich und passierte Borculo via&nbsp;die Bosbergsgoot, die wieder \u00fcber ging in die Kattenbeek und von daraus weiter str\u00f6mte zum Westen.<\/li>\n<\/ol>\n<p>Hierunter in der Karte sind die alte L\u00e4ufe zu sehen der Berkel und Groenlosche Slinge (click die Karte f\u00fcr gr\u00f6\u00dfere Version):<br \/>\n<a href=\"\/wp-content\/uploads\/2018\/06\/WaterlopenAchterhoekRond1200BetsiePinkertPg37.jpg\"><img loading=\"lazy\" decoding=\"async\" class=\"alignnone wp-image-5403\" style=\"width: 800px; height: 643px;\" src=\"\/wp-content\/uploads\/2018\/06\/WaterlopenAchterhoekRond1200BetsiePinkertPg37.jpg\" alt=\"\" width=\"800\" height=\"643\" srcset=\"https:\/\/deberkel.info\/wp-content\/uploads\/2018\/06\/WaterlopenAchterhoekRond1200BetsiePinkertPg37.jpg 1524w, https:\/\/deberkel.info\/wp-content\/uploads\/2018\/06\/WaterlopenAchterhoekRond1200BetsiePinkertPg37-300x241.jpg 300w, https:\/\/deberkel.info\/wp-content\/uploads\/2018\/06\/WaterlopenAchterhoekRond1200BetsiePinkertPg37-768x617.jpg 768w, https:\/\/deberkel.info\/wp-content\/uploads\/2018\/06\/WaterlopenAchterhoekRond1200BetsiePinkertPg37-1024x823.jpg 1024w, https:\/\/deberkel.info\/wp-content\/uploads\/2018\/06\/WaterlopenAchterhoekRond1200BetsiePinkertPg37-373x300.jpg 373w\" sizes=\"auto, (max-width: 800px) 100vw, 800px\" \/><\/a><br \/>\nKarte aus der <a href=\"\/de\/publikationen\/#broekgebieden\">Master Studie von Betsie Pinkert<\/a>: 2017, Reichsuniversit\u00e4t Groningen, Faculteit der Letteren, Kenniscentrum Landschap.<\/p>\n<p>Rund 1250 haben die &#8222;Heren van Borculo&#8220; eine Verbindung angelegt zwischen der Berkel bei Avink und Borculo (Stadt). Das wurde demn\u00e4chst der Haupt Strom und ein Teil str\u00f6mte noch immer zum Norden ab Avink via Bolksbeek \/ Koningsbeek).<br \/>\nHagens suggeriert \u00fcbrigens in seinem Buch&nbsp;<a href=\"\/de\/publikationen\/#molensmuldersmeesters\">\u2018Molens Mulders Meesters\u2019<\/a> das die Berkel durchziehung m\u00f6glicherweise erst im 16. Jahrhundert statt gefunden h\u00e4tte.<br \/>\nDie Bolksbeek, wo die Koningsbeek ein Seitenarm von wurde, ist gegraben in 1650.<\/p>\n<p>Die Slinge ist sp\u00e4ter von Menschen westlich \u201cvergraben\u201d worden, zwischen Ruurlo und Borculo durch nach Beekvliet. Hier lief schon die Meibeek und die Slinge hat man darauf angeschlossen.<\/p>\n<p>Sehe hierunter im Bild das \u00dcbersicht der alten und ge\u00e4nderten L\u00e4ufen:<br \/>\n<a href=\"\/wp-content\/uploads\/2018\/06\/GijBekenEeuwigVloeiendDriessen2000Kaart.png\"><img loading=\"lazy\" decoding=\"async\" class=\"alignnone wp-image-5402\" style=\"width: 800px; height: 604px;\" src=\"\/wp-content\/uploads\/2018\/06\/GijBekenEeuwigVloeiendDriessen2000Kaart-1024x773.png\" alt=\"\" width=\"800\" height=\"604\" srcset=\"https:\/\/deberkel.info\/wp-content\/uploads\/2018\/06\/GijBekenEeuwigVloeiendDriessen2000Kaart-1024x773.png 1024w, https:\/\/deberkel.info\/wp-content\/uploads\/2018\/06\/GijBekenEeuwigVloeiendDriessen2000Kaart-300x227.png 300w, https:\/\/deberkel.info\/wp-content\/uploads\/2018\/06\/GijBekenEeuwigVloeiendDriessen2000Kaart-768x580.png 768w, https:\/\/deberkel.info\/wp-content\/uploads\/2018\/06\/GijBekenEeuwigVloeiendDriessen2000Kaart-397x300.png 397w, https:\/\/deberkel.info\/wp-content\/uploads\/2018\/06\/GijBekenEeuwigVloeiendDriessen2000Kaart.png 1050w\" sizes=\"auto, (max-width: 800px) 100vw, 800px\" \/><\/a><br \/>\nKarte aus dem Buch \u2018<a href=\"\/de\/publikationen\/#gijbekeneeuwigvloeiend\">Gij beken eeuwig vloeiend<\/a>\u2019 von Driessen et al.<\/p>\n<p>Sehe f\u00fcr eine ausf\u00fchrliche Beschreibung&nbsp;<a href=\"http:\/\/www.wrij.nl\/statisch\/berkel\/kopie-algemene-0\/historie\/\" target=\"_blank\" rel=\"noopener noreferrer\">hier<\/a>&nbsp;und <a href=\"http:\/\/www.wrij.nl\/statisch\/berkel\/kopie-1-samenvatting\/\" target=\"_blank\" rel=\"noopener noreferrer\">hier<\/a> auf die Webseite von Wasserbeh\u00f6rde Waterschap Rijn en IJssel.<\/p>\n<p>Die <span class=\"deel4\">Verlegung<\/span>&nbsp;der Berkellauf hatte \u00fcberigens ziemlich viel Konsequenzen.<br \/>\nAusserdem das andere Wasserl\u00e4ufe abgeschnitten wurden verloren auch mehrere bestehende Wasserm\u00fchle ihr Wasserzufuhr.<br \/>\nIn die Koningsbeek z.B. 3, zwischen Geesteren und Gelselaar:<\/p>\n<ul>\n<li>Erve de Renger, am Oude Rengersweg \/ Boshoek, <a href=\"https:\/\/www.google.nl\/maps\/@52.1569185,6.536703,426m\/data=!3m1!1e3\" target=\"_blank\" rel=\"noopener noreferrer\">hier<\/a> auf Google Maps, der&nbsp;M\u00fchlenteich ist da noch zu sehen, im M\u00fchlendatenbank&nbsp;<a href=\"http:\/\/www.molendatabase.org\/molendb.php?step=details&amp;tbnummer=14780\" target=\"_blank\" rel=\"noopener noreferrer\">hier<\/a>.<br \/>\nHier f\u00e4ngt die Slinge an, die damals eine Verzweigung der Berkel war.<\/li>\n<li>Erve Scholten, am <a href=\"https:\/\/www.google.nl\/maps\/@52.1649479,6.5376219,643m\/data=!3m1!1e3\" target=\"_blank\" rel=\"noopener noreferrer\">Scholtenesweg 2<\/a>, im M\u00fchlendatenbank&nbsp;<a href=\"http:\/\/www.molendatabase.org\/molendb.php?step=details&amp;tbnummer=14782\" target=\"_blank\" rel=\"noopener noreferrer\">hier<\/a><\/li>\n<li><a href=\"http:\/\/www.marceltettero.nl\/Foto\/Gelselaar\/Bevervoorde.html\" target=\"_blank\" rel=\"noopener noreferrer\">Havezate Bevervoorde (oder &#8218;t Jonkeren)<\/a> am <a href=\"https:\/\/www.google.nl\/maps\/@52.1722043,6.5290595,419m\/data=!3m1!1e3\" target=\"_blank\" rel=\"noopener noreferrer\">Jonkersweg<\/a>, im M\u00fchlendatenbank&nbsp;<a href=\"http:\/\/www.molendatabase.org\/molendb.php?step=details&amp;tbnummer=14781\" target=\"_blank\" rel=\"noopener noreferrer\">hier<\/a>.<\/li>\n<\/ul>\n<p>Auch bei Borculo \/ Geesteren gab es noch 2 solche M\u00fchlen die ohne Wasser kamen:<\/p>\n<ul>\n<li>am Bosbergsgoot (jetzt&nbsp;<a href=\"https:\/\/www.google.nl\/maps\/@52.1180016,6.5309303,349m\/data=!3m1!1e3\" target=\"_blank\" rel=\"noopener noreferrer\">Industriegel\u00e4nde<\/a>), im M\u00fchlendatenbank&nbsp;<a href=\"http:\/\/www.molendatabase.org\/molendb.php?step=details&amp;tbnummer=14742\" target=\"_blank\" rel=\"noopener noreferrer\">hier<\/a><\/li>\n<li>am&nbsp;<a href=\"https:\/\/www.google.nl\/maps\/@52.1288314,6.5274248,352m\/data=!3m1!1e3\" target=\"_blank\" rel=\"noopener noreferrer\">Kattebeek<\/a>, im M\u00fchlendatenbank&nbsp;<a href=\"http:\/\/www.molendatabase.org\/molendb.php?step=details&amp;tbnummer=14779\" target=\"_blank\" rel=\"noopener noreferrer\">hier<\/a><\/li>\n<\/ul>\n<p>Bei Erve de Renger an der&nbsp;<a href=\"https:\/\/www.google.nl\/maps\/@52.1571777,6.5344183,275m\/data=!3m1!1e3\" target=\"_blank\" rel=\"noopener noreferrer\">Ecke Oude Rengersweg \/ Boshoek<\/a> ist ein Schild platziert \u00fcber diese ganze Geschichte:<\/p>\n<p><a href=\"\/wp-content\/uploads\/2018\/06\/MolensKoningsbeek.png\"><img loading=\"lazy\" decoding=\"async\" class=\"alignnone size-large wp-image-5433\" src=\"\/wp-content\/uploads\/2018\/06\/MolensKoningsbeek-818x1024.png\" alt=\"\" width=\"584\" height=\"731\" srcset=\"https:\/\/deberkel.info\/wp-content\/uploads\/2018\/06\/MolensKoningsbeek-818x1024.png 818w, https:\/\/deberkel.info\/wp-content\/uploads\/2018\/06\/MolensKoningsbeek-240x300.png 240w, https:\/\/deberkel.info\/wp-content\/uploads\/2018\/06\/MolensKoningsbeek-768x962.png 768w, https:\/\/deberkel.info\/wp-content\/uploads\/2018\/06\/MolensKoningsbeek.png 1917w\" sizes=\"auto, (max-width: 584px) 100vw, 584px\" \/><\/a><\/p>\n<p><a id=\"bronnen\"><\/a>Quellen:<\/p>\n<ul>\n<li>Webseite Waterschap Rijn en IJssel<br \/>\n<a href=\"http:\/\/www.wrij.nl\/statisch\/berkel\/kopie-algemene-0\/historie\/\" target=\"_blank\" rel=\"noopener noreferrer\">http:\/\/www.wrij.nl\/statisch\/berkel\/kopie-algemene-0\/historie\/<\/a><\/li>\n<li>Gij Beken Eeuwig Vloeiend von Driessen et al. aus 2000 <a href=\"\/de\/publikationen\/#gijbekeneeuwigvloeiend\">\/publicaties\/#gijbekeneeuwigvloeiend<\/a><\/li>\n<li>Broekgebieden in het stroomgebied van de Berkel (1600-1850), Masterscriptie Betsie Pinkert (NL)<br \/>\n<a href=\"\/de\/publikationen\/#broekgebieden\">\/publicaties\/#broekgebieden<\/a><\/li>\n<li>Molens, Mulders, Meesters<br \/>\n<a href=\"\/de\/publikationen\/#molensmuldersmeesters\">\/publicaties\/#molensmuldersmeesters<\/a><\/li>\n<li>Website Heerlijkheid Borculo<br \/>\n<a href=\"https:\/\/www.heerlijkheidborculo.nl\/geschiedenis\/de-berkel\/\" target=\"_blank\" rel=\"noopener noreferrer\">https:\/\/www.heerlijkheidborculo.nl\/geschiedenis\/de-berkel\/<\/a><\/li>\n<\/ul>\n<p>&nbsp;<\/p>\n","protected":false},"excerpt":{"rendered":"<p>Heut zu Tage l\u00e4uft die Berkel aus dem Osten direkt zum Westen bis in Zutphen. Aber fr\u00fcher war das anders: Bevor 1250 kam die Berkel aus dem Osten nach Avink bei Haarlo und ging von da aus via die Koningsbeek &hellip; <a href=\"https:\/\/deberkel.info\/de\/lauf-der-berkel-im-mittelalter\/\">Weiterlesen <span class=\"meta-nav\">&rarr;<\/span><\/a><\/p>\n","protected":false},"author":1,"featured_media":0,"parent":0,"menu_order":0,"comment_status":"closed","ping_status":"closed","template":"sidebar-page.php","meta":{"_exactmetrics_skip_tracking":false,"_exactmetrics_sitenote_active":false,"_exactmetrics_sitenote_note":"","_exactmetrics_sitenote_category":0,"ngg_post_thumbnail":0,"_locale":"de_DE","_original_post":"5394","footnotes":"","_links_to":"","_links_to_target":""},"class_list":["post-5409","page","type-page","status-publish","hentry","de-DE"],"yoast_head":"<!-- This site is optimized with the Yoast SEO plugin v27.4 - https:\/\/yoast.com\/product\/yoast-seo-wordpress\/ -->\n<title>Lauf der Berkel im Mittelalter - Berkel Info<\/title>\n<meta name=\"robots\" content=\"index, follow, max-snippet:-1, max-image-preview:large, max-video-preview:-1\" \/>\n<link rel=\"canonical\" href=\"https:\/\/deberkel.info\/de\/lauf-der-berkel-im-mittelalter\/\" \/>\n<meta property=\"og:locale\" content=\"de_DE\" \/>\n<meta property=\"og:type\" content=\"article\" \/>\n<meta property=\"og:title\" content=\"Lauf der Berkel im Mittelalter - Berkel Info\" \/>\n<meta property=\"og:description\" content=\"Heut zu Tage l\u00e4uft die Berkel aus dem Osten direkt zum Westen bis in Zutphen. Aber fr\u00fcher war das anders: Bevor 1250 kam die Berkel aus dem Osten nach Avink bei Haarlo und ging von da aus via die Koningsbeek &hellip; Weiterlesen &rarr;\" \/>\n<meta property=\"og:url\" content=\"https:\/\/deberkel.info\/de\/lauf-der-berkel-im-mittelalter\/\" \/>\n<meta property=\"og:site_name\" content=\"Berkel Info\" \/>\n<meta property=\"article:modified_time\" content=\"2023-07-22T17:09:21+00:00\" \/>\n<meta name=\"twitter:card\" content=\"summary_large_image\" \/>\n<meta name=\"twitter:label1\" content=\"Gesch\u00e4tzte Lesezeit\" \/>\n\t<meta name=\"twitter:data1\" content=\"3\u00a0Minuten\" \/>\n<script type=\"application\/ld+json\" class=\"yoast-schema-graph\">{\"@context\":\"https:\\\/\\\/schema.org\",\"@graph\":[{\"@type\":\"WebPage\",\"@id\":\"https:\\\/\\\/deberkel.info\\\/de\\\/lauf-der-berkel-im-mittelalter\\\/\",\"url\":\"https:\\\/\\\/deberkel.info\\\/de\\\/lauf-der-berkel-im-mittelalter\\\/\",\"name\":\"Lauf der Berkel im Mittelalter - Berkel Info\",\"isPartOf\":{\"@id\":\"https:\\\/\\\/deberkel.info\\\/#website\"},\"datePublished\":\"2018-06-04T21:25:22+00:00\",\"dateModified\":\"2023-07-22T17:09:21+00:00\",\"breadcrumb\":{\"@id\":\"https:\\\/\\\/deberkel.info\\\/de\\\/lauf-der-berkel-im-mittelalter\\\/#breadcrumb\"},\"inLanguage\":\"de\",\"potentialAction\":[{\"@type\":\"ReadAction\",\"target\":[\"https:\\\/\\\/deberkel.info\\\/de\\\/lauf-der-berkel-im-mittelalter\\\/\"]}]},{\"@type\":\"BreadcrumbList\",\"@id\":\"https:\\\/\\\/deberkel.info\\\/de\\\/lauf-der-berkel-im-mittelalter\\\/#breadcrumb\",\"itemListElement\":[{\"@type\":\"ListItem\",\"position\":1,\"name\":\"Home\",\"item\":\"https:\\\/\\\/deberkel.info\\\/de\\\/\"},{\"@type\":\"ListItem\",\"position\":2,\"name\":\"Lauf der Berkel im Mittelalter\"}]},{\"@type\":\"WebSite\",\"@id\":\"https:\\\/\\\/deberkel.info\\\/#website\",\"url\":\"https:\\\/\\\/deberkel.info\\\/\",\"name\":\"Berkel Info\",\"description\":\"Alles over de Berkel en het Berkeldal, van Billerbeck tot Zutphen\",\"potentialAction\":[{\"@type\":\"SearchAction\",\"target\":{\"@type\":\"EntryPoint\",\"urlTemplate\":\"https:\\\/\\\/deberkel.info\\\/?s={search_term_string}\"},\"query-input\":{\"@type\":\"PropertyValueSpecification\",\"valueRequired\":true,\"valueName\":\"search_term_string\"}}],\"inLanguage\":\"de\"}]}<\/script>\n<!-- \/ Yoast SEO plugin. -->","yoast_head_json":{"title":"Lauf der Berkel im Mittelalter - Berkel Info","robots":{"index":"index","follow":"follow","max-snippet":"max-snippet:-1","max-image-preview":"max-image-preview:large","max-video-preview":"max-video-preview:-1"},"canonical":"https:\/\/deberkel.info\/de\/lauf-der-berkel-im-mittelalter\/","og_locale":"de_DE","og_type":"article","og_title":"Lauf der Berkel im Mittelalter - Berkel Info","og_description":"Heut zu Tage l\u00e4uft die Berkel aus dem Osten direkt zum Westen bis in Zutphen. Aber fr\u00fcher war das anders: Bevor 1250 kam die Berkel aus dem Osten nach Avink bei Haarlo und ging von da aus via die Koningsbeek &hellip; Weiterlesen &rarr;","og_url":"https:\/\/deberkel.info\/de\/lauf-der-berkel-im-mittelalter\/","og_site_name":"Berkel Info","article_modified_time":"2023-07-22T17:09:21+00:00","twitter_card":"summary_large_image","twitter_misc":{"Gesch\u00e4tzte Lesezeit":"3\u00a0Minuten"},"schema":{"@context":"https:\/\/schema.org","@graph":[{"@type":"WebPage","@id":"https:\/\/deberkel.info\/de\/lauf-der-berkel-im-mittelalter\/","url":"https:\/\/deberkel.info\/de\/lauf-der-berkel-im-mittelalter\/","name":"Lauf der Berkel im Mittelalter - Berkel Info","isPartOf":{"@id":"https:\/\/deberkel.info\/#website"},"datePublished":"2018-06-04T21:25:22+00:00","dateModified":"2023-07-22T17:09:21+00:00","breadcrumb":{"@id":"https:\/\/deberkel.info\/de\/lauf-der-berkel-im-mittelalter\/#breadcrumb"},"inLanguage":"de","potentialAction":[{"@type":"ReadAction","target":["https:\/\/deberkel.info\/de\/lauf-der-berkel-im-mittelalter\/"]}]},{"@type":"BreadcrumbList","@id":"https:\/\/deberkel.info\/de\/lauf-der-berkel-im-mittelalter\/#breadcrumb","itemListElement":[{"@type":"ListItem","position":1,"name":"Home","item":"https:\/\/deberkel.info\/de\/"},{"@type":"ListItem","position":2,"name":"Lauf der Berkel im Mittelalter"}]},{"@type":"WebSite","@id":"https:\/\/deberkel.info\/#website","url":"https:\/\/deberkel.info\/","name":"Berkel Info","description":"Alles over de Berkel en het Berkeldal, van Billerbeck tot Zutphen","potentialAction":[{"@type":"SearchAction","target":{"@type":"EntryPoint","urlTemplate":"https:\/\/deberkel.info\/?s={search_term_string}"},"query-input":{"@type":"PropertyValueSpecification","valueRequired":true,"valueName":"search_term_string"}}],"inLanguage":"de"}]}},"rttpg_featured_image_url":null,"rttpg_author":{"display_name":"berkelcompagnie","author_link":"https:\/\/deberkel.info\/author\/berkelcompagnie\/"},"rttpg_comment":0,"rttpg_category":null,"rttpg_excerpt":"Heut zu Tage l\u00e4uft die Berkel aus dem Osten direkt zum Westen bis in Zutphen. Aber fr\u00fcher war das anders: Bevor 1250 kam die Berkel aus dem Osten nach Avink bei Haarlo und ging von da aus via die Koningsbeek &hellip; Weiterlesen &rarr;","_links":{"self":[{"href":"https:\/\/deberkel.info\/wp-json\/wp\/v2\/pages\/5409","targetHints":{"allow":["GET"]}}],"collection":[{"href":"https:\/\/deberkel.info\/wp-json\/wp\/v2\/pages"}],"about":[{"href":"https:\/\/deberkel.info\/wp-json\/wp\/v2\/types\/page"}],"author":[{"embeddable":true,"href":"https:\/\/deberkel.info\/wp-json\/wp\/v2\/users\/1"}],"replies":[{"embeddable":true,"href":"https:\/\/deberkel.info\/wp-json\/wp\/v2\/comments?post=5409"}],"version-history":[{"count":24,"href":"https:\/\/deberkel.info\/wp-json\/wp\/v2\/pages\/5409\/revisions"}],"predecessor-version":[{"id":17099,"href":"https:\/\/deberkel.info\/wp-json\/wp\/v2\/pages\/5409\/revisions\/17099"}],"wp:attachment":[{"href":"https:\/\/deberkel.info\/wp-json\/wp\/v2\/media?parent=5409"}],"curies":[{"name":"wp","href":"https:\/\/api.w.org\/{rel}","templated":true}]}}