{"id":7538,"date":"2018-10-27T18:45:24","date_gmt":"2018-10-27T18:45:24","guid":{"rendered":"http:\/\/deberkel.info\/?page_id=7538"},"modified":"2023-12-13T15:58:10","modified_gmt":"2023-12-13T14:58:10","slug":"2018-ausflug-bilder","status":"publish","type":"page","link":"https:\/\/deberkel.info\/de\/berkelkompanie\/2018-ausflug-bilder\/","title":{"rendered":"2018 Ausflug Bilder"},"content":{"rendered":"<p>In 2018 war der Mitglieder Ausflug wieder an Deutsche Seite und zwar in Stadtlohn und Coesfeld, organisiert von G\u00fcnther S\u00fcdhoff.<br \/>\nEin <a href=\"\/de\/freunde-exkursion-2018\">Bericht<\/a> ist hier zu lesen.<br \/>\nHierunter Bilder.<\/p>\n<p>Clicke ein Bild f\u00fcr gro\u00dfere Version und bl\u00e4ttern.<\/p>\nngg_shortcode_0_placeholder\n<hr>\n<p>&nbsp;<\/p>\n","protected":false},"excerpt":{"rendered":"<p>In 2018 war der Mitglieder Ausflug wieder an Deutsche Seite und zwar in Stadtlohn und Coesfeld, organisiert von G\u00fcnther S\u00fcdhoff. Ein Bericht ist hier zu lesen. Hierunter Bilder. Clicke ein Bild f\u00fcr gro\u00dfere Version und bl\u00e4ttern. &nbsp;<\/p>\n","protected":false},"author":1,"featured_media":0,"parent":8738,"menu_order":0,"comment_status":"closed","ping_status":"closed","template":"sidebar-page.php","meta":{"_exactmetrics_skip_tracking":false,"_exactmetrics_sitenote_active":false,"_exactmetrics_sitenote_note":"","_exactmetrics_sitenote_category":0,"ngg_post_thumbnail":0,"_locale":"de_DE","_original_post":"7134","footnotes":"","_links_to":"","_links_to_target":""},"class_list":["post-7538","page","type-page","status-publish","hentry","de-DE"],"yoast_head":"<!-- This site is optimized with the Yoast SEO plugin v27.6 - https:\/\/yoast.com\/product\/yoast-seo-wordpress\/ -->\n<title>2018 Ausflug Bilder - Berkel Info<\/title>\n<meta name=\"robots\" content=\"index, follow, max-snippet:-1, max-image-preview:large, max-video-preview:-1\" \/>\n<link rel=\"canonical\" href=\"https:\/\/deberkel.info\/de\/berkelkompanie\/2018-ausflug-bilder\/\" \/>\n<meta property=\"og:locale\" content=\"de_DE\" \/>\n<meta property=\"og:type\" content=\"article\" \/>\n<meta property=\"og:title\" content=\"2018 Ausflug Bilder - Berkel Info\" \/>\n<meta property=\"og:description\" content=\"In 2018 war der Mitglieder Ausflug wieder an Deutsche Seite und zwar in Stadtlohn und Coesfeld, organisiert von G\u00fcnther S\u00fcdhoff. Ein Bericht ist hier zu lesen. Hierunter Bilder. Clicke ein Bild f\u00fcr gro\u00dfere Version und bl\u00e4ttern. &nbsp;\" \/>\n<meta property=\"og:url\" content=\"https:\/\/deberkel.info\/de\/berkelkompanie\/2018-ausflug-bilder\/\" \/>\n<meta property=\"og:site_name\" content=\"Berkel Info\" \/>\n<meta property=\"article:modified_time\" content=\"2023-12-13T14:58:10+00:00\" \/>\n<meta name=\"twitter:card\" content=\"summary_large_image\" \/>\n<meta name=\"twitter:label1\" content=\"Gesch\u00e4tzte Lesezeit\" \/>\n\t<meta name=\"twitter:data1\" content=\"1\u00a0Minute\" \/>\n<script type=\"application\/ld+json\" class=\"yoast-schema-graph\">{\"@context\":\"https:\\\/\\\/schema.org\",\"@graph\":[{\"@type\":\"WebPage\",\"@id\":\"https:\\\/\\\/deberkel.info\\\/de\\\/berkelkompanie\\\/2018-ausflug-bilder\\\/\",\"url\":\"https:\\\/\\\/deberkel.info\\\/de\\\/berkelkompanie\\\/2018-ausflug-bilder\\\/\",\"name\":\"2018 Ausflug Bilder - Berkel Info\",\"isPartOf\":{\"@id\":\"https:\\\/\\\/deberkel.info\\\/#website\"},\"datePublished\":\"2018-10-27T18:45:24+00:00\",\"dateModified\":\"2023-12-13T14:58:10+00:00\",\"breadcrumb\":{\"@id\":\"https:\\\/\\\/deberkel.info\\\/de\\\/berkelkompanie\\\/2018-ausflug-bilder\\\/#breadcrumb\"},\"inLanguage\":\"de\",\"potentialAction\":[{\"@type\":\"ReadAction\",\"target\":[\"https:\\\/\\\/deberkel.info\\\/de\\\/berkelkompanie\\\/2018-ausflug-bilder\\\/\"]}]},{\"@type\":\"BreadcrumbList\",\"@id\":\"https:\\\/\\\/deberkel.info\\\/de\\\/berkelkompanie\\\/2018-ausflug-bilder\\\/#breadcrumb\",\"itemListElement\":[{\"@type\":\"ListItem\",\"position\":1,\"name\":\"Home\",\"item\":\"https:\\\/\\\/deberkel.info\\\/de\\\/\"},{\"@type\":\"ListItem\",\"position\":2,\"name\":\"3. Berkelkompanie\",\"item\":\"https:\\\/\\\/deberkel.info\\\/de\\\/berkelkompanie\\\/\"},{\"@type\":\"ListItem\",\"position\":3,\"name\":\"2018 Ausflug Bilder\"}]},{\"@type\":\"WebSite\",\"@id\":\"https:\\\/\\\/deberkel.info\\\/#website\",\"url\":\"https:\\\/\\\/deberkel.info\\\/\",\"name\":\"Berkel Info\",\"description\":\"Alles over de Berkel en het Berkeldal, van Billerbeck tot Zutphen\",\"potentialAction\":[{\"@type\":\"SearchAction\",\"target\":{\"@type\":\"EntryPoint\",\"urlTemplate\":\"https:\\\/\\\/deberkel.info\\\/?s={search_term_string}\"},\"query-input\":{\"@type\":\"PropertyValueSpecification\",\"valueRequired\":true,\"valueName\":\"search_term_string\"}}],\"inLanguage\":\"de\"}]}<\/script>\n<!-- \/ Yoast SEO plugin. -->","yoast_head_json":{"title":"2018 Ausflug Bilder - Berkel Info","robots":{"index":"index","follow":"follow","max-snippet":"max-snippet:-1","max-image-preview":"max-image-preview:large","max-video-preview":"max-video-preview:-1"},"canonical":"https:\/\/deberkel.info\/de\/berkelkompanie\/2018-ausflug-bilder\/","og_locale":"de_DE","og_type":"article","og_title":"2018 Ausflug Bilder - Berkel Info","og_description":"In 2018 war der Mitglieder Ausflug wieder an Deutsche Seite und zwar in Stadtlohn und Coesfeld, organisiert von G\u00fcnther S\u00fcdhoff. Ein Bericht ist hier zu lesen. Hierunter Bilder. Clicke ein Bild f\u00fcr gro\u00dfere Version und bl\u00e4ttern. &nbsp;","og_url":"https:\/\/deberkel.info\/de\/berkelkompanie\/2018-ausflug-bilder\/","og_site_name":"Berkel Info","article_modified_time":"2023-12-13T14:58:10+00:00","twitter_card":"summary_large_image","twitter_misc":{"Gesch\u00e4tzte Lesezeit":"1\u00a0Minute"},"schema":{"@context":"https:\/\/schema.org","@graph":[{"@type":"WebPage","@id":"https:\/\/deberkel.info\/de\/berkelkompanie\/2018-ausflug-bilder\/","url":"https:\/\/deberkel.info\/de\/berkelkompanie\/2018-ausflug-bilder\/","name":"2018 Ausflug Bilder - Berkel Info","isPartOf":{"@id":"https:\/\/deberkel.info\/#website"},"datePublished":"2018-10-27T18:45:24+00:00","dateModified":"2023-12-13T14:58:10+00:00","breadcrumb":{"@id":"https:\/\/deberkel.info\/de\/berkelkompanie\/2018-ausflug-bilder\/#breadcrumb"},"inLanguage":"de","potentialAction":[{"@type":"ReadAction","target":["https:\/\/deberkel.info\/de\/berkelkompanie\/2018-ausflug-bilder\/"]}]},{"@type":"BreadcrumbList","@id":"https:\/\/deberkel.info\/de\/berkelkompanie\/2018-ausflug-bilder\/#breadcrumb","itemListElement":[{"@type":"ListItem","position":1,"name":"Home","item":"https:\/\/deberkel.info\/de\/"},{"@type":"ListItem","position":2,"name":"3. Berkelkompanie","item":"https:\/\/deberkel.info\/de\/berkelkompanie\/"},{"@type":"ListItem","position":3,"name":"2018 Ausflug Bilder"}]},{"@type":"WebSite","@id":"https:\/\/deberkel.info\/#website","url":"https:\/\/deberkel.info\/","name":"Berkel Info","description":"Alles over de Berkel en het Berkeldal, van Billerbeck tot Zutphen","potentialAction":[{"@type":"SearchAction","target":{"@type":"EntryPoint","urlTemplate":"https:\/\/deberkel.info\/?s={search_term_string}"},"query-input":{"@type":"PropertyValueSpecification","valueRequired":true,"valueName":"search_term_string"}}],"inLanguage":"de"}]}},"rttpg_featured_image_url":null,"rttpg_author":{"display_name":"berkelcompagnie","author_link":"https:\/\/deberkel.info\/author\/berkelcompagnie\/"},"rttpg_comment":0,"rttpg_category":null,"rttpg_excerpt":"In 2018 war der Mitglieder Ausflug wieder an Deutsche Seite und zwar in Stadtlohn und Coesfeld, organisiert von G\u00fcnther S\u00fcdhoff. Ein Bericht ist hier zu lesen. Hierunter Bilder. Clicke ein Bild f\u00fcr gro\u00dfere Version und bl\u00e4ttern. &nbsp;","_links":{"self":[{"href":"https:\/\/deberkel.info\/wp-json\/wp\/v2\/pages\/7538","targetHints":{"allow":["GET"]}}],"collection":[{"href":"https:\/\/deberkel.info\/wp-json\/wp\/v2\/pages"}],"about":[{"href":"https:\/\/deberkel.info\/wp-json\/wp\/v2\/types\/page"}],"author":[{"embeddable":true,"href":"https:\/\/deberkel.info\/wp-json\/wp\/v2\/users\/1"}],"replies":[{"embeddable":true,"href":"https:\/\/deberkel.info\/wp-json\/wp\/v2\/comments?post=7538"}],"version-history":[{"count":8,"href":"https:\/\/deberkel.info\/wp-json\/wp\/v2\/pages\/7538\/revisions"}],"predecessor-version":[{"id":17951,"href":"https:\/\/deberkel.info\/wp-json\/wp\/v2\/pages\/7538\/revisions\/17951"}],"up":[{"embeddable":true,"href":"https:\/\/deberkel.info\/wp-json\/wp\/v2\/pages\/8738"}],"wp:attachment":[{"href":"https:\/\/deberkel.info\/wp-json\/wp\/v2\/media?parent=7538"}],"curies":[{"name":"wp","href":"https:\/\/api.w.org\/{rel}","templated":true}]}}