{"id":8738,"date":"2019-01-19T21:06:36","date_gmt":"2019-01-19T21:06:36","guid":{"rendered":"http:\/\/deberkel.info\/?page_id=8738"},"modified":"2026-03-31T20:46:54","modified_gmt":"2026-03-31T18:46:54","slug":"berkelkompanie","status":"publish","type":"page","link":"https:\/\/deberkel.info\/de\/berkelkompanie\/","title":{"rendered":"3. Berkelkompanie"},"content":{"rendered":"<p><img loading=\"lazy\" decoding=\"async\" class=\"alignnone wp-image-6076 size-thumbnail\" src=\"\/wp-content\/uploads\/2018\/08\/Logo3eBerkelcompagnieZwart2-150x150.jpg\" alt=\"\" width=\"150\" height=\"150\"><br \/>\nIn der Vergangenheit gab es <a href=\"\/de\/berkelausstellung-themen-im-wassermuseum-in-arnheim\/#berkelscheepvaart\">2 Berkelkompanien<\/a> die verantwortlich waren f\u00fcr die Berkel.<a href=\"https:\/\/deberkel.info\/wp-content\/uploads\/2018\/03\/Berkel.jpg\"><img loading=\"lazy\" decoding=\"async\" class=\"alignnone wp-image-51 size-full\" src=\"https:\/\/deberkel.info\/wp-content\/uploads\/2018\/03\/Berkel.jpg\" alt=\"\" width=\"634\" height=\"438\" srcset=\"https:\/\/deberkel.info\/wp-content\/uploads\/2018\/03\/Berkel.jpg 634w, https:\/\/deberkel.info\/wp-content\/uploads\/2018\/03\/Berkel-300x207.jpg 300w\" sizes=\"auto, (max-width: 634px) 100vw, 634px\" \/><\/a><\/p>\n<p>Seit 2002 gibt es eine 3. Berkelkompanie. Zuerst als separate Stiftung und Verein.<br \/>\nUnd seit Ende 2023 kombiniert als Verein.<\/p>\n<p>Die Aufgabe der 3. Berkelkompanie ist:<br \/>\ndas Entwickeln, stimulieren und soweit erforderlich realisieren von Pl\u00e4nen bez\u00fcglich der Realisation, Kultur, Instandhaltung von Kulturgeschichte, Tourismus und Natur auf, innerhalb und rund der Berkelfluss.<br \/>\nSowie die Berkel promoten mittels Zusammenk\u00fcnfte \u00fcber die Berkel, Berkel Exkursionen, und andere Aktivit\u00e4ten, wie auch Berkel Publikationen, wie eine <a href=\"\/de\/\" target=\"_blank\" rel=\"noopener\">Berkel Webseite<\/a>, Berkel Magazin (<a href=\"\/de\/berkelkompanie\/nieuwsquellen\/\" target=\"_blank\" rel=\"noopener\">NieuwsQuelle<\/a>), Berkel B\u00fccher und Berkel Filme.<\/p>\n<p><a id=\"Flyer\"><\/a>Hierunter der Flyer:<br \/>\n<a href=\"https:\/\/deberkel.info\/wp-content\/uploads\/2025\/05\/Berkelkompanie-Faltblatt-Final-2024-09-24.pdf\" class=\"pdfemb-viewer\" style=\"width: 800px; \" data-width=\"800\" data-height=\"max\" data-mobile-width=\"500\"  data-scrollbar=\"none\" data-download=\"on\" data-tracking=\"on\" data-newwindow=\"on\" data-pagetextbox=\"off\" data-scrolltotop=\"off\" data-startzoom=\"100\" data-startfpzoom=\"100\" data-toolbar=\"both\" data-toolbar-fixed=\"on\">Berkelkompanie-Faltblatt-Final-2024-09-24<br\/><\/a><\/p>\n<p><a href=\"https:\/\/deberkel.info\/wp-content\/uploads\/2022\/03\/Ochtendsfeer-Berkel-600x338-1.jpg\"><img loading=\"lazy\" decoding=\"async\" class=\"size-full wp-image-15543 alignnone\" src=\"https:\/\/deberkel.info\/wp-content\/uploads\/2022\/03\/Ochtendsfeer-Berkel-600x338-1.jpg\" alt=\"\" width=\"600\" height=\"338\" srcset=\"https:\/\/deberkel.info\/wp-content\/uploads\/2022\/03\/Ochtendsfeer-Berkel-600x338-1.jpg 600w, https:\/\/deberkel.info\/wp-content\/uploads\/2022\/03\/Ochtendsfeer-Berkel-600x338-1-300x169.jpg 300w, https:\/\/deberkel.info\/wp-content\/uploads\/2022\/03\/Ochtendsfeer-Berkel-600x338-1-500x282.jpg 500w\" sizes=\"auto, (max-width: 600px) 100vw, 600px\" \/><\/a><\/p>\n<p>Zus\u00e4tzlich&nbsp;gibt es noch eine Gruppe Freunde die sich als &#8218;<strong><a href=\"\/de\/berkelkompanie\/vrienden-van-de-berkel\/\">Vrienden van de Berkel<\/a>&#8218;<\/strong>&nbsp;besch\u00e4ftigt mit Vertretung im Algemeinen Vorstand der Wasserbeh\u00f6rde &#8218;Waterschap Rijn en IJssel&#8216;.<\/p>\n<p><a id=\"ZumVerein3.Berkelkompanie\"><\/a>\n<!-- NOTE: If you need to make changes to this file, copy it to your current theme's main\n\tdirectory so your changes won't be overwritten when the plugin is upgraded. -->\n\n<!-- Post Wrap Start-->\n<div class=\"post hentry ivycat-post\">\n\n\n\t<!-- \tThis outputs the post TITLE -->\n\t<h2 class=\"entry-title\"><a href=\"https:\/\/deberkel.info\/de\/naar-een-nieuwe-vereniging-3e-berkelcompagnie\/\">Auf dem Weg zum Verein \u201c3. Berkelkompanie\u201d<\/a><\/h2>\n\n\t<!-- \tThis outputs the post EXCERPT.  To display full content including images and html,\n\t\treplace the_excerpt(); with the_content();  below. -->\n\t\t\n\t<div class=\"entry-summary\">\n\t<!-- was: featured-image -->\n\t\t<div class=\"img-responsive\"> \n<!--\t\t<div class=\"rt-image-holder img-responsive\">  -->\n\t\t\t<a href=\"https:\/\/deberkel.info\/de\/naar-een-nieuwe-vereniging-3e-berkelcompagnie\/\">\n<!--\t\t\t\t<img loading=\"lazy\" decoding=\"async\" width=\"180\" height=\"24\" src=\"https:\/\/deberkel.info\/wp-content\/uploads\/2023\/12\/Bestuursleden-1493x200-1.jpg\" class=\"alignleft wp-post-image\" alt=\"\" srcset=\"https:\/\/deberkel.info\/wp-content\/uploads\/2023\/12\/Bestuursleden-1493x200-1.jpg 1493w, https:\/\/deberkel.info\/wp-content\/uploads\/2023\/12\/Bestuursleden-1493x200-1-300x40.jpg 300w, https:\/\/deberkel.info\/wp-content\/uploads\/2023\/12\/Bestuursleden-1493x200-1-1024x137.jpg 1024w, https:\/\/deberkel.info\/wp-content\/uploads\/2023\/12\/Bestuursleden-1493x200-1-768x103.jpg 768w, https:\/\/deberkel.info\/wp-content\/uploads\/2023\/12\/Bestuursleden-1493x200-1-500x67.jpg 500w\" sizes=\"auto, (max-width: 180px) 100vw, 180px\" \/> -->\n\t\t\t\t<img loading=\"lazy\" decoding=\"async\" width=\"600\" height=\"80\" src=\"https:\/\/deberkel.info\/wp-content\/uploads\/2023\/12\/Bestuursleden-1493x200-1.jpg\" class=\"attachment-600x9999 size-600x9999 wp-post-image\" alt=\"\" srcset=\"https:\/\/deberkel.info\/wp-content\/uploads\/2023\/12\/Bestuursleden-1493x200-1.jpg 1493w, https:\/\/deberkel.info\/wp-content\/uploads\/2023\/12\/Bestuursleden-1493x200-1-300x40.jpg 300w, https:\/\/deberkel.info\/wp-content\/uploads\/2023\/12\/Bestuursleden-1493x200-1-1024x137.jpg 1024w, https:\/\/deberkel.info\/wp-content\/uploads\/2023\/12\/Bestuursleden-1493x200-1-768x103.jpg 768w, https:\/\/deberkel.info\/wp-content\/uploads\/2023\/12\/Bestuursleden-1493x200-1-500x67.jpg 500w\" sizes=\"auto, (max-width: 600px) 100vw, 600px\" \/>\t\t\t\t<\/a>\n\t\t<\/div>\n\t\t<p>Neue Organisationsform 3. Berkelkompanie <a href=\"https:\/\/deberkel.info\/de\/naar-een-nieuwe-vereniging-3e-berkelcompagnie\/\">Weiterlesen <span class=\"meta-nav\">&rarr;<\/span><\/a><\/p>\n\t<\/div>\n\n\n\t<!--\tThis outputs the post META information -->\n\t<div class=\"entry-utility\">\n<!--\t\n\t\t\t\t\t<span class=\"cat-links\">\n\t\t\t\t<span class=\"entry-utility-prep entry-utility-prep-cat-links\">Posted in<\/span> <a href=\"https:\/\/deberkel.info\/de\/3e-berkelcompagnie-nieuws\/\" rel=\"category tag\">3. Berkelkompanie<\/a>, <a href=\"https:\/\/deberkel.info\/de\/nieuws\/\" rel=\"category tag\">Titelseite Nachrichten<\/a>\t\t\t<\/span>\n\t\t\t<span class=\"meta-sep\">|<\/span>\n\t\t\t\t\t\t<span class=\"comments-link\">\n\t\t\t<span>Kommentare deaktiviert<span class=\"screen-reader-text\"> f\u00fcr Auf dem Weg zum Verein \u201c3. Berkelkompanie\u201d<\/span><\/span>\t\t<\/span>\n\t\t\t<\/div>\n-->\n<\/div>\n<!-- \/\/ Post Wrap End -->\n<\/p>\n<hr>\n<p>Der Vorstand der 3. Berkelkompanie:<\/p>\n<table style=\"border-collapse: collapse; width: 89.3818%; height: 288px;\">\n<tbody>\n<tr style=\"height: 48px;\">\n<td style=\"width: 26.6666%; height: 48px;\">Vorsitzender<\/td>\n<td style=\"width: 55.739%; height: 48px;\">Carrol Terleth<br \/>\n<a href=\"mailto:voorzitter.berkelcompagnie@deberkel.info\">Email Vorsitzende<\/a><\/td>\n<\/tr>\n<tr style=\"height: 24px;\">\n<td style=\"width: 26.6666%; height: 24px;\">Sekret\u00e4rin<\/td>\n<td style=\"width: 55.739%; height: 24px;\">Hannelore Schulz<br \/>\n<a href=\"mailto:secretaris.berkelcompagnie@deberkel.info\">Email Sekretaer<\/a><\/td>\n<\/tr>\n<tr style=\"height: 48px;\">\n<td style=\"width: 26.6666%; height: 48px;\">Schatzmeister<\/td>\n<td style=\"width: 55.739%; height: 48px;\">Hannelore Schulz<br \/>\n<a href=\"mailto:penningmeester.berkelcompagnie@deberkel.info\">Email Schatzmeister<\/a><\/td>\n<\/tr>\n<tr style=\"height: 24px;\">\n<td style=\"width: 26.6666%; height: 24px;\">Vorstandsmitglieder<\/td>\n<td style=\"width: 55.739%; height: 24px;\">Thomas B\u00fccking<br \/>\n<em>Stellvertretender Vorsitzender<\/em><\/td>\n<\/tr>\n<tr style=\"height: 24px;\">\n<td style=\"width: 26.6666%; height: 24px;\">&nbsp;<\/td>\n<td style=\"width: 55.739%; height: 24px;\">Marja Schulenberg-v.d. Werf<br \/>\n<em>Stellvertretende Sekret\u00e4rin<\/em><\/td>\n<\/tr>\n<tr style=\"height: 24px;\">\n<td style=\"width: 26.6666%; height: 24px;\">&nbsp;<\/td>\n<td style=\"width: 55.739%; height: 24px;\">Anne Kn\u00fcsting-Hessing<\/td>\n<\/tr>\n<tr style=\"height: 24px;\">\n<td style=\"width: 26.6666%; height: 24px;\">&nbsp;<\/td>\n<td style=\"width: 55.739%; height: 24px;\">Martin Althoff<\/td>\n<\/tr>\n<tr style=\"height: 24px;\">\n<td style=\"width: 26.6666%; height: 24px;\">Berater<\/td>\n<td style=\"width: 55.739%; height: 24px;\">Arnold Kion<\/td>\n<\/tr>\n<tr style=\"height: 24px;\">\n<td style=\"width: 26.6666%; height: 24px;\">&nbsp;<\/td>\n<td style=\"width: 55.739%; height: 24px;\">Gerard Tiemessen<\/td>\n<\/tr>\n<tr style=\"height: 24px;\">\n<td style=\"width: 26.6666%; height: 24px;\">&nbsp;<\/td>\n<td style=\"width: 55.739%; height: 24px;\">Steffen Soboll<\/td>\n<\/tr>\n<tr>\n<td style=\"width: 26.6666%;\">&nbsp;<\/td>\n<td style=\"width: 55.739%;\">Berthold Ochtrup<\/td>\n<\/tr>\n<\/tbody>\n<\/table>\n<hr>\n<p><a href=\"\/de\/berkelkompanie\/satzungen-3-berkelkompanie\/\" target=\"_blank\" rel=\"noopener noreferrer\">Hier<\/a> sind die Satzungen von \u201aVerein 3. Berkelkompanie\u2018 zu finden.<br \/>\n<a href=\"\/de\/berkelkompanie\/hausordnung-freunde-der-3-berkelkompanie\/\" target=\"_blank\" rel=\"noopener\">Hier<\/a> ist die Hausordnung des alten Vereins Freunde der 3. Berkelkompanie.<br \/>\nUnd&nbsp;<a href=\"\/berkelcompagnie\/privacyverklaring-3e-berkelcompagnie\/\" target=\"_blank\" rel=\"noopener\">hier<\/a> ist die Datenschutzerkl\u00e4rung des Vereins zu finden (NL).<\/p>\n<hr>\n<p>Hierunter die Liste mit Berkelkompanie Seiten.<\/p>\n\n<!-- Page-list plugin v.5.9 wordpress.org\/plugins\/page-list\/ -->\n<!-- no pages to show -->\n","protected":false},"excerpt":{"rendered":"<p>In der Vergangenheit gab es 2 Berkelkompanien die verantwortlich waren f\u00fcr die Berkel. Seit 2002 gibt es eine 3. Berkelkompanie. Zuerst als separate Stiftung und Verein. Und seit Ende 2023 kombiniert als Verein. Die Aufgabe der 3. Berkelkompanie ist: das &hellip; <a href=\"https:\/\/deberkel.info\/de\/naar-een-nieuwe-vereniging-3e-berkelcompagnie\/\">Weiterlesen <span class=\"meta-nav\">&rarr;<\/span><\/a> <a href=\"https:\/\/deberkel.info\/de\/naar-een-nieuwe-vereniging-3e-berkelcompagnie\/\">Weiterlesen <span class=\"meta-nav\">&rarr;<\/span><\/a><\/p>\n","protected":false},"author":1,"featured_media":0,"parent":0,"menu_order":0,"comment_status":"closed","ping_status":"closed","template":"sidebar-page.php","meta":{"_exactmetrics_skip_tracking":false,"_exactmetrics_sitenote_active":false,"_exactmetrics_sitenote_note":"","_exactmetrics_sitenote_category":0,"ngg_post_thumbnail":0,"_locale":"de_DE","_original_post":"8697","footnotes":"","_links_to":"","_links_to_target":""},"class_list":["post-8738","page","type-page","status-publish","hentry","de-DE"],"yoast_head":"<!-- This site is optimized with the Yoast SEO plugin v27.3 - https:\/\/yoast.com\/product\/yoast-seo-wordpress\/ -->\n<title>3. Berkelkompanie - Berkel Info<\/title>\n<meta name=\"robots\" content=\"index, follow, max-snippet:-1, max-image-preview:large, max-video-preview:-1\" \/>\n<link rel=\"canonical\" href=\"https:\/\/deberkel.info\/de\/berkelkompanie\/\" \/>\n<meta property=\"og:locale\" content=\"de_DE\" \/>\n<meta property=\"og:type\" content=\"article\" \/>\n<meta property=\"og:title\" content=\"3. Berkelkompanie - Berkel Info\" \/>\n<meta property=\"og:description\" content=\"In der Vergangenheit gab es 2 Berkelkompanien die verantwortlich waren f\u00fcr die Berkel. Seit 2002 gibt es eine 3. Berkelkompanie. Zuerst als separate Stiftung und Verein. Und seit Ende 2023 kombiniert als Verein. Die Aufgabe der 3. Berkelkompanie ist: das &hellip; Weiterlesen &rarr; Weiterlesen &rarr;\" \/>\n<meta property=\"og:url\" content=\"https:\/\/deberkel.info\/de\/berkelkompanie\/\" \/>\n<meta property=\"og:site_name\" content=\"Berkel Info\" \/>\n<meta property=\"article:modified_time\" content=\"2026-03-31T18:46:54+00:00\" \/>\n<meta property=\"og:image\" content=\"https:\/\/deberkel.info\/wp-content\/uploads\/2018\/03\/Berkel.jpg\" \/>\n<meta name=\"twitter:card\" content=\"summary_large_image\" \/>\n<meta name=\"twitter:label1\" content=\"Gesch\u00e4tzte Lesezeit\" \/>\n\t<meta name=\"twitter:data1\" content=\"2\u00a0Minuten\" \/>\n<script type=\"application\/ld+json\" class=\"yoast-schema-graph\">{\"@context\":\"https:\\\/\\\/schema.org\",\"@graph\":[{\"@type\":\"WebPage\",\"@id\":\"https:\\\/\\\/deberkel.info\\\/de\\\/berkelkompanie\\\/\",\"url\":\"https:\\\/\\\/deberkel.info\\\/de\\\/berkelkompanie\\\/\",\"name\":\"3. Berkelkompanie - Berkel Info\",\"isPartOf\":{\"@id\":\"https:\\\/\\\/deberkel.info\\\/#website\"},\"primaryImageOfPage\":{\"@id\":\"https:\\\/\\\/deberkel.info\\\/de\\\/berkelkompanie\\\/#primaryimage\"},\"image\":{\"@id\":\"https:\\\/\\\/deberkel.info\\\/de\\\/berkelkompanie\\\/#primaryimage\"},\"thumbnailUrl\":\"https:\\\/\\\/deberkel.info\\\/wp-content\\\/uploads\\\/2018\\\/03\\\/Berkel.jpg\",\"datePublished\":\"2019-01-19T21:06:36+00:00\",\"dateModified\":\"2026-03-31T18:46:54+00:00\",\"breadcrumb\":{\"@id\":\"https:\\\/\\\/deberkel.info\\\/de\\\/berkelkompanie\\\/#breadcrumb\"},\"inLanguage\":\"de\",\"potentialAction\":[{\"@type\":\"ReadAction\",\"target\":[\"https:\\\/\\\/deberkel.info\\\/de\\\/berkelkompanie\\\/\"]}]},{\"@type\":\"ImageObject\",\"inLanguage\":\"de\",\"@id\":\"https:\\\/\\\/deberkel.info\\\/de\\\/berkelkompanie\\\/#primaryimage\",\"url\":\"https:\\\/\\\/deberkel.info\\\/wp-content\\\/uploads\\\/2018\\\/03\\\/Berkel.jpg\",\"contentUrl\":\"https:\\\/\\\/deberkel.info\\\/wp-content\\\/uploads\\\/2018\\\/03\\\/Berkel.jpg\"},{\"@type\":\"BreadcrumbList\",\"@id\":\"https:\\\/\\\/deberkel.info\\\/de\\\/berkelkompanie\\\/#breadcrumb\",\"itemListElement\":[{\"@type\":\"ListItem\",\"position\":1,\"name\":\"Home\",\"item\":\"https:\\\/\\\/deberkel.info\\\/de\\\/\"},{\"@type\":\"ListItem\",\"position\":2,\"name\":\"3. Berkelkompanie\"}]},{\"@type\":\"WebSite\",\"@id\":\"https:\\\/\\\/deberkel.info\\\/#website\",\"url\":\"https:\\\/\\\/deberkel.info\\\/\",\"name\":\"Berkel Info\",\"description\":\"Alles over de Berkel en het Berkeldal, van Billerbeck tot Zutphen\",\"potentialAction\":[{\"@type\":\"SearchAction\",\"target\":{\"@type\":\"EntryPoint\",\"urlTemplate\":\"https:\\\/\\\/deberkel.info\\\/?s={search_term_string}\"},\"query-input\":{\"@type\":\"PropertyValueSpecification\",\"valueRequired\":true,\"valueName\":\"search_term_string\"}}],\"inLanguage\":\"de\"}]}<\/script>\n<!-- \/ Yoast SEO plugin. -->","yoast_head_json":{"title":"3. Berkelkompanie - Berkel Info","robots":{"index":"index","follow":"follow","max-snippet":"max-snippet:-1","max-image-preview":"max-image-preview:large","max-video-preview":"max-video-preview:-1"},"canonical":"https:\/\/deberkel.info\/de\/berkelkompanie\/","og_locale":"de_DE","og_type":"article","og_title":"3. Berkelkompanie - Berkel Info","og_description":"In der Vergangenheit gab es 2 Berkelkompanien die verantwortlich waren f\u00fcr die Berkel. Seit 2002 gibt es eine 3. Berkelkompanie. Zuerst als separate Stiftung und Verein. Und seit Ende 2023 kombiniert als Verein. Die Aufgabe der 3. Berkelkompanie ist: das &hellip; Weiterlesen &rarr; Weiterlesen &rarr;","og_url":"https:\/\/deberkel.info\/de\/berkelkompanie\/","og_site_name":"Berkel Info","article_modified_time":"2026-03-31T18:46:54+00:00","og_image":[{"url":"https:\/\/deberkel.info\/wp-content\/uploads\/2018\/03\/Berkel.jpg","type":"","width":"","height":""}],"twitter_card":"summary_large_image","twitter_misc":{"Gesch\u00e4tzte Lesezeit":"2\u00a0Minuten"},"schema":{"@context":"https:\/\/schema.org","@graph":[{"@type":"WebPage","@id":"https:\/\/deberkel.info\/de\/berkelkompanie\/","url":"https:\/\/deberkel.info\/de\/berkelkompanie\/","name":"3. Berkelkompanie - Berkel Info","isPartOf":{"@id":"https:\/\/deberkel.info\/#website"},"primaryImageOfPage":{"@id":"https:\/\/deberkel.info\/de\/berkelkompanie\/#primaryimage"},"image":{"@id":"https:\/\/deberkel.info\/de\/berkelkompanie\/#primaryimage"},"thumbnailUrl":"https:\/\/deberkel.info\/wp-content\/uploads\/2018\/03\/Berkel.jpg","datePublished":"2019-01-19T21:06:36+00:00","dateModified":"2026-03-31T18:46:54+00:00","breadcrumb":{"@id":"https:\/\/deberkel.info\/de\/berkelkompanie\/#breadcrumb"},"inLanguage":"de","potentialAction":[{"@type":"ReadAction","target":["https:\/\/deberkel.info\/de\/berkelkompanie\/"]}]},{"@type":"ImageObject","inLanguage":"de","@id":"https:\/\/deberkel.info\/de\/berkelkompanie\/#primaryimage","url":"https:\/\/deberkel.info\/wp-content\/uploads\/2018\/03\/Berkel.jpg","contentUrl":"https:\/\/deberkel.info\/wp-content\/uploads\/2018\/03\/Berkel.jpg"},{"@type":"BreadcrumbList","@id":"https:\/\/deberkel.info\/de\/berkelkompanie\/#breadcrumb","itemListElement":[{"@type":"ListItem","position":1,"name":"Home","item":"https:\/\/deberkel.info\/de\/"},{"@type":"ListItem","position":2,"name":"3. Berkelkompanie"}]},{"@type":"WebSite","@id":"https:\/\/deberkel.info\/#website","url":"https:\/\/deberkel.info\/","name":"Berkel Info","description":"Alles over de Berkel en het Berkeldal, van Billerbeck tot Zutphen","potentialAction":[{"@type":"SearchAction","target":{"@type":"EntryPoint","urlTemplate":"https:\/\/deberkel.info\/?s={search_term_string}"},"query-input":{"@type":"PropertyValueSpecification","valueRequired":true,"valueName":"search_term_string"}}],"inLanguage":"de"}]}},"rttpg_featured_image_url":null,"rttpg_author":{"display_name":"berkelcompagnie","author_link":"https:\/\/deberkel.info\/author\/berkelcompagnie\/"},"rttpg_comment":0,"rttpg_category":"","rttpg_excerpt":"In der Vergangenheit gab es 2 Berkelkompanien die verantwortlich waren f\u00fcr die Berkel. Seit 2002 gibt es eine 3. Berkelkompanie. Zuerst als separate Stiftung und Verein. Und seit Ende 2023 kombiniert als Verein. Die Aufgabe der 3. Berkelkompanie ist: das &hellip; Weiterlesen &rarr; Weiterlesen &rarr;","_links":{"self":[{"href":"https:\/\/deberkel.info\/wp-json\/wp\/v2\/pages\/8738","targetHints":{"allow":["GET"]}}],"collection":[{"href":"https:\/\/deberkel.info\/wp-json\/wp\/v2\/pages"}],"about":[{"href":"https:\/\/deberkel.info\/wp-json\/wp\/v2\/types\/page"}],"author":[{"embeddable":true,"href":"https:\/\/deberkel.info\/wp-json\/wp\/v2\/users\/1"}],"replies":[{"embeddable":true,"href":"https:\/\/deberkel.info\/wp-json\/wp\/v2\/comments?post=8738"}],"version-history":[{"count":29,"href":"https:\/\/deberkel.info\/wp-json\/wp\/v2\/pages\/8738\/revisions"}],"predecessor-version":[{"id":20145,"href":"https:\/\/deberkel.info\/wp-json\/wp\/v2\/pages\/8738\/revisions\/20145"}],"wp:attachment":[{"href":"https:\/\/deberkel.info\/wp-json\/wp\/v2\/media?parent=8738"}],"curies":[{"name":"wp","href":"https:\/\/api.w.org\/{rel}","templated":true}]}}