{"id":898,"date":"2018-04-01T20:11:23","date_gmt":"2018-04-01T20:11:23","guid":{"rendered":"http:\/\/deberkel.info\/?page_id=898"},"modified":"2019-02-21T19:17:55","modified_gmt":"2019-02-21T19:17:55","slug":"berkelausstellung","status":"publish","type":"page","link":"https:\/\/deberkel.info\/de\/berkelkompanie\/berkelausstellung\/","title":{"rendered":"Berkelausstellung: Standorte"},"content":{"rendered":"<p>Die Berkelausstellug war 2 Jahre zu besichtigen an unterschiedlichen Standorten.<\/p>\n<ul>\n<li><a href=\"#Arnhem\">Arnhem<\/a><\/li>\n<li><a href=\"#Billerbeck\">Billerbeck<\/a><\/li>\n<li><a href=\"#Lochem\">Lochem<\/a><\/li>\n<li><a href=\"#Borculo (gemeentehuis)\">Borculo (gemeentehuis)<\/a><\/li>\n<li><a href=\"#Warnsveld\">Warnsveld<\/a><\/li>\n<li><a href=\"#Stadtlohn\">Stadtlohn<\/a><\/li>\n<li><a href=\"#Coesfeld\">Coesfeld<\/a><\/li>\n<li><a href=\"#Vreden\">Vreden<\/a><\/li>\n<li><a href=\"#Gescher\">Gescher<\/a><\/li>\n<li><a href=\"#Borculo (Joriskerk)\">Borculo (Joriskerk)<\/a><\/li>\n<li><a href=\"#Eibergen\">Eibergen<\/a><\/li>\n<li><a href=\"#Doetinchem (WRIJ)\">Doetinchem (WRIJ)<\/a><\/li>\n<\/ul>\n<h1 id=\"Arnhem\"><span class=\"marker\"><strong>BERKELAUSSTELLUNG IM WASSERMUSEUM IN ARNHEIM (NL)<\/strong><\/span><\/h1>\n<p>Vom 18.10.2013 bis Ende M\u00e4rz 2014 konnte man die Berkel erleben im Wassermuseum in Arnheim.<br \/>\n<img loading=\"lazy\" decoding=\"async\" class=\"alignnone wp-image-818 size-full\" src=\"\/wp-content\/uploads\/2018\/04\/berkelexpositie-2.jpg\" alt=\"\" width=\"540\" height=\"757\" srcset=\"https:\/\/deberkel.info\/wp-content\/uploads\/2018\/04\/berkelexpositie-2.jpg 540w, https:\/\/deberkel.info\/wp-content\/uploads\/2018\/04\/berkelexpositie-2-214x300.jpg 214w\" sizes=\"auto, (max-width: 540px) 100vw, 540px\" \/><\/p>\n<h2>Nach ein halbes Jahr im Wassermuseum ging die Berkelausstellung &#8222;Auf Reise&#8220; entlang der Berkel.<\/h2>\n<h2 id=\"Billerbeck\">Vom 30-03-2014 bis 17-04-2014 in Billerbeck<\/h2>\n<p>Im Bahnhofsgeb\u00e4ude &#8211; Am Bahnhof &#8211; war&nbsp;eine kleine Berkelausstellung eingericht, die sicher empfehlenswert war&nbsp;um&nbsp;anzuschauen.<\/p>\n<p>Die offizielle Er\u00f6ffnung hat stattgefunden am 30.03.2014 von Frau Feller (Vize Pr\u00e4sidenting der Bezirksregierung M\u00fcnster), Martin Althoff (IBP Billerbeck)&nbsp;und&nbsp;Marja Schulenberg-v.d. Werf (Vorsitzender Verein Freunde der 3. Berkelkompanie).<\/p>\n<h2 id=\"Lochem\">Vom 25-04-2014 bis 30-06-2014 &#8211;&nbsp;in Lochem<\/h2>\n<p>Im Rathaus am Hanzeweg&nbsp;8 in Lochem konnte die&nbsp;Berkelausstellung&nbsp;w\u00e4hrend der normalen \u00d6ffnungszeiten des Rathauses &nbsp;angeschaut werden, in wieder einen anderen Aufbau.&nbsp;<\/p>\n<p>iDe offizielle Er\u00f6ffnung hat stattgefunden am Freitag den 25.04.2014 um 15.00 uur durch B\u00fcrgermeister&nbsp;Van &#8218;t Erve van Lochem, Focko de Zee (Historisch Genootschap Lochem) und Wim ter Meulen (Vorstandsmitglied Verein Freunde der 3. Berkelcompagnie). Der Vorsitzende&nbsp;Marja Schulenberg-v.d. Werf war nicht da, weil Ihr eine Ehre geschenkt wurde.<\/p>\n<h2 id=\"Borculo (gemeentehuis)\">Vom 11-07-2014 bis 07-08-2014 in Borculo<\/h2>\n<p>Am Freitag den 11.07.2014 ist die Berkelausstellung im Rathaus der Gemeinde Berkelland, Marktstraat 1 in&nbsp;Borculo er\u00f6ffnet.&nbsp;<\/p>\n<p>B\u00fcrgermeister&nbsp;Joost van Oostrum von&nbsp;Berkelland und&nbsp;Marja Schulenberg-v.d. Werf, Vorstizende&nbsp;der Verein Freunde der&nbsp;3.&nbsp;Berkelkompagnie, haben gesprochen und die Er\u00f6ffnung versorgt. Die&nbsp;Historischer Verein&nbsp;Borculo zeigte dazu sch\u00f6ne Bilder der Geschichte von Borculo und die Berkel.&nbsp;<\/p>\n<p><img loading=\"lazy\" decoding=\"async\" class=\"alignnone size-medium wp-image-806\" src=\"\/wp-content\/uploads\/2018\/04\/017-200x300.jpg\" alt=\"\" width=\"200\" height=\"300\" srcset=\"https:\/\/deberkel.info\/wp-content\/uploads\/2018\/04\/017-200x300.jpg 200w, https:\/\/deberkel.info\/wp-content\/uploads\/2018\/04\/017.jpg 540w\" sizes=\"auto, (max-width: 200px) 100vw, 200px\" \/> <img loading=\"lazy\" decoding=\"async\" class=\"alignnone size-medium wp-image-807\" src=\"\/wp-content\/uploads\/2018\/04\/IMG_0972-300x200.jpg\" alt=\"\" width=\"300\" height=\"200\" srcset=\"https:\/\/deberkel.info\/wp-content\/uploads\/2018\/04\/IMG_0972-300x200.jpg 300w, https:\/\/deberkel.info\/wp-content\/uploads\/2018\/04\/IMG_0972-450x300.jpg 450w, https:\/\/deberkel.info\/wp-content\/uploads\/2018\/04\/IMG_0972.jpg 540w\" sizes=\"auto, (max-width: 300px) 100vw, 300px\" \/><\/p>\n<p>Versucht ist hier die Kunstprojekte an der Berkel zu verbinden.&nbsp;<\/p>\n<p>Und nat\u00fcrlich sind auch die ziviele Kunstwerke &#8211; wie Br\u00fccken, Wehren und Wasserm\u00fchlen &nbsp;-gezeigt.&nbsp;<\/p>\n<p>Also, die Berkelausstellung war unterschiedlich an jedem Ort und immer gut um anzuschauen.&nbsp;<\/p>\n<h2 id=\"Warnsveld\">Vom 11-08-2014 bis 10-09-2014 in Warnsveld<\/h2>\n<p>Die Berkelausstellung war&nbsp;ab 11.08.2014 bis 10.09.2014 zu bewundern im Kulturhus &#8218;t Warnshuus, an der&nbsp;Dreiumme 43 in Warnsveld.<\/p>\n<p>Die offizielle Er\u00f6ffnung hat stattgefunden am 12.08.2014 durch Beigeordneter Herrn Oege Bosch der Gemeinde Zutphen und Herrn Jan Nieuwburg, im Namen der Verein Freunde der 3e Berkelkompanie.<\/p>\n<p>Viele Leute haben die Ausstellung in Warnsveld erlebt und man hat meist positiv reagiert.&nbsp;<\/p>\n<h2 id=\"Stadtlohn\">Vom 15-09-2014 bis 22-10-2014 in Stadtlohn<\/h2>\n<p>Nachdem die Berkelausstellung an verschieden Niederl\u00e4ndische Stellen gewesen war, ist sie dann zum&nbsp;Rathaus in Stadt Stadtlohn gegangen. Die Ausstellung konnte angeschaut werden in Kombination mit dem 625 Jahres Stadtfest der Stadt Stadtlohn.&nbsp;<\/p>\n<p>Am&nbsp;10.09.2014 sind die Materiale aufgebaut worden im 1. Stock im Rathaus der Stadt Stadtlohn am Markt 3 in Stadtlohn.&nbsp;<\/p>\n<p>Am Samstag den&nbsp;20.09.2014 um 11.00 Uhr ist die Ausstellung offiziell er\u00f6ffnet am Markplatz vor dem Rathaus.&nbsp;Loco-Burgermeister Andreas Pieper der&nbsp;Stadt Stadtlohn und&nbsp;Herr Franz von \u00dc\u00fcm, Vorstandsmitglied der Verein Freunde der 3. Berkelkompanie haben kurz geredet&nbsp;und haben die Er\u00f6ffnung versorgt.&nbsp;<\/p>\n<p><img loading=\"lazy\" decoding=\"async\" class=\"alignnone wp-image-808 size-full\" src=\"\/wp-content\/uploads\/2018\/04\/DSC_0610.jpg\" alt=\"\" width=\"540\" height=\"358\" srcset=\"https:\/\/deberkel.info\/wp-content\/uploads\/2018\/04\/DSC_0610.jpg 540w, https:\/\/deberkel.info\/wp-content\/uploads\/2018\/04\/DSC_0610-300x199.jpg 300w, https:\/\/deberkel.info\/wp-content\/uploads\/2018\/04\/DSC_0610-453x300.jpg 453w\" sizes=\"auto, (max-width: 540px) 100vw, 540px\" \/> <img loading=\"lazy\" decoding=\"async\" class=\"alignnone wp-image-809 size-full\" src=\"\/wp-content\/uploads\/2018\/04\/DSC_0629.jpg\" alt=\"\" width=\"540\" height=\"358\" srcset=\"https:\/\/deberkel.info\/wp-content\/uploads\/2018\/04\/DSC_0629.jpg 540w, https:\/\/deberkel.info\/wp-content\/uploads\/2018\/04\/DSC_0629-300x199.jpg 300w, https:\/\/deberkel.info\/wp-content\/uploads\/2018\/04\/DSC_0629-453x300.jpg 453w\" sizes=\"auto, (max-width: 540px) 100vw, 540px\" \/><\/p>\n<h2 id=\"Coesfeld\">Vom 23-10-2014 bis 22 november&nbsp;2014 in Coesfeld<\/h2>\n<p>Nachdem die Berkelausstelling im Rathaus der Stadt Stadtlohn gestanden hatte, ist sie am 22.10.2014 transportiert zur Stadtb\u00fccherei, an der Walkenbr\u00fcckenstrasse 25 in Coesfeld.&nbsp;<\/p>\n<p>Die offizielle Er\u00f6ffnung der Berkelausstellung hat am Donnerstag den 23.10.2014 stattgefunden duch Herr B\u00fcrgermeister \u00d6hmann der Stadt Coesfeld,&nbsp;Frau&nbsp;Marja Schulenberg-v.d. Werf, Vorsitzende der Verein Freunde der 3.&nbsp;Berkelkompanie, und Thomas B\u00fccking der Bezirksregiering M\u00fcnster. Die Er\u00f6ffnung wurde musikalisch angekleidet von Erwin Medding mit seinem Akkordeon.<\/p>\n<p>Thomas B\u00fccking hat der Stadtb\u00fccherei&nbsp;hierzu dat Jugendbuch &#8218;Berkelboot Vermist&#8216; angeboten.<\/p>\n<p><img loading=\"lazy\" decoding=\"async\" class=\"alignnone wp-image-810 size-full\" src=\"\/wp-content\/uploads\/2018\/04\/CCF29102014_00002.jpg\" alt=\"\" width=\"540\" height=\"383\" srcset=\"https:\/\/deberkel.info\/wp-content\/uploads\/2018\/04\/CCF29102014_00002.jpg 540w, https:\/\/deberkel.info\/wp-content\/uploads\/2018\/04\/CCF29102014_00002-300x213.jpg 300w, https:\/\/deberkel.info\/wp-content\/uploads\/2018\/04\/CCF29102014_00002-423x300.jpg 423w\" sizes=\"auto, (max-width: 540px) 100vw, 540px\" \/><\/p>\n<h2 id=\"Vreden\">Vom 25-11-2014 bis Ende Januar 2015 in Vreden<\/h2>\n<p>Nachdem die Berkelausstellung in der Stadtb\u00fccherei von Coesfeld gestanden hatte, ist sie am&nbsp;24.11.2014 zum Rathaus der Stadt Vreden an der Burgstrasse 14 in Vreden transportiert.<\/p>\n<p>Die offizielle Er\u00f6ffnung hat statt gefunden am&nbsp;25.11.2014, durch B\u00fcrgermeister&nbsp;Christoph Holtwisch der&nbsp;Stadt Vreden und&nbsp;Marja Schulenberg-v.d. Werf, Vorsitzende der Verein Freunde der&nbsp;3.&nbsp;Berkelcompagnie.&nbsp;<\/p>\n<p>Speziell war, dass in Vreden die Nachfolgerin der grosse Badende aus Billerbeck an der Ausstellung hinzugef\u00fcgt worden ist.<\/p>\n<p><img loading=\"lazy\" decoding=\"async\" class=\"alignnone wp-image-811 size-full\" src=\"\/wp-content\/uploads\/2018\/04\/DSC08075.jpg\" alt=\"\" width=\"540\" height=\"720\" srcset=\"https:\/\/deberkel.info\/wp-content\/uploads\/2018\/04\/DSC08075.jpg 540w, https:\/\/deberkel.info\/wp-content\/uploads\/2018\/04\/DSC08075-225x300.jpg 225w\" sizes=\"auto, (max-width: 540px) 100vw, 540px\" \/><\/p>\n<h2 id=\"Gescher\">Vom 19-02-2015 bis 20-03-2015&nbsp;in Gescher<\/h2>\n<p>Am&nbsp;09.02.2015 ist das gr\u00f6sste Teil der Berkelausstellung \u00fcbergebracht worden von Vreden nach Gescher. In den Tagen nachher ist&nbsp;die Ausstellung im Rathaus der Glockenstadt Gescher&nbsp;noch erg\u00e4nzt.&nbsp;<\/p>\n<p>Die offizielle Er\u00f6ffnung hat stattgefunden&nbsp;am Mittwoch den 18.02.2015 um 16.30 Uhr durch Herr B\u00fcrgermeister H. Effkemann und Marja Schulenberg-v.d. Werf, Vorsitzende der Verein Freunde der 3. Berkelcompagnie.&nbsp;<\/p>\n<p>Neu in Gescher war eine neue kleine Badende&#8216;, mit ge\u00e4nderde Badekappe.<br \/>\n<img loading=\"lazy\" decoding=\"async\" class=\"alignnone size-medium wp-image-812\" src=\"\/wp-content\/uploads\/2018\/04\/DSC08119-241x300.jpg\" alt=\"\" width=\"241\" height=\"300\" srcset=\"https:\/\/deberkel.info\/wp-content\/uploads\/2018\/04\/DSC08119-241x300.jpg 241w, https:\/\/deberkel.info\/wp-content\/uploads\/2018\/04\/DSC08119.jpg 540w\" sizes=\"auto, (max-width: 241px) 100vw, 241px\" \/><\/p>\n<p>Ausserdem war die Ausstellung in Gescher erg\u00e4nzt mit eine kontinuierlich Pr\u00e4sentation von sch\u00f6ne Bilder von Richard Herden.<\/p>\n<p><img loading=\"lazy\" decoding=\"async\" class=\"alignnone wp-image-813 size-full\" src=\"\/wp-content\/uploads\/2018\/04\/DSC08126.jpg\" alt=\"\" width=\"540\" height=\"720\" srcset=\"https:\/\/deberkel.info\/wp-content\/uploads\/2018\/04\/DSC08126.jpg 540w, https:\/\/deberkel.info\/wp-content\/uploads\/2018\/04\/DSC08126-225x300.jpg 225w\" sizes=\"auto, (max-width: 540px) 100vw, 540px\" \/><\/p>\n<h2 id=\"Borculo (Joriskerk)\">Vom 26-03-2015 bis 18-04-2015&nbsp;in N.H. Joriskerk in Borculo<\/h2>\n<p><img loading=\"lazy\" decoding=\"async\" class=\"alignnone wp-image-815 size-full\" src=\"\/wp-content\/uploads\/2018\/04\/DSC08163.jpg\" alt=\"\" width=\"540\" height=\"405\" srcset=\"https:\/\/deberkel.info\/wp-content\/uploads\/2018\/04\/DSC08163.jpg 540w, https:\/\/deberkel.info\/wp-content\/uploads\/2018\/04\/DSC08163-300x225.jpg 300w, https:\/\/deberkel.info\/wp-content\/uploads\/2018\/04\/DSC08163-400x300.jpg 400w\" sizes=\"auto, (max-width: 540px) 100vw, 540px\" \/><\/p>\n<p>Wir sind froh dass die Berkelausstellung in Borculo in der Joriskirche stattfinden konnte, in Kombination mit der Ver\u00f6ffentlichung des Kunstwerkes der letzten Berkelschiffahrer.&nbsp;<\/p>\n<p>Die Ideen f\u00fcr solch einen Kunstwerk sind schon in der ehemaligen Gemeinde Borculo durch der leider verstorbenen Jan Ribbers geaussert, abert damals noch nicht realisiert, weil zuerst ein Kunstwerk f\u00fcr&nbsp;Vrede, Vrijheid en Veiligheid in Borculo realisiert ist, dass gerade bevor die Zusammenf\u00fcgung der Gemeinde Borculo mit Eibergen, Neede und Ruurlo in Gemeinde Berkelland ver\u00f6ffentlicht worden ist.&nbsp;<\/p>\n<p>Sch\u00f6n dass jezt das Kunstwerk der letzten Berkelschiffahrer anwesend ist!&nbsp;<\/p>\n<p><img loading=\"lazy\" decoding=\"async\" class=\"alignnone wp-image-816 size-full\" src=\"\/wp-content\/uploads\/2018\/04\/DSC08137.jpg\" alt=\"\" width=\"540\" height=\"405\" srcset=\"https:\/\/deberkel.info\/wp-content\/uploads\/2018\/04\/DSC08137.jpg 540w, https:\/\/deberkel.info\/wp-content\/uploads\/2018\/04\/DSC08137-300x225.jpg 300w, https:\/\/deberkel.info\/wp-content\/uploads\/2018\/04\/DSC08137-400x300.jpg 400w\" sizes=\"auto, (max-width: 540px) 100vw, 540px\" \/><\/p>\n<h2 id=\"Eibergen\">Vom 11-07-2015 bis 29-08-2015&nbsp;in Villa Smits in&nbsp;Eibergen<\/h2>\n<p>Wir sind stolz darauf dass wir in Zusammenarbeit mit der Stichting Marke Mallem die Berkelausstellung im ehemaligen Rathaus von Eibergen, der Villa Smits an der Grotestraat 50 in Eibergen, hinstellen konnten.&nbsp;&nbsp;<br \/>\n<img loading=\"lazy\" decoding=\"async\" class=\"alignnone wp-image-817 size-full\" src=\"\/wp-content\/uploads\/2018\/04\/IMG_1848.jpg\" alt=\"\" width=\"540\" height=\"564\" srcset=\"https:\/\/deberkel.info\/wp-content\/uploads\/2018\/04\/IMG_1848.jpg 540w, https:\/\/deberkel.info\/wp-content\/uploads\/2018\/04\/IMG_1848-287x300.jpg 287w\" sizes=\"auto, (max-width: 540px) 100vw, 540px\" \/><\/p>\n<p>Am 10.07.2015 ist die Berkelausstellung in Eibergen offiziel er\u00f6ffnet von Beigeordnete Frau&nbsp;Marijke van Haaren der Gemeinde Berkelland.<br \/>\n<img loading=\"lazy\" decoding=\"async\" class=\"alignnone wp-image-912 size-full\" src=\"\/wp-content\/uploads\/2018\/04\/flyer-berkelexpositie-Villa-Smits-2015-lr-1.jpg\" alt=\"\" width=\"540\" height=\"764\" srcset=\"https:\/\/deberkel.info\/wp-content\/uploads\/2018\/04\/flyer-berkelexpositie-Villa-Smits-2015-lr-1.jpg 540w, https:\/\/deberkel.info\/wp-content\/uploads\/2018\/04\/flyer-berkelexpositie-Villa-Smits-2015-lr-1-212x300.jpg 212w\" sizes=\"auto, (max-width: 540px) 100vw, 540px\" \/><\/p>\n<p>Die Berkelausstellung, mit Pr\u00e4sentationen der Aktivit\u00e4te der St. Marke Mallem und Midwinterhoornblazers Eibergen, war in der Villa Smits bis Ende August 2015.&nbsp;<br \/>\n<img loading=\"lazy\" decoding=\"async\" class=\"alignnone wp-image-819 size-full\" src=\"\/wp-content\/uploads\/2018\/04\/IMG_1857.jpg\" alt=\"\" width=\"540\" height=\"360\" srcset=\"https:\/\/deberkel.info\/wp-content\/uploads\/2018\/04\/IMG_1857.jpg 540w, https:\/\/deberkel.info\/wp-content\/uploads\/2018\/04\/IMG_1857-300x200.jpg 300w, https:\/\/deberkel.info\/wp-content\/uploads\/2018\/04\/IMG_1857-450x300.jpg 450w\" sizes=\"auto, (max-width: 540px) 100vw, 540px\" \/><\/p>\n<h2 id=\"Doetinchem (WRIJ)\"><strong>Vom 15-10-2015 bis 11-12-2015 beim &#8218;Waterschap Rijn en IJssel&#8216; in Doetinchem<\/strong><\/h2>\n<p>Zum Abschlus der &#8218;Tour&#8216; war die Berkelausstellung aufgebaut bei Wasserschaft Rijn und IJssel, Liemersweg 2 in Doetinchem.&nbsp;<\/p>\n<p>Die offizielle Er\u00f6ffnung hat stattgefunden am Montag den 19.10.2015 um 10 Uhr von&nbsp;&nbsp;Heemraad Antoinet van Helvoirt-Looman und Vorsitzende Marja Schulenberg-v.d. Werf der Verein Freunde der 3.&nbsp;Berkelcompagnie.<\/p>\n<p>Die Ausstellung war ab 15.10.2015 bis 11.12.2015 anzuschauen. Inzwischen sind alle Materiale zur\u00fcck zu den Eigner. Alle vielen Dank f\u00fcr Ihre Mitarbeit!<\/p>\n<p><img loading=\"lazy\" decoding=\"async\" class=\"alignnone wp-image-820 size-full\" src=\"\/wp-content\/uploads\/2018\/04\/IMG_2219.jpg\" alt=\"\" width=\"540\" height=\"360\" srcset=\"https:\/\/deberkel.info\/wp-content\/uploads\/2018\/04\/IMG_2219.jpg 540w, https:\/\/deberkel.info\/wp-content\/uploads\/2018\/04\/IMG_2219-300x200.jpg 300w, https:\/\/deberkel.info\/wp-content\/uploads\/2018\/04\/IMG_2219-450x300.jpg 450w\" sizes=\"auto, (max-width: 540px) 100vw, 540px\" \/><img loading=\"lazy\" decoding=\"async\" class=\"alignnone wp-image-821 size-full\" src=\"\/wp-content\/uploads\/2018\/04\/IMG_2232.jpg\" alt=\"\" width=\"540\" height=\"360\" srcset=\"https:\/\/deberkel.info\/wp-content\/uploads\/2018\/04\/IMG_2232.jpg 540w, https:\/\/deberkel.info\/wp-content\/uploads\/2018\/04\/IMG_2232-300x200.jpg 300w, https:\/\/deberkel.info\/wp-content\/uploads\/2018\/04\/IMG_2232-450x300.jpg 450w\" sizes=\"auto, (max-width: 540px) 100vw, 540px\" \/><\/p>\n<hr>\n<p>&nbsp;<\/p>\n","protected":false},"excerpt":{"rendered":"<p>Die Berkelausstellug war 2 Jahre zu besichtigen an unterschiedlichen Standorten. Arnhem Billerbeck Lochem Borculo (gemeentehuis) Warnsveld Stadtlohn Coesfeld Vreden Gescher Borculo (Joriskerk) Eibergen Doetinchem (WRIJ) BERKELAUSSTELLUNG IM WASSERMUSEUM IN ARNHEIM (NL) Vom 18.10.2013 bis Ende M\u00e4rz 2014 konnte man die &hellip; <a href=\"https:\/\/deberkel.info\/de\/berkelkompanie\/berkelausstellung\/\">Weiterlesen <span class=\"meta-nav\">&rarr;<\/span><\/a><\/p>\n","protected":false},"author":1,"featured_media":0,"parent":8738,"menu_order":0,"comment_status":"closed","ping_status":"closed","template":"sidebar-page.php","meta":{"_exactmetrics_skip_tracking":false,"_exactmetrics_sitenote_active":false,"_exactmetrics_sitenote_note":"","_exactmetrics_sitenote_category":0,"ngg_post_thumbnail":0,"_locale":"de_DE","_original_post":"14","footnotes":"","_links_to":"","_links_to_target":""},"class_list":["post-898","page","type-page","status-publish","hentry","de-DE"],"yoast_head":"<!-- This site is optimized with the Yoast SEO plugin v27.5 - https:\/\/yoast.com\/product\/yoast-seo-wordpress\/ -->\n<title>Berkelausstellung: Standorte - Berkel Info<\/title>\n<meta name=\"robots\" content=\"index, follow, max-snippet:-1, max-image-preview:large, max-video-preview:-1\" \/>\n<link rel=\"canonical\" href=\"https:\/\/deberkel.info\/de\/berkelkompanie\/berkelausstellung\/\" \/>\n<meta property=\"og:locale\" content=\"de_DE\" \/>\n<meta property=\"og:type\" content=\"article\" \/>\n<meta property=\"og:title\" content=\"Berkelausstellung: Standorte - Berkel Info\" \/>\n<meta property=\"og:description\" content=\"Die Berkelausstellug war 2 Jahre zu besichtigen an unterschiedlichen Standorten. Arnhem Billerbeck Lochem Borculo (gemeentehuis) Warnsveld Stadtlohn Coesfeld Vreden Gescher Borculo (Joriskerk) Eibergen Doetinchem (WRIJ) BERKELAUSSTELLUNG IM WASSERMUSEUM IN ARNHEIM (NL) Vom 18.10.2013 bis Ende M\u00e4rz 2014 konnte man die &hellip; Weiterlesen &rarr;\" \/>\n<meta property=\"og:url\" content=\"https:\/\/deberkel.info\/de\/berkelkompanie\/berkelausstellung\/\" \/>\n<meta property=\"og:site_name\" content=\"Berkel Info\" \/>\n<meta property=\"article:modified_time\" content=\"2019-02-21T19:17:55+00:00\" \/>\n<meta property=\"og:image\" content=\"https:\/\/deberkel.info\/wp-content\/uploads\/2018\/04\/berkelexpositie-2.jpg\" \/>\n<meta name=\"twitter:card\" content=\"summary_large_image\" \/>\n<meta name=\"twitter:label1\" content=\"Gesch\u00e4tzte Lesezeit\" \/>\n\t<meta name=\"twitter:data1\" content=\"5\u00a0Minuten\" \/>\n<script type=\"application\/ld+json\" class=\"yoast-schema-graph\">{\"@context\":\"https:\\\/\\\/schema.org\",\"@graph\":[{\"@type\":\"WebPage\",\"@id\":\"https:\\\/\\\/deberkel.info\\\/de\\\/berkelkompanie\\\/berkelausstellung\\\/\",\"url\":\"https:\\\/\\\/deberkel.info\\\/de\\\/berkelkompanie\\\/berkelausstellung\\\/\",\"name\":\"Berkelausstellung: Standorte - Berkel Info\",\"isPartOf\":{\"@id\":\"https:\\\/\\\/deberkel.info\\\/#website\"},\"datePublished\":\"2018-04-01T20:11:23+00:00\",\"dateModified\":\"2019-02-21T19:17:55+00:00\",\"breadcrumb\":{\"@id\":\"https:\\\/\\\/deberkel.info\\\/de\\\/berkelkompanie\\\/berkelausstellung\\\/#breadcrumb\"},\"inLanguage\":\"de\",\"potentialAction\":[{\"@type\":\"ReadAction\",\"target\":[\"https:\\\/\\\/deberkel.info\\\/de\\\/berkelkompanie\\\/berkelausstellung\\\/\"]}]},{\"@type\":\"BreadcrumbList\",\"@id\":\"https:\\\/\\\/deberkel.info\\\/de\\\/berkelkompanie\\\/berkelausstellung\\\/#breadcrumb\",\"itemListElement\":[{\"@type\":\"ListItem\",\"position\":1,\"name\":\"Home\",\"item\":\"https:\\\/\\\/deberkel.info\\\/de\\\/\"},{\"@type\":\"ListItem\",\"position\":2,\"name\":\"3. Berkelkompanie\",\"item\":\"https:\\\/\\\/deberkel.info\\\/de\\\/berkelkompanie\\\/\"},{\"@type\":\"ListItem\",\"position\":3,\"name\":\"Berkelausstellung: Standorte\"}]},{\"@type\":\"WebSite\",\"@id\":\"https:\\\/\\\/deberkel.info\\\/#website\",\"url\":\"https:\\\/\\\/deberkel.info\\\/\",\"name\":\"Berkel Info\",\"description\":\"Alles over de Berkel en het Berkeldal, van Billerbeck tot Zutphen\",\"potentialAction\":[{\"@type\":\"SearchAction\",\"target\":{\"@type\":\"EntryPoint\",\"urlTemplate\":\"https:\\\/\\\/deberkel.info\\\/?s={search_term_string}\"},\"query-input\":{\"@type\":\"PropertyValueSpecification\",\"valueRequired\":true,\"valueName\":\"search_term_string\"}}],\"inLanguage\":\"de\"}]}<\/script>\n<!-- \/ Yoast SEO plugin. -->","yoast_head_json":{"title":"Berkelausstellung: Standorte - Berkel Info","robots":{"index":"index","follow":"follow","max-snippet":"max-snippet:-1","max-image-preview":"max-image-preview:large","max-video-preview":"max-video-preview:-1"},"canonical":"https:\/\/deberkel.info\/de\/berkelkompanie\/berkelausstellung\/","og_locale":"de_DE","og_type":"article","og_title":"Berkelausstellung: Standorte - Berkel Info","og_description":"Die Berkelausstellug war 2 Jahre zu besichtigen an unterschiedlichen Standorten. Arnhem Billerbeck Lochem Borculo (gemeentehuis) Warnsveld Stadtlohn Coesfeld Vreden Gescher Borculo (Joriskerk) Eibergen Doetinchem (WRIJ) BERKELAUSSTELLUNG IM WASSERMUSEUM IN ARNHEIM (NL) Vom 18.10.2013 bis Ende M\u00e4rz 2014 konnte man die &hellip; Weiterlesen &rarr;","og_url":"https:\/\/deberkel.info\/de\/berkelkompanie\/berkelausstellung\/","og_site_name":"Berkel Info","article_modified_time":"2019-02-21T19:17:55+00:00","og_image":[{"url":"https:\/\/deberkel.info\/wp-content\/uploads\/2018\/04\/berkelexpositie-2.jpg","type":"","width":"","height":""}],"twitter_card":"summary_large_image","twitter_misc":{"Gesch\u00e4tzte Lesezeit":"5\u00a0Minuten"},"schema":{"@context":"https:\/\/schema.org","@graph":[{"@type":"WebPage","@id":"https:\/\/deberkel.info\/de\/berkelkompanie\/berkelausstellung\/","url":"https:\/\/deberkel.info\/de\/berkelkompanie\/berkelausstellung\/","name":"Berkelausstellung: Standorte - Berkel Info","isPartOf":{"@id":"https:\/\/deberkel.info\/#website"},"datePublished":"2018-04-01T20:11:23+00:00","dateModified":"2019-02-21T19:17:55+00:00","breadcrumb":{"@id":"https:\/\/deberkel.info\/de\/berkelkompanie\/berkelausstellung\/#breadcrumb"},"inLanguage":"de","potentialAction":[{"@type":"ReadAction","target":["https:\/\/deberkel.info\/de\/berkelkompanie\/berkelausstellung\/"]}]},{"@type":"BreadcrumbList","@id":"https:\/\/deberkel.info\/de\/berkelkompanie\/berkelausstellung\/#breadcrumb","itemListElement":[{"@type":"ListItem","position":1,"name":"Home","item":"https:\/\/deberkel.info\/de\/"},{"@type":"ListItem","position":2,"name":"3. Berkelkompanie","item":"https:\/\/deberkel.info\/de\/berkelkompanie\/"},{"@type":"ListItem","position":3,"name":"Berkelausstellung: Standorte"}]},{"@type":"WebSite","@id":"https:\/\/deberkel.info\/#website","url":"https:\/\/deberkel.info\/","name":"Berkel Info","description":"Alles over de Berkel en het Berkeldal, van Billerbeck tot Zutphen","potentialAction":[{"@type":"SearchAction","target":{"@type":"EntryPoint","urlTemplate":"https:\/\/deberkel.info\/?s={search_term_string}"},"query-input":{"@type":"PropertyValueSpecification","valueRequired":true,"valueName":"search_term_string"}}],"inLanguage":"de"}]}},"rttpg_featured_image_url":null,"rttpg_author":{"display_name":"berkelcompagnie","author_link":"https:\/\/deberkel.info\/author\/berkelcompagnie\/"},"rttpg_comment":0,"rttpg_category":null,"rttpg_excerpt":"Die Berkelausstellug war 2 Jahre zu besichtigen an unterschiedlichen Standorten. Arnhem Billerbeck Lochem Borculo (gemeentehuis) Warnsveld Stadtlohn Coesfeld Vreden Gescher Borculo (Joriskerk) Eibergen Doetinchem (WRIJ) BERKELAUSSTELLUNG IM WASSERMUSEUM IN ARNHEIM (NL) Vom 18.10.2013 bis Ende M\u00e4rz 2014 konnte man die &hellip; Weiterlesen &rarr;","_links":{"self":[{"href":"https:\/\/deberkel.info\/wp-json\/wp\/v2\/pages\/898","targetHints":{"allow":["GET"]}}],"collection":[{"href":"https:\/\/deberkel.info\/wp-json\/wp\/v2\/pages"}],"about":[{"href":"https:\/\/deberkel.info\/wp-json\/wp\/v2\/types\/page"}],"author":[{"embeddable":true,"href":"https:\/\/deberkel.info\/wp-json\/wp\/v2\/users\/1"}],"replies":[{"embeddable":true,"href":"https:\/\/deberkel.info\/wp-json\/wp\/v2\/comments?post=898"}],"version-history":[{"count":15,"href":"https:\/\/deberkel.info\/wp-json\/wp\/v2\/pages\/898\/revisions"}],"predecessor-version":[{"id":7647,"href":"https:\/\/deberkel.info\/wp-json\/wp\/v2\/pages\/898\/revisions\/7647"}],"up":[{"embeddable":true,"href":"https:\/\/deberkel.info\/wp-json\/wp\/v2\/pages\/8738"}],"wp:attachment":[{"href":"https:\/\/deberkel.info\/wp-json\/wp\/v2\/media?parent=898"}],"curies":[{"name":"wp","href":"https:\/\/api.w.org\/{rel}","templated":true}]}}