{"id":9255,"date":"2019-02-15T21:50:27","date_gmt":"2019-02-15T21:50:27","guid":{"rendered":"http:\/\/deberkel.info\/?page_id=9255"},"modified":"2024-04-10T13:50:22","modified_gmt":"2024-04-10T11:50:22","slug":"berkelfestival-2019","status":"publish","type":"page","link":"https:\/\/deberkel.info\/de\/berkelfestival-2019\/","title":{"rendered":"Berkelfestival 2019"},"content":{"rendered":"<p>Auch in 2019 ist wieder ein Berkelfestival organisiert: vom 23. bis zum 25. August.<br \/>\nEs handelt sich hierbei um Aktivit\u00e4ten mit einer Grenz\u00fcberschreitende Gemeinschaftserlebnis.<br \/>\nDieses Jahr war das Schwerpunkt in Gescher.<\/p>\n<p>Hierunter Information \u00fcber das Festival.<\/p>\n<style type='text\/css' media='all'>#rt-tpg-container-1456314130 .rt-holder .rt-woo-info .price{color:#000000;}body .rt-tpg-container .rt-tpg-isotope-buttons .selected,\n\t\t\t\t\t#rt-tpg-container-1456314130 .layout12 .rt-holder:hover .rt-detail,\n\t\t\t\t\t#rt-tpg-container-1456314130 .isotope8 .rt-holder:hover .rt-detail,\n\t\t\t\t\t#rt-tpg-container-1456314130 .carousel8 .rt-holder:hover .rt-detail,\n\t\t\t\t\t#rt-tpg-container-1456314130 .layout13 .rt-holder .overlay .post-info,\n\t\t\t\t\t#rt-tpg-container-1456314130 .isotope9 .rt-holder .overlay .post-info,\n\t\t\t\t\t#rt-tpg-container-1456314130.rt-tpg-container .layout4 .rt-holder .rt-detail,\n\t\t\t\t\t.rt-modal-1456314130 .md-content,\n\t\t\t\t\t.rt-modal-1456314130 .md-content > .rt-md-content-holder .rt-md-content,\n\t\t\t\t\t.rt-popup-wrap-1456314130.rt-popup-wrap .rt-popup-navigation-wrap,\n\t\t\t\t\t#rt-tpg-container-1456314130 .carousel9 .rt-holder .overlay .post-info{background-color:#000000;}#rt-tpg-container-1456314130 .layout5 .rt-holder .overlay, #rt-tpg-container-1456314130 .isotope2 .rt-holder .overlay, #rt-tpg-container-1456314130 .carousel2 .rt-holder .overlay,#rt-tpg-container-1456314130 .layout15 .rt-holder h3, #rt-tpg-container-1456314130 .isotope11 .rt-holder h3, #rt-tpg-container-1456314130 .carousel11 .rt-holder h3, #rt-tpg-container-1456314130 .layout16 .rt-holder h3,\n\t\t\t\t\t#rt-tpg-container-1456314130 .isotope12 .rt-holder h3, #rt-tpg-container-1456314130 .carousel12 .rt-holder h3 {background-color:rgba(0,0,0,0.8);}#rt-tpg-container-1456314130 .pagination-list li a,\n\t\t\t\t\trt-tpg-container-1456314130 .pagination-list li span,\n\t\t\t\t\trt-tpg-container-1456314130 .pagination li a,\n\t\t\t\t\t#rt-tpg-container-1456314130 .rt-tpg-isotope-buttons button,\n\t\t\t\t\t#rt-tpg-container-1456314130 .rt-tpg-utility .rt-tpg-load-more button,\n\t\t\t\t\t#rt-tpg-container-1456314130.rt-tpg-container .swiper-navigation .slider-btn,\n\t\t\t\t\t#rt-tpg-container-1456314130.rt-tpg-container .swiper-pagination-bullet,\n\t\t\t\t\t#rt-tpg-container-1456314130 .wc1 .rt-holder .rt-img-holder .overlay .product-more ul li a,\n\t\t\t\t\t#rt-tpg-container-1456314130 .wc2 .rt-detail .rt-wc-add-to-cart,\n\t\t\t\t\t#rt-tpg-container-1456314130 .wc3 .rt-detail .rt-wc-add-to-cart,\n\t\t\t\t\t#rt-tpg-container-1456314130 .wc4 .rt-detail .rt-wc-add-to-cart,\n\t\t\t\t\t#rt-tpg-container-1456314130 .wc-carousel2 .rt-detail .rt-wc-add-to-cart,\n\t\t\t\t\t#rt-tpg-container-1456314130 .wc-isotope2 .rt-detail .rt-wc-add-to-cart,\n\t\t\t\t\t#rt-tpg-container-1456314130 .rt-layout-filter-container .rt-filter-wrap .rt-filter-item-wrap.rt-filter-dropdown-wrap .rt-filter-dropdown,\n\t\t\t\t\t#rt-tpg-container-1456314130 .rt-layout-filter-container .rt-filter-sub-tax.sub-button-group .rt-filter-button-item,\n\t\t\t\t\t#rt-tpg-container-1456314130.rt-tpg-container .rt-pagination-wrap .rt-page-numbers .paginationjs .paginationjs-pages ul li>a,\n\t\t\t\t\t#rt-tpg-container-1456314130 .rt-filter-item-wrap.rt-filter-button-wrap span.rt-filter-button-item,\n\t\t\t\t\t#rt-tpg-container-1456314130.rt-tpg-container .rt-pagination-wrap  .rt-loadmore-btn,\n\t\t\t\t\t#rt-tpg-container-1456314130.rt-tpg-container .rt-pagination-wrap .rt-cb-page-prev-next > *,\n\t\t\t\t\t#rt-tpg-container-1456314130 .rt-read-more,\n\t\t\t\t\t#rt-tooltip-1456314130, #rt-tooltip-1456314130 .rt-tooltip-bottom:after{background-color:#000000;}#rt-tpg-container-1456314130 .rt-filter-item-wrap.rt-filter-button-wrap span.rt-filter-button-item,\n\t\t\t\t\t#rt-tpg-container-1456314130 .rt-layout-filter-container .rt-filter-sub-tax.sub-button-group .rt-filter-button-item{border-color:#000000;}#rt-tpg-container-1456314130.rt-tpg-container .layout17 .rt-holder .overlay a.tpg-zoom .fa{color:#000000;}#rt-tpg-container-1456314130 .rt-holder .read-more a {background-color:#000000;padding: 8px 15px;}#rt-tpg-container-1456314130 .pagination-list li a,\n\t\t\t\t\t#rt-tpg-container-1456314130 .pagination li a,\n\t\t\t\t\t#rt-tpg-container-1456314130 .rt-tpg-isotope-buttons button,\n\t\t\t\t\t#rt-tpg-container-1456314130 .rt-holder .read-more a,\n\t\t\t\t\t#rt-tpg-container-1456314130 .rt-tpg-utility .rt-tpg-load-more button,\n\t\t\t\t\t#rt-tpg-container-1456314130.rt-tpg-container .swiper-navigation .slider-btn,\n\t\t\t\t\t#rt-tpg-container-1456314130 .wc1 .rt-holder .rt-img-holder .overlay .product-more ul li a,\n\t\t\t\t\t#rt-tpg-container-1456314130 .edd1 .rt-holder .rt-img-holder .overlay .product-more ul li a,\n\t\t\t\t\t#rt-tpg-container-1456314130 .wc2 .rt-detail .rt-wc-add-to-cart,\n\t\t\t\t\t#rt-tpg-container-1456314130 .wc3 .rt-detail .rt-wc-add-to-cart,\n\t\t\t\t\t#rt-tpg-container-1456314130 .edd2 .rt-detail .rt-wc-add-to-cart,\n\t\t\t\t\t#rt-tpg-container-1456314130 .wc4 .rt-detail .rt-wc-add-to-cart,\n\t\t\t\t\t#rt-tpg-container-1456314130 .edd3 .rt-detail .rt-wc-add-to-cart,\n\t\t\t\t\t#rt-tpg-container-1456314130 .wc-carousel2 .rt-detail .rt-wc-add-to-cart,\n\t\t\t\t\t#rt-tpg-container-1456314130 .wc-isotope2 .rt-detail .rt-wc-add-to-cart,\n\t\t\t\t\t#rt-tpg-container-1456314130 .rt-tpg-utility .rt-tpg-load-more button,\n\t\t\t\t\t#rt-tooltip-1456314130,\n\t\t\t\t\t#rt-tpg-container-1456314130 .rt-filter-item-wrap.rt-filter-button-wrap span.rt-filter-button-item,\n\t\t\t\t\t#rt-tpg-container-1456314130 .rt-layout-filter-container .rt-filter-sub-tax.sub-button-group .rt-filter-button-item,\n\t\t\t\t\t#rt-tpg-container-1456314130 .rt-layout-filter-container .rt-filter-wrap .rt-filter-item-wrap.rt-sort-order-action,\n\t\t\t\t\t#rt-tpg-container-1456314130 .rt-layout-filter-container .rt-filter-wrap .rt-filter-item-wrap.rt-filter-dropdown-wrap .rt-filter-dropdown .rt-filter-dropdown-item,\n\t\t\t\t\t#rt-tpg-container-1456314130.rt-tpg-container .rt-pagination-wrap .rt-page-numbers .paginationjs .paginationjs-pages ul li>a,\n\t\t\t\t\t#rt-tpg-container-1456314130.rt-tpg-container .rt-pagination-wrap .rt-cb-page-prev-next > *,\n\t\t\t\t\t#rt-tpg-container-1456314130.rt-tpg-container .rt-pagination-wrap  .rt-loadmore-btn,\n\t\t\t\t\t#rt-tpg-container-1456314130 .rt-read-more,\n\t\t\t\t\t#rt-tooltip-1456314130 .rt-tooltip-bottom:after{color:#ffffff;}#rt-tpg-container-1456314130 .read-more a{border-radius:px;}#rt-tpg-container-1456314130 .rt-img-holder img.rt-img-responsive,#rt-tpg-container-1456314130 .rt-img-holder,\n\t\t\t\t\t#rt-tpg-container-1456314130 .rt-post-overlay .post-img,\n\t\t\t\t\t#rt-tpg-container-1456314130 .post-sm .post-img,\n\t\t\t\t\t#rt-tpg-container-1456314130 .rt-post-grid .post-img,\n\t\t\t\t\t#rt-tpg-container-1456314130 .post-img img {border-radius:px;}#rt-tpg-container-1456314130 .layout1 .rt-holder h2.entry-title,\n\t\t\t\t\t#rt-tpg-container-1456314130 .layout1 .rt-holder h3.entry-title,\n\t\t\t\t\t#rt-tpg-container-1456314130 .layout1 .rt-holder h4.entry-title,\n\t\t\t\t\t#rt-tpg-container-1456314130 .layout1 .rt-holder h2.entry-title a,\n\t\t\t\t\t#rt-tpg-container-1456314130 .layout1 .rt-holder h3.entry-title a,\n\t\t\t\t\t#rt-tpg-container-1456314130 .layout1 .rt-holder h4.entry-title a,\n\t\t\t\t\t#rt-tpg-container-1456314130 .rt-holder .rt-woo-info h2 a,\n\t\t\t\t\t#rt-tpg-container-1456314130 .rt-holder .rt-woo-info h3 a,\n\t\t\t\t\t#rt-tpg-container-1456314130 .rt-holder .rt-woo-info h4 a,\n\t\t\t\t\t#rt-tpg-container-1456314130 .post-content .post-title,\n\t\t\t\t\t#rt-tpg-container-1456314130 .rt-post-grid .post-title,\n\t\t\t\t\t#rt-tpg-container-1456314130 .rt-post-grid .post-title a,\n\t\t\t\t\t#rt-tpg-container-1456314130 .post-content .post-title a,\n\t\t\t\t\t#rt-tpg-container-1456314130 .rt-holder .rt-woo-info h2,\n\t\t\t\t\t#rt-tpg-container-1456314130 .rt-holder .rt-woo-info h3,\n\t\t\t\t\t#rt-tpg-container-1456314130 .rt-holder .rt-woo-info h4{color:#ffffff;}<\/style><div class='rt-container-fluid rt-tpg-container tpg-shortcode-main-wrapper ' id='rt-tpg-container-1456314130'   data-layout='layout1' data-grid-style='even' data-desktop-col='1'  data-tab-col='2'  data-mobile-col='1' data-sc-id='9242'><div data-title='Loading ...' class='rt-row rt-content-loader   layout1 tpg-even '><div class=\"rt-col-md-12 rt-col-sm-6 rt-col-xs-12 even-grid-item rt-grid-item\" data-id=\"11023\"><div class=\"rt-holder\"><div class=\"rt-img-holder\"><a data-id=\"11023\" class=\"\" href=\"https:\/\/deberkel.info\/de\/berkelfestival-nachstes-jahr-in-eibergen-bilder-2019-publiziert\/\"><img loading=\"lazy\" decoding=\"async\" width=\"800\" height=\"288\" src=\"https:\/\/deberkel.info\/wp-content\/uploads\/2019\/10\/Fotos2019Datum2020-800x377-800x288.jpg\" class=\"rt-img-responsive \" alt=\"\" \/><\/a><\/div><div class='rt-detail'><h2 class=\"entry-title\"><a data-id=\"11023\" class=\"\" href=\"https:\/\/deberkel.info\/de\/berkelfestival-nachstes-jahr-in-eibergen-bilder-2019-publiziert\/\">Berkelfestival n\u00e4chstes Jahr in Eibergen, Bilder 2019 publiziert<\/a><\/h2><div class='tpg-excerpt'>Berkelfestival 2020 bekannt gemacht und Bilder der 2019 Edition publiziert <a href=\"https:\/\/deberkel.info\/de\/berkelfestival-nachstes-jahr-in-eibergen-bilder-2019-publiziert\/\">Weiterlesen &rarr;<\/a>...<\/div><\/div><\/div><\/div><div class=\"rt-col-md-12 rt-col-sm-6 rt-col-xs-12 even-grid-item rt-grid-item\" data-id=\"10447\"><div class=\"rt-holder\"><div class=\"rt-img-holder\"><a data-id=\"10447\" class=\"\" href=\"https:\/\/deberkel.info\/de\/berkelland-nieuws-gescher-hat-geburtstag-und-ist-epizentrum-berkelfestival\/\"><img loading=\"lazy\" decoding=\"async\" width=\"800\" height=\"288\" src=\"https:\/\/deberkel.info\/wp-content\/uploads\/2019\/08\/20190806-BerkelfestivalAfbeelding-800x534-800x288.jpg\" class=\"rt-img-responsive \" alt=\"\" \/><\/a><\/div><div class='rt-detail'><h2 class=\"entry-title\"><a data-id=\"10447\" class=\"\" href=\"https:\/\/deberkel.info\/de\/berkelland-nieuws-gescher-hat-geburtstag-und-ist-epizentrum-berkelfestival\/\">Berkelland Nieuws: Gescher hat Geburtstag und ist Epizentrum Berkelfestival<\/a><\/h2><div class='tpg-excerpt'>Am 6. August berichtet Berkelland Nieuws \u00fcber das Berkelfestival das dieses Jahr sein Schwerpunkt hat in Gescher. <a href=\"https:\/\/deberkel.info\/de\/berkelland-nieuws-gescher-hat-geburtstag-und-ist-epizentrum-berkelfestival\/\">Weiterlesen &rarr;<\/a>...<\/div><\/div><\/div><\/div><div class=\"rt-col-md-12 rt-col-sm-6 rt-col-xs-12 even-grid-item rt-grid-item\" data-id=\"9658\"><div class=\"rt-holder\"><div class=\"rt-img-holder\"><a data-id=\"9658\" class=\"\" href=\"https:\/\/deberkel.info\/de\/19-3-2019-informatiebijeenkomst-berkelfestival-2019-lochem\/\"><img loading=\"lazy\" decoding=\"async\" width=\"828\" height=\"246\" src=\"https:\/\/deberkel.info\/wp-content\/uploads\/2019\/02\/logo_berkelfestival_2019-828x246.jpg\" class=\"rt-img-responsive \" alt=\"\" \/><\/a><\/div><div class='rt-detail'><h2 class=\"entry-title\"><a data-id=\"9658\" class=\"\" href=\"https:\/\/deberkel.info\/de\/19-3-2019-informatiebijeenkomst-berkelfestival-2019-lochem\/\">19-3-2019: Informatiebijeenkomst Berkelfestival 2019 Lochem<\/a><\/h2><div class='tpg-excerpt'>Op 19 maart 2019 is de 1e Berkelfestival infoavond in Lochem, gericht op het gebied aan de Nederlandse kant van de Berkel <a href=\"https:\/\/deberkel.info\/de\/19-3-2019-informatiebijeenkomst-berkelfestival-2019-lochem\/\">Weiterlesen &rarr;<\/a>...<\/div><\/div><\/div><\/div><div class=\"rt-col-md-12 rt-col-sm-6 rt-col-xs-12 even-grid-item rt-grid-item\" data-id=\"9618\"><div class=\"rt-holder\"><div class=\"rt-img-holder\"><a data-id=\"9618\" class=\"\" href=\"https:\/\/deberkel.info\/de\/22-02-2019-erfolgreiche-infoveranstaltung-zum-berkelfestival-2019\/\"><img loading=\"lazy\" decoding=\"async\" width=\"768\" height=\"288\" src=\"https:\/\/deberkel.info\/wp-content\/uploads\/2019\/02\/InfoveranstaltungBerkelfestival-4-768x384-768x288.jpg\" class=\"rt-img-responsive \" alt=\"\" \/><\/a><\/div><div class='rt-detail'><h2 class=\"entry-title\"><a data-id=\"9618\" class=\"\" href=\"https:\/\/deberkel.info\/de\/22-02-2019-erfolgreiche-infoveranstaltung-zum-berkelfestival-2019\/\">22.02.2019: Erfolgreiche Infoveranstaltung zum Berkelfestival 2019<\/a><\/h2><div class='tpg-excerpt'>Op woensdag 20 februari 2019 werd in Gescher de 1e bijeenkomst gehouden voor het Berkelfestival van dit jaar <a href=\"https:\/\/deberkel.info\/de\/22-02-2019-erfolgreiche-infoveranstaltung-zum-berkelfestival-2019\/\">Weiterlesen &rarr;<\/a>...<\/div><\/div><\/div><\/div><div class=\"rt-col-md-12 rt-col-sm-6 rt-col-xs-12 even-grid-item rt-grid-item\" data-id=\"9251\"><div class=\"rt-holder\"><div class=\"rt-img-holder\"><a data-id=\"9251\" class=\"\" href=\"https:\/\/deberkel.info\/de\/berkelfestival-2019-mitmacher-gesucht\/\"><img loading=\"lazy\" decoding=\"async\" width=\"828\" height=\"246\" src=\"https:\/\/deberkel.info\/wp-content\/uploads\/2019\/02\/logo_berkelfestival_2019-828x246.jpg\" class=\"rt-img-responsive \" alt=\"\" \/><\/a><\/div><div class='rt-detail'><h2 class=\"entry-title\"><a data-id=\"9251\" class=\"\" href=\"https:\/\/deberkel.info\/de\/berkelfestival-2019-mitmacher-gesucht\/\">20.2.2019: Berkelfestival 2019 \u2013 Mitmacher gesucht!<\/a><\/h2><div class='tpg-excerpt'>Am 20. Februar 2019 findet der 1. Berkelfestival Infoabend statt in Gescher, f\u00fcr das Gebiet an Deutsche Seite der Berkel <a href=\"https:\/\/deberkel.info\/de\/berkelfestival-2019-mitmacher-gesucht\/\">Weiterlesen &rarr;<\/a>...<\/div><\/div><\/div><\/div><div class=\"rt-col-md-12 rt-col-sm-6 rt-col-xs-12 even-grid-item rt-grid-item\" data-id=\"9720\"><div class=\"rt-holder\"><div class=\"rt-img-holder\"><a data-id=\"9720\" class=\"\" href=\"https:\/\/deberkel.info\/de\/treffen-zum-berkelfestival-deutsche-seite-in-gescher\/\"><img loading=\"lazy\" decoding=\"async\" width=\"1000\" height=\"288\" src=\"https:\/\/deberkel.info\/wp-content\/uploads\/2019\/03\/Brainstorming-Berkelfestival-25012019-Foto-2-1000x288.jpg\" class=\"rt-img-responsive \" alt=\"\" \/><\/a><\/div><div class='rt-detail'><h2 class=\"entry-title\"><a data-id=\"9720\" class=\"\" href=\"https:\/\/deberkel.info\/de\/treffen-zum-berkelfestival-deutsche-seite-in-gescher\/\">Treffen zum Berkelfestival Deutsche Seite in Gescher<\/a><\/h2><div class='tpg-excerpt'>Am 25. Januar trafen sich in Gescher auf Einladung von B\u00fcrgermeister Kerkhoff Vertreterinnen und Vertreter der f\u00fcnf deutschen Berkelst\u00e4dte Billerbeck, Coesfeld, Gescher, Stadtlohn und Vreden <a href=\"https:\/\/deberkel.info\/de\/treffen-zum-berkelfestival-deutsche-seite-in-gescher\/\">Weiterlesen &rarr;<\/a>...<\/div><\/div><\/div><\/div><\/div><\/div>\n","protected":false},"excerpt":{"rendered":"<p>Auch in 2019 ist wieder ein Berkelfestival organisiert: vom 23. bis zum 25. August. Es handelt sich hierbei um Aktivit\u00e4ten mit einer Grenz\u00fcberschreitende Gemeinschaftserlebnis. Dieses Jahr war das Schwerpunkt in Gescher. Hierunter Information \u00fcber das Festival. <a href=\"https:\/\/deberkel.info\/de\/treffen-zum-berkelfestival-deutsche-seite-in-gescher\/\">Weiterlesen <span class=\"meta-nav\">&rarr;<\/span><\/a><\/p>\n","protected":false},"author":1,"featured_media":0,"parent":0,"menu_order":0,"comment_status":"closed","ping_status":"closed","template":"","meta":{"_exactmetrics_skip_tracking":false,"_exactmetrics_sitenote_active":false,"_exactmetrics_sitenote_note":"","_exactmetrics_sitenote_category":0,"ngg_post_thumbnail":0,"_locale":"de_DE","_original_post":"9241","footnotes":"","_links_to":"","_links_to_target":""},"class_list":["post-9255","page","type-page","status-publish","hentry","de-DE"],"yoast_head":"<!-- This site is optimized with the Yoast SEO plugin v27.4 - https:\/\/yoast.com\/product\/yoast-seo-wordpress\/ -->\n<title>Berkelfestival 2019 - Berkel Info<\/title>\n<meta name=\"robots\" content=\"index, follow, max-snippet:-1, max-image-preview:large, max-video-preview:-1\" \/>\n<link rel=\"canonical\" href=\"https:\/\/deberkel.info\/de\/berkelfestival-2019\/\" \/>\n<meta property=\"og:locale\" content=\"de_DE\" \/>\n<meta property=\"og:type\" content=\"article\" \/>\n<meta property=\"og:title\" content=\"Berkelfestival 2019 - Berkel Info\" \/>\n<meta property=\"og:description\" content=\"Auch in 2019 ist wieder ein Berkelfestival organisiert: vom 23. bis zum 25. August. Es handelt sich hierbei um Aktivit\u00e4ten mit einer Grenz\u00fcberschreitende Gemeinschaftserlebnis. Dieses Jahr war das Schwerpunkt in Gescher. Hierunter Information \u00fcber das Festival. Weiterlesen &rarr;\" \/>\n<meta property=\"og:url\" content=\"https:\/\/deberkel.info\/de\/berkelfestival-2019\/\" \/>\n<meta property=\"og:site_name\" content=\"Berkel Info\" \/>\n<meta property=\"article:modified_time\" content=\"2024-04-10T11:50:22+00:00\" \/>\n<meta name=\"twitter:card\" content=\"summary_large_image\" \/>\n<meta name=\"twitter:label1\" content=\"Gesch\u00e4tzte Lesezeit\" \/>\n\t<meta name=\"twitter:data1\" content=\"1\u00a0Minute\" \/>\n<script type=\"application\/ld+json\" class=\"yoast-schema-graph\">{\"@context\":\"https:\\\/\\\/schema.org\",\"@graph\":[{\"@type\":\"WebPage\",\"@id\":\"https:\\\/\\\/deberkel.info\\\/de\\\/berkelfestival-2019\\\/\",\"url\":\"https:\\\/\\\/deberkel.info\\\/de\\\/berkelfestival-2019\\\/\",\"name\":\"Berkelfestival 2019 - Berkel Info\",\"isPartOf\":{\"@id\":\"https:\\\/\\\/deberkel.info\\\/#website\"},\"datePublished\":\"2019-02-15T21:50:27+00:00\",\"dateModified\":\"2024-04-10T11:50:22+00:00\",\"breadcrumb\":{\"@id\":\"https:\\\/\\\/deberkel.info\\\/de\\\/berkelfestival-2019\\\/#breadcrumb\"},\"inLanguage\":\"de\",\"potentialAction\":[{\"@type\":\"ReadAction\",\"target\":[\"https:\\\/\\\/deberkel.info\\\/de\\\/berkelfestival-2019\\\/\"]}]},{\"@type\":\"BreadcrumbList\",\"@id\":\"https:\\\/\\\/deberkel.info\\\/de\\\/berkelfestival-2019\\\/#breadcrumb\",\"itemListElement\":[{\"@type\":\"ListItem\",\"position\":1,\"name\":\"Home\",\"item\":\"https:\\\/\\\/deberkel.info\\\/de\\\/\"},{\"@type\":\"ListItem\",\"position\":2,\"name\":\"Berkelfestival 2019\"}]},{\"@type\":\"WebSite\",\"@id\":\"https:\\\/\\\/deberkel.info\\\/#website\",\"url\":\"https:\\\/\\\/deberkel.info\\\/\",\"name\":\"Berkel Info\",\"description\":\"Alles over de Berkel en het Berkeldal, van Billerbeck tot Zutphen\",\"potentialAction\":[{\"@type\":\"SearchAction\",\"target\":{\"@type\":\"EntryPoint\",\"urlTemplate\":\"https:\\\/\\\/deberkel.info\\\/?s={search_term_string}\"},\"query-input\":{\"@type\":\"PropertyValueSpecification\",\"valueRequired\":true,\"valueName\":\"search_term_string\"}}],\"inLanguage\":\"de\"}]}<\/script>\n<!-- \/ Yoast SEO plugin. -->","yoast_head_json":{"title":"Berkelfestival 2019 - Berkel Info","robots":{"index":"index","follow":"follow","max-snippet":"max-snippet:-1","max-image-preview":"max-image-preview:large","max-video-preview":"max-video-preview:-1"},"canonical":"https:\/\/deberkel.info\/de\/berkelfestival-2019\/","og_locale":"de_DE","og_type":"article","og_title":"Berkelfestival 2019 - Berkel Info","og_description":"Auch in 2019 ist wieder ein Berkelfestival organisiert: vom 23. bis zum 25. August. Es handelt sich hierbei um Aktivit\u00e4ten mit einer Grenz\u00fcberschreitende Gemeinschaftserlebnis. Dieses Jahr war das Schwerpunkt in Gescher. Hierunter Information \u00fcber das Festival. Weiterlesen &rarr;","og_url":"https:\/\/deberkel.info\/de\/berkelfestival-2019\/","og_site_name":"Berkel Info","article_modified_time":"2024-04-10T11:50:22+00:00","twitter_card":"summary_large_image","twitter_misc":{"Gesch\u00e4tzte Lesezeit":"1\u00a0Minute"},"schema":{"@context":"https:\/\/schema.org","@graph":[{"@type":"WebPage","@id":"https:\/\/deberkel.info\/de\/berkelfestival-2019\/","url":"https:\/\/deberkel.info\/de\/berkelfestival-2019\/","name":"Berkelfestival 2019 - Berkel Info","isPartOf":{"@id":"https:\/\/deberkel.info\/#website"},"datePublished":"2019-02-15T21:50:27+00:00","dateModified":"2024-04-10T11:50:22+00:00","breadcrumb":{"@id":"https:\/\/deberkel.info\/de\/berkelfestival-2019\/#breadcrumb"},"inLanguage":"de","potentialAction":[{"@type":"ReadAction","target":["https:\/\/deberkel.info\/de\/berkelfestival-2019\/"]}]},{"@type":"BreadcrumbList","@id":"https:\/\/deberkel.info\/de\/berkelfestival-2019\/#breadcrumb","itemListElement":[{"@type":"ListItem","position":1,"name":"Home","item":"https:\/\/deberkel.info\/de\/"},{"@type":"ListItem","position":2,"name":"Berkelfestival 2019"}]},{"@type":"WebSite","@id":"https:\/\/deberkel.info\/#website","url":"https:\/\/deberkel.info\/","name":"Berkel Info","description":"Alles over de Berkel en het Berkeldal, van Billerbeck tot Zutphen","potentialAction":[{"@type":"SearchAction","target":{"@type":"EntryPoint","urlTemplate":"https:\/\/deberkel.info\/?s={search_term_string}"},"query-input":{"@type":"PropertyValueSpecification","valueRequired":true,"valueName":"search_term_string"}}],"inLanguage":"de"}]}},"rttpg_featured_image_url":null,"rttpg_author":{"display_name":"berkelcompagnie","author_link":"https:\/\/deberkel.info\/author\/berkelcompagnie\/"},"rttpg_comment":0,"rttpg_category":"","rttpg_excerpt":"Auch in 2019 ist wieder ein Berkelfestival organisiert: vom 23. bis zum 25. August. Es handelt sich hierbei um Aktivit\u00e4ten mit einer Grenz\u00fcberschreitende Gemeinschaftserlebnis. Dieses Jahr war das Schwerpunkt in Gescher. Hierunter Information \u00fcber das Festival. Weiterlesen &rarr;","_links":{"self":[{"href":"https:\/\/deberkel.info\/wp-json\/wp\/v2\/pages\/9255","targetHints":{"allow":["GET"]}}],"collection":[{"href":"https:\/\/deberkel.info\/wp-json\/wp\/v2\/pages"}],"about":[{"href":"https:\/\/deberkel.info\/wp-json\/wp\/v2\/types\/page"}],"author":[{"embeddable":true,"href":"https:\/\/deberkel.info\/wp-json\/wp\/v2\/users\/1"}],"replies":[{"embeddable":true,"href":"https:\/\/deberkel.info\/wp-json\/wp\/v2\/comments?post=9255"}],"version-history":[{"count":4,"href":"https:\/\/deberkel.info\/wp-json\/wp\/v2\/pages\/9255\/revisions"}],"predecessor-version":[{"id":18148,"href":"https:\/\/deberkel.info\/wp-json\/wp\/v2\/pages\/9255\/revisions\/18148"}],"wp:attachment":[{"href":"https:\/\/deberkel.info\/wp-json\/wp\/v2\/media?parent=9255"}],"curies":[{"name":"wp","href":"https:\/\/api.w.org\/{rel}","templated":true}]}}