{"id":931,"date":"2018-04-01T21:22:20","date_gmt":"2018-04-01T21:22:20","guid":{"rendered":"http:\/\/deberkel.info\/?page_id=931"},"modified":"2022-01-24T15:08:22","modified_gmt":"2022-01-24T14:08:22","slug":"ueber-die-berkel","status":"publish","type":"page","link":"https:\/\/deberkel.info\/de\/ueber-die-berkel\/","title":{"rendered":"\u00dcber die Berkel"},"content":{"rendered":"<p>Die Berkel ist ein Flu\u00df mit Quelle bei Billerbeck in der Baumberge, einer Kamm im West M\u00fcnsterland, und nach etwa 115 km m\u00fcndet in der IJssel bei Zutphen.<\/p>\n<p>Die Berkel ist als Flu\u00df ganz wichtig gewesen f\u00fcr die Geschichte in vor allem Borculo und Eibergen. Der Herr von Borculo hatte weinigstens zwei Wasserm\u00fchle an der Berkel, ein Wasserm\u00fchle stand und steht in Borculo und auch im Bauernort Olden Eibergen gab es einen Wasserm\u00fchle. der Wasserm\u00fchle in Eibergen ist noch da. Danebe hat der Herr van Mallem einen Wasserm\u00fchle in Mallem, der heutige Wasserm\u00fchle bei Eibergen.<\/p>\n<p>Der Herr von Mallem hat sich jedoch auch das Wasserrecht geeignet.<\/p>\n<p>Der&nbsp;Berkellauf:<\/p>\n<p><img loading=\"lazy\" decoding=\"async\" class=\"alignnone wp-image-51 size-full\" src=\"\/wp-content\/uploads\/2018\/03\/Berkel.jpg\" alt=\"\" width=\"634\" height=\"438\" srcset=\"https:\/\/deberkel.info\/wp-content\/uploads\/2018\/03\/Berkel.jpg 634w, https:\/\/deberkel.info\/wp-content\/uploads\/2018\/03\/Berkel-300x207.jpg 300w\" sizes=\"auto, (max-width: 634px) 100vw, 634px\" \/><\/p>\n<p>Sch\u00f6ne Bilder entlang die ganze Berkel <a href=\"\/de\/bilderreise-von-billerbeck-bis-zutphen\/\">hier<\/a>.<\/p>\n<p>Viel Berkel Information auch auf <a href=\"https:\/\/www.natuurlijkachterhoek.org\/de-gemeenten\/berkelland\/berkelland-de-berkel\/\" target=\"_blank\" rel=\"noopener\">natuurlijkachterhoek.org<\/a> \u00fand auf <a href=\"https:\/\/dnavandeberkel.wordpress.com\/\" target=\"_blank\" rel=\"noopener\">DNA van de Berkel<\/a>.<\/p>\n<p>Die Berkel war ein Flu\u00df mit Extremen. Es war manchmal ganz schwierig die Berkel befahrbar zu machen und dass ist dann bevor \u00b1 1600 auch nicht gelungen. Die Gr\u00fcndung der 1. und 2. Berkelkompanie hat wirtschaftlich nicht ganz viel erreicht, aber hat schon Einfluss gehabt f\u00fcr die Romantik der Berkelschiffahrt. Diese Romantik ist zum Teil zerst\u00f6rt wegen der 3. Berkelverbesserung im Jahre &#8217;60 und &#8217;70 des vorigen Jahrhunderts, in welcher Zeit die Berkel an vielen Stellen kanalisiert worden ist.<\/p>\n<p><img loading=\"lazy\" decoding=\"async\" class=\"wp-image-140 size-full\" src=\"\/wp-content\/uploads\/2018\/03\/Berkel_009.jpg\" alt=\"\" width=\"560\" height=\"420\" srcset=\"https:\/\/deberkel.info\/wp-content\/uploads\/2018\/03\/Berkel_009.jpg 560w, https:\/\/deberkel.info\/wp-content\/uploads\/2018\/03\/Berkel_009-300x225.jpg 300w, https:\/\/deberkel.info\/wp-content\/uploads\/2018\/03\/Berkel_009-400x300.jpg 400w\" sizes=\"auto, (max-width: 560px) 100vw, 560px\" \/><\/p>\n<p>Im Berkeltal gibt es viele Bauernh\u00f6fe mit dem Element &#8222;Bach&#8220;. In Olden Eibergen gibt es ein Baurenhof, genannt &#8222;Beezebekke&#8220;&nbsp;und in Haarlo war damals ein Bauernhof Overbekkink, In Rekken gab es vor lange Zeite den Bauernhof Meerbekke.&nbsp;Die Berkel ist nur selten genannt worden bei Grundst\u00fccke. Der Name &#8222;Berkeles&#8220; an einem Teil der Geesterense Es (gar nicht&nbsp; an der Berkel situiert), ist eine grosse Ausnahme.<\/p>\n<p>Erst im 20. Jahrhundert wurde man inspiriert von der Berkel f\u00fcr Projekte, sowie bei der ehemaligen Elektrizit\u00e4tsorganisation De Berkelstreek (in Borculo), Wohnort Berkellanden en Strasse Berkel Esch (das histsorisch nicht gut ist) in Eibergen, Overberkel f\u00fcr ein Industriegebiet in Borculo, Berkel Palace f\u00fcr ein Hotel\/Restaurant bei der Hambroekplas in Borculo, Berkelstad (Borculo), Berkelstadradio (\u00f6rtliches&nbsp;Radiostation&nbsp;Borculo), Berkelland FM (\u00f6rtliches Radiostation Berkelland). H\u00f6hepunkt ist sicher der Name der neue Gemeinde Berkelland, die entstanden is in 2005 nach dem die Gemeinde Borculo, Eibergen, Neede&nbsp;und Ruurlo zusammengef\u00fcgt worden sind. Ruurlo liegt zum gr\u00f6ssten Teil jedoch nicht im Stromgebiedt der Berkel und hat auch keine historische Verbindungen mit diesem Fluss.&nbsp;<\/p>\n<hr>\n","protected":false},"excerpt":{"rendered":"<p>Die Berkel ist ein Flu\u00df mit Quelle bei Billerbeck in der Baumberge, einer Kamm im West M\u00fcnsterland, und nach etwa 115 km m\u00fcndet in der IJssel bei Zutphen. Die Berkel ist als Flu\u00df ganz wichtig gewesen f\u00fcr die Geschichte in &hellip; <a href=\"https:\/\/deberkel.info\/de\/ueber-die-berkel\/\">Weiterlesen <span class=\"meta-nav\">&rarr;<\/span><\/a><\/p>\n","protected":false},"author":1,"featured_media":0,"parent":0,"menu_order":0,"comment_status":"closed","ping_status":"closed","template":"sidebar-page.php","meta":{"_exactmetrics_skip_tracking":false,"_exactmetrics_sitenote_active":false,"_exactmetrics_sitenote_note":"","_exactmetrics_sitenote_category":0,"ngg_post_thumbnail":0,"_locale":"de_DE","_original_post":"17","footnotes":"","_links_to":"","_links_to_target":""},"class_list":["post-931","page","type-page","status-publish","hentry","de-DE"],"yoast_head":"<!-- This site is optimized with the Yoast SEO plugin v27.4 - https:\/\/yoast.com\/product\/yoast-seo-wordpress\/ -->\n<title>\u00dcber die Berkel - Berkel Info<\/title>\n<meta name=\"robots\" content=\"index, follow, max-snippet:-1, max-image-preview:large, max-video-preview:-1\" \/>\n<link rel=\"canonical\" href=\"https:\/\/deberkel.info\/de\/ueber-die-berkel\/\" \/>\n<meta property=\"og:locale\" content=\"de_DE\" \/>\n<meta property=\"og:type\" content=\"article\" \/>\n<meta property=\"og:title\" content=\"\u00dcber die Berkel - Berkel Info\" \/>\n<meta property=\"og:description\" content=\"Die Berkel ist ein Flu\u00df mit Quelle bei Billerbeck in der Baumberge, einer Kamm im West M\u00fcnsterland, und nach etwa 115 km m\u00fcndet in der IJssel bei Zutphen. Die Berkel ist als Flu\u00df ganz wichtig gewesen f\u00fcr die Geschichte in &hellip; Weiterlesen &rarr;\" \/>\n<meta property=\"og:url\" content=\"https:\/\/deberkel.info\/de\/ueber-die-berkel\/\" \/>\n<meta property=\"og:site_name\" content=\"Berkel Info\" \/>\n<meta property=\"article:modified_time\" content=\"2022-01-24T14:08:22+00:00\" \/>\n<meta property=\"og:image\" content=\"https:\/\/deberkel.info\/wp-content\/uploads\/2018\/03\/Berkel.jpg\" \/>\n<meta name=\"twitter:card\" content=\"summary_large_image\" \/>\n<meta name=\"twitter:label1\" content=\"Gesch\u00e4tzte Lesezeit\" \/>\n\t<meta name=\"twitter:data1\" content=\"3\u00a0Minuten\" \/>\n<script type=\"application\/ld+json\" class=\"yoast-schema-graph\">{\"@context\":\"https:\\\/\\\/schema.org\",\"@graph\":[{\"@type\":\"WebPage\",\"@id\":\"https:\\\/\\\/deberkel.info\\\/de\\\/ueber-die-berkel\\\/\",\"url\":\"https:\\\/\\\/deberkel.info\\\/de\\\/ueber-die-berkel\\\/\",\"name\":\"\u00dcber die Berkel - Berkel Info\",\"isPartOf\":{\"@id\":\"https:\\\/\\\/deberkel.info\\\/#website\"},\"datePublished\":\"2018-04-01T21:22:20+00:00\",\"dateModified\":\"2022-01-24T14:08:22+00:00\",\"breadcrumb\":{\"@id\":\"https:\\\/\\\/deberkel.info\\\/de\\\/ueber-die-berkel\\\/#breadcrumb\"},\"inLanguage\":\"de\",\"potentialAction\":[{\"@type\":\"ReadAction\",\"target\":[\"https:\\\/\\\/deberkel.info\\\/de\\\/ueber-die-berkel\\\/\"]}]},{\"@type\":\"BreadcrumbList\",\"@id\":\"https:\\\/\\\/deberkel.info\\\/de\\\/ueber-die-berkel\\\/#breadcrumb\",\"itemListElement\":[{\"@type\":\"ListItem\",\"position\":1,\"name\":\"Home\",\"item\":\"https:\\\/\\\/deberkel.info\\\/de\\\/\"},{\"@type\":\"ListItem\",\"position\":2,\"name\":\"\u00dcber die Berkel\"}]},{\"@type\":\"WebSite\",\"@id\":\"https:\\\/\\\/deberkel.info\\\/#website\",\"url\":\"https:\\\/\\\/deberkel.info\\\/\",\"name\":\"Berkel Info\",\"description\":\"Alles over de Berkel en het Berkeldal, van Billerbeck tot Zutphen\",\"potentialAction\":[{\"@type\":\"SearchAction\",\"target\":{\"@type\":\"EntryPoint\",\"urlTemplate\":\"https:\\\/\\\/deberkel.info\\\/?s={search_term_string}\"},\"query-input\":{\"@type\":\"PropertyValueSpecification\",\"valueRequired\":true,\"valueName\":\"search_term_string\"}}],\"inLanguage\":\"de\"}]}<\/script>\n<!-- \/ Yoast SEO plugin. -->","yoast_head_json":{"title":"\u00dcber die Berkel - Berkel Info","robots":{"index":"index","follow":"follow","max-snippet":"max-snippet:-1","max-image-preview":"max-image-preview:large","max-video-preview":"max-video-preview:-1"},"canonical":"https:\/\/deberkel.info\/de\/ueber-die-berkel\/","og_locale":"de_DE","og_type":"article","og_title":"\u00dcber die Berkel - Berkel Info","og_description":"Die Berkel ist ein Flu\u00df mit Quelle bei Billerbeck in der Baumberge, einer Kamm im West M\u00fcnsterland, und nach etwa 115 km m\u00fcndet in der IJssel bei Zutphen. Die Berkel ist als Flu\u00df ganz wichtig gewesen f\u00fcr die Geschichte in &hellip; Weiterlesen &rarr;","og_url":"https:\/\/deberkel.info\/de\/ueber-die-berkel\/","og_site_name":"Berkel Info","article_modified_time":"2022-01-24T14:08:22+00:00","og_image":[{"url":"https:\/\/deberkel.info\/wp-content\/uploads\/2018\/03\/Berkel.jpg","type":"","width":"","height":""}],"twitter_card":"summary_large_image","twitter_misc":{"Gesch\u00e4tzte Lesezeit":"3\u00a0Minuten"},"schema":{"@context":"https:\/\/schema.org","@graph":[{"@type":"WebPage","@id":"https:\/\/deberkel.info\/de\/ueber-die-berkel\/","url":"https:\/\/deberkel.info\/de\/ueber-die-berkel\/","name":"\u00dcber die Berkel - Berkel Info","isPartOf":{"@id":"https:\/\/deberkel.info\/#website"},"datePublished":"2018-04-01T21:22:20+00:00","dateModified":"2022-01-24T14:08:22+00:00","breadcrumb":{"@id":"https:\/\/deberkel.info\/de\/ueber-die-berkel\/#breadcrumb"},"inLanguage":"de","potentialAction":[{"@type":"ReadAction","target":["https:\/\/deberkel.info\/de\/ueber-die-berkel\/"]}]},{"@type":"BreadcrumbList","@id":"https:\/\/deberkel.info\/de\/ueber-die-berkel\/#breadcrumb","itemListElement":[{"@type":"ListItem","position":1,"name":"Home","item":"https:\/\/deberkel.info\/de\/"},{"@type":"ListItem","position":2,"name":"\u00dcber die Berkel"}]},{"@type":"WebSite","@id":"https:\/\/deberkel.info\/#website","url":"https:\/\/deberkel.info\/","name":"Berkel Info","description":"Alles over de Berkel en het Berkeldal, van Billerbeck tot Zutphen","potentialAction":[{"@type":"SearchAction","target":{"@type":"EntryPoint","urlTemplate":"https:\/\/deberkel.info\/?s={search_term_string}"},"query-input":{"@type":"PropertyValueSpecification","valueRequired":true,"valueName":"search_term_string"}}],"inLanguage":"de"}]}},"rttpg_featured_image_url":null,"rttpg_author":{"display_name":"berkelcompagnie","author_link":"https:\/\/deberkel.info\/author\/berkelcompagnie\/"},"rttpg_comment":0,"rttpg_category":null,"rttpg_excerpt":"Die Berkel ist ein Flu\u00df mit Quelle bei Billerbeck in der Baumberge, einer Kamm im West M\u00fcnsterland, und nach etwa 115 km m\u00fcndet in der IJssel bei Zutphen. Die Berkel ist als Flu\u00df ganz wichtig gewesen f\u00fcr die Geschichte in &hellip; Weiterlesen &rarr;","_links":{"self":[{"href":"https:\/\/deberkel.info\/wp-json\/wp\/v2\/pages\/931","targetHints":{"allow":["GET"]}}],"collection":[{"href":"https:\/\/deberkel.info\/wp-json\/wp\/v2\/pages"}],"about":[{"href":"https:\/\/deberkel.info\/wp-json\/wp\/v2\/types\/page"}],"author":[{"embeddable":true,"href":"https:\/\/deberkel.info\/wp-json\/wp\/v2\/users\/1"}],"replies":[{"embeddable":true,"href":"https:\/\/deberkel.info\/wp-json\/wp\/v2\/comments?post=931"}],"version-history":[{"count":11,"href":"https:\/\/deberkel.info\/wp-json\/wp\/v2\/pages\/931\/revisions"}],"predecessor-version":[{"id":15214,"href":"https:\/\/deberkel.info\/wp-json\/wp\/v2\/pages\/931\/revisions\/15214"}],"wp:attachment":[{"href":"https:\/\/deberkel.info\/wp-json\/wp\/v2\/media?parent=931"}],"curies":[{"name":"wp","href":"https:\/\/api.w.org\/{rel}","templated":true}]}}