{"id":9991,"date":"2019-04-12T20:42:45","date_gmt":"2019-04-12T20:42:45","guid":{"rendered":"http:\/\/deberkel.info\/?page_id=9991"},"modified":"2019-04-13T14:45:30","modified_gmt":"2019-04-13T14:45:30","slug":"radfahren-durch-das-land-der-berkel-routefuhrer-von-anoda","status":"publish","type":"page","link":"https:\/\/deberkel.info\/de\/radfahren-durch-das-land-der-berkel-routefuhrer-von-anoda\/","title":{"rendered":"Radfahren durch das Land der Berkel: Routef\u00fchrer von Anoda"},"content":{"rendered":"<p><a href=\"\/fietsen-door-het-land-van-de-berkel-routegids-van-anoda\/\"><img loading=\"lazy\" decoding=\"async\" class=\"alignnone wp-image-10002 size-medium\" src=\"\/wp-content\/uploads\/2019\/04\/FietsenDoorHetLandVanDeBerkelCover-376x601-188x300.jpg\" alt=\"\" width=\"188\" height=\"300\" srcset=\"https:\/\/deberkel.info\/wp-content\/uploads\/2019\/04\/FietsenDoorHetLandVanDeBerkelCover-376x601-188x300.jpg 188w, https:\/\/deberkel.info\/wp-content\/uploads\/2019\/04\/FietsenDoorHetLandVanDeBerkelCover-376x601.jpg 376w\" sizes=\"auto, (max-width: 188px) 100vw, 188px\" \/><\/a><\/p>\n<p><a href=\"https:\/\/www.anodapublishing.nl\/\" target=\"_blank\" rel=\"noopener noreferrer\">Anoda Publishing<\/a> hat ein ausf\u00fchrlicher Routen-F\u00fchrer ver\u00f6ffentlicht mit Fahrrad Routen durch das ganze Berkeltal von Billerbeck bis Zutphen.<br \/>\nDer F\u00fchrer kann man <a href=\"https:\/\/www.anoda.nl\/winkel\/fietsen-door-het-land-van-de-berkel\/\" target=\"_blank\" rel=\"noopener noreferrer\">hier<\/a> online bestellen auf der Webseite von Anoda.<br \/>\nBei Bestellung sind f\u00fcr alle 10 Routen gratis GPX-Dateien verf\u00fcgbar f\u00fcr GPS-Navigation.<br \/>\nDie GPX-Dateien k\u00f6nnen <a href=\"https:\/\/www.anoda.nl\/winkel\/gpx-fietsen-door-het-land-van-de-berkel\/\" target=\"_blank\" rel=\"noopener noreferrer\">hier<\/a> auch einzeln bestellt werden.<\/p>\n<p>Es gibt 1 Hauptroute von 135 km von <a href=\"#Billerbeck-Zutphen\">Billerbeck nach Zutphen<\/a> und daneben gibt es 9 Teil-Rundfahrten von <a href=\"#Billerbeck\">Billerbeck<\/a>, <a href=\"#Coesfeld\">Coesfeld<\/a>, <a href=\"#Gescher\">Gescher<\/a>, <a href=\"#Stadtlohn\">Stadtlohn<\/a>, <a href=\"#Vreden\">Vreden<\/a>, <a href=\"#Rekken\">Rekken<\/a>, <a href=\"#Borculo\">Borculo<\/a>, <a href=\"#Lochem\">Lochem<\/a> und <a href=\"#Almen\">Almen<\/a> aus (die Linke leiten zur jeweilige Karte hierunter).<br \/>\nhierunter Karten von allen 10 Routen.<\/p>\n<h3 id=\"Billerbeck-Zutphen\">1. Billerbeck &#8211; Zutphen<\/h3>\n\t\t<div id=\"maps-marker-pro-1008bc94\" class=\"maps-marker-pro\" style=\"width: 100%;\">\n\t\t\t<div id=\"mmp-map-wrap-1008bc94\" class=\"mmp-map-wrap\">\n\t\t\t\t\t\t\t\t<div id=\"mmp-map-1008bc94\" class=\"mmp-map\" style=\"height: 480px;\"><\/div>\n\t\t\t\t\t\t\t<\/div>\n\t\t\t\t\t<\/div>\n\t\t\n<p>&nbsp;<\/p>\n<h3 id=\"Billerbeck\">2. Vanuit Billerbeck<\/h3>\n\t\t<div id=\"maps-marker-pro-9a573165\" class=\"maps-marker-pro\" style=\"width: 100%;\">\n\t\t\t<div id=\"mmp-map-wrap-9a573165\" class=\"mmp-map-wrap\">\n\t\t\t\t\t\t\t\t<div id=\"mmp-map-9a573165\" class=\"mmp-map\" style=\"height: 480px;\"><\/div>\n\t\t\t\t\t\t\t<\/div>\n\t\t\t\t\t<\/div>\n\t\t\n<p>&nbsp;<\/p>\n<h3 id=\"Coesfeld\">3. Vanuit Coesfeld<\/h3>\n\t\t<div id=\"maps-marker-pro-443ab220\" class=\"maps-marker-pro\" style=\"width: 100%;\">\n\t\t\t<div id=\"mmp-map-wrap-443ab220\" class=\"mmp-map-wrap\">\n\t\t\t\t\t\t\t\t<div id=\"mmp-map-443ab220\" class=\"mmp-map\" style=\"height: 480px;\"><\/div>\n\t\t\t\t\t\t\t<\/div>\n\t\t\t\t\t<\/div>\n\t\t\n<p>&nbsp;<\/p>\n<h3 id=\"Gescher\">4. Vanuit Gescher<\/h3>\n\t\t<div id=\"maps-marker-pro-2aa134dc\" class=\"maps-marker-pro\" style=\"width: 100%;\">\n\t\t\t<div id=\"mmp-map-wrap-2aa134dc\" class=\"mmp-map-wrap\">\n\t\t\t\t\t\t\t\t<div id=\"mmp-map-2aa134dc\" class=\"mmp-map\" style=\"height: 480px;\"><\/div>\n\t\t\t\t\t\t\t<\/div>\n\t\t\t\t\t<\/div>\n\t\t\n<p>&nbsp;<\/p>\n<h3 id=\"Stadtlohn\">5. Vanuit Stadtlohn<\/h3>\n\t\t<div id=\"maps-marker-pro-0a94ccd8\" class=\"maps-marker-pro\" style=\"width: 100%;\">\n\t\t\t<div id=\"mmp-map-wrap-0a94ccd8\" class=\"mmp-map-wrap\">\n\t\t\t\t\t\t\t\t<div id=\"mmp-map-0a94ccd8\" class=\"mmp-map\" style=\"height: 480px;\"><\/div>\n\t\t\t\t\t\t\t<\/div>\n\t\t\t\t\t<\/div>\n\t\t\n<p>&nbsp;<\/p>\n<h3 id=\"Vreden\">6. Vanuit Vreden<\/h3>\n\t\t<div id=\"maps-marker-pro-464f5ed5\" class=\"maps-marker-pro\" style=\"width: 100%;\">\n\t\t\t<div id=\"mmp-map-wrap-464f5ed5\" class=\"mmp-map-wrap\">\n\t\t\t\t\t\t\t\t<div id=\"mmp-map-464f5ed5\" class=\"mmp-map\" style=\"height: 480px;\"><\/div>\n\t\t\t\t\t\t\t<\/div>\n\t\t\t\t\t<\/div>\n\t\t\n<p>&nbsp;<\/p>\n<h3 id=\"Rekken\">7. Vanuit Rekken<\/h3>\n\t\t<div id=\"maps-marker-pro-623bd611\" class=\"maps-marker-pro\" style=\"width: 100%;\">\n\t\t\t<div id=\"mmp-map-wrap-623bd611\" class=\"mmp-map-wrap\">\n\t\t\t\t\t\t\t\t<div id=\"mmp-map-623bd611\" class=\"mmp-map\" style=\"height: 480px;\"><\/div>\n\t\t\t\t\t\t\t<\/div>\n\t\t\t\t\t<\/div>\n\t\t\n<p>&nbsp;<\/p>\n<h3 id=\"Borculo\">8. Vanuit Borculo<\/h3>\n\t\t<div id=\"maps-marker-pro-e1dfbdc5\" class=\"maps-marker-pro\" style=\"width: 100%;\">\n\t\t\t<div id=\"mmp-map-wrap-e1dfbdc5\" class=\"mmp-map-wrap\">\n\t\t\t\t\t\t\t\t<div id=\"mmp-map-e1dfbdc5\" class=\"mmp-map\" style=\"height: 480px;\"><\/div>\n\t\t\t\t\t\t\t<\/div>\n\t\t\t\t\t<\/div>\n\t\t\n<p>&nbsp;<\/p>\n<h3 id=\"Lochem\">9. Vanuit Lochem<\/h3>\n\t\t<div id=\"maps-marker-pro-7bf16050\" class=\"maps-marker-pro\" style=\"width: 100%;\">\n\t\t\t<div id=\"mmp-map-wrap-7bf16050\" class=\"mmp-map-wrap\">\n\t\t\t\t\t\t\t\t<div id=\"mmp-map-7bf16050\" class=\"mmp-map\" style=\"height: 480px;\"><\/div>\n\t\t\t\t\t\t\t<\/div>\n\t\t\t\t\t<\/div>\n\t\t\n<p>&nbsp;<\/p>\n<h3 id=\"Almen\">10. Vanuit Almen<\/h3>\n\t\t<div id=\"maps-marker-pro-be585c35\" class=\"maps-marker-pro\" style=\"width: 100%;\">\n\t\t\t<div id=\"mmp-map-wrap-be585c35\" class=\"mmp-map-wrap\">\n\t\t\t\t\t\t\t\t<div id=\"mmp-map-be585c35\" class=\"mmp-map\" style=\"height: 480px;\"><\/div>\n\t\t\t\t\t\t\t<\/div>\n\t\t\t\t\t<\/div>\n\t\t\n","protected":false},"excerpt":{"rendered":"<p>Anoda Publishing hat ein ausf\u00fchrlicher Routen-F\u00fchrer ver\u00f6ffentlicht mit Fahrrad Routen durch das ganze Berkeltal von Billerbeck bis Zutphen. Der F\u00fchrer kann man hier online bestellen auf der Webseite von Anoda. Bei Bestellung sind f\u00fcr alle 10 Routen gratis GPX-Dateien verf\u00fcgbar &hellip; <a href=\"https:\/\/deberkel.info\/de\/radfahren-durch-das-land-der-berkel-routefuhrer-von-anoda\/\">Weiterlesen <span class=\"meta-nav\">&rarr;<\/span><\/a><\/p>\n","protected":false},"author":1,"featured_media":0,"parent":0,"menu_order":0,"comment_status":"closed","ping_status":"closed","template":"","meta":{"_exactmetrics_skip_tracking":false,"_exactmetrics_sitenote_active":false,"_exactmetrics_sitenote_note":"","_exactmetrics_sitenote_category":0,"ngg_post_thumbnail":0,"_locale":"de_DE","_original_post":"9985","footnotes":"","_links_to":"","_links_to_target":""},"class_list":["post-9991","page","type-page","status-publish","hentry","de-DE"],"yoast_head":"<!-- This site is optimized with the Yoast SEO plugin v27.4 - https:\/\/yoast.com\/product\/yoast-seo-wordpress\/ -->\n<title>Radfahren durch das Land der Berkel: Routef\u00fchrer von Anoda - Berkel Info<\/title>\n<meta name=\"robots\" content=\"index, follow, max-snippet:-1, max-image-preview:large, max-video-preview:-1\" \/>\n<link rel=\"canonical\" href=\"https:\/\/deberkel.info\/de\/radfahren-durch-das-land-der-berkel-routefuhrer-von-anoda\/\" \/>\n<meta property=\"og:locale\" content=\"de_DE\" \/>\n<meta property=\"og:type\" content=\"article\" \/>\n<meta property=\"og:title\" content=\"Radfahren durch das Land der Berkel: Routef\u00fchrer von Anoda - Berkel Info\" \/>\n<meta property=\"og:description\" content=\"Anoda Publishing hat ein ausf\u00fchrlicher Routen-F\u00fchrer ver\u00f6ffentlicht mit Fahrrad Routen durch das ganze Berkeltal von Billerbeck bis Zutphen. Der F\u00fchrer kann man hier online bestellen auf der Webseite von Anoda. Bei Bestellung sind f\u00fcr alle 10 Routen gratis GPX-Dateien verf\u00fcgbar &hellip; Weiterlesen &rarr;\" \/>\n<meta property=\"og:url\" content=\"https:\/\/deberkel.info\/de\/radfahren-durch-das-land-der-berkel-routefuhrer-von-anoda\/\" \/>\n<meta property=\"og:site_name\" content=\"Berkel Info\" \/>\n<meta property=\"article:modified_time\" content=\"2019-04-13T14:45:30+00:00\" \/>\n<meta property=\"og:image\" content=\"https:\/\/deberkel.info\/wp-content\/uploads\/2019\/04\/FietsenDoorHetLandVanDeBerkelCover-376x601-188x300.jpg\" \/>\n<meta name=\"twitter:card\" content=\"summary_large_image\" \/>\n<meta name=\"twitter:label1\" content=\"Gesch\u00e4tzte Lesezeit\" \/>\n\t<meta name=\"twitter:data1\" content=\"1\u00a0Minute\" \/>\n<script type=\"application\/ld+json\" class=\"yoast-schema-graph\">{\"@context\":\"https:\\\/\\\/schema.org\",\"@graph\":[{\"@type\":\"WebPage\",\"@id\":\"https:\\\/\\\/deberkel.info\\\/de\\\/radfahren-durch-das-land-der-berkel-routefuhrer-von-anoda\\\/\",\"url\":\"https:\\\/\\\/deberkel.info\\\/de\\\/radfahren-durch-das-land-der-berkel-routefuhrer-von-anoda\\\/\",\"name\":\"Radfahren durch das Land der Berkel: Routef\u00fchrer von Anoda - Berkel Info\",\"isPartOf\":{\"@id\":\"https:\\\/\\\/deberkel.info\\\/#website\"},\"datePublished\":\"2019-04-12T20:42:45+00:00\",\"dateModified\":\"2019-04-13T14:45:30+00:00\",\"breadcrumb\":{\"@id\":\"https:\\\/\\\/deberkel.info\\\/de\\\/radfahren-durch-das-land-der-berkel-routefuhrer-von-anoda\\\/#breadcrumb\"},\"inLanguage\":\"de\",\"potentialAction\":[{\"@type\":\"ReadAction\",\"target\":[\"https:\\\/\\\/deberkel.info\\\/de\\\/radfahren-durch-das-land-der-berkel-routefuhrer-von-anoda\\\/\"]}]},{\"@type\":\"BreadcrumbList\",\"@id\":\"https:\\\/\\\/deberkel.info\\\/de\\\/radfahren-durch-das-land-der-berkel-routefuhrer-von-anoda\\\/#breadcrumb\",\"itemListElement\":[{\"@type\":\"ListItem\",\"position\":1,\"name\":\"Home\",\"item\":\"https:\\\/\\\/deberkel.info\\\/de\\\/\"},{\"@type\":\"ListItem\",\"position\":2,\"name\":\"Radfahren durch das Land der Berkel: Routef\u00fchrer von Anoda\"}]},{\"@type\":\"WebSite\",\"@id\":\"https:\\\/\\\/deberkel.info\\\/#website\",\"url\":\"https:\\\/\\\/deberkel.info\\\/\",\"name\":\"Berkel Info\",\"description\":\"Alles over de Berkel en het Berkeldal, van Billerbeck tot Zutphen\",\"potentialAction\":[{\"@type\":\"SearchAction\",\"target\":{\"@type\":\"EntryPoint\",\"urlTemplate\":\"https:\\\/\\\/deberkel.info\\\/?s={search_term_string}\"},\"query-input\":{\"@type\":\"PropertyValueSpecification\",\"valueRequired\":true,\"valueName\":\"search_term_string\"}}],\"inLanguage\":\"de\"}]}<\/script>\n<!-- \/ Yoast SEO plugin. -->","yoast_head_json":{"title":"Radfahren durch das Land der Berkel: Routef\u00fchrer von Anoda - Berkel Info","robots":{"index":"index","follow":"follow","max-snippet":"max-snippet:-1","max-image-preview":"max-image-preview:large","max-video-preview":"max-video-preview:-1"},"canonical":"https:\/\/deberkel.info\/de\/radfahren-durch-das-land-der-berkel-routefuhrer-von-anoda\/","og_locale":"de_DE","og_type":"article","og_title":"Radfahren durch das Land der Berkel: Routef\u00fchrer von Anoda - Berkel Info","og_description":"Anoda Publishing hat ein ausf\u00fchrlicher Routen-F\u00fchrer ver\u00f6ffentlicht mit Fahrrad Routen durch das ganze Berkeltal von Billerbeck bis Zutphen. Der F\u00fchrer kann man hier online bestellen auf der Webseite von Anoda. Bei Bestellung sind f\u00fcr alle 10 Routen gratis GPX-Dateien verf\u00fcgbar &hellip; Weiterlesen &rarr;","og_url":"https:\/\/deberkel.info\/de\/radfahren-durch-das-land-der-berkel-routefuhrer-von-anoda\/","og_site_name":"Berkel Info","article_modified_time":"2019-04-13T14:45:30+00:00","og_image":[{"url":"https:\/\/deberkel.info\/wp-content\/uploads\/2019\/04\/FietsenDoorHetLandVanDeBerkelCover-376x601-188x300.jpg","type":"","width":"","height":""}],"twitter_card":"summary_large_image","twitter_misc":{"Gesch\u00e4tzte Lesezeit":"1\u00a0Minute"},"schema":{"@context":"https:\/\/schema.org","@graph":[{"@type":"WebPage","@id":"https:\/\/deberkel.info\/de\/radfahren-durch-das-land-der-berkel-routefuhrer-von-anoda\/","url":"https:\/\/deberkel.info\/de\/radfahren-durch-das-land-der-berkel-routefuhrer-von-anoda\/","name":"Radfahren durch das Land der Berkel: Routef\u00fchrer von Anoda - Berkel Info","isPartOf":{"@id":"https:\/\/deberkel.info\/#website"},"datePublished":"2019-04-12T20:42:45+00:00","dateModified":"2019-04-13T14:45:30+00:00","breadcrumb":{"@id":"https:\/\/deberkel.info\/de\/radfahren-durch-das-land-der-berkel-routefuhrer-von-anoda\/#breadcrumb"},"inLanguage":"de","potentialAction":[{"@type":"ReadAction","target":["https:\/\/deberkel.info\/de\/radfahren-durch-das-land-der-berkel-routefuhrer-von-anoda\/"]}]},{"@type":"BreadcrumbList","@id":"https:\/\/deberkel.info\/de\/radfahren-durch-das-land-der-berkel-routefuhrer-von-anoda\/#breadcrumb","itemListElement":[{"@type":"ListItem","position":1,"name":"Home","item":"https:\/\/deberkel.info\/de\/"},{"@type":"ListItem","position":2,"name":"Radfahren durch das Land der Berkel: Routef\u00fchrer von Anoda"}]},{"@type":"WebSite","@id":"https:\/\/deberkel.info\/#website","url":"https:\/\/deberkel.info\/","name":"Berkel Info","description":"Alles over de Berkel en het Berkeldal, van Billerbeck tot Zutphen","potentialAction":[{"@type":"SearchAction","target":{"@type":"EntryPoint","urlTemplate":"https:\/\/deberkel.info\/?s={search_term_string}"},"query-input":{"@type":"PropertyValueSpecification","valueRequired":true,"valueName":"search_term_string"}}],"inLanguage":"de"}]}},"rttpg_featured_image_url":null,"rttpg_author":{"display_name":"berkelcompagnie","author_link":"https:\/\/deberkel.info\/author\/berkelcompagnie\/"},"rttpg_comment":0,"rttpg_category":null,"rttpg_excerpt":"Anoda Publishing hat ein ausf\u00fchrlicher Routen-F\u00fchrer ver\u00f6ffentlicht mit Fahrrad Routen durch das ganze Berkeltal von Billerbeck bis Zutphen. Der F\u00fchrer kann man hier online bestellen auf der Webseite von Anoda. Bei Bestellung sind f\u00fcr alle 10 Routen gratis GPX-Dateien verf\u00fcgbar &hellip; Weiterlesen &rarr;","_links":{"self":[{"href":"https:\/\/deberkel.info\/wp-json\/wp\/v2\/pages\/9991","targetHints":{"allow":["GET"]}}],"collection":[{"href":"https:\/\/deberkel.info\/wp-json\/wp\/v2\/pages"}],"about":[{"href":"https:\/\/deberkel.info\/wp-json\/wp\/v2\/types\/page"}],"author":[{"embeddable":true,"href":"https:\/\/deberkel.info\/wp-json\/wp\/v2\/users\/1"}],"replies":[{"embeddable":true,"href":"https:\/\/deberkel.info\/wp-json\/wp\/v2\/comments?post=9991"}],"version-history":[{"count":7,"href":"https:\/\/deberkel.info\/wp-json\/wp\/v2\/pages\/9991\/revisions"}],"predecessor-version":[{"id":10042,"href":"https:\/\/deberkel.info\/wp-json\/wp\/v2\/pages\/9991\/revisions\/10042"}],"wp:attachment":[{"href":"https:\/\/deberkel.info\/wp-json\/wp\/v2\/media?parent=9991"}],"curies":[{"name":"wp","href":"https:\/\/api.w.org\/{rel}","templated":true}]}}